{"id":13763,"date":"2023-03-13T13:58:07","date_gmt":"2023-03-13T13:58:07","guid":{"rendered":"https:\/\/voyagerr.com\/princip-for-datahantering\/"},"modified":"2023-12-08T14:16:22","modified_gmt":"2023-12-08T14:16:22","slug":"princip-for-datahantering","status":"publish","type":"page","link":"https:\/\/voyagerr.com\/sv\/princip-for-datahantering\/","title":{"rendered":"Princip f\u00f6r datahantering"},"content":{"rendered":"<div class=\"fusion-fullwidth fullwidth-box fusion-builder-row-1 fusion-flex-container nonhundred-percent-fullwidth non-hundred-percent-height-scrolling\" style=\"--awb-border-radius-top-left:0px;--awb-border-radius-top-right:0px;--awb-border-radius-bottom-right:0px;--awb-border-radius-bottom-left:0px;--awb-flex-wrap:wrap;\" ><div class=\"fusion-builder-row fusion-row fusion-flex-align-items-flex-start fusion-flex-content-wrap\" style=\"max-width:1248px;margin-left: calc(-4% \/ 2 );margin-right: calc(-4% \/ 2 );\"><div class=\"fusion-layout-column fusion_builder_column fusion-builder-column-0 fusion_builder_column_1_1 1_1 fusion-flex-column\" style=\"--awb-bg-blend:overlay;--awb-bg-size:cover;--awb-width-large:100%;--awb-margin-top-large:0px;--awb-spacing-right-large:1.92%;--awb-margin-bottom-large:0px;--awb-spacing-left-large:1.92%;--awb-width-medium:100%;--awb-spacing-right-medium:1.92%;--awb-spacing-left-medium:1.92%;--awb-width-small:100%;--awb-spacing-right-small:1.92%;--awb-spacing-left-small:1.92%;\"><div class=\"fusion-column-wrapper fusion-flex-justify-content-flex-start fusion-content-layout-column\"><div class=\"fusion-text fusion-text-1\"><\/p>\n<p><strong>Behandling av personuppgifter <\/strong><\/p>\n<p>Personuppgifter som hanteras av Voyagerr anv\u00e4nds f\u00f6r att administrera och f\u00f6rb\u00e4ttra v\u00e5r webbplats samt f\u00f6r att erbjuda och leverera de tj\u00e4nster som du \u00f6nskar. Vi samlar endast in personuppgifter som \u00e4r relevanta f\u00f6r syftet och behandlar dem i enlighet med till\u00e4mpliga lagar om dataskydd.<\/p>\n<p>Personuppgiftsansvarig och dataskyddsombud, Voyagerr A\/S, \u00e4r den personuppgiftsansvariga f\u00f6r dessa data. V\u00e5r webbplats \u00e4r hostad i Danmark och administreras i Danmark.<\/p>\n<p>Denna integritetspolicy beskriver de \u00e5tg\u00e4rder vi vidtar f\u00f6r att h\u00e5lla personuppgifter konfidentiella. Den informerar dig om hur och varf\u00f6r vi samlar in personuppgifter. Den specificerar ocks\u00e5 dina r\u00e4ttigheter och inkluderar v\u00e5r kontaktinformation s\u00e5 att du kan ut\u00f6va dessa r\u00e4ttigheter eller st\u00e4lla fr\u00e5gor eller framf\u00f6ra eventuella bekymmer om integritetspolicyn eller v\u00e5r hantering av personuppgifter.<\/p>\n<p>Vi kommer att uppr\u00e4tth\u00e5lla integriteten f\u00f6r dina personuppgifter. Vi kommer att h\u00e5lla dem konfidentiella och kommer inte att s\u00e4lja, hyra ut eller l\u00e5na ut dem till tredje parter. Vi kommer endast att l\u00e4mna ut personuppgifter utan ditt medgivande n\u00e4r det kr\u00e4vs enligt lag, eller i god tro att s\u00e5dan \u00e5tg\u00e4rd \u00e4r n\u00f6dv\u00e4ndig f\u00f6r att unders\u00f6ka eller skydda mot skadliga aktiviteter gentemot v\u00e5rt f\u00f6retag, samarbetspartners eller egendom (inklusive denna webbplats) eller andra.<\/p>\n<p>Vi kommer att bevara din integritet \u00e4ven om vi kan kontakta dig ang\u00e5ende olika produkter och tj\u00e4nster som vi g\u00f6r tillg\u00e4ngliga f\u00f6r dig fr\u00e5n tid till annan. Vi hanterar personuppgifter i enlighet med GDPR och dataskyddslagen 2018 och eventuell senare relaterad lagstiftning.<\/p>\n<p>&nbsp;<\/p>\n<p><strong>Kontakt <\/strong><\/p>\n<p>Vi \u00e5tar oss att behandla dig och dina personuppgifter med st\u00f6rsta respekt och omtanke. Om du anser att integriteten f\u00f6r personuppgifter inte har respekterats, om du vill bekr\u00e4fta korrektheten av till\u00e4mpliga personuppgifter, om du vill uppdatera eller radera felaktiga personuppgifter eller om du har n\u00e5gra fr\u00e5gor om v\u00e5r hantering av personuppgifter, v\u00e4nligen kontakta oss genom att skicka ett <br \/>e-postmeddelande till <a href=\"mailto:info@voyagerr.com\">info@voyagerr.com<\/a> eller skriva till Voyagerr Sales and Marketing.<\/p>\n<p>&nbsp;<\/p>\n<p><strong>Omfattning <\/strong><\/p>\n<p>Policyn beskriver hur vi uppr\u00e4tth\u00e5ller dina r\u00e4ttigheter inom dataskydd. Om du anv\u00e4nder n\u00e5got av v\u00e5ra system eller nyttjar v\u00e5ra tj\u00e4nster kan det finnas specifika avtals\u00f6verenskommelser om dataskydd som g\u00e5r f\u00f6re denna policy.<\/p>\n<p>&nbsp;<\/p>\n<p><strong>Varf\u00f6r vi samlar in personuppgifter <\/strong><\/p>\n<p>Vi samlar in, anv\u00e4nder och kan l\u00e4mna ut personuppgifter endast f\u00f6r \u00e4ndam\u00e5l som en rimlig person skulle anse vara l\u00e4mpliga under omst\u00e4ndigheterna. Vi str\u00e4var efter att samla in s\u00e5 lite information som m\u00f6jligt, endast det som kan vara n\u00f6dv\u00e4ndigt under r\u00e5dande omst\u00e4ndigheter.<\/p>\n<p>Vi behandlar dina personuppgifter f\u00f6r f\u00f6ljande \u00e4ndam\u00e5l:<\/p>\n<ul>\n<li>F\u00f6rfr\u00e5gningar mottagna genom kontaktformul\u00e4ret<\/li>\n<li>Prenumeration p\u00e5 nyhetsbrev<\/li>\n<li>\u00d6ppnande av ett kundkonto<\/li>\n<li>Optimering av webbplatsen (anpassning av webbplatsen efter dina behov)<\/li>\n<li>F\u00f6rsvar mot och registrering av hackerattacker<\/li>\n<li>Skapande av anv\u00e4ndarstatistik<\/li>\n<li>Uppfyllande av v\u00e5ra kontrakts\u00e5taganden gentemot v\u00e5ra kunder, leverant\u00f6rer och tj\u00e4nsteleverant\u00f6rer F\u00f6r att se hur v\u00e5r webbplats anv\u00e4nds analyserar vi aggregerad statistik och information, d\u00e4r identiteten f\u00f6r en specifik individ inte kan identifieras. Detta \u00e4r inte personuppgifter. Vi f\u00f6rbeh\u00e5ller oss r\u00e4tten att anv\u00e4nda aggregerad information p\u00e5 ett s\u00e4tt vi anser vara l\u00e4mpligt. Detta kan inkludera, men \u00e4r inte begr\u00e4nsat till, framst\u00e4llning av aggregerade anv\u00e4ndarstatistik och informations\u00f6versikter f\u00f6r att f\u00f6rb\u00e4ttra effektiviteten, mer effektivt beskriva v\u00e5ra produkter och tj\u00e4nster samt assistera i deras marknadsf\u00f6ring.<\/li>\n<\/ul>\n<p>&nbsp;<\/p>\n<p><strong>Typ av personuppgifter vi kan samla in <\/strong><\/p>\n<p>Vid anv\u00e4ndning av v\u00e5r webbplats eller vid aff\u00e4rsverksamhet eller interaktion med oss kan du ombedjas att tillhandah\u00e5lla oss:<\/p>\n<p>Namn<\/p>\n<p>E-post<\/p>\n<p>Telefonnummer eller annan kontaktinformation<\/p>\n<p>Leveransinformation<\/p>\n<p>Faktureringsinformation<\/p>\n<p>Transaktionshistorik<\/p>\n<p>Inst\u00e4llningar f\u00f6r webbplatsanv\u00e4ndning<\/p>\n<p>Feedback om aff\u00e4rsverksamheten, tj\u00e4nster, webbplats och offentliga relationer<\/p>\n<p>K\u00e4ll-IP-adresser<\/p>\n<p>Tider och datum f\u00f6r \u00e5tkomst till webbplatsservrar<\/p>\n<p>F\u00f6redraget spr\u00e5k<\/p>\n<p>Personliga preferenser<\/p>\n<p>Produkt- och tj\u00e4nstepreferenser<\/p>\n<p>Webbl\u00e4sartyper och konfigurationer samt diverse administrativ och datortrafikinformation<\/p>\n<p><strong>\u00a0<\/strong><\/p>\n<p><strong>Hur samlar vi in personuppgifter? <\/strong><\/p>\n<p>Vi kommer endast att samla in personuppgifter som du frivilligt har l\u00e4mnat till oss. Vi kommer inte att samla in n\u00e5gra personuppgifter om n\u00e5gon utan att informera dem d\u00e4refter (antingen genom denna integritetspolicy eller genom att ge dem n\u00e5gon annan form av meddelande vid den tidpunkt d\u00e5 vi beg\u00e4r eller samlar in personuppgifter). Denna information kommer att inkludera varf\u00f6r och hur personuppgifter samlas in och hur s\u00e5dana personuppgifter kommer att anv\u00e4ndas eller l\u00e4mnas ut. Vi kan samla in personuppgifter genom olika medel:<\/p>\n<p>Genom anv\u00e4ndning av v\u00e5r webbplats<\/p>\n<p>Genom anv\u00e4ndning av v\u00e5ra tj\u00e4nster<\/p>\n<p>I samband med kommunikation med oss (ansikte mot ansikte, via e-post, telefon, post eller p\u00e5 annat s\u00e4tt) i samband med feedback till oss om v\u00e5r aff\u00e4rsverksamhet, tj\u00e4nster, webbplats och publikationer<\/p>\n<p>Vid registrering hos oss f\u00f6r tj\u00e4nster eller, om relevant, konton, eller, om relevant, f\u00f6r nedladdning av v\u00e5r programvara<\/p>\n<p>Kund-, medlems-, mottagar- eller tj\u00e4nstelistor som lagligt f\u00f6rv\u00e4rvats fr\u00e5n tredje parter<\/p>\n<p>Genom ifyllandet av manuella eller elektroniska formul\u00e4r<\/p>\n<p>Webbplatscookies \u2013 Cookies \u00e4r identifierare som kan skickas fr\u00e5n en webbplats via din webbl\u00e4sare f\u00f6r att placeras p\u00e5 din datorh\u00e5rddisk. Du kan v\u00e4lja att inte acceptera cookies genom att \u00e4ndra inst\u00e4llningarna p\u00e5 din webbl\u00e4sare; dock, att inte anv\u00e4nda cookies kan f\u00f6rhindra dig fr\u00e5n att anv\u00e4nda vissa funktioner och funktioner p\u00e5 v\u00e5r webbplats. Informationen som samlas in fr\u00e5n anv\u00e4ndningen av cookies anv\u00e4nds f\u00f6r att f\u00f6rb\u00e4ttra v\u00e5ra tj\u00e4nster.<\/p>\n<p>Webbtecken \u2013 Webbtecken \u00e4r sm\u00e5 grafiska bilder som till\u00e5ter en webbplatsoperat\u00f6r att samla in viss information och \u00f6vervaka anv\u00e4ndaraktivitet p\u00e5 sin webbplats. Ett webbtecken \u00e4r en pixel som \u00e4r osynlig f\u00f6r anv\u00e4ndaren. Vi anv\u00e4nder webbtecken f\u00f6r att samla in information som inte \u00e4r av personlig natur.<\/p>\n<p>Klickstr\u00f6mning \u2013 Klickstr\u00f6mning \u00e4r en teknik som g\u00f6r att en webbplatsoperat\u00f6r kan sp\u00e5ra de v\u00e4gar som bes\u00f6kare tar n\u00e4r de bes\u00f6ker en webbplats och tittar p\u00e5 webbplatsens sidor samt n\u00e4r de anv\u00e4nder l\u00e4nkar till andra webbplatser. Information om webbplatsens trafik \u00f6vervakas och analyseras f\u00f6r att best\u00e4mma vilka produkter, tj\u00e4nster eller funktioner som kan vara av intresse f\u00f6r bes\u00f6karna. P\u00e5 detta s\u00e4tt hoppas vi kunna f\u00f6rb\u00e4ttra webbplatsen, produkterna, tj\u00e4nsterna, funktionerna eller andra erbjudanden.<\/p>\n<p>Dessutom kan vi granska och analysera din anv\u00e4ndning av produkter och tj\u00e4nster f\u00f6r att hj\u00e4lpa oss att betj\u00e4na dig b\u00e4ttre och att uppm\u00e4rksamma dig p\u00e5 andra produkter och tj\u00e4nster d\u00e4r vi anser att detta kommer att vara till nytta f\u00f6r dig. Vi samlar ocks\u00e5 in och analyserar information fr\u00e5n andra k\u00e4llor f\u00f6r samma \u00e4ndam\u00e5l.<\/p>\n<p>&nbsp;<\/p>\n<p><strong>Hur vi kan l\u00e4mna ut personuppgifter <\/strong><\/p>\n<p>Vi s\u00e4ljer inte n\u00e5gra personuppgifter vi samlar in till tredje parter. Vi kan dela personuppgifter med v\u00e5ra dotterbolag, underleverant\u00f6rer, anst\u00e4llda, entrepren\u00f6rer och agenter i samband med att tillhandah\u00e5lla dig v\u00e5ra aff\u00e4rstj\u00e4nster, support eller uppfyllandet eller leveransen av produkter eller tj\u00e4nster. Vi kan l\u00e4mna ut personuppgifter om det kr\u00e4vs enligt lag av en beh\u00f6rig domstol, annan r\u00e4ttslig eller reglerande myndighet, eller om vi anser att l\u00e4mnande av information \u00e4r n\u00f6dv\u00e4ndigt f\u00f6r att:<\/p>\n<ul>\n<li>uppfylla n\u00e5got r\u00e4ttsligt f\u00f6rfarande som tj\u00e4nats p\u00e5 oss<\/li>\n<li>uppr\u00e4tth\u00e5lla, f\u00f6rsvara eller skydda v\u00e5ra r\u00e4ttigheter eller egendom<\/li>\n<li>skydda och s\u00e4kerst\u00e4lla allm\u00e4nhetens personliga s\u00e4kerhet eller v\u00e5ra klienter eller personal<\/li>\n<li>skydda mot brottsliga aktiviteter eller f\u00f6r att uppt\u00e4cka, f\u00f6rebygga, utreda anklagelser om, eller ta itu med, falskhet eller bedr\u00e4geri. I h\u00e4ndelse av konkurs, fusioner med tredje parter, f\u00f6rv\u00e4rv av tredje parter, f\u00f6rs\u00e4ljning av tillg\u00e5ngar eller n\u00e5gon annan \u00f6verf\u00f6ring av samtliga eller v\u00e4sentligt alla v\u00e5ra relevanta tillg\u00e5ngar till en tredje part f\u00f6rbeh\u00e5ller vi oss r\u00e4tten att dela (eller s\u00e4lja som en bifunktion av den \u00f6vergripande aff\u00e4rstransaktionen) till den tredje parten de personuppgifter som du har l\u00e4mnat.<\/li>\n<\/ul>\n<p>&nbsp;<\/p>\n<p><strong>Beh\u00e5llning och borttagning<\/strong><\/p>\n<p>Vi beh\u00e5ller information endast s\u00e5 l\u00e4nge som det \u00e4r n\u00f6dv\u00e4ndigt f\u00f6r effektiv och \u00e4ndam\u00e5lsenlig leverans eller fullg\u00f6rande av v\u00e5r programvara, produkter eller tj\u00e4nster och en rimlig tid d\u00e4refter, eller f\u00f6r att uppfylla eventuella lagkrav. Vi kommer antingen att f\u00f6rst\u00f6ra eller ta bort information n\u00e4r den inte l\u00e4ngre beh\u00f6vs. Vi kommer att radera dina personuppgifter om du beg\u00e4r oss att g\u00f6ra det p\u00e5 <a href=\"mailto:info@voyagerr.com\">info@voyagerr.com<\/a> och vi inte \u00e4r under n\u00e5gra lagliga eller kontraktsm\u00e4ssiga f\u00f6rpliktelser att bevara eller p\u00e5 annat s\u00e4tt spara dessa data.<\/p>\n<p>&nbsp;<\/p>\n<p><strong>S\u00e4kerhet och Lagring<\/strong><\/p>\n<p>Vi str\u00e4var efter att uppr\u00e4tth\u00e5lla l\u00e4mplig fysisk, procedurm\u00e4ssig och teknisk s\u00e4kerhet avseende v\u00e5ra och eventuella databehandlare och informationslagringsanl\u00e4ggningar f\u00f6r att f\u00f6rebygga f\u00f6rlust, missbruk, obeh\u00f6rig \u00e5tkomst, r\u00f6jande eller \u00e4ndring av personuppgifter. N\u00e4r vi g\u00f6r oss av med eller f\u00f6rst\u00f6r personuppgifter, bibeh\u00e5ller vi l\u00e4mpliga fysiska, procedurm\u00e4ssiga och tekniska s\u00e4kerhets\u00e5tg\u00e4rder f\u00f6r att s\u00e4kerst\u00e4lla permanent radering.<\/p>\n<p>Vi h\u00e5ller din personliga information strikt konfidentiell. Endast beh\u00f6rig personal har tillg\u00e5ng till denna personliga information. All v\u00e5r personal och eventuell personal hos v\u00e5ra databehandlare som har tillg\u00e5ng till personlig data genomg\u00e5r utbildning i integritetsskydd.<\/p>\n<p>V\u00e5ra s\u00e4kerhetsspecialister integrerar s\u00e4kerhet genom design och som standard i v\u00e5ra system och webbplatser. V\u00e5rt m\u00e5l \u00e4r att skydda information vid alla tillf\u00e4llen, n\u00e4r den lagras i datafiler eller hanteras av v\u00e5ra anst\u00e4llda. V\u00e5ra system \u00e4r \u00e4ven utformade f\u00f6r att skydda information n\u00e4r den \u00f6verf\u00f6rs, till exempel mellan v\u00e5ra dataprocessanl\u00e4ggningar och f\u00f6retagskontor. Personuppgifter kan lagras eller behandlas i jurisdiktioner d\u00e4r vi eller v\u00e5ra samarbetspartners, leverant\u00f6rer, dotterbolag eller agenter har anl\u00e4ggningar, men endast d\u00e4r \u00f6verf\u00f6ring och lagring av personuppgifter \u00f6verensst\u00e4mmer med principer och praxis inom dataskyddslagstiftningen.<\/p>\n<p>Vi anv\u00e4nder branschstandardteknik f\u00f6r att uppr\u00e4tth\u00e5lla s\u00e4kerheten f\u00f6r personuppgifter och f\u00f6r v\u00e5ra anslutningar till internet. Dock kan vi inte garantera integriteten, s\u00e4kerheten, \u00e4ktheten eller<br \/>icke-korruptionen av information som \u00f6verf\u00f6rs via internet eller f\u00f6r information som lagras i n\u00e5got tredjepartsystem anslutet till internet.<\/p>\n<p>Vi \u00e4r inte ansvariga f\u00f6r n\u00e5gra p\u00e5st\u00e5enden, skador, kostnader eller f\u00f6rluster \u00f6ver huvud taget som uppst\u00e5r fr\u00e5n eller p\u00e5 n\u00e5got s\u00e4tt \u00e4r relaterade till tredjepartsanslutningar till eller anv\u00e4ndning av internet.<\/p>\n<p>Vi vidtar \u00e5tg\u00e4rder f\u00f6r att verifiera att eventuella tj\u00e4nsteleverant\u00f6rer, leverant\u00f6rer eller liknande som vi delar personuppgifter med \u00e4r engagerade i att uppr\u00e4tth\u00e5lla integriteten f\u00f6r personuppgifter vid standarder som \u00e4r \u00e5tminstone lika str\u00e4nga som v\u00e5ra egna, och vi enas med dem om att avst\u00e5 fr\u00e5n att g\u00f6ra n\u00e5gon sj\u00e4lvst\u00e4ndig eller obeh\u00f6rig anv\u00e4ndning av n\u00e5gra personuppgifter. Vi kan dock inte garantera handlingar, uppf\u00f6rande eller standarder f\u00f6r n\u00e5gra s\u00e5dana parter.<\/p>\n<p>Vi kan inte och garanterar inte skyddet av n\u00e5gra personuppgifter som du tillhandah\u00e5ller till en tredje parts webbplats som kan h\u00e4nvisa till, h\u00e4nvisas till eller l\u00e4nka till denna webbplats. Personuppgifter som samlas in av dessa tredje parter omfattas inte av eller regleras av denna integritetspolicy.<\/p>\n<p>&nbsp;<\/p>\n<p><strong>Uppdateringar<\/strong><br \/>Denna integritetspolicy kan komma att uppdateras med j\u00e4mna mellanrum. Anv\u00e4ndningen av personuppgifter som tillhandah\u00e5llits till oss f\u00f6re uppdateringen kommer forts\u00e4ttningsvis att regleras av policyn som var i kraft vid tidpunkten f\u00f6r informationens tillhandah\u00e5llande. Vi rekommenderar att du regelbundet granskar denna integritetspolicy.<\/p>\n<p>&nbsp;<\/p>\n<p><strong>Samtycke<\/strong><\/p>\n<p>I vissa fall kommer vi att be dig uttryckligen ge ditt samtycke till insamling och behandling av personuppgifter i enlighet med denna integritetspolicy. Du \u00e4r inte skyldig att l\u00e4mna s\u00e5dant samtycke.<\/p><\/p>\n<\/div><\/div><\/div><\/div><\/div>","protected":false},"excerpt":{"rendered":"","protected":false},"author":2,"featured_media":11153,"parent":0,"menu_order":0,"comment_status":"closed","ping_status":"closed","template":"","meta":{"content-type":"","footnotes":""},"class_list":["post-13763","page","type-page","status-publish","has-post-thumbnail","hentry"],"yoast_head":"<!-- This site is optimized with the Yoast SEO plugin v27.0 - https:\/\/yoast.com\/product\/yoast-seo-wordpress\/ -->\n<title>Princip f\u00f6r datahantering - Voyagerr Demand Response<\/title>\n<meta name=\"robots\" content=\"index, follow, max-snippet:-1, max-image-preview:large, max-video-preview:-1\" \/>\n<link rel=\"canonical\" href=\"https:\/\/voyagerr.com\/sv\/princip-for-datahantering\/\" \/>\n<meta property=\"og:locale\" content=\"sv_SE\" \/>\n<meta property=\"og:type\" content=\"article\" \/>\n<meta property=\"og:title\" content=\"Princip f\u00f6r datahantering - Voyagerr Demand Response\" \/>\n<meta property=\"og:url\" content=\"https:\/\/voyagerr.com\/sv\/princip-for-datahantering\/\" \/>\n<meta property=\"og:site_name\" content=\"Voyagerr Demand Response\" \/>\n<meta property=\"article:modified_time\" content=\"2023-12-08T14:16:22+00:00\" \/>\n<meta property=\"og:image\" content=\"https:\/\/voyagerr.com\/wp-content\/uploads\/2023\/05\/hand-holding-smartphone-iphone-1.jpg\" \/>\n\t<meta property=\"og:image:width\" content=\"1800\" \/>\n\t<meta property=\"og:image:height\" content=\"1120\" \/>\n\t<meta property=\"og:image:type\" content=\"image\/jpeg\" \/>\n<meta name=\"twitter:card\" content=\"summary_large_image\" \/>\n<meta name=\"twitter:label1\" content=\"Ber\u00e4knad l\u00e4stid\" \/>\n\t<meta name=\"twitter:data1\" content=\"8 minuter\" \/>\n<script type=\"application\/ld+json\" class=\"yoast-schema-graph\">{\"@context\":\"https:\/\/schema.org\",\"@graph\":[{\"@type\":\"WebPage\",\"@id\":\"https:\/\/voyagerr.com\/sv\/princip-for-datahantering\/\",\"url\":\"https:\/\/voyagerr.com\/sv\/princip-for-datahantering\/\",\"name\":\"Princip f\u00f6r datahantering - Voyagerr Demand Response\",\"isPartOf\":{\"@id\":\"https:\/\/voyagerr.com\/sv\/#website\"},\"primaryImageOfPage\":{\"@id\":\"https:\/\/voyagerr.com\/sv\/princip-for-datahantering\/#primaryimage\"},\"image\":{\"@id\":\"https:\/\/voyagerr.com\/sv\/princip-for-datahantering\/#primaryimage\"},\"thumbnailUrl\":\"https:\/\/voyagerr.com\/wp-content\/uploads\/2023\/05\/hand-holding-smartphone-iphone-1.jpg\",\"datePublished\":\"2023-03-13T13:58:07+00:00\",\"dateModified\":\"2023-12-08T14:16:22+00:00\",\"breadcrumb\":{\"@id\":\"https:\/\/voyagerr.com\/sv\/princip-for-datahantering\/#breadcrumb\"},\"inLanguage\":\"sv-SE\",\"potentialAction\":[{\"@type\":\"ReadAction\",\"target\":[\"https:\/\/voyagerr.com\/sv\/princip-for-datahantering\/\"]}]},{\"@type\":\"ImageObject\",\"inLanguage\":\"sv-SE\",\"@id\":\"https:\/\/voyagerr.com\/sv\/princip-for-datahantering\/#primaryimage\",\"url\":\"https:\/\/voyagerr.com\/wp-content\/uploads\/2023\/05\/hand-holding-smartphone-iphone-1.jpg\",\"contentUrl\":\"https:\/\/voyagerr.com\/wp-content\/uploads\/2023\/05\/hand-holding-smartphone-iphone-1.jpg\",\"width\":1800,\"height\":1120},{\"@type\":\"BreadcrumbList\",\"@id\":\"https:\/\/voyagerr.com\/sv\/princip-for-datahantering\/#breadcrumb\",\"itemListElement\":[{\"@type\":\"ListItem\",\"position\":1,\"name\":\"Home\",\"item\":\"https:\/\/voyagerr.com\/sv\/\"},{\"@type\":\"ListItem\",\"position\":2,\"name\":\"Princip f\u00f6r datahantering\"}]},{\"@type\":\"WebSite\",\"@id\":\"https:\/\/voyagerr.com\/sv\/#website\",\"url\":\"https:\/\/voyagerr.com\/sv\/\",\"name\":\"Voyagerr Demand Response\",\"description\":\"Making every journey matter\",\"potentialAction\":[{\"@type\":\"SearchAction\",\"target\":{\"@type\":\"EntryPoint\",\"urlTemplate\":\"https:\/\/voyagerr.com\/sv\/?s={search_term_string}\"},\"query-input\":{\"@type\":\"PropertyValueSpecification\",\"valueRequired\":true,\"valueName\":\"search_term_string\"}}],\"inLanguage\":\"sv-SE\"}]}<\/script>\n<!-- \/ Yoast SEO plugin. -->","yoast_head_json":{"title":"Princip f\u00f6r datahantering - Voyagerr Demand Response","robots":{"index":"index","follow":"follow","max-snippet":"max-snippet:-1","max-image-preview":"max-image-preview:large","max-video-preview":"max-video-preview:-1"},"canonical":"https:\/\/voyagerr.com\/sv\/princip-for-datahantering\/","og_locale":"sv_SE","og_type":"article","og_title":"Princip f\u00f6r datahantering - Voyagerr Demand Response","og_url":"https:\/\/voyagerr.com\/sv\/princip-for-datahantering\/","og_site_name":"Voyagerr Demand Response","article_modified_time":"2023-12-08T14:16:22+00:00","og_image":[{"width":1800,"height":1120,"url":"https:\/\/voyagerr.com\/wp-content\/uploads\/2023\/05\/hand-holding-smartphone-iphone-1.jpg","type":"image\/jpeg"}],"twitter_card":"summary_large_image","twitter_misc":{"Ber\u00e4knad l\u00e4stid":"8 minuter"},"schema":{"@context":"https:\/\/schema.org","@graph":[{"@type":"WebPage","@id":"https:\/\/voyagerr.com\/sv\/princip-for-datahantering\/","url":"https:\/\/voyagerr.com\/sv\/princip-for-datahantering\/","name":"Princip f\u00f6r datahantering - Voyagerr Demand Response","isPartOf":{"@id":"https:\/\/voyagerr.com\/sv\/#website"},"primaryImageOfPage":{"@id":"https:\/\/voyagerr.com\/sv\/princip-for-datahantering\/#primaryimage"},"image":{"@id":"https:\/\/voyagerr.com\/sv\/princip-for-datahantering\/#primaryimage"},"thumbnailUrl":"https:\/\/voyagerr.com\/wp-content\/uploads\/2023\/05\/hand-holding-smartphone-iphone-1.jpg","datePublished":"2023-03-13T13:58:07+00:00","dateModified":"2023-12-08T14:16:22+00:00","breadcrumb":{"@id":"https:\/\/voyagerr.com\/sv\/princip-for-datahantering\/#breadcrumb"},"inLanguage":"sv-SE","potentialAction":[{"@type":"ReadAction","target":["https:\/\/voyagerr.com\/sv\/princip-for-datahantering\/"]}]},{"@type":"ImageObject","inLanguage":"sv-SE","@id":"https:\/\/voyagerr.com\/sv\/princip-for-datahantering\/#primaryimage","url":"https:\/\/voyagerr.com\/wp-content\/uploads\/2023\/05\/hand-holding-smartphone-iphone-1.jpg","contentUrl":"https:\/\/voyagerr.com\/wp-content\/uploads\/2023\/05\/hand-holding-smartphone-iphone-1.jpg","width":1800,"height":1120},{"@type":"BreadcrumbList","@id":"https:\/\/voyagerr.com\/sv\/princip-for-datahantering\/#breadcrumb","itemListElement":[{"@type":"ListItem","position":1,"name":"Home","item":"https:\/\/voyagerr.com\/sv\/"},{"@type":"ListItem","position":2,"name":"Princip f\u00f6r datahantering"}]},{"@type":"WebSite","@id":"https:\/\/voyagerr.com\/sv\/#website","url":"https:\/\/voyagerr.com\/sv\/","name":"Voyagerr Demand Response","description":"Making every journey matter","potentialAction":[{"@type":"SearchAction","target":{"@type":"EntryPoint","urlTemplate":"https:\/\/voyagerr.com\/sv\/?s={search_term_string}"},"query-input":{"@type":"PropertyValueSpecification","valueRequired":true,"valueName":"search_term_string"}}],"inLanguage":"sv-SE"}]}},"_links":{"self":[{"href":"https:\/\/voyagerr.com\/sv\/wp-json\/wp\/v2\/pages\/13763","targetHints":{"allow":["GET"]}}],"collection":[{"href":"https:\/\/voyagerr.com\/sv\/wp-json\/wp\/v2\/pages"}],"about":[{"href":"https:\/\/voyagerr.com\/sv\/wp-json\/wp\/v2\/types\/page"}],"author":[{"embeddable":true,"href":"https:\/\/voyagerr.com\/sv\/wp-json\/wp\/v2\/users\/2"}],"replies":[{"embeddable":true,"href":"https:\/\/voyagerr.com\/sv\/wp-json\/wp\/v2\/comments?post=13763"}],"version-history":[{"count":4,"href":"https:\/\/voyagerr.com\/sv\/wp-json\/wp\/v2\/pages\/13763\/revisions"}],"predecessor-version":[{"id":13769,"href":"https:\/\/voyagerr.com\/sv\/wp-json\/wp\/v2\/pages\/13763\/revisions\/13769"}],"wp:featuredmedia":[{"embeddable":true,"href":"https:\/\/voyagerr.com\/sv\/wp-json\/wp\/v2\/media\/11153"}],"wp:attachment":[{"href":"https:\/\/voyagerr.com\/sv\/wp-json\/wp\/v2\/media?parent=13763"}],"curies":[{"name":"wp","href":"https:\/\/api.w.org\/{rel}","templated":true}]}}