{"id":12286,"date":"2023-05-29T10:43:19","date_gmt":"2023-05-29T10:43:19","guid":{"rendered":"https:\/\/voyagerr.com\/om-oss\/var-vision-och-historia\/"},"modified":"2023-11-21T08:48:00","modified_gmt":"2023-11-21T08:48:00","slug":"var-vision-och-historia","status":"publish","type":"page","link":"https:\/\/voyagerr.com\/sv\/om-oss\/var-vision-och-historia\/","title":{"rendered":"V\u00e5r vision och historia"},"content":{"rendered":"<p><div class=\"fusion-fullwidth fullwidth-box fusion-builder-row-1 fusion-flex-container has-pattern-background has-mask-background nonhundred-percent-fullwidth non-hundred-percent-height-scrolling\" style=\"--awb-border-radius-top-left:0px;--awb-border-radius-top-right:0px;--awb-border-radius-bottom-right:0px;--awb-border-radius-bottom-left:0px;--awb-padding-top:0px;--awb-flex-wrap:wrap;\" ><div class=\"fusion-builder-row fusion-row fusion-flex-align-items-flex-start fusion-flex-justify-content-center fusion-flex-content-wrap\" style=\"max-width:1248px;margin-left: calc(-4% \/ 2 );margin-right: calc(-4% \/ 2 );\"><div class=\"fusion-layout-column fusion_builder_column fusion-builder-column-0 fusion_builder_column_1_1 1_1 fusion-flex-column\" style=\"--awb-bg-size:cover;--awb-width-large:100%;--awb-margin-top-large:0px;--awb-spacing-right-large:1.92%;--awb-margin-bottom-large:20px;--awb-spacing-left-large:1.92%;--awb-width-medium:100%;--awb-order-medium:0;--awb-spacing-right-medium:1.92%;--awb-spacing-left-medium:1.92%;--awb-width-small:100%;--awb-order-small:0;--awb-spacing-right-small:1.92%;--awb-spacing-left-small:1.92%;\"><div class=\"fusion-column-wrapper fusion-column-has-shadow fusion-flex-justify-content-flex-start fusion-content-layout-column\"><div class=\"fusion-text fusion-text-1\" style=\"--awb-font-size:40px;--awb-text-color:#000000;--awb-margin-top:20px;--awb-text-font-family:&quot;Plus Jakarta Sans&quot;;--awb-text-font-style:normal;--awb-text-font-weight:500;\"><p style=\"font-weight: 400; text-align: center;\"><strong>We are passionate about mobility for all<br \/>\n&#8211; making every journey matter.<\/strong><\/p>\n<\/div><\/div><\/div><\/div><\/div><div class=\"fusion-fullwidth fullwidth-box fusion-builder-row-2 fusion-flex-container has-pattern-background has-mask-background nonhundred-percent-fullwidth non-hundred-percent-height-scrolling\" style=\"--awb-border-radius-top-left:0px;--awb-border-radius-top-right:0px;--awb-border-radius-bottom-right:0px;--awb-border-radius-bottom-left:0px;--awb-flex-wrap:wrap;\" ><div class=\"fusion-builder-row fusion-row fusion-flex-align-items-flex-start fusion-flex-content-wrap\" style=\"max-width:1248px;margin-left: calc(-4% \/ 2 );margin-right: calc(-4% \/ 2 );\"><div class=\"fusion-layout-column fusion_builder_column fusion-builder-column-1 fusion_builder_column_1_1 1_1 fusion-flex-column\" style=\"--awb-bg-size:cover;--awb-width-large:100%;--awb-margin-top-large:0px;--awb-spacing-right-large:1.92%;--awb-margin-bottom-large:20px;--awb-spacing-left-large:1.92%;--awb-width-medium:100%;--awb-order-medium:0;--awb-spacing-right-medium:1.92%;--awb-spacing-left-medium:1.92%;--awb-width-small:100%;--awb-order-small:0;--awb-spacing-right-small:1.92%;--awb-spacing-left-small:1.92%;\"><div class=\"fusion-column-wrapper fusion-column-has-shadow fusion-flex-justify-content-flex-start fusion-content-layout-column\"><div class=\"fusion-text fusion-text-2\" style=\"--awb-margin-top:30px;\"><p style=\"text-align: center;\"><b>Voyagerr erbjuder teknikl\u00f6sningar som hj\u00e4lper samh\u00e4llen att leverera h\u00e5llbar mobilitet f\u00f6r alla.<\/b><\/p>\n<\/div><div class=\"fusion-separator fusion-full-width-sep\" style=\"align-self: center;margin-left: auto;margin-right: auto;margin-top:15px;width:100%;\"><\/div><div class=\"fusion-text fusion-text-3\"><p style=\"text-align: center;\">Se videon f\u00f6r en introduktion till Voyagerr &#8217;DNA&#8217;..<\/p>\n<\/div><div class=\"fusion-text fusion-text-4\" style=\"--awb-content-alignment:center;\" id=\"about-us-vide-width-mobile\"><p><div class=\"video-shortcode\"><iframe class=\"wp-embedded-content\" sandbox=\"allow-scripts\" security=\"restricted\" title=\"Voyagerr - intro - Svenska Video\" src=\"https:\/\/fast.wistia.net\/embed\/iframe\/h8llgehq0l?dnt=1#?secret=TgJoFJ9UgA\" data-secret=\"TgJoFJ9UgA\" frameborder=\"0\" scrolling=\"no\" width=\"960\" height=\"540\"><\/iframe><\/div><\/p>\n<\/div><\/div><\/div><\/div><\/div><div class=\"fusion-fullwidth fullwidth-box fusion-builder-row-3 fusion-flex-container has-pattern-background has-mask-background nonhundred-percent-fullwidth non-hundred-percent-height-scrolling\" style=\"--awb-border-radius-top-left:0px;--awb-border-radius-top-right:0px;--awb-border-radius-bottom-right:0px;--awb-border-radius-bottom-left:0px;--awb-padding-top:96px;--awb-padding-bottom:85px;--awb-background-image:linear-gradient(218deg, var(--awb-custom_color_4) 0%,var(--awb-custom_color_5) 100%);--awb-flex-wrap:wrap;\" ><div class=\"fusion-builder-row fusion-row fusion-flex-align-items-flex-start fusion-flex-justify-content-center fusion-flex-content-wrap\" style=\"max-width:1248px;margin-left: calc(-4% \/ 2 );margin-right: calc(-4% \/ 2 );\"><div class=\"fusion-layout-column fusion_builder_column fusion-builder-column-2 fusion_builder_column_1_1 1_1 fusion-flex-column\" style=\"--awb-padding-right:176px;--awb-padding-left:177px;--awb-padding-right-small:19px;--awb-padding-left-small:20px;--awb-bg-size:cover;--awb-width-large:100%;--awb-margin-top-large:0px;--awb-spacing-right-large:1.92%;--awb-margin-bottom-large:61px;--awb-spacing-left-large:1.92%;--awb-width-medium:100%;--awb-order-medium:0;--awb-spacing-right-medium:1.92%;--awb-spacing-left-medium:1.92%;--awb-width-small:100%;--awb-order-small:0;--awb-spacing-right-small:1.92%;--awb-spacing-left-small:1.92%;\"><div class=\"fusion-column-wrapper fusion-column-has-shadow fusion-flex-justify-content-flex-start fusion-content-layout-column\"><div class=\"fusion-text fusion-text-5\"><h4 class=\"fusion-responsive-typography-calculated\" style=\"--fontsize: 28.43; line-height: 1.4;\" data-fontsize=\"28.43\" data-lineheight=\"39.802px\">Voyagerrs historia \u2013 mer \u00e4n 30 \u00e5rs erfarenhet<\/h4>\n<p>Voyagerr grundades 2023 som en omprofilering av den tidigare aff\u00e4rsverksamheten i Skandinavien och norra Europa via en sammanslagning av tre bolag, North European Trapeze Demand Response Transport, PLANit Sweden AB och Malmator AB f\u00f6r att gemensamt fokusera p\u00e5 att m\u00f6ta behoven hos europeiska kollektivtrafikmyndigheter och operat\u00f6rer av nya teknikl\u00f6sningar f\u00f6r mobilitet p\u00e5 ett mer effektivt s\u00e4tt.<\/p>\n<p>Voyagerr fokuserar uteslutande p\u00e5 teknikl\u00f6sningar f\u00f6r on-demand-transport och b\u00e5de dess befintliga och framtida kunder kommer att dra nytta av mer \u00e4n 30 \u00e5rs erfarenhet inom anropsstyrd trafik. V\u00e5ra kunder och resen\u00e4rer kan f\u00f6rv\u00e4nta sig h\u00f6gre fokus p\u00e5 utveckling av effektiv tj\u00e4nstedesign som st\u00f6djer ny mobilitet f\u00f6r alla. Varum\u00e4rket Voyagerr kommer att v\u00e4xa med behoven hos kollektivtrafikmyndigheter, v\u00e5ra resen\u00e4rer och samh\u00e4llen.<\/p>\n<p>Genom att vara en del av Modaxo-portf\u00f6ljen kan Voyagerr dra nytta av best-practices och resurser fr\u00e5n ett brett n\u00e4tverk av mobilitets och transportf\u00f6retag.<\/p>\n<\/div><\/div><\/div><\/div><\/div><div class=\"fusion-fullwidth fullwidth-box fusion-builder-row-4 fusion-flex-container has-pattern-background has-mask-background nonhundred-percent-fullwidth non-hundred-percent-height-scrolling\" style=\"--awb-border-radius-top-left:0px;--awb-border-radius-top-right:0px;--awb-border-radius-bottom-right:0px;--awb-border-radius-bottom-left:0px;--awb-flex-wrap:wrap;\" ><div class=\"fusion-builder-row fusion-row fusion-flex-align-items-stretch fusion-flex-content-wrap\" style=\"max-width:1248px;margin-left: calc(-4% \/ 2 );margin-right: calc(-4% \/ 2 );\"><div class=\"fusion-layout-column fusion_builder_column fusion-builder-column-3 fusion_builder_column_1_2 1_2 fusion-flex-column\" style=\"--awb-bg-size:cover;--awb-width-large:50%;--awb-margin-top-large:30px;--awb-spacing-right-large:3.84%;--awb-margin-bottom-large:20px;--awb-spacing-left-large:3.84%;--awb-width-medium:50%;--awb-order-medium:0;--awb-spacing-right-medium:3.84%;--awb-spacing-left-medium:3.84%;--awb-width-small:100%;--awb-order-small:0;--awb-spacing-right-small:1.92%;--awb-spacing-left-small:1.92%;\"><div class=\"fusion-column-wrapper fusion-column-has-shadow fusion-flex-justify-content-flex-start fusion-content-layout-column\"><div class=\"fusion-image-element \" style=\"--awb-aspect-ratio:4 \/ 3;--awb-caption-title-font-family:var(--h2_typography-font-family);--awb-caption-title-font-weight:var(--h2_typography-font-weight);--awb-caption-title-font-style:var(--h2_typography-font-style);--awb-caption-title-size:var(--h2_typography-font-size);--awb-caption-title-transform:var(--h2_typography-text-transform);--awb-caption-title-line-height:var(--h2_typography-line-height);--awb-caption-title-letter-spacing:var(--h2_typography-letter-spacing);\"><span class=\" fusion-imageframe imageframe-none imageframe-1 hover-type-zoomin has-aspect-ratio\"><img decoding=\"async\" width=\"300\" height=\"200\" title=\"mobility_for_all\" src=\"https:\/\/voyagerr.com\/wp-content\/uploads\/2023\/05\/mobility_for_all.jpg\" data-orig-src=\"https:\/\/voyagerr.com\/wp-content\/uploads\/2023\/05\/mobility_for_all-300x200.jpg\" class=\"lazyload img-responsive wp-image-12290 img-with-aspect-ratio\" data-parent-fit=\"cover\" data-parent-container=\".fusion-image-element\" alt srcset=\"data:image\/svg+xml,%3Csvg%20xmlns%3D%27http%3A%2F%2Fwww.w3.org%2F2000%2Fsvg%27%20width%3D%271800%27%20height%3D%271200%27%20viewBox%3D%270%200%201800%201200%27%3E%3Crect%20width%3D%271800%27%20height%3D%271200%27%20fill-opacity%3D%220%22%2F%3E%3C%2Fsvg%3E\" data-srcset=\"https:\/\/voyagerr.com\/wp-content\/uploads\/2023\/05\/mobility_for_all-200x133.jpg 200w, https:\/\/voyagerr.com\/wp-content\/uploads\/2023\/05\/mobility_for_all-400x267.jpg 400w, https:\/\/voyagerr.com\/wp-content\/uploads\/2023\/05\/mobility_for_all-600x400.jpg 600w, https:\/\/voyagerr.com\/wp-content\/uploads\/2023\/05\/mobility_for_all-800x533.jpg 800w, https:\/\/voyagerr.com\/wp-content\/uploads\/2023\/05\/mobility_for_all-1200x800.jpg 1200w, https:\/\/voyagerr.com\/wp-content\/uploads\/2023\/05\/mobility_for_all.jpg 1800w\" data-sizes=\"auto\" data-orig-sizes=\"(max-width: 700px) 100vw, 600px\" \/><\/span><\/div><div class=\"fusion-text fusion-text-6\"><div>\n<h4>Vi tror p\u00e5<\/h4>\n<\/div>\n<ul>\n<li>Mobilitet f\u00f6r alla \u2013 p\u00e5litliga, s\u00e4kra och uppkopplade resor.<\/li>\n<li>Utveckling av p\u00e5litlig, s\u00e4ker och trygg teknik f\u00f6r att hj\u00e4lpa transport\u00f6rer att effektivt erbjuda b\u00e4sta t\u00e4nkbara service till sina resen\u00e4rer.<\/li>\n<li>Ge transportmyndigheter i st\u00e4der och regioner verktyg f\u00f6r att effektivt forma och hantera mobilitetstj\u00e4nster b\u00e5de idag och imorgon.<\/li>\n<li>Anropsstyrd trafik spelar en allt viktigare roll f\u00f6r att tillgodose unika mobilitetsbehov samt effektivt minska koldioxidutsl\u00e4pp och f\u00f6rb\u00e4ttra trafiken i st\u00e4der.<\/li>\n<\/ul>\n<\/div><\/div><\/div><div class=\"fusion-layout-column fusion_builder_column fusion-builder-column-4 fusion_builder_column_1_2 1_2 fusion-flex-column\" style=\"--awb-bg-size:cover;--awb-width-large:50%;--awb-margin-top-large:30px;--awb-spacing-right-large:3.84%;--awb-margin-bottom-large:20px;--awb-spacing-left-large:3.84%;--awb-width-medium:50%;--awb-order-medium:0;--awb-spacing-right-medium:3.84%;--awb-spacing-left-medium:3.84%;--awb-width-small:100%;--awb-order-small:0;--awb-spacing-right-small:1.92%;--awb-spacing-left-small:1.92%;\"><div class=\"fusion-column-wrapper fusion-column-has-shadow fusion-flex-justify-content-flex-start fusion-content-layout-column\"><div class=\"fusion-image-element \" style=\"--awb-aspect-ratio:4 \/ 3;--awb-caption-title-font-family:var(--h2_typography-font-family);--awb-caption-title-font-weight:var(--h2_typography-font-weight);--awb-caption-title-font-style:var(--h2_typography-font-style);--awb-caption-title-size:var(--h2_typography-font-size);--awb-caption-title-transform:var(--h2_typography-text-transform);--awb-caption-title-line-height:var(--h2_typography-line-height);--awb-caption-title-letter-spacing:var(--h2_typography-letter-spacing);\"><span class=\" fusion-imageframe imageframe-none imageframe-2 hover-type-zoomin has-aspect-ratio\"><img decoding=\"async\" width=\"300\" height=\"200\" title=\"we_are_modaxo-hashtag\" src=\"https:\/\/voyagerr.com\/wp-content\/uploads\/2023\/05\/we_are_modaxo-hashtag.png\" data-orig-src=\"https:\/\/voyagerr.com\/wp-content\/uploads\/2023\/05\/we_are_modaxo-hashtag-300x200.png\" class=\"lazyload img-responsive wp-image-12289 img-with-aspect-ratio\" data-parent-fit=\"cover\" data-parent-container=\".fusion-image-element\" alt srcset=\"data:image\/svg+xml,%3Csvg%20xmlns%3D%27http%3A%2F%2Fwww.w3.org%2F2000%2Fsvg%27%20width%3D%271800%27%20height%3D%271200%27%20viewBox%3D%270%200%201800%201200%27%3E%3Crect%20width%3D%271800%27%20height%3D%271200%27%20fill-opacity%3D%220%22%2F%3E%3C%2Fsvg%3E\" data-srcset=\"https:\/\/voyagerr.com\/wp-content\/uploads\/2023\/05\/we_are_modaxo-hashtag-200x133.png 200w, https:\/\/voyagerr.com\/wp-content\/uploads\/2023\/05\/we_are_modaxo-hashtag-400x267.png 400w, https:\/\/voyagerr.com\/wp-content\/uploads\/2023\/05\/we_are_modaxo-hashtag-600x400.png 600w, https:\/\/voyagerr.com\/wp-content\/uploads\/2023\/05\/we_are_modaxo-hashtag-800x533.png 800w, https:\/\/voyagerr.com\/wp-content\/uploads\/2023\/05\/we_are_modaxo-hashtag-1200x800.png 1200w, https:\/\/voyagerr.com\/wp-content\/uploads\/2023\/05\/we_are_modaxo-hashtag.png 1800w\" data-sizes=\"auto\" data-orig-sizes=\"(max-width: 700px) 100vw, 600px\" \/><\/span><\/div><div class=\"fusion-text fusion-text-7\"><h4>Vi \u00e4r en del av Modaxo<\/h4>\n<p>Modaxos filosofi \u00e4r att investera i utvecklingen och tillv\u00e4xten av bolag inom persontransportomr\u00e5det \u2013 utan att senare s\u00e4lja f\u00f6retagen, buy-and-hold. Det betyder att n\u00e4r du arbetar med ett Modaxo-f\u00f6retag kan du vara s\u00e4ker p\u00e5 en l\u00e5ngsiktig relation.<\/p>\n<p>Modaxos framg\u00e5ngshistoria grundar sig p\u00e5 leverans av innovativa teknikl\u00f6sningar som underst\u00f6ds av passionerade experter som verkligen k\u00e4nner sina regioner och marknader.<\/p>\n<\/div><div class=\"fusion-separator fusion-full-width-sep\" style=\"align-self: center;margin-left: auto;margin-right: auto;flex-grow:10;width:100%;\"><\/div><div ><a class=\"fusion-button button-flat fusion-button-default-size button-default fusion-button-default button-1 fusion-button-default-span fusion-button-default-type\" style=\"--button_margin-top:10px;--button_margin-bottom:30px;\" target=\"_blank\" rel=\"noopener noreferrer\" href=\"https:\/\/voyagerr.com\/sv\/om-oss\/wearemodaxo\/\"><span class=\"fusion-button-text awb-button__text awb-button__text--default\">Mer om Modaxo <\/span><\/a><\/div><\/div><\/div><\/div><\/div><div class=\"fusion-fullwidth fullwidth-box fusion-builder-row-5 fusion-flex-container has-pattern-background has-mask-background nonhundred-percent-fullwidth non-hundred-percent-height-scrolling\" style=\"--awb-border-radius-top-left:0px;--awb-border-radius-top-right:0px;--awb-border-radius-bottom-right:0px;--awb-border-radius-bottom-left:0px;--awb-padding-top:96px;--awb-padding-bottom:85px;--awb-background-image:linear-gradient(218deg, var(--awb-custom_color_4) 0%,var(--awb-custom_color_5) 100%);--awb-flex-wrap:wrap;\" ><div class=\"fusion-builder-row fusion-row fusion-flex-align-items-flex-start fusion-flex-justify-content-center fusion-flex-content-wrap\" style=\"max-width:1248px;margin-left: calc(-4% \/ 2 );margin-right: calc(-4% \/ 2 );\"><div class=\"fusion-layout-column fusion_builder_column fusion-builder-column-5 fusion_builder_column_1_1 1_1 fusion-flex-column\" style=\"--awb-padding-right:176px;--awb-padding-left:177px;--awb-padding-right-small:20px;--awb-padding-left-small:19px;--awb-bg-size:cover;--awb-width-large:100%;--awb-margin-top-large:0px;--awb-spacing-right-large:1.92%;--awb-margin-bottom-large:61px;--awb-spacing-left-large:1.92%;--awb-width-medium:100%;--awb-order-medium:0;--awb-spacing-right-medium:1.92%;--awb-spacing-left-medium:1.92%;--awb-width-small:100%;--awb-order-small:0;--awb-spacing-right-small:1.92%;--awb-spacing-left-small:1.92%;\"><div class=\"fusion-column-wrapper fusion-column-has-shadow fusion-flex-justify-content-flex-start fusion-content-layout-column\"><div class=\"fusion-text fusion-text-8\"><h4 class=\"\" style=\"--fontsize: 28.43; line-height: 1.4;\" data-fontsize=\"28.43\" data-lineheight=\"39.802px\"><strong>Vad betyder namnet Voyagerr?<\/strong><\/h4>\n<p>Voyagerr fokuserar uteslutande p\u00e5 att m\u00f6ta behovet av nya teknikl\u00f6sningar f\u00f6r mobilitet hos europeiska kollektivtrafikmyndigheter, operat\u00f6rer och resen\u00e4rer. <span style=\"background-color: var(--awb-bg-color-hover); color: var(--awb-text-color); font-family: var(--awb-text-font-family); font-size: var(--awb-font-size); font-style: var(--awb-text-font-style); font-weight: var(--awb-text-font-weight); letter-spacing: var(--awb-letter-spacing); text-align: var(--awb-content-alignment); text-transform: var(--awb-text-transform);\">Namnet associeras med resen\u00e4rer, resor och daglig mobilitet. P\u00e5 en mer generell niv\u00e5 f\u00f6rkroppsligar det ocks\u00e5 innovation och resan in i framtiden, eftersom v\u00e5r l\u00f6sning bygger p\u00e5 sofistikerad teknologi med nya funktioner som kontinuerligt l\u00e4ggs till.<\/span><\/p>\n<p>Det extra <b>r<\/b> i slutet av namnet \u00e4r tyst. Det kan associeras med till\u00e4gg, det vill s\u00e4ga f\u00f6rl\u00e4ngda resor och ut\u00f6kade l\u00f6sningar \u2013 samt lyh\u00f6rdhet f\u00f6r passagerarnas behov och v\u00e5ra kunders krav.<\/p>\n<\/div><\/div><\/div><\/div><\/div><\/p>\n","protected":false},"excerpt":{"rendered":"","protected":false},"author":2,"featured_media":12287,"parent":12068,"menu_order":0,"comment_status":"closed","ping_status":"closed","template":"100-width.php","meta":{"content-type":"","footnotes":""},"class_list":["post-12286","page","type-page","status-publish","has-post-thumbnail","hentry"],"yoast_head":"<!-- This site is optimized with the Yoast SEO plugin v27.0 - https:\/\/yoast.com\/product\/yoast-seo-wordpress\/ -->\n<title>V\u00e5r vision och historia - Voyagerr Demand Response<\/title>\n<meta name=\"description\" content=\"Voyagerr focuses exclusively on meeting the need for new mobility technology solutions of European public transport authorities and operators.\" \/>\n<meta name=\"robots\" content=\"index, follow, max-snippet:-1, max-image-preview:large, max-video-preview:-1\" \/>\n<link rel=\"canonical\" href=\"https:\/\/voyagerr.com\/sv\/om-oss\/var-vision-och-historia\/\" \/>\n<meta property=\"og:locale\" content=\"sv_SE\" \/>\n<meta property=\"og:type\" content=\"article\" \/>\n<meta property=\"og:title\" content=\"V\u00e5r vision och historia - Voyagerr Demand Response\" \/>\n<meta property=\"og:description\" content=\"Voyagerr focuses exclusively on meeting the need for new mobility technology solutions of European public transport authorities and operators.\" \/>\n<meta property=\"og:url\" content=\"https:\/\/voyagerr.com\/sv\/om-oss\/var-vision-och-historia\/\" \/>\n<meta property=\"og:site_name\" content=\"Voyagerr Demand Response\" \/>\n<meta property=\"article:modified_time\" content=\"2023-11-21T08:48:00+00:00\" \/>\n<meta property=\"og:image\" content=\"https:\/\/voyagerr.com\/wp-content\/uploads\/2023\/05\/Vision_new_mobility.jpg\" \/>\n\t<meta property=\"og:image:width\" content=\"1800\" \/>\n\t<meta property=\"og:image:height\" content=\"1200\" \/>\n\t<meta property=\"og:image:type\" content=\"image\/jpeg\" \/>\n<meta name=\"twitter:card\" content=\"summary_large_image\" \/>\n<meta name=\"twitter:label1\" content=\"Ber\u00e4knad l\u00e4stid\" \/>\n\t<meta name=\"twitter:data1\" content=\"7 minuter\" \/>\n<script type=\"application\/ld+json\" class=\"yoast-schema-graph\">{\"@context\":\"https:\/\/schema.org\",\"@graph\":[{\"@type\":\"WebPage\",\"@id\":\"https:\/\/voyagerr.com\/sv\/om-oss\/var-vision-och-historia\/\",\"url\":\"https:\/\/voyagerr.com\/sv\/om-oss\/var-vision-och-historia\/\",\"name\":\"V\u00e5r vision och historia - Voyagerr Demand Response\",\"isPartOf\":{\"@id\":\"https:\/\/voyagerr.com\/sv\/#website\"},\"primaryImageOfPage\":{\"@id\":\"https:\/\/voyagerr.com\/sv\/om-oss\/var-vision-och-historia\/#primaryimage\"},\"image\":{\"@id\":\"https:\/\/voyagerr.com\/sv\/om-oss\/var-vision-och-historia\/#primaryimage\"},\"thumbnailUrl\":\"https:\/\/voyagerr.com\/wp-content\/uploads\/2023\/05\/Vision_new_mobility.jpg\",\"datePublished\":\"2023-05-29T10:43:19+00:00\",\"dateModified\":\"2023-11-21T08:48:00+00:00\",\"description\":\"Voyagerr focuses exclusively on meeting the need for new mobility technology solutions of European public transport authorities and operators.\",\"breadcrumb\":{\"@id\":\"https:\/\/voyagerr.com\/sv\/om-oss\/var-vision-och-historia\/#breadcrumb\"},\"inLanguage\":\"sv-SE\",\"potentialAction\":[{\"@type\":\"ReadAction\",\"target\":[\"https:\/\/voyagerr.com\/sv\/om-oss\/var-vision-och-historia\/\"]}]},{\"@type\":\"ImageObject\",\"inLanguage\":\"sv-SE\",\"@id\":\"https:\/\/voyagerr.com\/sv\/om-oss\/var-vision-och-historia\/#primaryimage\",\"url\":\"https:\/\/voyagerr.com\/wp-content\/uploads\/2023\/05\/Vision_new_mobility.jpg\",\"contentUrl\":\"https:\/\/voyagerr.com\/wp-content\/uploads\/2023\/05\/Vision_new_mobility.jpg\",\"width\":1800,\"height\":1200},{\"@type\":\"BreadcrumbList\",\"@id\":\"https:\/\/voyagerr.com\/sv\/om-oss\/var-vision-och-historia\/#breadcrumb\",\"itemListElement\":[{\"@type\":\"ListItem\",\"position\":1,\"name\":\"Home\",\"item\":\"https:\/\/voyagerr.com\/sv\/\"},{\"@type\":\"ListItem\",\"position\":2,\"name\":\"Om oss\",\"item\":\"https:\/\/voyagerr.com\/sv\/om-oss\/\"},{\"@type\":\"ListItem\",\"position\":3,\"name\":\"V\u00e5r vision och historia\"}]},{\"@type\":\"WebSite\",\"@id\":\"https:\/\/voyagerr.com\/sv\/#website\",\"url\":\"https:\/\/voyagerr.com\/sv\/\",\"name\":\"Voyagerr Demand Response\",\"description\":\"Making every journey matter\",\"potentialAction\":[{\"@type\":\"SearchAction\",\"target\":{\"@type\":\"EntryPoint\",\"urlTemplate\":\"https:\/\/voyagerr.com\/sv\/?s={search_term_string}\"},\"query-input\":{\"@type\":\"PropertyValueSpecification\",\"valueRequired\":true,\"valueName\":\"search_term_string\"}}],\"inLanguage\":\"sv-SE\"}]}<\/script>\n<!-- \/ Yoast SEO plugin. -->","yoast_head_json":{"title":"V\u00e5r vision och historia - Voyagerr Demand Response","description":"Voyagerr focuses exclusively on meeting the need for new mobility technology solutions of European public transport authorities and operators.","robots":{"index":"index","follow":"follow","max-snippet":"max-snippet:-1","max-image-preview":"max-image-preview:large","max-video-preview":"max-video-preview:-1"},"canonical":"https:\/\/voyagerr.com\/sv\/om-oss\/var-vision-och-historia\/","og_locale":"sv_SE","og_type":"article","og_title":"V\u00e5r vision och historia - Voyagerr Demand Response","og_description":"Voyagerr focuses exclusively on meeting the need for new mobility technology solutions of European public transport authorities and operators.","og_url":"https:\/\/voyagerr.com\/sv\/om-oss\/var-vision-och-historia\/","og_site_name":"Voyagerr Demand Response","article_modified_time":"2023-11-21T08:48:00+00:00","og_image":[{"width":1800,"height":1200,"url":"https:\/\/voyagerr.com\/wp-content\/uploads\/2023\/05\/Vision_new_mobility.jpg","type":"image\/jpeg"}],"twitter_card":"summary_large_image","twitter_misc":{"Ber\u00e4knad l\u00e4stid":"7 minuter"},"schema":{"@context":"https:\/\/schema.org","@graph":[{"@type":"WebPage","@id":"https:\/\/voyagerr.com\/sv\/om-oss\/var-vision-och-historia\/","url":"https:\/\/voyagerr.com\/sv\/om-oss\/var-vision-och-historia\/","name":"V\u00e5r vision och historia - Voyagerr Demand Response","isPartOf":{"@id":"https:\/\/voyagerr.com\/sv\/#website"},"primaryImageOfPage":{"@id":"https:\/\/voyagerr.com\/sv\/om-oss\/var-vision-och-historia\/#primaryimage"},"image":{"@id":"https:\/\/voyagerr.com\/sv\/om-oss\/var-vision-och-historia\/#primaryimage"},"thumbnailUrl":"https:\/\/voyagerr.com\/wp-content\/uploads\/2023\/05\/Vision_new_mobility.jpg","datePublished":"2023-05-29T10:43:19+00:00","dateModified":"2023-11-21T08:48:00+00:00","description":"Voyagerr focuses exclusively on meeting the need for new mobility technology solutions of European public transport authorities and operators.","breadcrumb":{"@id":"https:\/\/voyagerr.com\/sv\/om-oss\/var-vision-och-historia\/#breadcrumb"},"inLanguage":"sv-SE","potentialAction":[{"@type":"ReadAction","target":["https:\/\/voyagerr.com\/sv\/om-oss\/var-vision-och-historia\/"]}]},{"@type":"ImageObject","inLanguage":"sv-SE","@id":"https:\/\/voyagerr.com\/sv\/om-oss\/var-vision-och-historia\/#primaryimage","url":"https:\/\/voyagerr.com\/wp-content\/uploads\/2023\/05\/Vision_new_mobility.jpg","contentUrl":"https:\/\/voyagerr.com\/wp-content\/uploads\/2023\/05\/Vision_new_mobility.jpg","width":1800,"height":1200},{"@type":"BreadcrumbList","@id":"https:\/\/voyagerr.com\/sv\/om-oss\/var-vision-och-historia\/#breadcrumb","itemListElement":[{"@type":"ListItem","position":1,"name":"Home","item":"https:\/\/voyagerr.com\/sv\/"},{"@type":"ListItem","position":2,"name":"Om oss","item":"https:\/\/voyagerr.com\/sv\/om-oss\/"},{"@type":"ListItem","position":3,"name":"V\u00e5r vision och historia"}]},{"@type":"WebSite","@id":"https:\/\/voyagerr.com\/sv\/#website","url":"https:\/\/voyagerr.com\/sv\/","name":"Voyagerr Demand Response","description":"Making every journey matter","potentialAction":[{"@type":"SearchAction","target":{"@type":"EntryPoint","urlTemplate":"https:\/\/voyagerr.com\/sv\/?s={search_term_string}"},"query-input":{"@type":"PropertyValueSpecification","valueRequired":true,"valueName":"search_term_string"}}],"inLanguage":"sv-SE"}]}},"_links":{"self":[{"href":"https:\/\/voyagerr.com\/sv\/wp-json\/wp\/v2\/pages\/12286","targetHints":{"allow":["GET"]}}],"collection":[{"href":"https:\/\/voyagerr.com\/sv\/wp-json\/wp\/v2\/pages"}],"about":[{"href":"https:\/\/voyagerr.com\/sv\/wp-json\/wp\/v2\/types\/page"}],"author":[{"embeddable":true,"href":"https:\/\/voyagerr.com\/sv\/wp-json\/wp\/v2\/users\/2"}],"replies":[{"embeddable":true,"href":"https:\/\/voyagerr.com\/sv\/wp-json\/wp\/v2\/comments?post=12286"}],"version-history":[{"count":6,"href":"https:\/\/voyagerr.com\/sv\/wp-json\/wp\/v2\/pages\/12286\/revisions"}],"predecessor-version":[{"id":13151,"href":"https:\/\/voyagerr.com\/sv\/wp-json\/wp\/v2\/pages\/12286\/revisions\/13151"}],"up":[{"embeddable":true,"href":"https:\/\/voyagerr.com\/sv\/wp-json\/wp\/v2\/pages\/12068"}],"wp:featuredmedia":[{"embeddable":true,"href":"https:\/\/voyagerr.com\/sv\/wp-json\/wp\/v2\/media\/12287"}],"wp:attachment":[{"href":"https:\/\/voyagerr.com\/sv\/wp-json\/wp\/v2\/media?parent=12286"}],"curies":[{"name":"wp","href":"https:\/\/api.w.org\/{rel}","templated":true}]}}