{"id":12063,"date":"2023-03-16T10:20:00","date_gmt":"2023-03-16T10:20:00","guid":{"rendered":"https:\/\/voyagerr.com\/kontakt\/"},"modified":"2026-03-17T10:27:59","modified_gmt":"2026-03-17T10:27:59","slug":"kontakt","status":"publish","type":"page","link":"https:\/\/voyagerr.com\/sv\/kontakt\/","title":{"rendered":"Kontakt"},"content":{"rendered":"<p><div class=\"fusion-fullwidth fullwidth-box fusion-builder-row-1 fusion-flex-container nonhundred-percent-fullwidth non-hundred-percent-height-scrolling\" style=\"--awb-border-radius-top-left:0px;--awb-border-radius-top-right:0px;--awb-border-radius-bottom-right:0px;--awb-border-radius-bottom-left:0px;--awb-flex-wrap:wrap;\" ><div class=\"fusion-builder-row fusion-row fusion-flex-align-items-flex-start fusion-flex-content-wrap\" style=\"max-width:1248px;margin-left: calc(-4% \/ 2 );margin-right: calc(-4% \/ 2 );\"><div class=\"fusion-layout-column fusion_builder_column fusion-builder-column-0 fusion_builder_column_1_1 1_1 fusion-flex-column\" style=\"--awb-padding-bottom:29px;--awb-bg-blend:overlay;--awb-bg-size:cover;--awb-width-large:100%;--awb-margin-top-large:0px;--awb-spacing-right-large:1.92%;--awb-margin-bottom-large:0px;--awb-spacing-left-large:1.92%;--awb-width-medium:100%;--awb-spacing-right-medium:1.92%;--awb-spacing-left-medium:1.92%;--awb-width-small:100%;--awb-spacing-right-small:1.92%;--awb-spacing-left-small:1.92%;\"><div class=\"fusion-column-wrapper fusion-flex-justify-content-flex-start fusion-content-layout-column\"><div class=\"fusion-text fusion-text-1\"><h2 class=\"fusion-responsive-typography-calculated\" style=\"--fontsize: 42; line-height: 1.2; text-align: center;\" data-fontsize=\"42\" data-lineheight=\"50.4px\">Let&#8217;s talk<\/h2>\n<\/div><div class=\"fusion-text fusion-text-2\" style=\"--awb-content-alignment:center;--awb-margin-top:40px;\"><h5 class=\"fusion-responsive-typography-calculated\" style=\"text-align: center; --fontsize: 20; line-height: 1.4; --minfontsize: 20;\" data-fontsize=\"20\" data-lineheight=\"28px\"><\/h5>\n<h5 class=\"fusion-responsive-typography-calculated\" style=\"text-align: center; --fontsize: 20; line-height: 1.4; --minfontsize: 20;\" data-fontsize=\"20\" data-lineheight=\"28px\"><span style=\"color: var(--h5_typography-color); font-family: var(--h5_typography-font-family); font-size: var(--h5_typography-font-size); font-style: var(--h5_typography-font-style,normal); font-weight: var(--h5_typography-font-weight); letter-spacing: var(--h5_typography-letter-spacing); text-transform: var(--h5_typography-text-transform); background-color: var(--awb-bg-color-hover);\">Voyagerr finns i Europa och Norden. Du \u00e4r alltid v\u00e4lkommen att kontakta oss.<\/span><\/h5>\n<\/div><\/div><\/div><\/div><\/div><div class=\"fusion-fullwidth fullwidth-box fusion-builder-row-2 fusion-flex-container has-pattern-background has-mask-background fusion-parallax-none nonhundred-percent-fullwidth non-hundred-percent-height-scrolling lazyload\" style=\"--awb-border-radius-top-left:0px;--awb-border-radius-top-right:0px;--awb-border-radius-bottom-right:0px;--awb-border-radius-bottom-left:0px;--awb-background-size:cover;--awb-flex-wrap:wrap;\" data-bg=\"https:\/\/voyagerr.com\/wp-content\/uploads\/2023\/05\/mobility_for_all.jpg\" ><div class=\"fusion-builder-row fusion-row fusion-flex-align-items-stretch fusion-flex-content-wrap\" style=\"max-width:1248px;margin-left: calc(-4% \/ 2 );margin-right: calc(-4% \/ 2 );\"><div class=\"fusion-layout-column fusion_builder_column fusion-builder-column-1 fusion_builder_column_2_3 2_3 fusion-flex-column contact-fields-voy\" style=\"--awb-padding-top:33px;--awb-padding-right:35px;--awb-padding-left:38px;--awb-padding-top-small:87px;--awb-padding-right-small:0px;--awb-padding-bottom-small:0px;--awb-padding-left-small:0px;--awb-overflow:hidden;--awb-bg-color:#ffffff;--awb-bg-color-hover:#ffffff;--awb-bg-size:cover;--awb-border-radius:100px 0px 0px 0px;--awb-width-large:66.666666666667%;--awb-margin-top-large:55px;--awb-spacing-right-large:2.88%;--awb-margin-bottom-large:45px;--awb-spacing-left-large:2.88%;--awb-width-medium:66.666666666667%;--awb-order-medium:0;--awb-spacing-right-medium:2.88%;--awb-spacing-left-medium:2.88%;--awb-width-small:100%;--awb-order-small:0;--awb-spacing-right-small:0.864%;--awb-spacing-left-small:0.864%;\"><div class=\"fusion-column-wrapper fusion-column-has-shadow fusion-flex-justify-content-flex-start fusion-content-layout-column\"><div class=\"fusion-text fusion-text-3\">\n\t\t\t\t\t\t<script>\n\t\t\t\t\t\t\twindow.hsFormsOnReady = window.hsFormsOnReady || [];\n\t\t\t\t\t\t\twindow.hsFormsOnReady.push(()=>{\n\t\t\t\t\t\t\t\thbspt.forms.create({\n\t\t\t\t\t\t\t\t\tportalId: 5043432,\n\t\t\t\t\t\t\t\t\tformId: \"e513b94d-ffba-4bba-bcaa-3f33ed6f878b\",\n\t\t\t\t\t\t\t\t\ttarget: \"#hbspt-form-1775461057000-2206991668\",\n\t\t\t\t\t\t\t\t\tregion: \"na1\",\n\t\t\t\t\t\t\t\t\t\n\t\t\t\t\t\t\t})});\n\t\t\t\t\t\t<\/script>\n\t\t\t\t\t\t<div class=\"hbspt-form\" id=\"hbspt-form-1775461057000-2206991668\"><\/div>\n<\/div><\/div><\/div><div class=\"fusion-layout-column fusion_builder_column fusion-builder-column-2 fusion_builder_column_1_3 1_3 fusion-flex-column\" style=\"--awb-padding-top:33px;--awb-padding-right:35px;--awb-padding-left:38px;--awb-padding-right-small:20px;--awb-padding-bottom-small:48px;--awb-padding-left-small:20px;--awb-overflow:hidden;--awb-bg-color:#ffffff;--awb-bg-color-hover:#ffffff;--awb-bg-size:cover;--awb-border-radius:0px 0px 100px 0px;--awb-width-large:33.333333333333%;--awb-margin-top-large:55px;--awb-spacing-right-large:5.76%;--awb-margin-bottom-large:45px;--awb-spacing-left-large:5.76%;--awb-width-medium:33.333333333333%;--awb-order-medium:0;--awb-spacing-right-medium:5.76%;--awb-spacing-left-medium:5.76%;--awb-width-small:100%;--awb-order-small:0;--awb-spacing-right-small:1.92%;--awb-spacing-left-small:1.92%;\"><div class=\"fusion-column-wrapper fusion-column-has-shadow fusion-flex-justify-content-flex-start fusion-content-layout-column\"><div class=\"accordian fusion-accordian\" style=\"--awb-border-size:1px;--awb-icon-size:16px;--awb-content-font-size:17px;--awb-icon-alignment:right;--awb-hover-color:var(--awb-custom_color_4);--awb-border-color:var(--awb-color6);--awb-background-color:var(--awb-color6);--awb-divider-color:var(--awb-color3);--awb-divider-hover-color:var(--awb-color3);--awb-icon-color:#000000;--awb-title-color:var(--awb-color8);--awb-content-color:#000000;--awb-icon-box-color:var(--awb-color8);--awb-toggle-hover-accent-color:#000000;--awb-toggle-active-accent-color:#000000;--awb-title-font-family:&quot;Plus Jakarta Sans&quot;;--awb-title-font-weight:400;--awb-title-font-style:normal;--awb-title-font-size:17px;--awb-title-letter-spacing:var(--awb-typography1-letter-spacing);--awb-title-line-height:var(--awb-typography1-line-height);--awb-content-font-family:&quot;Source Sans Pro&quot;;--awb-content-font-style:normal;--awb-content-font-weight:var(--awb-typography4);\"><div class=\"panel-group fusion-toggle-icon-right fusion-toggle-icon-unboxed\" id=\"accordion-12063-1\"><div class=\"fusion-panel panel-default panel-b601df16f6884de66 fusion-toggle-no-divider fusion-toggle-boxed-mode\" style=\"--awb-title-color:var(--awb-color8);--awb-content-color:var(--awb-color8);\"><div class=\"panel-heading\"><h3 class=\"panel-title toggle\" id=\"toggle_b601df16f6884de66\"><a class=\"active\" aria-expanded=\"true\" aria-controls=\"b601df16f6884de66\" role=\"button\" data-toggle=\"collapse\" data-parent=\"#accordion-12063-1\" data-target=\"#b601df16f6884de66\" href=\"#b601df16f6884de66\"><span class=\"fusion-toggle-icon-wrapper\" aria-hidden=\"true\"><i class=\"fa-fusion-box active-icon fa-angle-up fas\" aria-hidden=\"true\"><\/i><i class=\"fa-fusion-box inactive-icon fa-angle-down fas\" aria-hidden=\"true\"><\/i><\/span><span class=\"fusion-toggle-heading\">Danmark<\/span><\/a><\/h3><\/div><div id=\"b601df16f6884de66\" class=\"panel-collapse collapse in\" aria-labelledby=\"toggle_b601df16f6884de66\"><div class=\"panel-body toggle-content fusion-clearfix\">\n<p>Sommervej 31 D, 4.<br \/>\nDK-8210 Aarhus V<br \/>\nT +45 8744 1600<\/p>\n<\/div><\/div><\/div><div class=\"fusion-panel panel-default panel-8a8faa8c4c401f6cc fusion-toggle-no-divider fusion-toggle-boxed-mode\" style=\"--awb-title-color:var(--awb-color8);--awb-content-color:var(--awb-color8);\"><div class=\"panel-heading\"><h3 class=\"panel-title toggle\" id=\"toggle_8a8faa8c4c401f6cc\"><a aria-expanded=\"false\" aria-controls=\"8a8faa8c4c401f6cc\" role=\"button\" data-toggle=\"collapse\" data-parent=\"#accordion-12063-1\" data-target=\"#8a8faa8c4c401f6cc\" href=\"#8a8faa8c4c401f6cc\"><span class=\"fusion-toggle-icon-wrapper\" aria-hidden=\"true\"><i class=\"fa-fusion-box active-icon fa-angle-up fas\" aria-hidden=\"true\"><\/i><i class=\"fa-fusion-box inactive-icon fa-angle-down fas\" aria-hidden=\"true\"><\/i><\/span><span class=\"fusion-toggle-heading\">Frankrike<\/span><\/a><\/h3><\/div><div id=\"8a8faa8c4c401f6cc\" class=\"panel-collapse collapse \" aria-labelledby=\"toggle_8a8faa8c4c401f6cc\"><div class=\"panel-body toggle-content fusion-clearfix\">Voyagerr<br \/>\nPatchwork<br \/>\n26 Rue de Montholon<br \/>\n75009 Paris<br \/>\nFrankrike<\/p>\n<p>+33 1 40 79 60 00<\/div><\/div><\/div><div class=\"fusion-panel panel-default panel-4e7b33d5853fb6cc6 fusion-toggle-no-divider fusion-toggle-boxed-mode\" style=\"--awb-title-color:var(--awb-color8);--awb-content-color:var(--awb-color8);\"><div class=\"panel-heading\"><h3 class=\"panel-title toggle\" id=\"toggle_4e7b33d5853fb6cc6\"><a aria-expanded=\"false\" aria-controls=\"4e7b33d5853fb6cc6\" role=\"button\" data-toggle=\"collapse\" data-parent=\"#accordion-12063-1\" data-target=\"#4e7b33d5853fb6cc6\" href=\"#4e7b33d5853fb6cc6\"><span class=\"fusion-toggle-icon-wrapper\" aria-hidden=\"true\"><i class=\"fa-fusion-box active-icon fa-angle-up fas\" aria-hidden=\"true\"><\/i><i class=\"fa-fusion-box inactive-icon fa-angle-down fas\" aria-hidden=\"true\"><\/i><\/span><span class=\"fusion-toggle-heading\">Tyskland, \u00d6sterrike och Schweiz<\/span><\/a><\/h3><\/div><div id=\"4e7b33d5853fb6cc6\" class=\"panel-collapse collapse \" aria-labelledby=\"toggle_4e7b33d5853fb6cc6\"><div class=\"panel-body toggle-content fusion-clearfix\">\n<p>R\u00f6\u00dflerstra\u00dfe 88,<br \/>\n64293 Darmstadt,<br \/>\nTyskland<br \/>\nT +49 6151 66682 40<\/p>\n<\/div><\/div><\/div><div class=\"fusion-panel panel-default panel-c96de151dfcfc06b8 fusion-toggle-no-divider fusion-toggle-boxed-mode\" style=\"--awb-title-color:var(--awb-color8);--awb-content-color:var(--awb-color8);\"><div class=\"panel-heading\"><h3 class=\"panel-title toggle\" id=\"toggle_c96de151dfcfc06b8\"><a aria-expanded=\"false\" aria-controls=\"c96de151dfcfc06b8\" role=\"button\" data-toggle=\"collapse\" data-parent=\"#accordion-12063-1\" data-target=\"#c96de151dfcfc06b8\" href=\"#c96de151dfcfc06b8\"><span class=\"fusion-toggle-icon-wrapper\" aria-hidden=\"true\"><i class=\"fa-fusion-box active-icon fa-angle-up fas\" aria-hidden=\"true\"><\/i><i class=\"fa-fusion-box inactive-icon fa-angle-down fas\" aria-hidden=\"true\"><\/i><\/span><span class=\"fusion-toggle-heading\">Norge<\/span><\/a><\/h3><\/div><div id=\"c96de151dfcfc06b8\" class=\"panel-collapse collapse \" aria-labelledby=\"toggle_c96de151dfcfc06b8\"><div class=\"panel-body toggle-content fusion-clearfix\">\n<p>Sommervej 31 D, 4.<br \/>\nDK-8210 Aarhus V<br \/>\nT +45 8744 1644<\/p>\n<\/div><\/div><\/div><div class=\"fusion-panel panel-default panel-013775996251825e6 fusion-toggle-no-divider fusion-toggle-boxed-mode\" style=\"--awb-title-color:var(--awb-color8);--awb-content-color:var(--awb-color8);\"><div class=\"panel-heading\"><h3 class=\"panel-title toggle\" id=\"toggle_013775996251825e6\"><a aria-expanded=\"false\" aria-controls=\"013775996251825e6\" role=\"button\" data-toggle=\"collapse\" data-parent=\"#accordion-12063-1\" data-target=\"#013775996251825e6\" href=\"#013775996251825e6\"><span class=\"fusion-toggle-icon-wrapper\" aria-hidden=\"true\"><i class=\"fa-fusion-box active-icon fa-angle-up fas\" aria-hidden=\"true\"><\/i><i class=\"fa-fusion-box inactive-icon fa-angle-down fas\" aria-hidden=\"true\"><\/i><\/span><span class=\"fusion-toggle-heading\">Sverige<\/span><\/a><\/h3><\/div><div id=\"013775996251825e6\" class=\"panel-collapse collapse \" aria-labelledby=\"toggle_013775996251825e6\"><div class=\"panel-body toggle-content fusion-clearfix\">\n<p>Gruvgatan 6<\/p>\n<p>421 30 V\u00e4stra Fr\u00f6lunda<\/p>\n<p>T +46 (0)31-709 32 80<\/p>\n<\/div><\/div><\/div><div class=\"fusion-panel panel-default panel-d8e4b4884d8f6aec3 fusion-toggle-no-divider fusion-toggle-boxed-mode\" style=\"--awb-title-color:var(--awb-color8);--awb-content-color:var(--awb-color8);\"><div class=\"panel-heading\"><h3 class=\"panel-title toggle\" id=\"toggle_d8e4b4884d8f6aec3\"><a aria-expanded=\"false\" aria-controls=\"d8e4b4884d8f6aec3\" role=\"button\" data-toggle=\"collapse\" data-parent=\"#accordion-12063-1\" data-target=\"#d8e4b4884d8f6aec3\" href=\"#d8e4b4884d8f6aec3\"><span class=\"fusion-toggle-icon-wrapper\" aria-hidden=\"true\"><i class=\"fa-fusion-box active-icon fa-angle-up fas\" aria-hidden=\"true\"><\/i><i class=\"fa-fusion-box inactive-icon fa-angle-down fas\" aria-hidden=\"true\"><\/i><\/span><span class=\"fusion-toggle-heading\">United Kingdom<\/span><\/a><\/h3><\/div><div id=\"d8e4b4884d8f6aec3\" class=\"panel-collapse collapse \" aria-labelledby=\"toggle_d8e4b4884d8f6aec3\"><div class=\"panel-body toggle-content fusion-clearfix\">\n<p>Brook Suite<br \/>\nBewley House<br \/>\nMarshfield Road<br \/>\nChippenham<br \/>\nWiltshire, SN15 1JW<\/p>\n<p>T +44 (0)808 28 11 039<\/p>\n<\/div><\/div><\/div><\/div><\/div><\/div><\/div><\/div><\/div><\/p>\n","protected":false},"excerpt":{"rendered":"","protected":false},"author":2,"featured_media":11153,"parent":0,"menu_order":0,"comment_status":"closed","ping_status":"closed","template":"100-width.php","meta":{"content-type":"","footnotes":""},"class_list":["post-12063","page","type-page","status-publish","has-post-thumbnail","hentry"],"yoast_head":"<!-- This site is optimized with the Yoast SEO plugin v27.0 - https:\/\/yoast.com\/product\/yoast-seo-wordpress\/ -->\n<title>Kontakt - Voyagerr Demand Response<\/title>\n<meta name=\"description\" content=\"Voyagerr finns i Europa och Norden.\" \/>\n<meta name=\"robots\" content=\"index, follow, max-snippet:-1, max-image-preview:large, max-video-preview:-1\" \/>\n<link rel=\"canonical\" href=\"https:\/\/voyagerr.com\/sv\/kontakt\/\" \/>\n<meta property=\"og:locale\" content=\"sv_SE\" \/>\n<meta property=\"og:type\" content=\"article\" \/>\n<meta property=\"og:title\" content=\"Kontakt - Voyagerr Demand Response\" \/>\n<meta property=\"og:description\" content=\"Voyagerr finns i Europa och Norden.\" \/>\n<meta property=\"og:url\" content=\"https:\/\/voyagerr.com\/sv\/kontakt\/\" \/>\n<meta property=\"og:site_name\" content=\"Voyagerr Demand Response\" \/>\n<meta property=\"article:modified_time\" content=\"2026-03-17T10:27:59+00:00\" \/>\n<meta property=\"og:image\" content=\"https:\/\/voyagerr.com\/wp-content\/uploads\/2023\/05\/hand-holding-smartphone-iphone-1.jpg\" \/>\n\t<meta property=\"og:image:width\" content=\"1800\" \/>\n\t<meta property=\"og:image:height\" content=\"1120\" \/>\n\t<meta property=\"og:image:type\" content=\"image\/jpeg\" \/>\n<meta name=\"twitter:card\" content=\"summary_large_image\" \/>\n<meta name=\"twitter:label1\" content=\"Ber\u00e4knad l\u00e4stid\" \/>\n\t<meta name=\"twitter:data1\" content=\"1 minut\" \/>\n<script type=\"application\/ld+json\" class=\"yoast-schema-graph\">{\"@context\":\"https:\/\/schema.org\",\"@graph\":[{\"@type\":\"WebPage\",\"@id\":\"https:\/\/voyagerr.com\/sv\/kontakt\/\",\"url\":\"https:\/\/voyagerr.com\/sv\/kontakt\/\",\"name\":\"Kontakt - Voyagerr Demand Response\",\"isPartOf\":{\"@id\":\"https:\/\/voyagerr.com\/sv\/#website\"},\"primaryImageOfPage\":{\"@id\":\"https:\/\/voyagerr.com\/sv\/kontakt\/#primaryimage\"},\"image\":{\"@id\":\"https:\/\/voyagerr.com\/sv\/kontakt\/#primaryimage\"},\"thumbnailUrl\":\"https:\/\/voyagerr.com\/wp-content\/uploads\/2023\/05\/hand-holding-smartphone-iphone-1.jpg\",\"datePublished\":\"2023-03-16T10:20:00+00:00\",\"dateModified\":\"2026-03-17T10:27:59+00:00\",\"description\":\"Voyagerr finns i Europa och Norden.\",\"breadcrumb\":{\"@id\":\"https:\/\/voyagerr.com\/sv\/kontakt\/#breadcrumb\"},\"inLanguage\":\"sv-SE\",\"potentialAction\":[{\"@type\":\"ReadAction\",\"target\":[\"https:\/\/voyagerr.com\/sv\/kontakt\/\"]}]},{\"@type\":\"ImageObject\",\"inLanguage\":\"sv-SE\",\"@id\":\"https:\/\/voyagerr.com\/sv\/kontakt\/#primaryimage\",\"url\":\"https:\/\/voyagerr.com\/wp-content\/uploads\/2023\/05\/hand-holding-smartphone-iphone-1.jpg\",\"contentUrl\":\"https:\/\/voyagerr.com\/wp-content\/uploads\/2023\/05\/hand-holding-smartphone-iphone-1.jpg\",\"width\":1800,\"height\":1120},{\"@type\":\"BreadcrumbList\",\"@id\":\"https:\/\/voyagerr.com\/sv\/kontakt\/#breadcrumb\",\"itemListElement\":[{\"@type\":\"ListItem\",\"position\":1,\"name\":\"Home\",\"item\":\"https:\/\/voyagerr.com\/sv\/\"},{\"@type\":\"ListItem\",\"position\":2,\"name\":\"Kontakt\"}]},{\"@type\":\"WebSite\",\"@id\":\"https:\/\/voyagerr.com\/sv\/#website\",\"url\":\"https:\/\/voyagerr.com\/sv\/\",\"name\":\"Voyagerr Demand Response\",\"description\":\"Making every journey matter\",\"potentialAction\":[{\"@type\":\"SearchAction\",\"target\":{\"@type\":\"EntryPoint\",\"urlTemplate\":\"https:\/\/voyagerr.com\/sv\/?s={search_term_string}\"},\"query-input\":{\"@type\":\"PropertyValueSpecification\",\"valueRequired\":true,\"valueName\":\"search_term_string\"}}],\"inLanguage\":\"sv-SE\"}]}<\/script>\n<!-- \/ Yoast SEO plugin. -->","yoast_head_json":{"title":"Kontakt - Voyagerr Demand Response","description":"Voyagerr finns i Europa och Norden.","robots":{"index":"index","follow":"follow","max-snippet":"max-snippet:-1","max-image-preview":"max-image-preview:large","max-video-preview":"max-video-preview:-1"},"canonical":"https:\/\/voyagerr.com\/sv\/kontakt\/","og_locale":"sv_SE","og_type":"article","og_title":"Kontakt - Voyagerr Demand Response","og_description":"Voyagerr finns i Europa och Norden.","og_url":"https:\/\/voyagerr.com\/sv\/kontakt\/","og_site_name":"Voyagerr Demand Response","article_modified_time":"2026-03-17T10:27:59+00:00","og_image":[{"width":1800,"height":1120,"url":"https:\/\/voyagerr.com\/wp-content\/uploads\/2023\/05\/hand-holding-smartphone-iphone-1.jpg","type":"image\/jpeg"}],"twitter_card":"summary_large_image","twitter_misc":{"Ber\u00e4knad l\u00e4stid":"1 minut"},"schema":{"@context":"https:\/\/schema.org","@graph":[{"@type":"WebPage","@id":"https:\/\/voyagerr.com\/sv\/kontakt\/","url":"https:\/\/voyagerr.com\/sv\/kontakt\/","name":"Kontakt - Voyagerr Demand Response","isPartOf":{"@id":"https:\/\/voyagerr.com\/sv\/#website"},"primaryImageOfPage":{"@id":"https:\/\/voyagerr.com\/sv\/kontakt\/#primaryimage"},"image":{"@id":"https:\/\/voyagerr.com\/sv\/kontakt\/#primaryimage"},"thumbnailUrl":"https:\/\/voyagerr.com\/wp-content\/uploads\/2023\/05\/hand-holding-smartphone-iphone-1.jpg","datePublished":"2023-03-16T10:20:00+00:00","dateModified":"2026-03-17T10:27:59+00:00","description":"Voyagerr finns i Europa och Norden.","breadcrumb":{"@id":"https:\/\/voyagerr.com\/sv\/kontakt\/#breadcrumb"},"inLanguage":"sv-SE","potentialAction":[{"@type":"ReadAction","target":["https:\/\/voyagerr.com\/sv\/kontakt\/"]}]},{"@type":"ImageObject","inLanguage":"sv-SE","@id":"https:\/\/voyagerr.com\/sv\/kontakt\/#primaryimage","url":"https:\/\/voyagerr.com\/wp-content\/uploads\/2023\/05\/hand-holding-smartphone-iphone-1.jpg","contentUrl":"https:\/\/voyagerr.com\/wp-content\/uploads\/2023\/05\/hand-holding-smartphone-iphone-1.jpg","width":1800,"height":1120},{"@type":"BreadcrumbList","@id":"https:\/\/voyagerr.com\/sv\/kontakt\/#breadcrumb","itemListElement":[{"@type":"ListItem","position":1,"name":"Home","item":"https:\/\/voyagerr.com\/sv\/"},{"@type":"ListItem","position":2,"name":"Kontakt"}]},{"@type":"WebSite","@id":"https:\/\/voyagerr.com\/sv\/#website","url":"https:\/\/voyagerr.com\/sv\/","name":"Voyagerr Demand Response","description":"Making every journey matter","potentialAction":[{"@type":"SearchAction","target":{"@type":"EntryPoint","urlTemplate":"https:\/\/voyagerr.com\/sv\/?s={search_term_string}"},"query-input":{"@type":"PropertyValueSpecification","valueRequired":true,"valueName":"search_term_string"}}],"inLanguage":"sv-SE"}]}},"_links":{"self":[{"href":"https:\/\/voyagerr.com\/sv\/wp-json\/wp\/v2\/pages\/12063","targetHints":{"allow":["GET"]}}],"collection":[{"href":"https:\/\/voyagerr.com\/sv\/wp-json\/wp\/v2\/pages"}],"about":[{"href":"https:\/\/voyagerr.com\/sv\/wp-json\/wp\/v2\/types\/page"}],"author":[{"embeddable":true,"href":"https:\/\/voyagerr.com\/sv\/wp-json\/wp\/v2\/users\/2"}],"replies":[{"embeddable":true,"href":"https:\/\/voyagerr.com\/sv\/wp-json\/wp\/v2\/comments?post=12063"}],"version-history":[{"count":11,"href":"https:\/\/voyagerr.com\/sv\/wp-json\/wp\/v2\/pages\/12063\/revisions"}],"predecessor-version":[{"id":18013,"href":"https:\/\/voyagerr.com\/sv\/wp-json\/wp\/v2\/pages\/12063\/revisions\/18013"}],"wp:featuredmedia":[{"embeddable":true,"href":"https:\/\/voyagerr.com\/sv\/wp-json\/wp\/v2\/media\/11153"}],"wp:attachment":[{"href":"https:\/\/voyagerr.com\/sv\/wp-json\/wp\/v2\/media?parent=12063"}],"curies":[{"name":"wp","href":"https:\/\/api.w.org\/{rel}","templated":true}]}}