{"id":12031,"date":"2023-05-28T19:57:18","date_gmt":"2023-05-28T19:57:18","guid":{"rendered":"https:\/\/voyagerr.com\/omraden\/microtransit\/"},"modified":"2024-11-04T07:41:05","modified_gmt":"2024-11-04T07:41:05","slug":"microtransit","status":"publish","type":"page","link":"https:\/\/voyagerr.com\/sv\/omraden\/microtransit\/","title":{"rendered":"Microtransit"},"content":{"rendered":"<p><div class=\"fusion-fullwidth fullwidth-box fusion-builder-row-1 fusion-flex-container has-pattern-background has-mask-background nonhundred-percent-fullwidth non-hundred-percent-height-scrolling\" style=\"--awb-border-radius-top-left:0px;--awb-border-radius-top-right:0px;--awb-border-radius-bottom-right:0px;--awb-border-radius-bottom-left:0px;--awb-padding-top:0px;--awb-flex-wrap:wrap;\" ><div class=\"fusion-builder-row fusion-row fusion-flex-align-items-flex-start fusion-flex-justify-content-center fusion-flex-content-wrap\" style=\"max-width:1248px;margin-left: calc(-4% \/ 2 );margin-right: calc(-4% \/ 2 );\"><div class=\"fusion-layout-column fusion_builder_column fusion-builder-column-0 fusion_builder_column_1_1 1_1 fusion-flex-column\" style=\"--awb-bg-size:cover;--awb-width-large:100%;--awb-margin-top-large:0px;--awb-spacing-right-large:1.92%;--awb-margin-bottom-large:20px;--awb-spacing-left-large:1.92%;--awb-width-medium:100%;--awb-order-medium:0;--awb-spacing-right-medium:1.92%;--awb-spacing-left-medium:1.92%;--awb-width-small:100%;--awb-order-small:0;--awb-spacing-right-small:1.92%;--awb-spacing-left-small:1.92%;\"><div class=\"fusion-column-wrapper fusion-column-has-shadow fusion-flex-justify-content-flex-start fusion-content-layout-column\"><div class=\"fusion-text fusion-text-1\" style=\"--awb-font-size:40px;--awb-text-color:#000000;--awb-margin-top:20px;--awb-text-font-family:&quot;Plus Jakarta Sans&quot;;--awb-text-font-style:normal;--awb-text-font-weight:500;\"><p style=\"text-align: center;\">Definiera och leverera de anropsstyrda transporttj\u00e4nster som passar behoven f\u00f6r er verksamhet, organisation och region.<\/p>\n<\/div><\/div><\/div><\/div><\/div><div class=\"fusion-fullwidth fullwidth-box fusion-builder-row-2 fusion-flex-container hundred-percent-fullwidth non-hundred-percent-height-scrolling fusion-animated\" style=\"--awb-border-sizes-top:0px;--awb-border-sizes-bottom:0px;--awb-border-sizes-left:0px;--awb-border-sizes-right:0px;--awb-border-radius-top-left:0px;--awb-border-radius-top-right:0px;--awb-border-radius-bottom-right:0px;--awb-border-radius-bottom-left:0px;--awb-padding-top:0px;--awb-padding-right:0px;--awb-padding-bottom:0px;--awb-padding-left:0px;--awb-flex-wrap:wrap;\" data-animationType=\"fadeIn\" data-animationDuration=\"1.3\" data-animationOffset=\"top-into-view\" ><div class=\"fusion-builder-row fusion-row fusion-flex-align-items-stretch fusion-flex-content-wrap\" style=\"width:calc( 100% + 0px ) !important;max-width:calc( 100% + 0px ) !important;margin-left: calc(-0px \/ 2 );margin-right: calc(-0px \/ 2 );\"><div class=\"fusion-layout-column fusion_builder_column fusion-builder-column-1 fusion_builder_column_1_2 1_2 fusion-flex-column\" style=\"--awb-padding-top:123.59375px;--awb-padding-right:10vw;--awb-padding-bottom:124.59375px;--awb-padding-left:10vw;--awb-padding-top-small:0px;--awb-padding-bottom-small:27.57720184326172px;--awb-bg-color:hsla(var(--awb-color4-h),var(--awb-color4-s),var(--awb-color4-l),calc( var(--awb-color4-a) - 94% ));--awb-bg-color-hover:hsla(var(--awb-color4-h),var(--awb-color4-s),var(--awb-color4-l),calc( var(--awb-color4-a) - 94% ));--awb-bg-blend:overlay;--awb-bg-size:cover;--awb-width-large:50%;--awb-margin-top-large:0px;--awb-spacing-right-large:0px;--awb-margin-bottom-large:0px;--awb-spacing-left-large:0px;--awb-width-medium:50%;--awb-spacing-right-medium:0px;--awb-spacing-left-medium:0px;--awb-width-small:100%;--awb-spacing-right-small:0px;--awb-spacing-left-small:0px;\"><div class=\"fusion-column-wrapper fusion-flex-justify-content-center fusion-content-layout-column\"><div class=\"fusion-title title fusion-title-1 fusion-sep-none fusion-title-text fusion-title-size-two\"><h2 class=\"fusion-title-heading title-heading-left fusion-responsive-typography-calculated\" style=\"margin:0;--fontSize:42;line-height:1.3;\">Hantera och f\u00f6rb\u00e4ttra DRT-tj\u00e4nst f\u00f6r microtransit DRT<\/h2><\/div><div class=\"fusion-text fusion-text-2 fusion-text-no-margin\" style=\"--awb-margin-top:10px;\"><p style=\"text-align: left;\">Till\u00e5t resen\u00e4rer att interagera med tj\u00e4nsten genom v\u00e5r anpassningsbara white-label <a href=\"https:\/\/voyagerr.com\/solutions\/app-for-passengers\/\">passagerarapp<\/a>. Definiera och optimera era serviceomr\u00e5den f\u00f6r att uppn\u00e5 full potential hos tillg\u00e4ngliga fordon samt erbjuda bekv\u00e4ma och personliga d\u00f6rr-till-d\u00f6rr tj\u00e4nster eller (virtuella) h\u00e5llplats-till-h\u00e5llplats transporter.<\/p>\n<p style=\"text-align: left;\">Upplev n\u00e4sta niv\u00e5 av operationell effektivitet med den mest avancerade och automatiserade <a href=\"https:\/\/voyagerr.com\/sv\/drt-system\/systemet-for-anropsstyrd-trafik\/bokning-och-planering\/\">planeringen<\/a>, vilket minskar behovet av arbetskraft och s\u00e4nker kostnaden per resa.<\/p>\n<p style=\"text-align: left;\">F\u00e5 v\u00e4rdefulla insikter fr\u00e5n <a href=\"https:\/\/voyagerr.com\/sv\/drt-system\/systemet-for-anropsstyrd-trafik\/rapportering-och-optimering\/\">rapporteringsfunktioner<\/a>, vilket g\u00f6r det m\u00f6jligt f\u00f6r er att kontinuerligt analysera och f\u00f6rb\u00e4ttra er tj\u00e4nst tillsammans med oss.<\/p>\n<\/div><\/div><\/div><div class=\"fusion-layout-column fusion_builder_column fusion-builder-column-2 fusion_builder_column_1_2 1_2 fusion-flex-column fusion-column-inner-bg-wrapper\" style=\"--awb-inner-bg-position:right top;--awb-inner-bg-size:cover;--awb-width-large:50%;--awb-margin-top-large:0px;--awb-spacing-right-large:0px;--awb-margin-bottom-large:0px;--awb-spacing-left-large:0px;--awb-width-medium:50%;--awb-order-medium:0;--awb-spacing-right-medium:0px;--awb-spacing-left-medium:0px;--awb-width-small:100%;--awb-order-small:0;--awb-spacing-right-small:0px;--awb-margin-bottom-small:74px;--awb-spacing-left-small:0px;\" data-scroll-devices=\"small-visibility,medium-visibility,large-visibility\"><span class=\"fusion-column-inner-bg hover-type-zoomin\"><span class=\"fusion-column-anchor\"><span class=\"fusion-column-inner-bg-image lazyload\" data-bg=\"https:\/\/voyagerr.com\/wp-content\/uploads\/2023\/08\/Microtransit_pickup-1024x683.jpg\"><\/span><\/span><\/span><div class=\"fusion-column-wrapper fusion-column-has-shadow fusion-flex-justify-content-flex-start fusion-content-layout-column fusion-empty-column-bg-image fusion-column-has-bg-image\" data-bg-url=\"https:\/\/voyagerr.com\/wp-content\/uploads\/2023\/08\/Microtransit_pickup-1024x683.jpg\"><img decoding=\"async\" class=\"fusion-empty-dims-img-placeholder fusion-no-large-visibility fusion-no-medium-visibility\" aria-label=\"Microtransit_pickup\" src=\"data:image\/svg+xml,%3Csvg%20xmlns%3D%27http%3A%2F%2Fwww.w3.org%2F2000%2Fsvg%27%20width%3D%271024%27%20height%3D%27683%27%20viewBox%3D%270%200%201024%20683%27%3E%3Crect%20width%3D%271024%27%20height%3D%27683%27%20fill-opacity%3D%220%22%2F%3E%3C%2Fsvg%3E\"><\/div><\/div><\/div><\/div><div class=\"fusion-fullwidth fullwidth-box fusion-builder-row-3 fusion-flex-container has-pattern-background has-mask-background nonhundred-percent-fullwidth non-hundred-percent-height-scrolling\" style=\"--awb-border-radius-top-left:0px;--awb-border-radius-top-right:0px;--awb-border-radius-bottom-right:0px;--awb-border-radius-bottom-left:0px;--awb-margin-top:45px;--awb-background-color:#084781;--awb-flex-wrap:wrap;\" ><div class=\"fusion-builder-row fusion-row fusion-flex-align-items-flex-start fusion-flex-content-wrap\" style=\"max-width:1248px;margin-left: calc(-4% \/ 2 );margin-right: calc(-4% \/ 2 );\"><div class=\"fusion-layout-column fusion_builder_column fusion-builder-column-3 fusion_builder_column_1_1 1_1 fusion-flex-column fusion-flex-align-self-center\" style=\"--awb-bg-size:cover;--awb-width-large:100%;--awb-margin-top-large:0px;--awb-spacing-right-large:1.92%;--awb-margin-bottom-large:20px;--awb-spacing-left-large:1.92%;--awb-width-medium:100%;--awb-order-medium:0;--awb-spacing-right-medium:1.92%;--awb-spacing-left-medium:1.92%;--awb-width-small:100%;--awb-order-small:0;--awb-spacing-right-small:1.92%;--awb-spacing-left-small:1.92%;\" data-scroll-devices=\"small-visibility,medium-visibility,large-visibility\"><div class=\"fusion-column-wrapper fusion-column-has-shadow fusion-flex-justify-content-flex-start fusion-content-layout-column\"><div class=\"fusion-text fusion-text-3\" style=\"--awb-text-color:var(--awb-color7);\"><h4 class=\"fusion-responsive-typography-calculated\" style=\"text-align: center; --fontsize: 28.43; line-height: 1.4;\" data-fontsize=\"28.43\" data-lineheight=\"39.802px\"><span style=\"color: var(--awb-color1);\">Voyagerr kan hantera fr\u00e5n 100 till 30000 resor per dag. Vi st\u00f6djer fordonsflottor fr\u00e5n 5 fordon till \u00f6ver 3000.<\/span><\/h4>\n<\/div><\/div><\/div><\/div><\/div><div class=\"fusion-fullwidth fullwidth-box fusion-builder-row-4 fusion-flex-container has-pattern-background has-mask-background nonhundred-percent-fullwidth non-hundred-percent-height-scrolling\" style=\"--awb-border-radius-top-left:0px;--awb-border-radius-top-right:0px;--awb-border-radius-bottom-right:0px;--awb-border-radius-bottom-left:0px;--awb-padding-bottom:0px;--awb-margin-bottom:0px;--awb-background-color:rgba(193,210,73,0.27);--awb-flex-wrap:wrap;\" ><div class=\"fusion-builder-row fusion-row fusion-flex-align-items-flex-start fusion-flex-justify-content-center fusion-flex-content-wrap\" style=\"max-width:1248px;margin-left: calc(-4% \/ 2 );margin-right: calc(-4% \/ 2 );\"><div class=\"fusion-layout-column fusion_builder_column fusion-builder-column-4 fusion_builder_column_1_2 1_2 fusion-flex-column\" style=\"--awb-bg-size:cover;--awb-width-large:50%;--awb-margin-top-large:0px;--awb-spacing-right-large:3.84%;--awb-margin-bottom-large:46px;--awb-spacing-left-large:3.84%;--awb-width-medium:50%;--awb-order-medium:0;--awb-spacing-right-medium:3.84%;--awb-spacing-left-medium:3.84%;--awb-width-small:100%;--awb-order-small:0;--awb-spacing-right-small:1.92%;--awb-spacing-left-small:1.92%;\"><div class=\"fusion-column-wrapper fusion-column-has-shadow fusion-flex-justify-content-flex-start fusion-content-layout-column\"><div class=\"fusion-text fusion-text-4\"><h4 class=\"fusion-responsive-typography-calculated\" style=\"--fontsize: 28.43000030517578; line-height: 1.4; --minfontsize: 28.43000030517578;\" data-fontsize=\"28.43000030517578\" data-lineheight=\"39.801998138427734px\">F\u00f6rb\u00e4ttrad kontroll \u00f6ver verksamheten &#8230;<\/h4>\n<\/div><ul style=\"--awb-size:20px;--awb-divider-color:var(--awb-color6);--awb-textcolor:var(--awb-color2);--awb-line-height:34px;--awb-icon-width:34px;--awb-icon-height:34px;--awb-icon-margin:14px;--awb-content-margin:48px;--awb-circlecolor:var(--awb-color4);--awb-circle-yes-font-size:17.6px;\" class=\"fusion-checklist fusion-checklist-1 fusion-checklist-default fusion-checklist-divider type-icons\"><li class=\"fusion-li-item\" style=\"--awb-iconcolor:var(--awb-color6);\"><span class=\"icon-wrapper circle-yes\"><i class=\"fusion-li-icon fa-check fas\" aria-hidden=\"true\"><\/i><\/span><div class=\"fusion-li-item-content\">\n<p><span style=\"color: var(--awb-textcolor); background-color: var(--awb-odd-row-bgcolor); font-size: var(--awb-size); font-family: var(--body_typography-font-family); font-style: var(--body_typography-font-style,normal); font-weight: var(--body_typography-font-weight); letter-spacing: var(--body_typography-letter-spacing);\">Optimerade serviceomr\u00e5den f\u00f6r mer effektiv fordonsanv\u00e4ndning. <\/span><span style=\"color: var(--awb-textcolor); background-color: var(--awb-odd-row-bgcolor); font-size: var(--awb-size); font-family: var(--body_typography-font-family); font-style: var(--body_typography-font-style,normal); font-weight: var(--body_typography-font-weight); letter-spacing: var(--body_typography-letter-spacing);\">Eliminera m\u00e5nga tomma platser genom att tilldela fordon med l\u00e4mplig kapacitet.<\/span><\/p>\n<\/div><\/li><li class=\"fusion-li-item\" style=\"--awb-iconcolor:var(--awb-color6);\"><span class=\"icon-wrapper circle-yes\"><i class=\"fusion-li-icon fa-check fas\" aria-hidden=\"true\"><\/i><\/span><div class=\"fusion-li-item-content\">\n<p>Automatiserad planering minimerar bemanningen och kostnaden per resa.<\/p>\n<\/div><\/li><li class=\"fusion-li-item\" style=\"--awb-iconcolor:var(--awb-color6);\"><span class=\"icon-wrapper circle-yes\"><i class=\"fusion-li-icon fa-check fas\" aria-hidden=\"true\"><\/i><\/span><div class=\"fusion-li-item-content\">\n<p>Smidig passagerarinteraktion tack vare en anv\u00e4ndarv\u00e4nlig resen\u00e4rsapp (m\u00f6jlighet till verksamhetens inst\u00e4llningar s\u00e5som f\u00e4rg och logo).<\/p>\n<\/div><\/li><li class=\"fusion-li-item\" style=\"--awb-iconcolor:var(--awb-color6);\"><span class=\"icon-wrapper circle-yes\"><i class=\"fusion-li-icon fa-check fas\" aria-hidden=\"true\"><\/i><\/span><div class=\"fusion-li-item-content\">\n<p>V\u00e4rdefulla insikter genom robusta rapporteringsfunktioner f\u00f6r kontinuerlig tj\u00e4nstef\u00f6rb\u00e4ttring.<\/p>\n<\/div><\/li><\/ul><\/div><\/div><\/div><\/div><div class=\"fusion-fullwidth fullwidth-box fusion-builder-row-5 fusion-flex-container has-pattern-background has-mask-background nonhundred-percent-fullwidth non-hundred-percent-height-scrolling\" style=\"--awb-border-radius-top-left:0px;--awb-border-radius-top-right:0px;--awb-border-radius-bottom-right:0px;--awb-border-radius-bottom-left:0px;--awb-padding-top:56px;--awb-padding-bottom:56px;--awb-margin-bottom:0px;--awb-flex-wrap:wrap;\" ><div class=\"fusion-builder-row fusion-row fusion-flex-align-items-flex-start fusion-flex-content-wrap\" style=\"max-width:1248px;margin-left: calc(-4% \/ 2 );margin-right: calc(-4% \/ 2 );\"><div class=\"fusion-layout-column fusion_builder_column fusion-builder-column-5 fusion_builder_column_1_1 1_1 fusion-flex-column fusion-flex-align-self-stretch\" style=\"--awb-padding-top:32px;--awb-padding-right:41px;--awb-padding-bottom:20px;--awb-overflow:hidden;--awb-bg-color:#ffffff;--awb-bg-color-hover:#ffffff;--awb-bg-position:center center;--awb-bg-size:cover;--awb-box-shadow:10px 10px 18px 5px #bababa;;--awb-border-radius:60px 10px 60px 10px;--awb-width-large:100%;--awb-margin-top-large:0px;--awb-spacing-right-large:1.92%;--awb-margin-bottom-large:20px;--awb-spacing-left-large:1.92%;--awb-width-medium:100%;--awb-order-medium:0;--awb-spacing-right-medium:1.92%;--awb-spacing-left-medium:1.92%;--awb-width-small:100%;--awb-order-small:0;--awb-spacing-right-small:1.92%;--awb-spacing-left-small:1.92%;\" data-scroll-devices=\"small-visibility,medium-visibility,large-visibility\"><div class=\"fusion-column-wrapper lazyload fusion-column-has-shadow fusion-flex-justify-content-center fusion-content-layout-column fusion-column-has-bg-image\" data-bg-url=\"https:\/\/voyagerr.com\/wp-content\/uploads\/2023\/04\/Trapeze-CTA-employer-demo-2.jpg\" data-bg=\"https:\/\/voyagerr.com\/wp-content\/uploads\/2023\/04\/Trapeze-CTA-employer-demo-2.jpg\"><div class=\"fusion-builder-row fusion-builder-row-inner fusion-row fusion-flex-align-items-flex-start fusion-flex-content-wrap\" style=\"width:104% !important;max-width:104% !important;margin-left: calc(-4% \/ 2 );margin-right: calc(-4% \/ 2 );\"><div class=\"fusion-layout-column fusion_builder_column_inner fusion-builder-nested-column-0 fusion-flex-column fusion-flex-align-self-flex-start\" style=\"--awb-padding-top:27px;--awb-padding-left:56px;--awb-padding-left-small:35.99632263183594px;--awb-bg-size:cover;--awb-width-large:36.24%;--awb-margin-top-large:0px;--awb-spacing-right-large:5.2980132450331%;--awb-margin-bottom-large:9px;--awb-spacing-left-large:5.2980132450331%;--awb-width-medium:36.24%;--awb-order-medium:0;--awb-spacing-right-medium:5.2980132450331%;--awb-spacing-left-medium:5.2980132450331%;--awb-width-small:100%;--awb-order-small:0;--awb-spacing-right-small:1.92%;--awb-spacing-left-small:1.92%;\"><div class=\"fusion-column-wrapper fusion-column-has-shadow fusion-flex-justify-content-center fusion-content-layout-column\"><div class=\"fusion-text fusion-text-5\" style=\"--awb-font-size:25px;--awb-line-height:35px;--awb-text-color:var(--awb-color2);--awb-text-font-family:&quot;Plus Jakarta Sans&quot;;--awb-text-font-style:normal;--awb-text-font-weight:500;\"><p>Vill du se vad Voyagerr kan g\u00f6ra f\u00f6r din verksamhet och organisation?<\/p>\n<\/div><\/div><\/div><div class=\"fusion-layout-column fusion_builder_column_inner fusion-builder-nested-column-1 fusion-flex-column fusion-flex-align-self-flex-start\" style=\"--awb-padding-top-small:0px;--awb-padding-right-small:19px;--awb-padding-left-small:37.985294342041016px;--awb-bg-size:cover;--awb-width-large:44.01%;--awb-margin-top-large:29px;--awb-spacing-right-large:4.3626448534424%;--awb-margin-bottom-large:29px;--awb-spacing-left-large:0%;--awb-width-medium:44.01%;--awb-order-medium:0;--awb-spacing-right-medium:4.3626448534424%;--awb-spacing-left-medium:0%;--awb-width-small:100%;--awb-order-small:0;--awb-margin-top-small:0px;--awb-spacing-right-small:1.92%;--awb-spacing-left-small:0%;\"><div class=\"fusion-column-wrapper fusion-column-has-shadow fusion-flex-justify-content-center fusion-content-layout-column\"><div class=\"fusion-text fusion-text-6\"><p>F\u00e5 en demonstration och m\u00f6jlighet att st\u00e4lla dina fr\u00e5gor direkt till v\u00e5ra specialister. <strong>+46 (0) 31-709 32 80<\/strong> eller<\/p>\n<\/div><div ><a class=\"fusion-button button-flat fusion-button-default-size button-default fusion-button-default button-1 fusion-button-default-span fusion-button-default-type\" target=\"_self\" href=\"#awb-open-oc__11087\"><span class=\"fusion-button-text awb-button__text awb-button__text--default\">Boka en demonstration<\/span><\/a><\/div><\/div><\/div><\/div><\/div><\/div><\/div><\/div><\/p>\n","protected":false},"excerpt":{"rendered":"","protected":false},"author":2,"featured_media":11987,"parent":11986,"menu_order":0,"comment_status":"closed","ping_status":"closed","template":"100-width.php","meta":{"content-type":"","footnotes":""},"class_list":["post-12031","page","type-page","status-publish","has-post-thumbnail","hentry"],"yoast_head":"<!-- This site is optimized with the Yoast SEO plugin v27.0 - https:\/\/yoast.com\/product\/yoast-seo-wordpress\/ -->\n<title>Microtransit - Voyagerr Demand Response<\/title>\n<meta name=\"description\" content=\"Upplev n\u00e4sta niv\u00e5 av operationell effektivitet med den mest avancerade och automatiserade planeringen, vilket minskar behovet av arbetskraft och s\u00e4nker kostnaden per resa.\" \/>\n<meta name=\"robots\" content=\"index, follow, max-snippet:-1, max-image-preview:large, max-video-preview:-1\" \/>\n<link rel=\"canonical\" href=\"https:\/\/voyagerr.com\/sv\/omraden\/microtransit\/\" \/>\n<meta property=\"og:locale\" content=\"sv_SE\" \/>\n<meta property=\"og:type\" content=\"article\" \/>\n<meta property=\"og:title\" content=\"Microtransit - Voyagerr Demand Response\" \/>\n<meta property=\"og:description\" content=\"Upplev n\u00e4sta niv\u00e5 av operationell effektivitet med den mest avancerade och automatiserade planeringen, vilket minskar behovet av arbetskraft och s\u00e4nker kostnaden per resa.\" \/>\n<meta property=\"og:url\" content=\"https:\/\/voyagerr.com\/sv\/omraden\/microtransit\/\" \/>\n<meta property=\"og:site_name\" content=\"Voyagerr Demand Response\" \/>\n<meta property=\"article:modified_time\" content=\"2024-11-04T07:41:05+00:00\" \/>\n<meta property=\"og:image\" content=\"https:\/\/voyagerr.com\/wp-content\/uploads\/2023\/05\/transporter-car-flex.jpg\" \/>\n\t<meta property=\"og:image:width\" content=\"1800\" \/>\n\t<meta property=\"og:image:height\" content=\"1200\" \/>\n\t<meta property=\"og:image:type\" content=\"image\/jpeg\" \/>\n<meta name=\"twitter:card\" content=\"summary_large_image\" \/>\n<meta name=\"twitter:label1\" content=\"Ber\u00e4knad l\u00e4stid\" \/>\n\t<meta name=\"twitter:data1\" content=\"2 minuter\" \/>\n<script type=\"application\/ld+json\" class=\"yoast-schema-graph\">{\"@context\":\"https:\/\/schema.org\",\"@graph\":[{\"@type\":\"WebPage\",\"@id\":\"https:\/\/voyagerr.com\/sv\/omraden\/microtransit\/\",\"url\":\"https:\/\/voyagerr.com\/sv\/omraden\/microtransit\/\",\"name\":\"Microtransit - Voyagerr Demand Response\",\"isPartOf\":{\"@id\":\"https:\/\/voyagerr.com\/sv\/#website\"},\"primaryImageOfPage\":{\"@id\":\"https:\/\/voyagerr.com\/sv\/omraden\/microtransit\/#primaryimage\"},\"image\":{\"@id\":\"https:\/\/voyagerr.com\/sv\/omraden\/microtransit\/#primaryimage\"},\"thumbnailUrl\":\"https:\/\/voyagerr.com\/wp-content\/uploads\/2023\/05\/transporter-car-flex.jpg\",\"datePublished\":\"2023-05-28T19:57:18+00:00\",\"dateModified\":\"2024-11-04T07:41:05+00:00\",\"description\":\"Upplev n\u00e4sta niv\u00e5 av operationell effektivitet med den mest avancerade och automatiserade planeringen, vilket minskar behovet av arbetskraft och s\u00e4nker kostnaden per resa.\",\"breadcrumb\":{\"@id\":\"https:\/\/voyagerr.com\/sv\/omraden\/microtransit\/#breadcrumb\"},\"inLanguage\":\"sv-SE\",\"potentialAction\":[{\"@type\":\"ReadAction\",\"target\":[\"https:\/\/voyagerr.com\/sv\/omraden\/microtransit\/\"]}]},{\"@type\":\"ImageObject\",\"inLanguage\":\"sv-SE\",\"@id\":\"https:\/\/voyagerr.com\/sv\/omraden\/microtransit\/#primaryimage\",\"url\":\"https:\/\/voyagerr.com\/wp-content\/uploads\/2023\/05\/transporter-car-flex.jpg\",\"contentUrl\":\"https:\/\/voyagerr.com\/wp-content\/uploads\/2023\/05\/transporter-car-flex.jpg\",\"width\":1800,\"height\":1200},{\"@type\":\"BreadcrumbList\",\"@id\":\"https:\/\/voyagerr.com\/sv\/omraden\/microtransit\/#breadcrumb\",\"itemListElement\":[{\"@type\":\"ListItem\",\"position\":1,\"name\":\"Home\",\"item\":\"https:\/\/voyagerr.com\/sv\/\"},{\"@type\":\"ListItem\",\"position\":2,\"name\":\"Omr\u00e5den\",\"item\":\"https:\/\/voyagerr.com\/sv\/omraden\/\"},{\"@type\":\"ListItem\",\"position\":3,\"name\":\"Microtransit\"}]},{\"@type\":\"WebSite\",\"@id\":\"https:\/\/voyagerr.com\/sv\/#website\",\"url\":\"https:\/\/voyagerr.com\/sv\/\",\"name\":\"Voyagerr Demand Response\",\"description\":\"Making every journey matter\",\"potentialAction\":[{\"@type\":\"SearchAction\",\"target\":{\"@type\":\"EntryPoint\",\"urlTemplate\":\"https:\/\/voyagerr.com\/sv\/?s={search_term_string}\"},\"query-input\":{\"@type\":\"PropertyValueSpecification\",\"valueRequired\":true,\"valueName\":\"search_term_string\"}}],\"inLanguage\":\"sv-SE\"}]}<\/script>\n<!-- \/ Yoast SEO plugin. -->","yoast_head_json":{"title":"Microtransit - Voyagerr Demand Response","description":"Upplev n\u00e4sta niv\u00e5 av operationell effektivitet med den mest avancerade och automatiserade planeringen, vilket minskar behovet av arbetskraft och s\u00e4nker kostnaden per resa.","robots":{"index":"index","follow":"follow","max-snippet":"max-snippet:-1","max-image-preview":"max-image-preview:large","max-video-preview":"max-video-preview:-1"},"canonical":"https:\/\/voyagerr.com\/sv\/omraden\/microtransit\/","og_locale":"sv_SE","og_type":"article","og_title":"Microtransit - Voyagerr Demand Response","og_description":"Upplev n\u00e4sta niv\u00e5 av operationell effektivitet med den mest avancerade och automatiserade planeringen, vilket minskar behovet av arbetskraft och s\u00e4nker kostnaden per resa.","og_url":"https:\/\/voyagerr.com\/sv\/omraden\/microtransit\/","og_site_name":"Voyagerr Demand Response","article_modified_time":"2024-11-04T07:41:05+00:00","og_image":[{"width":1800,"height":1200,"url":"https:\/\/voyagerr.com\/wp-content\/uploads\/2023\/05\/transporter-car-flex.jpg","type":"image\/jpeg"}],"twitter_card":"summary_large_image","twitter_misc":{"Ber\u00e4knad l\u00e4stid":"2 minuter"},"schema":{"@context":"https:\/\/schema.org","@graph":[{"@type":"WebPage","@id":"https:\/\/voyagerr.com\/sv\/omraden\/microtransit\/","url":"https:\/\/voyagerr.com\/sv\/omraden\/microtransit\/","name":"Microtransit - Voyagerr Demand Response","isPartOf":{"@id":"https:\/\/voyagerr.com\/sv\/#website"},"primaryImageOfPage":{"@id":"https:\/\/voyagerr.com\/sv\/omraden\/microtransit\/#primaryimage"},"image":{"@id":"https:\/\/voyagerr.com\/sv\/omraden\/microtransit\/#primaryimage"},"thumbnailUrl":"https:\/\/voyagerr.com\/wp-content\/uploads\/2023\/05\/transporter-car-flex.jpg","datePublished":"2023-05-28T19:57:18+00:00","dateModified":"2024-11-04T07:41:05+00:00","description":"Upplev n\u00e4sta niv\u00e5 av operationell effektivitet med den mest avancerade och automatiserade planeringen, vilket minskar behovet av arbetskraft och s\u00e4nker kostnaden per resa.","breadcrumb":{"@id":"https:\/\/voyagerr.com\/sv\/omraden\/microtransit\/#breadcrumb"},"inLanguage":"sv-SE","potentialAction":[{"@type":"ReadAction","target":["https:\/\/voyagerr.com\/sv\/omraden\/microtransit\/"]}]},{"@type":"ImageObject","inLanguage":"sv-SE","@id":"https:\/\/voyagerr.com\/sv\/omraden\/microtransit\/#primaryimage","url":"https:\/\/voyagerr.com\/wp-content\/uploads\/2023\/05\/transporter-car-flex.jpg","contentUrl":"https:\/\/voyagerr.com\/wp-content\/uploads\/2023\/05\/transporter-car-flex.jpg","width":1800,"height":1200},{"@type":"BreadcrumbList","@id":"https:\/\/voyagerr.com\/sv\/omraden\/microtransit\/#breadcrumb","itemListElement":[{"@type":"ListItem","position":1,"name":"Home","item":"https:\/\/voyagerr.com\/sv\/"},{"@type":"ListItem","position":2,"name":"Omr\u00e5den","item":"https:\/\/voyagerr.com\/sv\/omraden\/"},{"@type":"ListItem","position":3,"name":"Microtransit"}]},{"@type":"WebSite","@id":"https:\/\/voyagerr.com\/sv\/#website","url":"https:\/\/voyagerr.com\/sv\/","name":"Voyagerr Demand Response","description":"Making every journey matter","potentialAction":[{"@type":"SearchAction","target":{"@type":"EntryPoint","urlTemplate":"https:\/\/voyagerr.com\/sv\/?s={search_term_string}"},"query-input":{"@type":"PropertyValueSpecification","valueRequired":true,"valueName":"search_term_string"}}],"inLanguage":"sv-SE"}]}},"_links":{"self":[{"href":"https:\/\/voyagerr.com\/sv\/wp-json\/wp\/v2\/pages\/12031","targetHints":{"allow":["GET"]}}],"collection":[{"href":"https:\/\/voyagerr.com\/sv\/wp-json\/wp\/v2\/pages"}],"about":[{"href":"https:\/\/voyagerr.com\/sv\/wp-json\/wp\/v2\/types\/page"}],"author":[{"embeddable":true,"href":"https:\/\/voyagerr.com\/sv\/wp-json\/wp\/v2\/users\/2"}],"replies":[{"embeddable":true,"href":"https:\/\/voyagerr.com\/sv\/wp-json\/wp\/v2\/comments?post=12031"}],"version-history":[{"count":9,"href":"https:\/\/voyagerr.com\/sv\/wp-json\/wp\/v2\/pages\/12031\/revisions"}],"predecessor-version":[{"id":17424,"href":"https:\/\/voyagerr.com\/sv\/wp-json\/wp\/v2\/pages\/12031\/revisions\/17424"}],"up":[{"embeddable":true,"href":"https:\/\/voyagerr.com\/sv\/wp-json\/wp\/v2\/pages\/11986"}],"wp:featuredmedia":[{"embeddable":true,"href":"https:\/\/voyagerr.com\/sv\/wp-json\/wp\/v2\/media\/11987"}],"wp:attachment":[{"href":"https:\/\/voyagerr.com\/sv\/wp-json\/wp\/v2\/media?parent=12031"}],"curies":[{"name":"wp","href":"https:\/\/api.w.org\/{rel}","templated":true}]}}