{"id":11986,"date":"2023-03-16T10:17:23","date_gmt":"2023-03-16T10:17:23","guid":{"rendered":"https:\/\/voyagerr.com\/omraden\/"},"modified":"2023-10-04T12:44:23","modified_gmt":"2023-10-04T12:44:23","slug":"omraden","status":"publish","type":"page","link":"https:\/\/voyagerr.com\/sv\/omraden\/","title":{"rendered":"Omr\u00e5den"},"content":{"rendered":"<p><div class=\"fusion-fullwidth fullwidth-box fusion-builder-row-1 fusion-flex-container has-pattern-background has-mask-background nonhundred-percent-fullwidth non-hundred-percent-height-scrolling\" style=\"--awb-border-radius-top-left:0px;--awb-border-radius-top-right:0px;--awb-border-radius-bottom-right:0px;--awb-border-radius-bottom-left:0px;--awb-padding-top:0px;--awb-flex-wrap:wrap;\" ><div class=\"fusion-builder-row fusion-row fusion-flex-align-items-flex-start fusion-flex-justify-content-center fusion-flex-content-wrap\" style=\"max-width:1248px;margin-left: calc(-4% \/ 2 );margin-right: calc(-4% \/ 2 );\"><div class=\"fusion-layout-column fusion_builder_column fusion-builder-column-0 fusion_builder_column_3_4 3_4 fusion-flex-column\" style=\"--awb-bg-size:cover;--awb-width-large:75%;--awb-margin-top-large:0px;--awb-spacing-right-large:2.56%;--awb-margin-bottom-large:20px;--awb-spacing-left-large:2.56%;--awb-width-medium:75%;--awb-order-medium:0;--awb-spacing-right-medium:2.56%;--awb-spacing-left-medium:2.56%;--awb-width-small:100%;--awb-order-small:0;--awb-spacing-right-small:1.92%;--awb-spacing-left-small:1.92%;\"><div class=\"fusion-column-wrapper fusion-column-has-shadow fusion-flex-justify-content-flex-start fusion-content-layout-column\"><div class=\"fusion-text fusion-text-1\" style=\"--awb-font-size:40px;--awb-text-color:#000000;--awb-margin-top:20px;--awb-text-font-family:&quot;Plus Jakarta Sans&quot;;--awb-text-font-style:normal;--awb-text-font-weight:500;\"><p style=\"text-align: center;\">Effektivitet som m\u00e4rks.<\/p>\n<p style=\"text-align: center;\">\u00d6ka resen\u00e4rsupplevelsen.<\/p>\n<\/div><div class=\"fusion-text fusion-text-2\" style=\"--awb-margin-top:30px;\"><p style=\"text-align: center;\">V\u00e5r digitala plattform hj\u00e4lper kollektivtrafikmyndigheter och operat\u00f6rer att effektivt planera, hantera, f\u00f6rb\u00e4ttra och integrera transporttj\u00e4nster inom efterfr\u00e5gestyrd kollektivtrafik (DRT) f\u00f6r allm\u00e4nheten och passagerare inom kollektivtrafiken<span style=\"font-weight: normal;\"><span style=\"color: #808080;\">.<\/span><\/span><\/p>\n<p style=\"text-align: center;\">Voyagerr \u00e4r specialiserad p\u00e5 l\u00f6sningar f\u00f6r skolor och universitet, anropsstyrd kollektivtrafik, f\u00e4rdtj\u00e4nst och sjuktransport<span style=\"font-weight: normal;\">.<\/span><\/p>\n<\/div><\/div><\/div><\/div><\/div><div class=\"fusion-fullwidth fullwidth-box fusion-builder-row-2 fusion-flex-container has-pattern-background has-mask-background nonhundred-percent-fullwidth non-hundred-percent-height-scrolling\" style=\"--awb-border-radius-top-left:0px;--awb-border-radius-top-right:0px;--awb-border-radius-bottom-right:0px;--awb-border-radius-bottom-left:0px;--awb-padding-top:23px;--awb-padding-bottom:55px;--awb-flex-wrap:wrap;\" ><div class=\"fusion-builder-row fusion-row fusion-flex-align-items-flex-start fusion-flex-content-wrap\" style=\"max-width:1248px;margin-left: calc(-4% \/ 2 );margin-right: calc(-4% \/ 2 );\"><div class=\"fusion-layout-column fusion_builder_column fusion-builder-column-1 fusion_builder_column_1_2 1_2 fusion-flex-column\" style=\"--awb-padding-top:202px;--awb-bg-size:cover;--awb-transform:scaleX(1) scaleY(1);--awb-transform-hover:scaleX(1.05) scaleY(1.05);--awb-width-large:50%;--awb-margin-top-large:0px;--awb-spacing-right-large:3.84%;--awb-margin-bottom-large:50px;--awb-spacing-left-large:3.84%;--awb-width-medium:50%;--awb-order-medium:0;--awb-spacing-right-medium:3.84%;--awb-spacing-left-medium:3.84%;--awb-width-small:100%;--awb-order-small:0;--awb-spacing-right-small:1.92%;--awb-spacing-left-small:1.92%;\"><div class=\"fusion-column-wrapper lazyload fusion-column-has-shadow fusion-flex-justify-content-flex-start fusion-content-layout-column fusion-column-has-bg-image\" data-bg-url=\"https:\/\/voyagerr.com\/wp-content\/uploads\/2023\/05\/Public_transport_new_mobility.jpg\" data-bg=\"https:\/\/voyagerr.com\/wp-content\/uploads\/2023\/05\/Public_transport_new_mobility.jpg\"><div class=\"fusion-title title fusion-title-1 fusion-sep-none fusion-title-center fusion-title-text fusion-title-size-five\" style=\"--awb-text-color:#ffffff;--awb-margin-bottom:9px;\"><h5 class=\"fusion-title-heading title-heading-center fusion-responsive-typography-calculated\" style=\"margin:0;--fontSize:20;--minFontSize:20;line-height:1.4;text-shadow:1px 1px 0px #939393;\"><h5>Offentliga transportmyndigheter<\/h5><\/h5><\/div><div style=\"text-align:center;\"><a class=\"fusion-button button-flat fusion-button-default-size button-default fusion-button-default button-1 fusion-button-default-span fusion-button-default-type\" style=\"--button_margin-top:10px;--button_margin-bottom:30px;\" target=\"_self\" href=\"https:\/\/voyagerr.com\/sv\/omraden\/offentliga-transportmyndigheter\/\"><span class=\"fusion-button-text awb-button__text awb-button__text--default\">Se  mer<\/span><\/a><\/div><\/div><\/div><div class=\"fusion-layout-column fusion_builder_column fusion-builder-column-2 fusion_builder_column_1_2 1_2 fusion-flex-column\" style=\"--awb-padding-top:202px;--awb-bg-size:cover;--awb-transform:scaleX(1) scaleY(1);--awb-transform-hover:scaleX(1.05) scaleY(1.05);--awb-width-large:50%;--awb-margin-top-large:0px;--awb-spacing-right-large:3.84%;--awb-margin-bottom-large:50px;--awb-spacing-left-large:3.84%;--awb-width-medium:50%;--awb-order-medium:0;--awb-spacing-right-medium:3.84%;--awb-spacing-left-medium:3.84%;--awb-width-small:100%;--awb-order-small:0;--awb-spacing-right-small:1.92%;--awb-spacing-left-small:1.92%;\"><div class=\"fusion-column-wrapper lazyload fusion-column-has-shadow fusion-flex-justify-content-flex-start fusion-content-layout-column fusion-column-has-bg-image\" data-bg-url=\"https:\/\/voyagerr.com\/wp-content\/uploads\/2023\/06\/Operator_DRT_call_centre.jpg\" data-bg=\"https:\/\/voyagerr.com\/wp-content\/uploads\/2023\/06\/Operator_DRT_call_centre.jpg\"><div class=\"fusion-title title fusion-title-2 fusion-sep-none fusion-title-center fusion-title-text fusion-title-size-five\" style=\"--awb-text-color:#ffffff;--awb-margin-bottom:9px;\"><h5 class=\"fusion-title-heading title-heading-center fusion-responsive-typography-calculated\" style=\"margin:0;--fontSize:20;--minFontSize:20;line-height:1.4;text-shadow:1px 1px 0px #939393;\"><h5>Offentliga transportoperat\u00f6rer<\/h5><\/h5><\/div><div style=\"text-align:center;\"><a class=\"fusion-button button-flat fusion-button-default-size button-default fusion-button-default button-2 fusion-button-default-span fusion-button-default-type\" style=\"--button_margin-top:10px;--button_margin-bottom:30px;\" target=\"_self\" href=\"https:\/\/voyagerr.com\/sv\/omraden\/offentliga-transportoperatorer\/\"><span class=\"fusion-button-text awb-button__text awb-button__text--default\">Se mer<\/span><\/a><\/div><\/div><\/div><div class=\"fusion-layout-column fusion_builder_column fusion-builder-column-3 fusion_builder_column_1_3 1_3 fusion-flex-column fusion-flex-align-self-stretch\" style=\"--awb-padding-top:202px;--awb-bg-size:cover;--awb-transform:scaleX(1) scaleY(1);--awb-transform-hover:scaleX(1.05) scaleY(1.05);--awb-width-large:33.333333333333%;--awb-margin-top-large:0px;--awb-spacing-right-large:5.76%;--awb-margin-bottom-large:20px;--awb-spacing-left-large:5.76%;--awb-width-medium:33.333333333333%;--awb-order-medium:0;--awb-spacing-right-medium:5.76%;--awb-spacing-left-medium:5.76%;--awb-width-small:100%;--awb-order-small:0;--awb-spacing-right-small:1.92%;--awb-spacing-left-small:1.92%;\"><div class=\"fusion-column-wrapper lazyload fusion-column-has-shadow fusion-flex-justify-content-flex-start fusion-content-layout-column fusion-column-has-bg-image\" data-bg-url=\"https:\/\/voyagerr.com\/wp-content\/uploads\/2023\/05\/voyagerr-child.jpg\" data-bg=\"https:\/\/voyagerr.com\/wp-content\/uploads\/2023\/05\/voyagerr-child.jpg\"><div class=\"fusion-title title fusion-title-3 fusion-sep-none fusion-title-center fusion-title-text fusion-title-size-five\" style=\"--awb-text-color:#ffffff;--awb-margin-bottom:9px;\"><h5 class=\"fusion-title-heading title-heading-center fusion-responsive-typography-calculated\" style=\"margin:0;--fontSize:20;--minFontSize:20;line-height:1.4;text-shadow:1px 1px 0px #939393;\"><h5>Skolor och universitet<\/h5><\/h5><\/div><div style=\"text-align:center;\"><a class=\"fusion-button button-flat fusion-button-default-size button-default fusion-button-default button-3 fusion-button-default-span fusion-button-default-type\" style=\"--button_margin-top:10px;--button_margin-bottom:30px;\" target=\"_self\" href=\"https:\/\/voyagerr.com\/sv\/omraden\/skolor-och-universitet\/\"><span class=\"fusion-button-text awb-button__text awb-button__text--default\">Se mer<\/span><\/a><\/div><\/div><\/div><div class=\"fusion-layout-column fusion_builder_column fusion-builder-column-4 fusion_builder_column_1_3 1_3 fusion-flex-column fusion-flex-align-self-stretch\" style=\"--awb-padding-top:210px;--awb-bg-size:cover;--awb-transform:scaleX(1) scaleY(1);--awb-transform-hover:scaleX(1.05) scaleY(1.05);--awb-width-large:33.333333333333%;--awb-margin-top-large:0px;--awb-spacing-right-large:5.76%;--awb-margin-bottom-large:20px;--awb-spacing-left-large:5.76%;--awb-width-medium:33.333333333333%;--awb-order-medium:0;--awb-spacing-right-medium:5.76%;--awb-spacing-left-medium:5.76%;--awb-width-small:100%;--awb-order-small:0;--awb-spacing-right-small:1.92%;--awb-spacing-left-small:1.92%;\"><div class=\"fusion-column-wrapper lazyload fusion-column-has-shadow fusion-flex-justify-content-flex-start fusion-content-layout-column fusion-column-has-bg-image\" data-bg-url=\"https:\/\/voyagerr.com\/wp-content\/uploads\/2023\/06\/AdobeStock_145581985-scaled.jpeg\" data-bg=\"https:\/\/voyagerr.com\/wp-content\/uploads\/2023\/06\/AdobeStock_145581985-scaled.jpeg\"><div class=\"fusion-title title fusion-title-4 fusion-sep-none fusion-title-center fusion-title-text fusion-title-size-five\" style=\"--awb-text-color:#ffffff;--awb-margin-bottom:9px;\"><h5 class=\"fusion-title-heading title-heading-center fusion-responsive-typography-calculated\" style=\"margin:0;--fontSize:20;--minFontSize:20;line-height:1.4;text-shadow:1px 1px 0px #939393;\">Microtransit<\/h5><\/div><div style=\"text-align:center;\"><a class=\"fusion-button button-flat fusion-button-default-size button-default fusion-button-default button-4 fusion-button-default-span fusion-button-default-type\" style=\"--button_margin-top:10px;--button_margin-bottom:30px;\" target=\"_self\" href=\"https:\/\/voyagerr.com\/sv\/omraden\/microtransit\/\"><span class=\"fusion-button-text awb-button__text awb-button__text--default\">Se mer<\/span><\/a><\/div><\/div><\/div><div class=\"fusion-layout-column fusion_builder_column fusion-builder-column-5 fusion_builder_column_1_3 1_3 fusion-flex-column fusion-flex-align-self-stretch\" style=\"--awb-padding-top:202px;--awb-bg-size:cover;--awb-transform:scaleX(1) scaleY(1);--awb-transform-hover:scaleX(1.05) scaleY(1.05);--awb-width-large:33.333333333333%;--awb-margin-top-large:0px;--awb-spacing-right-large:5.76%;--awb-margin-bottom-large:20px;--awb-spacing-left-large:5.76%;--awb-width-medium:33.333333333333%;--awb-order-medium:0;--awb-spacing-right-medium:5.76%;--awb-spacing-left-medium:5.76%;--awb-width-small:100%;--awb-order-small:0;--awb-spacing-right-small:1.92%;--awb-spacing-left-small:1.92%;\"><div class=\"fusion-column-wrapper lazyload fusion-column-has-shadow fusion-flex-justify-content-flex-start fusion-content-layout-column fusion-column-has-bg-image\" data-bg-url=\"https:\/\/voyagerr.com\/wp-content\/uploads\/2023\/03\/handicapkoersel.jpg\" data-bg=\"https:\/\/voyagerr.com\/wp-content\/uploads\/2023\/03\/handicapkoersel.jpg\"><div class=\"fusion-title title fusion-title-5 fusion-sep-none fusion-title-center fusion-title-text fusion-title-size-five\" style=\"--awb-text-color:#ffffff;--awb-margin-bottom:9px;\"><h5 class=\"fusion-title-heading title-heading-center fusion-responsive-typography-calculated\" style=\"margin:0;--fontSize:20;--minFontSize:20;line-height:1.4;text-shadow:1px 1px 0px #939393;\"><h5>F\u00e4rdtj\u00e4nst och sjukresor<\/h5><\/h5><\/div><div style=\"text-align:center;\"><a class=\"fusion-button button-flat fusion-button-default-size button-default fusion-button-default button-5 fusion-button-default-span fusion-button-default-type\" style=\"--button_margin-top:10px;--button_margin-bottom:30px;\" target=\"_self\" href=\"https:\/\/voyagerr.com\/sv\/omraden\/fardtjanst-och-sjukresor\/\"><span class=\"fusion-button-text awb-button__text awb-button__text--default\">Se mer<\/span><\/a><\/div><\/div><\/div><\/div><\/div><\/p>\n","protected":false},"excerpt":{"rendered":"","protected":false},"author":2,"featured_media":11987,"parent":0,"menu_order":0,"comment_status":"closed","ping_status":"closed","template":"100-width.php","meta":{"content-type":"","footnotes":""},"class_list":["post-11986","page","type-page","status-publish","has-post-thumbnail","hentry"],"yoast_head":"<!-- This site is optimized with the Yoast SEO plugin v27.0 - https:\/\/yoast.com\/product\/yoast-seo-wordpress\/ -->\n<title>Omr\u00e5den - Voyagerr Demand Response<\/title>\n<meta name=\"description\" content=\"DRT solution for public transport authorities and operators. Efficiently plan, manage, elevate, and integrate on-demand mobility services ...\" \/>\n<meta name=\"robots\" content=\"index, follow, max-snippet:-1, max-image-preview:large, max-video-preview:-1\" \/>\n<link rel=\"canonical\" href=\"https:\/\/voyagerr.com\/sv\/omraden\/\" \/>\n<meta property=\"og:locale\" content=\"sv_SE\" \/>\n<meta property=\"og:type\" content=\"article\" \/>\n<meta property=\"og:title\" content=\"Omr\u00e5den - Voyagerr Demand Response\" \/>\n<meta property=\"og:description\" content=\"DRT solution for public transport authorities and operators. Efficiently plan, manage, elevate, and integrate on-demand mobility services ...\" \/>\n<meta property=\"og:url\" content=\"https:\/\/voyagerr.com\/sv\/omraden\/\" \/>\n<meta property=\"og:site_name\" content=\"Voyagerr Demand Response\" \/>\n<meta property=\"article:modified_time\" content=\"2023-10-04T12:44:23+00:00\" \/>\n<meta property=\"og:image\" content=\"https:\/\/voyagerr.com\/wp-content\/uploads\/2023\/05\/transporter-car-flex.jpg\" \/>\n\t<meta property=\"og:image:width\" content=\"1800\" \/>\n\t<meta property=\"og:image:height\" content=\"1200\" \/>\n\t<meta property=\"og:image:type\" content=\"image\/jpeg\" \/>\n<meta name=\"twitter:card\" content=\"summary_large_image\" \/>\n<meta name=\"twitter:label1\" content=\"Ber\u00e4knad l\u00e4stid\" \/>\n\t<meta name=\"twitter:data1\" content=\"10 minuter\" \/>\n<script type=\"application\/ld+json\" class=\"yoast-schema-graph\">{\"@context\":\"https:\/\/schema.org\",\"@graph\":[{\"@type\":\"WebPage\",\"@id\":\"https:\/\/voyagerr.com\/sv\/omraden\/\",\"url\":\"https:\/\/voyagerr.com\/sv\/omraden\/\",\"name\":\"Omr\u00e5den - Voyagerr Demand Response\",\"isPartOf\":{\"@id\":\"https:\/\/voyagerr.com\/sv\/#website\"},\"primaryImageOfPage\":{\"@id\":\"https:\/\/voyagerr.com\/sv\/omraden\/#primaryimage\"},\"image\":{\"@id\":\"https:\/\/voyagerr.com\/sv\/omraden\/#primaryimage\"},\"thumbnailUrl\":\"https:\/\/voyagerr.com\/wp-content\/uploads\/2023\/05\/transporter-car-flex.jpg\",\"datePublished\":\"2023-03-16T10:17:23+00:00\",\"dateModified\":\"2023-10-04T12:44:23+00:00\",\"description\":\"DRT solution for public transport authorities and operators. Efficiently plan, manage, elevate, and integrate on-demand mobility services ...\",\"breadcrumb\":{\"@id\":\"https:\/\/voyagerr.com\/sv\/omraden\/#breadcrumb\"},\"inLanguage\":\"sv-SE\",\"potentialAction\":[{\"@type\":\"ReadAction\",\"target\":[\"https:\/\/voyagerr.com\/sv\/omraden\/\"]}]},{\"@type\":\"ImageObject\",\"inLanguage\":\"sv-SE\",\"@id\":\"https:\/\/voyagerr.com\/sv\/omraden\/#primaryimage\",\"url\":\"https:\/\/voyagerr.com\/wp-content\/uploads\/2023\/05\/transporter-car-flex.jpg\",\"contentUrl\":\"https:\/\/voyagerr.com\/wp-content\/uploads\/2023\/05\/transporter-car-flex.jpg\",\"width\":1800,\"height\":1200},{\"@type\":\"BreadcrumbList\",\"@id\":\"https:\/\/voyagerr.com\/sv\/omraden\/#breadcrumb\",\"itemListElement\":[{\"@type\":\"ListItem\",\"position\":1,\"name\":\"Home\",\"item\":\"https:\/\/voyagerr.com\/sv\/\"},{\"@type\":\"ListItem\",\"position\":2,\"name\":\"Omr\u00e5den\"}]},{\"@type\":\"WebSite\",\"@id\":\"https:\/\/voyagerr.com\/sv\/#website\",\"url\":\"https:\/\/voyagerr.com\/sv\/\",\"name\":\"Voyagerr Demand Response\",\"description\":\"Making every journey matter\",\"potentialAction\":[{\"@type\":\"SearchAction\",\"target\":{\"@type\":\"EntryPoint\",\"urlTemplate\":\"https:\/\/voyagerr.com\/sv\/?s={search_term_string}\"},\"query-input\":{\"@type\":\"PropertyValueSpecification\",\"valueRequired\":true,\"valueName\":\"search_term_string\"}}],\"inLanguage\":\"sv-SE\"}]}<\/script>\n<!-- \/ Yoast SEO plugin. -->","yoast_head_json":{"title":"Omr\u00e5den - Voyagerr Demand Response","description":"DRT solution for public transport authorities and operators. Efficiently plan, manage, elevate, and integrate on-demand mobility services ...","robots":{"index":"index","follow":"follow","max-snippet":"max-snippet:-1","max-image-preview":"max-image-preview:large","max-video-preview":"max-video-preview:-1"},"canonical":"https:\/\/voyagerr.com\/sv\/omraden\/","og_locale":"sv_SE","og_type":"article","og_title":"Omr\u00e5den - Voyagerr Demand Response","og_description":"DRT solution for public transport authorities and operators. Efficiently plan, manage, elevate, and integrate on-demand mobility services ...","og_url":"https:\/\/voyagerr.com\/sv\/omraden\/","og_site_name":"Voyagerr Demand Response","article_modified_time":"2023-10-04T12:44:23+00:00","og_image":[{"width":1800,"height":1200,"url":"https:\/\/voyagerr.com\/wp-content\/uploads\/2023\/05\/transporter-car-flex.jpg","type":"image\/jpeg"}],"twitter_card":"summary_large_image","twitter_misc":{"Ber\u00e4knad l\u00e4stid":"10 minuter"},"schema":{"@context":"https:\/\/schema.org","@graph":[{"@type":"WebPage","@id":"https:\/\/voyagerr.com\/sv\/omraden\/","url":"https:\/\/voyagerr.com\/sv\/omraden\/","name":"Omr\u00e5den - Voyagerr Demand Response","isPartOf":{"@id":"https:\/\/voyagerr.com\/sv\/#website"},"primaryImageOfPage":{"@id":"https:\/\/voyagerr.com\/sv\/omraden\/#primaryimage"},"image":{"@id":"https:\/\/voyagerr.com\/sv\/omraden\/#primaryimage"},"thumbnailUrl":"https:\/\/voyagerr.com\/wp-content\/uploads\/2023\/05\/transporter-car-flex.jpg","datePublished":"2023-03-16T10:17:23+00:00","dateModified":"2023-10-04T12:44:23+00:00","description":"DRT solution for public transport authorities and operators. Efficiently plan, manage, elevate, and integrate on-demand mobility services ...","breadcrumb":{"@id":"https:\/\/voyagerr.com\/sv\/omraden\/#breadcrumb"},"inLanguage":"sv-SE","potentialAction":[{"@type":"ReadAction","target":["https:\/\/voyagerr.com\/sv\/omraden\/"]}]},{"@type":"ImageObject","inLanguage":"sv-SE","@id":"https:\/\/voyagerr.com\/sv\/omraden\/#primaryimage","url":"https:\/\/voyagerr.com\/wp-content\/uploads\/2023\/05\/transporter-car-flex.jpg","contentUrl":"https:\/\/voyagerr.com\/wp-content\/uploads\/2023\/05\/transporter-car-flex.jpg","width":1800,"height":1200},{"@type":"BreadcrumbList","@id":"https:\/\/voyagerr.com\/sv\/omraden\/#breadcrumb","itemListElement":[{"@type":"ListItem","position":1,"name":"Home","item":"https:\/\/voyagerr.com\/sv\/"},{"@type":"ListItem","position":2,"name":"Omr\u00e5den"}]},{"@type":"WebSite","@id":"https:\/\/voyagerr.com\/sv\/#website","url":"https:\/\/voyagerr.com\/sv\/","name":"Voyagerr Demand Response","description":"Making every journey matter","potentialAction":[{"@type":"SearchAction","target":{"@type":"EntryPoint","urlTemplate":"https:\/\/voyagerr.com\/sv\/?s={search_term_string}"},"query-input":{"@type":"PropertyValueSpecification","valueRequired":true,"valueName":"search_term_string"}}],"inLanguage":"sv-SE"}]}},"_links":{"self":[{"href":"https:\/\/voyagerr.com\/sv\/wp-json\/wp\/v2\/pages\/11986","targetHints":{"allow":["GET"]}}],"collection":[{"href":"https:\/\/voyagerr.com\/sv\/wp-json\/wp\/v2\/pages"}],"about":[{"href":"https:\/\/voyagerr.com\/sv\/wp-json\/wp\/v2\/types\/page"}],"author":[{"embeddable":true,"href":"https:\/\/voyagerr.com\/sv\/wp-json\/wp\/v2\/users\/2"}],"replies":[{"embeddable":true,"href":"https:\/\/voyagerr.com\/sv\/wp-json\/wp\/v2\/comments?post=11986"}],"version-history":[{"count":12,"href":"https:\/\/voyagerr.com\/sv\/wp-json\/wp\/v2\/pages\/11986\/revisions"}],"predecessor-version":[{"id":12303,"href":"https:\/\/voyagerr.com\/sv\/wp-json\/wp\/v2\/pages\/11986\/revisions\/12303"}],"wp:featuredmedia":[{"embeddable":true,"href":"https:\/\/voyagerr.com\/sv\/wp-json\/wp\/v2\/media\/11987"}],"wp:attachment":[{"href":"https:\/\/voyagerr.com\/sv\/wp-json\/wp\/v2\/media?parent=11986"}],"curies":[{"name":"wp","href":"https:\/\/api.w.org\/{rel}","templated":true}]}}