{"id":11071,"date":"2023-03-16T10:17:45","date_gmt":"2023-03-16T10:17:45","guid":{"rendered":"https:\/\/voyagerr.com\/drt-system\/"},"modified":"2023-11-15T08:37:15","modified_gmt":"2023-11-15T08:37:15","slug":"drt-system","status":"publish","type":"page","link":"https:\/\/voyagerr.com\/sv\/drt-system\/","title":{"rendered":"DRT system"},"content":{"rendered":"<p><div class=\"fusion-fullwidth fullwidth-box fusion-builder-row-1 fusion-flex-container has-pattern-background has-mask-background nonhundred-percent-fullwidth non-hundred-percent-height-scrolling\" style=\"--awb-border-radius-top-left:0px;--awb-border-radius-top-right:0px;--awb-border-radius-bottom-right:0px;--awb-border-radius-bottom-left:0px;--awb-margin-bottom:23px;--awb-flex-wrap:wrap;\" ><div class=\"fusion-builder-row fusion-row fusion-flex-align-items-flex-start fusion-flex-content-wrap\" style=\"max-width:1248px;margin-left: calc(-4% \/ 2 );margin-right: calc(-4% \/ 2 );\"><div class=\"fusion-layout-column fusion_builder_column fusion-builder-column-0 fusion_builder_column_1_4 1_4 fusion-flex-column\" style=\"--awb-bg-size:cover;--awb-width-large:25%;--awb-margin-top-large:0px;--awb-spacing-right-large:7.68%;--awb-margin-bottom-large:20px;--awb-spacing-left-large:7.68%;--awb-width-medium:25%;--awb-order-medium:0;--awb-spacing-right-medium:7.68%;--awb-spacing-left-medium:7.68%;--awb-width-small:100%;--awb-order-small:0;--awb-spacing-right-small:1.92%;--awb-spacing-left-small:1.92%;\"><div class=\"fusion-column-wrapper fusion-column-has-shadow fusion-flex-justify-content-flex-start fusion-content-layout-column\"><div class=\"fusion-image-element \" style=\"text-align:center;--awb-max-width:200px;--awb-caption-title-font-family:var(--h2_typography-font-family);--awb-caption-title-font-weight:var(--h2_typography-font-weight);--awb-caption-title-font-style:var(--h2_typography-font-style);--awb-caption-title-size:var(--h2_typography-font-size);--awb-caption-title-transform:var(--h2_typography-text-transform);--awb-caption-title-line-height:var(--h2_typography-line-height);--awb-caption-title-letter-spacing:var(--h2_typography-letter-spacing);\"><span class=\" fusion-imageframe imageframe-none imageframe-1 hover-type-none\"><a class=\"fusion-no-lightbox\" href=\"https:\/\/voyagerr.com\/sv\/drt-system\/systemet-for-anropsstyrd-trafik\/\" target=\"_self\" aria-label=\"DRT_System_SE\"><img decoding=\"async\" width=\"475\" height=\"383\" src=\"https:\/\/voyagerr.com\/wp-content\/uploads\/2023\/09\/DRT_System_SE.png\" data-orig-src=\"https:\/\/voyagerr.com\/wp-content\/uploads\/2023\/09\/DRT_System_SE.png\" alt class=\"lazyload img-responsive wp-image-11095\" srcset=\"data:image\/svg+xml,%3Csvg%20xmlns%3D%27http%3A%2F%2Fwww.w3.org%2F2000%2Fsvg%27%20width%3D%27475%27%20height%3D%27383%27%20viewBox%3D%270%200%20475%20383%27%3E%3Crect%20width%3D%27475%27%20height%3D%27383%27%20fill-opacity%3D%220%22%2F%3E%3C%2Fsvg%3E\" data-srcset=\"https:\/\/voyagerr.com\/wp-content\/uploads\/2023\/09\/DRT_System_SE-200x161.png 200w, https:\/\/voyagerr.com\/wp-content\/uploads\/2023\/09\/DRT_System_SE-400x323.png 400w, https:\/\/voyagerr.com\/wp-content\/uploads\/2023\/09\/DRT_System_SE.png 475w\" data-sizes=\"auto\" data-orig-sizes=\"(max-width: 700px) 100vw, 400px\" \/><\/a><\/span><\/div><div ><a class=\"fusion-button button-flat fusion-button-default-size button-default fusion-button-default button-1 fusion-button-span-yes fusion-button-default-type\" style=\"--button_margin-top:20px;\" target=\"_self\" href=\"https:\/\/voyagerr.com\/sv\/drt-system\/systemet-for-anropsstyrd-trafik\/\"><span class=\"fusion-button-text awb-button__text awb-button__text--default\">System<\/span><\/a><\/div><\/div><\/div><div class=\"fusion-layout-column fusion_builder_column fusion-builder-column-1 fusion_builder_column_1_4 1_4 fusion-flex-column\" style=\"--awb-bg-size:cover;--awb-width-large:25%;--awb-margin-top-large:0px;--awb-spacing-right-large:7.68%;--awb-margin-bottom-large:20px;--awb-spacing-left-large:7.68%;--awb-width-medium:25%;--awb-order-medium:0;--awb-spacing-right-medium:7.68%;--awb-spacing-left-medium:7.68%;--awb-width-small:100%;--awb-order-small:0;--awb-spacing-right-small:1.92%;--awb-spacing-left-small:1.92%;\"><div class=\"fusion-column-wrapper fusion-column-has-shadow fusion-flex-justify-content-flex-start fusion-content-layout-column\"><div class=\"fusion-image-element \" style=\"text-align:center;--awb-max-width:200px;--awb-caption-title-font-family:var(--h2_typography-font-family);--awb-caption-title-font-weight:var(--h2_typography-font-weight);--awb-caption-title-font-style:var(--h2_typography-font-style);--awb-caption-title-size:var(--h2_typography-font-size);--awb-caption-title-transform:var(--h2_typography-text-transform);--awb-caption-title-line-height:var(--h2_typography-line-height);--awb-caption-title-letter-spacing:var(--h2_typography-letter-spacing);\"><span class=\" fusion-imageframe imageframe-none imageframe-2 hover-type-none\"><a class=\"fusion-no-lightbox\" href=\"https:\/\/voyagerr.com\/sv\/drt-system\/app-for-forare\/\" target=\"_self\" aria-label=\"Driver_app_SE\"><img decoding=\"async\" width=\"475\" height=\"383\" src=\"https:\/\/voyagerr.com\/wp-content\/uploads\/2023\/09\/Driver_app_SE.png\" data-orig-src=\"https:\/\/voyagerr.com\/wp-content\/uploads\/2023\/09\/Driver_app_SE.png\" alt class=\"lazyload img-responsive wp-image-11089\" srcset=\"data:image\/svg+xml,%3Csvg%20xmlns%3D%27http%3A%2F%2Fwww.w3.org%2F2000%2Fsvg%27%20width%3D%27475%27%20height%3D%27383%27%20viewBox%3D%270%200%20475%20383%27%3E%3Crect%20width%3D%27475%27%20height%3D%27383%27%20fill-opacity%3D%220%22%2F%3E%3C%2Fsvg%3E\" data-srcset=\"https:\/\/voyagerr.com\/wp-content\/uploads\/2023\/09\/Driver_app_SE-200x161.png 200w, https:\/\/voyagerr.com\/wp-content\/uploads\/2023\/09\/Driver_app_SE-400x323.png 400w, https:\/\/voyagerr.com\/wp-content\/uploads\/2023\/09\/Driver_app_SE.png 475w\" data-sizes=\"auto\" data-orig-sizes=\"(max-width: 700px) 100vw, 400px\" \/><\/a><\/span><\/div><div ><a class=\"fusion-button button-flat fusion-button-default-size button-default fusion-button-default button-2 fusion-button-span-yes fusion-button-default-type\" style=\"--button_margin-top:20px;\" target=\"_self\" href=\"https:\/\/voyagerr.com\/sv\/drt-system\/app-for-forare\/\"><span class=\"fusion-button-text awb-button__text awb-button__text--default\">F\u00f6rarapp<\/span><\/a><\/div><\/div><\/div><div class=\"fusion-layout-column fusion_builder_column fusion-builder-column-2 fusion_builder_column_1_4 1_4 fusion-flex-column\" style=\"--awb-bg-size:cover;--awb-width-large:25%;--awb-margin-top-large:0px;--awb-spacing-right-large:7.68%;--awb-margin-bottom-large:20px;--awb-spacing-left-large:7.68%;--awb-width-medium:25%;--awb-order-medium:0;--awb-spacing-right-medium:7.68%;--awb-spacing-left-medium:7.68%;--awb-width-small:100%;--awb-order-small:0;--awb-spacing-right-small:1.92%;--awb-spacing-left-small:1.92%;\"><div class=\"fusion-column-wrapper fusion-column-has-shadow fusion-flex-justify-content-flex-start fusion-content-layout-column\"><div class=\"fusion-image-element \" style=\"text-align:center;--awb-max-width:200px;--awb-caption-title-font-family:var(--h2_typography-font-family);--awb-caption-title-font-weight:var(--h2_typography-font-weight);--awb-caption-title-font-style:var(--h2_typography-font-style);--awb-caption-title-size:var(--h2_typography-font-size);--awb-caption-title-transform:var(--h2_typography-text-transform);--awb-caption-title-line-height:var(--h2_typography-line-height);--awb-caption-title-letter-spacing:var(--h2_typography-letter-spacing);\"><span class=\" fusion-imageframe imageframe-none imageframe-3 hover-type-none\"><a class=\"fusion-no-lightbox\" href=\"https:\/\/voyagerr.com\/sv\/drt-system\/portaler-for-anropsstyrd-trafik\/\" target=\"_self\" aria-label=\"DRT_Portaler_SE\"><img decoding=\"async\" width=\"475\" height=\"383\" src=\"https:\/\/voyagerr.com\/wp-content\/uploads\/2023\/09\/DRT_Portaler_SE.png\" data-orig-src=\"https:\/\/voyagerr.com\/wp-content\/uploads\/2023\/09\/DRT_Portaler_SE.png\" alt class=\"lazyload img-responsive wp-image-11101\" srcset=\"data:image\/svg+xml,%3Csvg%20xmlns%3D%27http%3A%2F%2Fwww.w3.org%2F2000%2Fsvg%27%20width%3D%27475%27%20height%3D%27383%27%20viewBox%3D%270%200%20475%20383%27%3E%3Crect%20width%3D%27475%27%20height%3D%27383%27%20fill-opacity%3D%220%22%2F%3E%3C%2Fsvg%3E\" data-srcset=\"https:\/\/voyagerr.com\/wp-content\/uploads\/2023\/09\/DRT_Portaler_SE-200x161.png 200w, https:\/\/voyagerr.com\/wp-content\/uploads\/2023\/09\/DRT_Portaler_SE-400x323.png 400w, https:\/\/voyagerr.com\/wp-content\/uploads\/2023\/09\/DRT_Portaler_SE.png 475w\" data-sizes=\"auto\" data-orig-sizes=\"(max-width: 700px) 100vw, 400px\" \/><\/a><\/span><\/div><div ><a class=\"fusion-button button-flat fusion-button-default-size button-default fusion-button-default button-3 fusion-button-span-yes fusion-button-default-type\" style=\"--button_margin-top:20px;\" target=\"_self\" href=\"https:\/\/voyagerr.com\/sv\/drt-system\/portaler-for-anropsstyrd-trafik\/\"><span class=\"fusion-button-text awb-button__text awb-button__text--default\">Anv\u00e4ndarportal<\/span><\/a><\/div><\/div><\/div><div class=\"fusion-layout-column fusion_builder_column fusion-builder-column-3 fusion_builder_column_1_4 1_4 fusion-flex-column\" style=\"--awb-bg-size:cover;--awb-width-large:25%;--awb-margin-top-large:0px;--awb-spacing-right-large:7.68%;--awb-margin-bottom-large:20px;--awb-spacing-left-large:7.68%;--awb-width-medium:25%;--awb-order-medium:0;--awb-spacing-right-medium:7.68%;--awb-spacing-left-medium:7.68%;--awb-width-small:100%;--awb-order-small:0;--awb-spacing-right-small:1.92%;--awb-spacing-left-small:1.92%;\"><div class=\"fusion-column-wrapper fusion-column-has-shadow fusion-flex-justify-content-flex-start fusion-content-layout-column\"><div class=\"fusion-image-element \" style=\"text-align:center;--awb-max-width:200px;--awb-caption-title-font-family:var(--h2_typography-font-family);--awb-caption-title-font-weight:var(--h2_typography-font-weight);--awb-caption-title-font-style:var(--h2_typography-font-style);--awb-caption-title-size:var(--h2_typography-font-size);--awb-caption-title-transform:var(--h2_typography-text-transform);--awb-caption-title-line-height:var(--h2_typography-line-height);--awb-caption-title-letter-spacing:var(--h2_typography-letter-spacing);\"><span class=\" fusion-imageframe imageframe-none imageframe-4 hover-type-none\"><a class=\"fusion-no-lightbox\" href=\"https:\/\/voyagerr.com\/sv\/drt-system\/app-till-resenarer\/\" target=\"_self\" aria-label=\"Passager_app_SE\"><img decoding=\"async\" width=\"475\" height=\"383\" src=\"https:\/\/voyagerr.com\/wp-content\/uploads\/2023\/09\/Passager_app_SE.png\" data-orig-src=\"https:\/\/voyagerr.com\/wp-content\/uploads\/2023\/09\/Passager_app_SE.png\" alt class=\"lazyload img-responsive wp-image-11107\" srcset=\"data:image\/svg+xml,%3Csvg%20xmlns%3D%27http%3A%2F%2Fwww.w3.org%2F2000%2Fsvg%27%20width%3D%27475%27%20height%3D%27383%27%20viewBox%3D%270%200%20475%20383%27%3E%3Crect%20width%3D%27475%27%20height%3D%27383%27%20fill-opacity%3D%220%22%2F%3E%3C%2Fsvg%3E\" data-srcset=\"https:\/\/voyagerr.com\/wp-content\/uploads\/2023\/09\/Passager_app_SE-200x161.png 200w, https:\/\/voyagerr.com\/wp-content\/uploads\/2023\/09\/Passager_app_SE-400x323.png 400w, https:\/\/voyagerr.com\/wp-content\/uploads\/2023\/09\/Passager_app_SE.png 475w\" data-sizes=\"auto\" data-orig-sizes=\"(max-width: 700px) 100vw, 400px\" \/><\/a><\/span><\/div><div ><a class=\"fusion-button button-flat fusion-button-default-size button-default fusion-button-default button-4 fusion-button-span-yes fusion-button-default-type\" style=\"--button_margin-top:20px;\" target=\"_self\" href=\"https:\/\/voyagerr.com\/sv\/drt-system\/app-till-resenarer\/\"><span class=\"fusion-button-text awb-button__text awb-button__text--default\">Resen\u00e4rsapp<\/span><\/a><\/div><\/div><\/div><\/div><\/div><div class=\"fusion-fullwidth fullwidth-box fusion-builder-row-2 fusion-flex-container has-pattern-background has-mask-background nonhundred-percent-fullwidth non-hundred-percent-height-scrolling\" style=\"--awb-border-radius-top-left:0px;--awb-border-radius-top-right:0px;--awb-border-radius-bottom-right:0px;--awb-border-radius-bottom-left:0px;--awb-padding-top:0px;--awb-flex-wrap:wrap;\" ><div class=\"fusion-builder-row fusion-row fusion-flex-align-items-flex-start fusion-flex-justify-content-center fusion-flex-content-wrap\" style=\"max-width:1248px;margin-left: calc(-4% \/ 2 );margin-right: calc(-4% \/ 2 );\"><div class=\"fusion-layout-column fusion_builder_column fusion-builder-column-4 fusion_builder_column_1_1 1_1 fusion-flex-column\" style=\"--awb-bg-size:cover;--awb-width-large:100%;--awb-margin-top-large:0px;--awb-spacing-right-large:1.92%;--awb-margin-bottom-large:20px;--awb-spacing-left-large:1.92%;--awb-width-medium:100%;--awb-order-medium:0;--awb-spacing-right-medium:1.92%;--awb-spacing-left-medium:1.92%;--awb-width-small:100%;--awb-order-small:0;--awb-spacing-right-small:1.92%;--awb-spacing-left-small:1.92%;\"><div class=\"fusion-column-wrapper fusion-column-has-shadow fusion-flex-justify-content-flex-start fusion-content-layout-column\"><div class=\"fusion-section-separator section-separator triangle fusion-section-separator-1\" style=\"--awb-border-bottom:1px solid var(--awb-color2);--awb-spacer-height:1px;--awb-svg-margin-left:1.92%;--awb-svg-margin-right:1.92%;--awb-svg-margin-left-medium:1.92%;--awb-svg-margin-right-medium:1.92%;--awb-svg-margin-left-small:1.92%;--awb-svg-margin-right-small:1.92%;--awb-icon-color:var(--awb-color1);\"><div class=\"fusion-section-separator-svg\"><div class=\"divider-candy-arrow bottom\" style=\"top:0px;border-top-color: #ffffff;\"><\/div><div class=\"divider-candy bottom\" style=\"bottom:-21px;border-bottom:1px solid var(--awb-color2);border-left:1px solid var(--awb-color2);\"><\/div><\/div><div class=\"fusion-section-separator-spacer\"><div class=\"fusion-section-separator-spacer-height\"><\/div><\/div><\/div><\/div><\/div><div class=\"fusion-layout-column fusion_builder_column fusion-builder-column-5 fusion_builder_column_1_1 1_1 fusion-flex-column\" style=\"--awb-padding-top:38px;--awb-bg-size:cover;--awb-width-large:100%;--awb-margin-top-large:0px;--awb-spacing-right-large:1.92%;--awb-margin-bottom-large:20px;--awb-spacing-left-large:1.92%;--awb-width-medium:100%;--awb-order-medium:0;--awb-spacing-right-medium:1.92%;--awb-spacing-left-medium:1.92%;--awb-width-small:100%;--awb-order-small:0;--awb-spacing-right-small:1.92%;--awb-spacing-left-small:1.92%;\"><div class=\"fusion-column-wrapper fusion-column-has-shadow fusion-flex-justify-content-flex-start fusion-content-layout-column\"><div class=\"fusion-text fusion-text-1\" style=\"--awb-font-size:25px;--awb-text-color:#000000;--awb-margin-top:20px;--awb-text-font-family:&quot;Plus Jakarta Sans&quot;;--awb-text-font-style:normal;--awb-text-font-weight:500;\"><p style=\"text-align: center;\">Voyagerr best\u00e5r av en plattform f\u00f6r anropsstyrd trafik, ett utbud av anv\u00e4ndarportaler, en f\u00f6rarapp och en resen\u00e4rsapp.<\/p>\n<\/div><div class=\"fusion-text fusion-text-2\"><p style=\"text-align: center;\">Voyagerr tillhandah\u00e5ller en rad verktyg som st\u00f6ttar din anropsstyrda transportverksamhet <span style=\"color: var(--awb-text-color); font-family: var(--awb-text-font-family); font-size: var(--awb-font-size); font-style: var(--awb-text-font-style); font-weight: var(--awb-text-font-weight); letter-spacing: var(--awb-letter-spacing); text-transform: var(--awb-text-transform); background-color: var(--awb-bg-color-hover);\">\u2013<\/span> oavsett om det handlar om d\u00f6rr-till-d\u00f6rr, last mile, flexibla rutter eller multimodala resor<span style=\"color: var(--awb-text-color); font-family: var(--awb-text-font-family); font-size: var(--awb-font-size); font-style: var(--awb-text-font-style); font-weight: var(--awb-text-font-weight); letter-spacing: var(--awb-letter-spacing); text-transform: var(--awb-text-transform); background-color: var(--awb-bg-color-hover);\">.<\/span><\/p>\n<p style=\"text-align: center;\">Olika anv\u00e4ndargrupper som myndigheter, operat\u00f6rer, sjukhusadministrat\u00f6rer, skoladministrativ personal eller handl\u00e4ggare har tillg\u00e5ng till v\u00e4l anpassade webbportaler vilket skapar en grund f\u00f6r effektiva processer.<\/p>\n<p style=\"text-align: center;\">Genom att anv\u00e4nda appar och portaler f\u00f6r <span class=\"ui-provider ec bjl bjm bjn bjo bjp bjq bjr bjs bjt bju bjv bjw bjx bjy bjz bka bkb bkc bkd bke bkf bkg bkh bki bkj bkk bkl bkm bkn bko bkp bkq bkr bks\" dir=\"ltr\">resen\u00e4rer <\/span>och f\u00f6rare kan ni digitalisera hela kedjan.<\/p>\n<\/div><\/div><\/div><\/div><\/div><div class=\"fusion-fullwidth fullwidth-box fusion-builder-row-3 fusion-flex-container has-pattern-background has-mask-background nonhundred-percent-fullwidth non-hundred-percent-height-scrolling\" style=\"--awb-border-radius-top-left:0px;--awb-border-radius-top-right:0px;--awb-border-radius-bottom-right:0px;--awb-border-radius-bottom-left:0px;--awb-background-color:#a13255;--awb-flex-wrap:wrap;\" ><div class=\"fusion-builder-row fusion-row fusion-flex-align-items-flex-start fusion-flex-content-wrap\" style=\"max-width:1248px;margin-left: calc(-4% \/ 2 );margin-right: calc(-4% \/ 2 );\"><div class=\"fusion-layout-column fusion_builder_column fusion-builder-column-6 fusion_builder_column_1_1 1_1 fusion-flex-column fusion-flex-align-self-center\" style=\"--awb-bg-size:cover;--awb-width-large:100%;--awb-margin-top-large:0px;--awb-spacing-right-large:1.92%;--awb-margin-bottom-large:20px;--awb-spacing-left-large:1.92%;--awb-width-medium:100%;--awb-order-medium:0;--awb-spacing-right-medium:1.92%;--awb-spacing-left-medium:1.92%;--awb-width-small:100%;--awb-order-small:0;--awb-spacing-right-small:1.92%;--awb-spacing-left-small:1.92%;\" data-scroll-devices=\"small-visibility,medium-visibility,large-visibility\"><div class=\"fusion-column-wrapper fusion-column-has-shadow fusion-flex-justify-content-flex-start fusion-content-layout-column\"><div class=\"fusion-text fusion-text-3\" style=\"--awb-text-color:var(--awb-color7);\"><h4 class=\"\" style=\"text-align: center; --fontsize: 28.43; line-height: 1.4;\" data-fontsize=\"28.43\" data-lineheight=\"39.802px\"><span style=\"color: var(--awb-color1);\">Demand Response Transport. Every Step. Every Ride.<\/span><\/h4>\n<p style=\"text-align: center;\"><span style=\"color: var(--awb-color1); font-family: var(--awb-text-font-family); font-size: 20px; font-style: var(--awb-text-font-style); font-weight: var(--awb-text-font-weight); letter-spacing: var(--awb-letter-spacing); text-align: var(--awb-content-alignment); text-transform: var(--awb-text-transform); background-color: var(--awb-bg-color-hover);\" data-fusion-font=\"true\">Voyagerr g\u00f6r det m\u00f6jligt att digitalisera varje steg i v\u00e4rdekedjan. Det inneb\u00e4r att ni kan effektivisera administrationen och optimera resurserna.<\/span><\/p>\n<\/div><\/div><\/div><\/div><\/div><\/p>\n","protected":false},"excerpt":{"rendered":"","protected":false},"author":2,"featured_media":11072,"parent":0,"menu_order":0,"comment_status":"closed","ping_status":"closed","template":"100-width.php","meta":{"content-type":"","footnotes":""},"class_list":["post-11071","page","type-page","status-publish","has-post-thumbnail","hentry"],"yoast_head":"<!-- This site is optimized with the Yoast SEO plugin v27.0 - https:\/\/yoast.com\/product\/yoast-seo-wordpress\/ -->\n<title>DRT system - Voyagerr Demand Response<\/title>\n<meta name=\"description\" content=\"Voyagerr best\u00e5r av en plattform f\u00f6r anropsstyrd trafik, ett utbud av anv\u00e4ndarportaler, en f\u00f6rarapp och en resen\u00e4rsarapp. Effektivisera era processer ...\" \/>\n<meta name=\"robots\" content=\"index, follow, max-snippet:-1, max-image-preview:large, max-video-preview:-1\" \/>\n<link rel=\"canonical\" href=\"https:\/\/voyagerr.com\/sv\/drt-system\/\" \/>\n<meta property=\"og:locale\" content=\"sv_SE\" \/>\n<meta property=\"og:type\" content=\"article\" \/>\n<meta property=\"og:title\" content=\"DRT system - Voyagerr Demand Response\" \/>\n<meta property=\"og:description\" content=\"Voyagerr best\u00e5r av en plattform f\u00f6r anropsstyrd trafik, ett utbud av anv\u00e4ndarportaler, en f\u00f6rarapp och en resen\u00e4rsarapp. Effektivisera era processer ...\" \/>\n<meta property=\"og:url\" content=\"https:\/\/voyagerr.com\/sv\/drt-system\/\" \/>\n<meta property=\"og:site_name\" content=\"Voyagerr Demand Response\" \/>\n<meta property=\"article:modified_time\" content=\"2023-11-15T08:37:15+00:00\" \/>\n<meta property=\"og:image\" content=\"https:\/\/voyagerr.com\/wp-content\/uploads\/2023\/04\/Car-with-symbols.jpg\" \/>\n\t<meta property=\"og:image:width\" content=\"2000\" \/>\n\t<meta property=\"og:image:height\" content=\"1335\" \/>\n\t<meta property=\"og:image:type\" content=\"image\/jpeg\" \/>\n<meta name=\"twitter:card\" content=\"summary_large_image\" \/>\n<meta name=\"twitter:label1\" content=\"Ber\u00e4knad l\u00e4stid\" \/>\n\t<meta name=\"twitter:data1\" content=\"14 minuter\" \/>\n<script type=\"application\/ld+json\" class=\"yoast-schema-graph\">{\"@context\":\"https:\/\/schema.org\",\"@graph\":[{\"@type\":\"WebPage\",\"@id\":\"https:\/\/voyagerr.com\/sv\/drt-system\/\",\"url\":\"https:\/\/voyagerr.com\/sv\/drt-system\/\",\"name\":\"DRT system - Voyagerr Demand Response\",\"isPartOf\":{\"@id\":\"https:\/\/voyagerr.com\/sv\/#website\"},\"primaryImageOfPage\":{\"@id\":\"https:\/\/voyagerr.com\/sv\/drt-system\/#primaryimage\"},\"image\":{\"@id\":\"https:\/\/voyagerr.com\/sv\/drt-system\/#primaryimage\"},\"thumbnailUrl\":\"https:\/\/voyagerr.com\/wp-content\/uploads\/2023\/04\/Car-with-symbols.jpg\",\"datePublished\":\"2023-03-16T10:17:45+00:00\",\"dateModified\":\"2023-11-15T08:37:15+00:00\",\"description\":\"Voyagerr best\u00e5r av en plattform f\u00f6r anropsstyrd trafik, ett utbud av anv\u00e4ndarportaler, en f\u00f6rarapp och en resen\u00e4rsarapp. Effektivisera era processer ...\",\"breadcrumb\":{\"@id\":\"https:\/\/voyagerr.com\/sv\/drt-system\/#breadcrumb\"},\"inLanguage\":\"sv-SE\",\"potentialAction\":[{\"@type\":\"ReadAction\",\"target\":[\"https:\/\/voyagerr.com\/sv\/drt-system\/\"]}]},{\"@type\":\"ImageObject\",\"inLanguage\":\"sv-SE\",\"@id\":\"https:\/\/voyagerr.com\/sv\/drt-system\/#primaryimage\",\"url\":\"https:\/\/voyagerr.com\/wp-content\/uploads\/2023\/04\/Car-with-symbols.jpg\",\"contentUrl\":\"https:\/\/voyagerr.com\/wp-content\/uploads\/2023\/04\/Car-with-symbols.jpg\",\"width\":2000,\"height\":1335},{\"@type\":\"BreadcrumbList\",\"@id\":\"https:\/\/voyagerr.com\/sv\/drt-system\/#breadcrumb\",\"itemListElement\":[{\"@type\":\"ListItem\",\"position\":1,\"name\":\"Home\",\"item\":\"https:\/\/voyagerr.com\/sv\/\"},{\"@type\":\"ListItem\",\"position\":2,\"name\":\"DRT system\"}]},{\"@type\":\"WebSite\",\"@id\":\"https:\/\/voyagerr.com\/sv\/#website\",\"url\":\"https:\/\/voyagerr.com\/sv\/\",\"name\":\"Voyagerr Demand Response\",\"description\":\"Making every journey matter\",\"potentialAction\":[{\"@type\":\"SearchAction\",\"target\":{\"@type\":\"EntryPoint\",\"urlTemplate\":\"https:\/\/voyagerr.com\/sv\/?s={search_term_string}\"},\"query-input\":{\"@type\":\"PropertyValueSpecification\",\"valueRequired\":true,\"valueName\":\"search_term_string\"}}],\"inLanguage\":\"sv-SE\"}]}<\/script>\n<!-- \/ Yoast SEO plugin. -->","yoast_head_json":{"title":"DRT system - Voyagerr Demand Response","description":"Voyagerr best\u00e5r av en plattform f\u00f6r anropsstyrd trafik, ett utbud av anv\u00e4ndarportaler, en f\u00f6rarapp och en resen\u00e4rsarapp. Effektivisera era processer ...","robots":{"index":"index","follow":"follow","max-snippet":"max-snippet:-1","max-image-preview":"max-image-preview:large","max-video-preview":"max-video-preview:-1"},"canonical":"https:\/\/voyagerr.com\/sv\/drt-system\/","og_locale":"sv_SE","og_type":"article","og_title":"DRT system - Voyagerr Demand Response","og_description":"Voyagerr best\u00e5r av en plattform f\u00f6r anropsstyrd trafik, ett utbud av anv\u00e4ndarportaler, en f\u00f6rarapp och en resen\u00e4rsarapp. Effektivisera era processer ...","og_url":"https:\/\/voyagerr.com\/sv\/drt-system\/","og_site_name":"Voyagerr Demand Response","article_modified_time":"2023-11-15T08:37:15+00:00","og_image":[{"width":2000,"height":1335,"url":"https:\/\/voyagerr.com\/wp-content\/uploads\/2023\/04\/Car-with-symbols.jpg","type":"image\/jpeg"}],"twitter_card":"summary_large_image","twitter_misc":{"Ber\u00e4knad l\u00e4stid":"14 minuter"},"schema":{"@context":"https:\/\/schema.org","@graph":[{"@type":"WebPage","@id":"https:\/\/voyagerr.com\/sv\/drt-system\/","url":"https:\/\/voyagerr.com\/sv\/drt-system\/","name":"DRT system - Voyagerr Demand Response","isPartOf":{"@id":"https:\/\/voyagerr.com\/sv\/#website"},"primaryImageOfPage":{"@id":"https:\/\/voyagerr.com\/sv\/drt-system\/#primaryimage"},"image":{"@id":"https:\/\/voyagerr.com\/sv\/drt-system\/#primaryimage"},"thumbnailUrl":"https:\/\/voyagerr.com\/wp-content\/uploads\/2023\/04\/Car-with-symbols.jpg","datePublished":"2023-03-16T10:17:45+00:00","dateModified":"2023-11-15T08:37:15+00:00","description":"Voyagerr best\u00e5r av en plattform f\u00f6r anropsstyrd trafik, ett utbud av anv\u00e4ndarportaler, en f\u00f6rarapp och en resen\u00e4rsarapp. Effektivisera era processer ...","breadcrumb":{"@id":"https:\/\/voyagerr.com\/sv\/drt-system\/#breadcrumb"},"inLanguage":"sv-SE","potentialAction":[{"@type":"ReadAction","target":["https:\/\/voyagerr.com\/sv\/drt-system\/"]}]},{"@type":"ImageObject","inLanguage":"sv-SE","@id":"https:\/\/voyagerr.com\/sv\/drt-system\/#primaryimage","url":"https:\/\/voyagerr.com\/wp-content\/uploads\/2023\/04\/Car-with-symbols.jpg","contentUrl":"https:\/\/voyagerr.com\/wp-content\/uploads\/2023\/04\/Car-with-symbols.jpg","width":2000,"height":1335},{"@type":"BreadcrumbList","@id":"https:\/\/voyagerr.com\/sv\/drt-system\/#breadcrumb","itemListElement":[{"@type":"ListItem","position":1,"name":"Home","item":"https:\/\/voyagerr.com\/sv\/"},{"@type":"ListItem","position":2,"name":"DRT system"}]},{"@type":"WebSite","@id":"https:\/\/voyagerr.com\/sv\/#website","url":"https:\/\/voyagerr.com\/sv\/","name":"Voyagerr Demand Response","description":"Making every journey matter","potentialAction":[{"@type":"SearchAction","target":{"@type":"EntryPoint","urlTemplate":"https:\/\/voyagerr.com\/sv\/?s={search_term_string}"},"query-input":{"@type":"PropertyValueSpecification","valueRequired":true,"valueName":"search_term_string"}}],"inLanguage":"sv-SE"}]}},"_links":{"self":[{"href":"https:\/\/voyagerr.com\/sv\/wp-json\/wp\/v2\/pages\/11071","targetHints":{"allow":["GET"]}}],"collection":[{"href":"https:\/\/voyagerr.com\/sv\/wp-json\/wp\/v2\/pages"}],"about":[{"href":"https:\/\/voyagerr.com\/sv\/wp-json\/wp\/v2\/types\/page"}],"author":[{"embeddable":true,"href":"https:\/\/voyagerr.com\/sv\/wp-json\/wp\/v2\/users\/2"}],"replies":[{"embeddable":true,"href":"https:\/\/voyagerr.com\/sv\/wp-json\/wp\/v2\/comments?post=11071"}],"version-history":[{"count":18,"href":"https:\/\/voyagerr.com\/sv\/wp-json\/wp\/v2\/pages\/11071\/revisions"}],"predecessor-version":[{"id":13095,"href":"https:\/\/voyagerr.com\/sv\/wp-json\/wp\/v2\/pages\/11071\/revisions\/13095"}],"wp:featuredmedia":[{"embeddable":true,"href":"https:\/\/voyagerr.com\/sv\/wp-json\/wp\/v2\/media\/11072"}],"wp:attachment":[{"href":"https:\/\/voyagerr.com\/sv\/wp-json\/wp\/v2\/media?parent=11071"}],"curies":[{"name":"wp","href":"https:\/\/api.w.org\/{rel}","templated":true}]}}