{"id":10175,"date":"2023-05-07T06:38:19","date_gmt":"2023-05-07T06:38:19","guid":{"rendered":"https:\/\/voyagerr.com\/wearemodaxo\/"},"modified":"2023-10-04T07:46:32","modified_gmt":"2023-10-04T07:46:32","slug":"wearemodaxo","status":"publish","type":"page","link":"https:\/\/voyagerr.com\/sv\/om-oss\/wearemodaxo\/","title":{"rendered":"#WeAreModaxo"},"content":{"rendered":"<p><div class=\"fusion-fullwidth fullwidth-box fusion-builder-row-1 fusion-flex-container has-pattern-background has-mask-background nonhundred-percent-fullwidth non-hundred-percent-height-scrolling\" style=\"--awb-border-radius-top-left:0px;--awb-border-radius-top-right:0px;--awb-border-radius-bottom-right:0px;--awb-border-radius-bottom-left:0px;--awb-padding-top:0px;--awb-flex-wrap:wrap;\" ><div class=\"fusion-builder-row fusion-row fusion-flex-align-items-flex-start fusion-flex-justify-content-center fusion-flex-content-wrap\" style=\"max-width:1248px;margin-left: calc(-4% \/ 2 );margin-right: calc(-4% \/ 2 );\"><div class=\"fusion-layout-column fusion_builder_column fusion-builder-column-0 fusion_builder_column_1_1 1_1 fusion-flex-column\" style=\"--awb-bg-size:cover;--awb-width-large:100%;--awb-margin-top-large:0px;--awb-spacing-right-large:1.92%;--awb-margin-bottom-large:20px;--awb-spacing-left-large:1.92%;--awb-width-medium:100%;--awb-order-medium:0;--awb-spacing-right-medium:1.92%;--awb-spacing-left-medium:1.92%;--awb-width-small:100%;--awb-order-small:0;--awb-spacing-right-small:1.92%;--awb-spacing-left-small:1.92%;\"><div class=\"fusion-column-wrapper fusion-column-has-shadow fusion-flex-justify-content-flex-start fusion-content-layout-column\"><div class=\"fusion-text fusion-text-1 fusion-text-no-margin\" style=\"--awb-margin-bottom:50px;\"><p style=\"text-align: center;\">Voyagerr \u00e4r en del av Modaxo:<\/p>\n<\/div><div class=\"fusion-text fusion-text-2\" style=\"--awb-font-size:40px;--awb-text-color:#000000;--awb-margin-top:20px;--awb-text-font-family:&quot;Plus Jakarta Sans&quot;;--awb-text-font-style:normal;--awb-text-font-weight:500;\"><p style=\"font-weight: 400;\"><strong>Vi \u00e4r Modaxo \u2014 ett globalt kollektiv av teknikf\u00f6retag som brinner f\u00f6r att f\u00f6r\u00e4ndra kollektivtrafikens ansikte.<\/strong><\/p>\n<\/div><div class=\"fusion-text fusion-text-3\" style=\"--awb-margin-top:30px;\"><p>Modaxo \u00e4r hemmet f\u00f6r m\u00e5nga av v\u00e4rldens mest respekterade och mest anv\u00e4nda transportteknikf\u00f6retag, inklusive Voyagerr, Trapeze Group, PLANit Sweden, DataGrafikk och m\u00e5nga fler. Du kan se hela listan \u00f6ver Modaxo-f\u00f6retag och l\u00e4sa mer om vad varje f\u00f6retag g\u00f6r p\u00e5 <a href=\"https:\/\/modaxo.com\/people-transportation-brands\/\">Modaxos webbplats<\/a>.<\/p>\n<p>Modaxo \u00e4r Constellation Softwares (TSX: CSU) portf\u00f6lj av persontransporter. V\u00e5rt enda fokus p\u00e5 persontransport \u00e5terspeglas i Modaxos uppdrag att m\u00f6jligg\u00f6ra daglig f\u00f6rflyttning av 1 miljard m\u00e4nniskor \u00e5r 2030.<\/p>\n<\/div><\/div><\/div><\/div><\/div><div class=\"fusion-fullwidth fullwidth-box fusion-builder-row-2 fusion-flex-container has-pattern-background has-mask-background nonhundred-percent-fullwidth non-hundred-percent-height-scrolling\" style=\"--awb-border-radius-top-left:0px;--awb-border-radius-top-right:0px;--awb-border-radius-bottom-right:0px;--awb-border-radius-bottom-left:0px;--awb-padding-top:96px;--awb-padding-bottom:85px;--awb-background-image:linear-gradient(218deg, var(--awb-custom_color_4) 0%,var(--awb-custom_color_5) 100%);--awb-flex-wrap:wrap;\" ><div class=\"fusion-builder-row fusion-row fusion-flex-align-items-flex-start fusion-flex-justify-content-center fusion-flex-content-wrap\" style=\"max-width:1248px;margin-left: calc(-4% \/ 2 );margin-right: calc(-4% \/ 2 );\"><div class=\"fusion-layout-column fusion_builder_column fusion-builder-column-1 fusion_builder_column_1_1 1_1 fusion-flex-column\" style=\"--awb-padding-right:176px;--awb-padding-left:177px;--awb-bg-size:cover;--awb-width-large:100%;--awb-margin-top-large:0px;--awb-spacing-right-large:1.92%;--awb-margin-bottom-large:61px;--awb-spacing-left-large:1.92%;--awb-width-medium:100%;--awb-order-medium:0;--awb-spacing-right-medium:1.92%;--awb-spacing-left-medium:1.92%;--awb-width-small:100%;--awb-order-small:0;--awb-spacing-right-small:1.92%;--awb-spacing-left-small:1.92%;\"><div class=\"fusion-column-wrapper fusion-column-has-shadow fusion-flex-justify-content-flex-start fusion-content-layout-column\"><div class=\"fusion-text fusion-text-4\"><h4>Modaxo-skillnaden: V\u00e5rt fokus \u00e4r lokalt och globalt<\/h4>\n<p>Genom att arbeta b\u00e5de tillsammans och sj\u00e4lvst\u00e4ndigt \u00e4r Modaxo-f\u00f6retagen fokuserade p\u00e5 en sak \u2014 att leverera mjukvara och tekniska l\u00f6sningar som hj\u00e4lper m\u00e4nniskor att f\u00e5 de platser de beh\u00f6ver g\u00e5 till f\u00f6r arbete, familj och vardagsliv.<\/p>\n<p>F\u00f6r v\u00e5ra kunder inneb\u00e4r att arbeta med Modaxo-f\u00f6retag det b\u00e4sta av tv\u00e5 v\u00e4rldar: globalt ledande l\u00f6sningar speciellt utvecklade f\u00f6r att m\u00f6ta kundernas behov, levererade och st\u00f6ttade av lokala expertteam som k\u00e4nner kunderna och branschen.<\/p>\n<\/div><\/div><\/div><div class=\"fusion-layout-column fusion_builder_column fusion-builder-column-2 fusion_builder_column_1_1 1_1 fusion-flex-column\" style=\"--awb-bg-size:cover;--awb-width-large:100%;--awb-margin-top-large:0px;--awb-spacing-right-large:1.92%;--awb-margin-bottom-large:20px;--awb-spacing-left-large:1.92%;--awb-width-medium:100%;--awb-order-medium:0;--awb-spacing-right-medium:1.92%;--awb-spacing-left-medium:1.92%;--awb-width-small:100%;--awb-order-small:0;--awb-spacing-right-small:1.92%;--awb-spacing-left-small:1.92%;\"><div class=\"fusion-column-wrapper fusion-column-has-shadow fusion-flex-justify-content-flex-start fusion-content-layout-column\"><div class=\"fusion-text fusion-text-5\"><p style=\"text-align: center;\">Modaxo i siffror<\/p>\n<\/div><\/div><\/div><div class=\"fusion-layout-column fusion_builder_column fusion-builder-column-3 fusion_builder_column_1_5 1_5 fusion-flex-column\" style=\"--awb-bg-size:cover;--awb-width-large:20%;--awb-margin-top-large:0px;--awb-spacing-right-large:9.6%;--awb-margin-bottom-large:20px;--awb-spacing-left-large:9.6%;--awb-width-medium:20%;--awb-order-medium:0;--awb-spacing-right-medium:9.6%;--awb-spacing-left-medium:9.6%;--awb-width-small:100%;--awb-order-small:0;--awb-spacing-right-small:1.92%;--awb-spacing-left-small:1.92%;\"><div class=\"fusion-column-wrapper fusion-column-has-shadow fusion-flex-justify-content-flex-start fusion-content-layout-column\"><div class=\"fusion-image-element \" style=\"--awb-caption-title-font-family:var(--h2_typography-font-family);--awb-caption-title-font-weight:var(--h2_typography-font-weight);--awb-caption-title-font-style:var(--h2_typography-font-style);--awb-caption-title-size:var(--h2_typography-font-size);--awb-caption-title-transform:var(--h2_typography-text-transform);--awb-caption-title-line-height:var(--h2_typography-line-height);--awb-caption-title-letter-spacing:var(--h2_typography-letter-spacing);\"><span class=\" fusion-imageframe imageframe-none imageframe-1 hover-type-none\"><img decoding=\"async\" width=\"534\" height=\"510\" title=\"modaxo-swedish-employees-icon\" src=\"https:\/\/voyagerr.com\/wp-content\/uploads\/2023\/09\/modaxo-swedish-employees-icon.png\" data-orig-src=\"https:\/\/voyagerr.com\/wp-content\/uploads\/2023\/09\/modaxo-swedish-employees-icon.png\" alt class=\"lazyload img-responsive wp-image-10182\" srcset=\"data:image\/svg+xml,%3Csvg%20xmlns%3D%27http%3A%2F%2Fwww.w3.org%2F2000%2Fsvg%27%20width%3D%27534%27%20height%3D%27510%27%20viewBox%3D%270%200%20534%20510%27%3E%3Crect%20width%3D%27534%27%20height%3D%27510%27%20fill-opacity%3D%220%22%2F%3E%3C%2Fsvg%3E\" data-srcset=\"https:\/\/voyagerr.com\/wp-content\/uploads\/2023\/09\/modaxo-swedish-employees-icon-200x191.png 200w, https:\/\/voyagerr.com\/wp-content\/uploads\/2023\/09\/modaxo-swedish-employees-icon-400x382.png 400w, https:\/\/voyagerr.com\/wp-content\/uploads\/2023\/09\/modaxo-swedish-employees-icon.png 534w\" data-sizes=\"auto\" data-orig-sizes=\"(max-width: 700px) 100vw, 200px\" \/><\/span><\/div><\/div><\/div><div class=\"fusion-layout-column fusion_builder_column fusion-builder-column-4 fusion_builder_column_1_5 1_5 fusion-flex-column\" style=\"--awb-bg-size:cover;--awb-width-large:20%;--awb-margin-top-large:0px;--awb-spacing-right-large:9.6%;--awb-margin-bottom-large:20px;--awb-spacing-left-large:9.6%;--awb-width-medium:20%;--awb-order-medium:0;--awb-spacing-right-medium:9.6%;--awb-spacing-left-medium:9.6%;--awb-width-small:100%;--awb-order-small:0;--awb-spacing-right-small:1.92%;--awb-spacing-left-small:1.92%;\"><div class=\"fusion-column-wrapper fusion-column-has-shadow fusion-flex-justify-content-flex-start fusion-content-layout-column\"><div class=\"fusion-image-element \" style=\"--awb-caption-title-font-family:var(--h2_typography-font-family);--awb-caption-title-font-weight:var(--h2_typography-font-weight);--awb-caption-title-font-style:var(--h2_typography-font-style);--awb-caption-title-size:var(--h2_typography-font-size);--awb-caption-title-transform:var(--h2_typography-text-transform);--awb-caption-title-line-height:var(--h2_typography-line-height);--awb-caption-title-letter-spacing:var(--h2_typography-letter-spacing);\"><span class=\" fusion-imageframe imageframe-none imageframe-2 hover-type-none\"><img decoding=\"async\" width=\"535\" height=\"510\" title=\"swedish-brands-icon\" src=\"https:\/\/voyagerr.com\/wp-content\/uploads\/2023\/10\/swedish-brands-icon.png\" data-orig-src=\"https:\/\/voyagerr.com\/wp-content\/uploads\/2023\/10\/swedish-brands-icon.png\" alt class=\"lazyload img-responsive wp-image-12194\" srcset=\"data:image\/svg+xml,%3Csvg%20xmlns%3D%27http%3A%2F%2Fwww.w3.org%2F2000%2Fsvg%27%20width%3D%27535%27%20height%3D%27510%27%20viewBox%3D%270%200%20535%20510%27%3E%3Crect%20width%3D%27535%27%20height%3D%27510%27%20fill-opacity%3D%220%22%2F%3E%3C%2Fsvg%3E\" data-srcset=\"https:\/\/voyagerr.com\/wp-content\/uploads\/2023\/10\/swedish-brands-icon-200x191.png 200w, https:\/\/voyagerr.com\/wp-content\/uploads\/2023\/10\/swedish-brands-icon-400x381.png 400w, https:\/\/voyagerr.com\/wp-content\/uploads\/2023\/10\/swedish-brands-icon.png 535w\" data-sizes=\"auto\" data-orig-sizes=\"(max-width: 700px) 100vw, 200px\" \/><\/span><\/div><\/div><\/div><div class=\"fusion-layout-column fusion_builder_column fusion-builder-column-5 fusion_builder_column_1_5 1_5 fusion-flex-column\" style=\"--awb-bg-size:cover;--awb-width-large:20%;--awb-margin-top-large:0px;--awb-spacing-right-large:9.6%;--awb-margin-bottom-large:20px;--awb-spacing-left-large:9.6%;--awb-width-medium:20%;--awb-order-medium:0;--awb-spacing-right-medium:9.6%;--awb-spacing-left-medium:9.6%;--awb-width-small:100%;--awb-order-small:0;--awb-spacing-right-small:1.92%;--awb-spacing-left-small:1.92%;\"><div class=\"fusion-column-wrapper fusion-column-has-shadow fusion-flex-justify-content-flex-start fusion-content-layout-column\"><div class=\"fusion-image-element \" style=\"--awb-caption-title-font-family:var(--h2_typography-font-family);--awb-caption-title-font-weight:var(--h2_typography-font-weight);--awb-caption-title-font-style:var(--h2_typography-font-style);--awb-caption-title-size:var(--h2_typography-font-size);--awb-caption-title-transform:var(--h2_typography-text-transform);--awb-caption-title-line-height:var(--h2_typography-line-height);--awb-caption-title-letter-spacing:var(--h2_typography-letter-spacing);\"><span class=\" fusion-imageframe imageframe-none imageframe-3 hover-type-none\"><img decoding=\"async\" width=\"535\" height=\"511\" title=\"swedish-countries-icon\" src=\"https:\/\/voyagerr.com\/wp-content\/uploads\/2023\/10\/swedish-countries-icon.png\" data-orig-src=\"https:\/\/voyagerr.com\/wp-content\/uploads\/2023\/10\/swedish-countries-icon.png\" alt class=\"lazyload img-responsive wp-image-12200\" srcset=\"data:image\/svg+xml,%3Csvg%20xmlns%3D%27http%3A%2F%2Fwww.w3.org%2F2000%2Fsvg%27%20width%3D%27535%27%20height%3D%27511%27%20viewBox%3D%270%200%20535%20511%27%3E%3Crect%20width%3D%27535%27%20height%3D%27511%27%20fill-opacity%3D%220%22%2F%3E%3C%2Fsvg%3E\" data-srcset=\"https:\/\/voyagerr.com\/wp-content\/uploads\/2023\/10\/swedish-countries-icon-200x191.png 200w, https:\/\/voyagerr.com\/wp-content\/uploads\/2023\/10\/swedish-countries-icon-400x382.png 400w, https:\/\/voyagerr.com\/wp-content\/uploads\/2023\/10\/swedish-countries-icon.png 535w\" data-sizes=\"auto\" data-orig-sizes=\"(max-width: 700px) 100vw, 200px\" \/><\/span><\/div><\/div><\/div><div class=\"fusion-layout-column fusion_builder_column fusion-builder-column-6 fusion_builder_column_1_5 1_5 fusion-flex-column\" style=\"--awb-bg-size:cover;--awb-width-large:20%;--awb-margin-top-large:0px;--awb-spacing-right-large:9.6%;--awb-margin-bottom-large:20px;--awb-spacing-left-large:9.6%;--awb-width-medium:20%;--awb-order-medium:0;--awb-spacing-right-medium:9.6%;--awb-spacing-left-medium:9.6%;--awb-width-small:100%;--awb-order-small:0;--awb-spacing-right-small:1.92%;--awb-spacing-left-small:1.92%;\"><div class=\"fusion-column-wrapper fusion-column-has-shadow fusion-flex-justify-content-flex-start fusion-content-layout-column\"><div class=\"fusion-image-element \" style=\"--awb-caption-title-font-family:var(--h2_typography-font-family);--awb-caption-title-font-weight:var(--h2_typography-font-weight);--awb-caption-title-font-style:var(--h2_typography-font-style);--awb-caption-title-size:var(--h2_typography-font-size);--awb-caption-title-transform:var(--h2_typography-text-transform);--awb-caption-title-line-height:var(--h2_typography-line-height);--awb-caption-title-letter-spacing:var(--h2_typography-letter-spacing);\"><span class=\" fusion-imageframe imageframe-none imageframe-4 hover-type-none\"><img decoding=\"async\" width=\"535\" height=\"510\" title=\"modaxo-swedish-customers-icon\" src=\"https:\/\/voyagerr.com\/wp-content\/uploads\/2023\/09\/modaxo-swedish-customers-icon.png\" data-orig-src=\"https:\/\/voyagerr.com\/wp-content\/uploads\/2023\/09\/modaxo-swedish-customers-icon.png\" alt class=\"lazyload img-responsive wp-image-10200\" srcset=\"data:image\/svg+xml,%3Csvg%20xmlns%3D%27http%3A%2F%2Fwww.w3.org%2F2000%2Fsvg%27%20width%3D%27535%27%20height%3D%27510%27%20viewBox%3D%270%200%20535%20510%27%3E%3Crect%20width%3D%27535%27%20height%3D%27510%27%20fill-opacity%3D%220%22%2F%3E%3C%2Fsvg%3E\" data-srcset=\"https:\/\/voyagerr.com\/wp-content\/uploads\/2023\/09\/modaxo-swedish-customers-icon-200x191.png 200w, https:\/\/voyagerr.com\/wp-content\/uploads\/2023\/09\/modaxo-swedish-customers-icon-400x381.png 400w, https:\/\/voyagerr.com\/wp-content\/uploads\/2023\/09\/modaxo-swedish-customers-icon.png 535w\" data-sizes=\"auto\" data-orig-sizes=\"(max-width: 700px) 100vw, 200px\" \/><\/span><\/div><\/div><\/div><\/div><\/div><div class=\"fusion-fullwidth fullwidth-box fusion-builder-row-3 fusion-flex-container has-pattern-background has-mask-background nonhundred-percent-fullwidth non-hundred-percent-height-scrolling\" style=\"--awb-border-radius-top-left:0px;--awb-border-radius-top-right:0px;--awb-border-radius-bottom-right:0px;--awb-border-radius-bottom-left:0px;--awb-flex-wrap:wrap;\" ><div class=\"fusion-builder-row fusion-row fusion-flex-align-items-stretch fusion-flex-content-wrap\" style=\"max-width:1248px;margin-left: calc(-4% \/ 2 );margin-right: calc(-4% \/ 2 );\"><div class=\"fusion-layout-column fusion_builder_column fusion-builder-column-7 fusion_builder_column_1_2 1_2 fusion-flex-column\" style=\"--awb-bg-size:cover;--awb-width-large:50%;--awb-margin-top-large:0px;--awb-spacing-right-large:3.84%;--awb-margin-bottom-large:20px;--awb-spacing-left-large:3.84%;--awb-width-medium:50%;--awb-order-medium:0;--awb-spacing-right-medium:3.84%;--awb-spacing-left-medium:3.84%;--awb-width-small:100%;--awb-order-small:0;--awb-spacing-right-small:1.92%;--awb-spacing-left-small:1.92%;\"><div class=\"fusion-column-wrapper fusion-column-has-shadow fusion-flex-justify-content-flex-start fusion-content-layout-column\"><div class=\"fusion-text fusion-text-6\"><div>\n<h4>Modaxo: V\u00e5ra l\u00f6sningar<\/h4>\n<\/div>\n<p>Tillsammans erbjuder Modaxo-f\u00f6retag ett brett utbud av l\u00f6sningar som effektiviserar alla aspekter av persontransport och st\u00f6djer en m\u00e4ngd olika arbetss\u00e4tt och verksamhetsomr\u00e5den.<\/p>\n<\/div><\/div><\/div><div class=\"fusion-layout-column fusion_builder_column fusion-builder-column-8 fusion_builder_column_1_2 1_2 fusion-flex-column\" style=\"--awb-bg-size:cover;--awb-width-large:50%;--awb-margin-top-large:0px;--awb-spacing-right-large:3.84%;--awb-margin-bottom-large:20px;--awb-spacing-left-large:3.84%;--awb-width-medium:50%;--awb-order-medium:0;--awb-spacing-right-medium:3.84%;--awb-spacing-left-medium:3.84%;--awb-width-small:100%;--awb-order-small:0;--awb-spacing-right-small:1.92%;--awb-spacing-left-small:1.92%;\"><div class=\"fusion-column-wrapper fusion-column-has-shadow fusion-flex-justify-content-flex-start fusion-content-layout-column\"><div class=\"fusion-text fusion-text-7\"><h4 class=\"fusion-responsive-typography-calculated\" style=\"--fontsize: 28.43; line-height: 1.4;\" data-fontsize=\"28.43\" data-lineheight=\"39.802px\">Modaxos filosofi<\/h4>\n<p>Modaxo investerar i att utveckla och v\u00e4xa f\u00f6retag inom transport av m\u00e4nniskor \u2013 och vi s\u00e4ljer dem aldrig. Det betyder att n\u00e4r du arbetar med ett Modaxo-f\u00f6retag kan du vara s\u00e4ker p\u00e5 en l\u00e5ngsiktig relation.<\/p>\n<p>V\u00e5ra f\u00f6retags framg\u00e5ngar grundar sig p\u00e5 leverans av innovativa tekniska l\u00f6sningar som st\u00f6ds av passionerade experter som verkligen k\u00e4nner till sin region och marknad.<\/p>\n<\/div><div class=\"fusion-separator fusion-full-width-sep\" style=\"align-self: center;margin-left: auto;margin-right: auto;flex-grow:10;width:100%;\"><\/div><div ><a class=\"fusion-button button-flat fusion-button-default-size button-default fusion-button-default button-1 fusion-button-default-span fusion-button-default-type\" style=\"--button_margin-top:10px;--button_margin-bottom:30px;\" target=\"_blank\" rel=\"noopener noreferrer\" href=\"https:\/\/modaxo.com\"><span class=\"fusion-button-text awb-button__text awb-button__text--default\">Modaxos webbplats &#8230;<\/span><\/a><\/div><\/div><\/div><\/div><\/div><\/p>\n","protected":false},"excerpt":{"rendered":"","protected":false},"author":2,"featured_media":17877,"parent":12068,"menu_order":0,"comment_status":"closed","ping_status":"closed","template":"100-width.php","meta":{"content-type":"","footnotes":""},"class_list":["post-10175","page","type-page","status-publish","has-post-thumbnail","hentry"],"yoast_head":"<!-- This site is optimized with the Yoast SEO plugin v27.0 - https:\/\/yoast.com\/product\/yoast-seo-wordpress\/ -->\n<title>#WeAreModaxo - Voyagerr Demand Response<\/title>\n<meta name=\"description\" content=\"Voyagerr \u00e4r en del av Modaxo, ett kollektiv av f\u00f6retag som brinner f\u00f6r att f\u00f6rflytta m\u00e4nniskor och skapa innovativ teknik f\u00f6r persontransportbranschen.\" \/>\n<meta name=\"robots\" content=\"index, follow, max-snippet:-1, max-image-preview:large, max-video-preview:-1\" \/>\n<link rel=\"canonical\" href=\"https:\/\/voyagerr.com\/sv\/om-oss\/wearemodaxo\/\" \/>\n<meta property=\"og:locale\" content=\"sv_SE\" \/>\n<meta property=\"og:type\" content=\"article\" \/>\n<meta property=\"og:title\" content=\"#WeAreModaxo - Voyagerr Demand Response\" \/>\n<meta property=\"og:description\" content=\"Voyagerr \u00e4r en del av Modaxo, ett kollektiv av f\u00f6retag som brinner f\u00f6r att f\u00f6rflytta m\u00e4nniskor och skapa innovativ teknik f\u00f6r persontransportbranschen.\" \/>\n<meta property=\"og:url\" content=\"https:\/\/voyagerr.com\/sv\/om-oss\/wearemodaxo\/\" \/>\n<meta property=\"og:site_name\" content=\"Voyagerr Demand Response\" \/>\n<meta property=\"article:modified_time\" content=\"2023-10-04T07:46:32+00:00\" \/>\n<meta property=\"og:image\" content=\"https:\/\/voyagerr.com\/wp-content\/uploads\/2023\/09\/breathingsmiling.jpg\" \/>\n\t<meta property=\"og:image:width\" content=\"1800\" \/>\n\t<meta property=\"og:image:height\" content=\"1200\" \/>\n\t<meta property=\"og:image:type\" content=\"image\/jpeg\" \/>\n<meta name=\"twitter:card\" content=\"summary_large_image\" \/>\n<meta name=\"twitter:label1\" content=\"Ber\u00e4knad l\u00e4stid\" \/>\n\t<meta name=\"twitter:data1\" content=\"8 minuter\" \/>\n<script type=\"application\/ld+json\" class=\"yoast-schema-graph\">{\"@context\":\"https:\/\/schema.org\",\"@graph\":[{\"@type\":\"WebPage\",\"@id\":\"https:\/\/voyagerr.com\/sv\/om-oss\/wearemodaxo\/\",\"url\":\"https:\/\/voyagerr.com\/sv\/om-oss\/wearemodaxo\/\",\"name\":\"#WeAreModaxo - Voyagerr Demand Response\",\"isPartOf\":{\"@id\":\"https:\/\/voyagerr.com\/sv\/#website\"},\"primaryImageOfPage\":{\"@id\":\"https:\/\/voyagerr.com\/sv\/om-oss\/wearemodaxo\/#primaryimage\"},\"image\":{\"@id\":\"https:\/\/voyagerr.com\/sv\/om-oss\/wearemodaxo\/#primaryimage\"},\"thumbnailUrl\":\"https:\/\/voyagerr.com\/wp-content\/uploads\/2025\/11\/Modaxo_image.jpg\",\"datePublished\":\"2023-05-07T06:38:19+00:00\",\"dateModified\":\"2023-10-04T07:46:32+00:00\",\"description\":\"Voyagerr \u00e4r en del av Modaxo, ett kollektiv av f\u00f6retag som brinner f\u00f6r att f\u00f6rflytta m\u00e4nniskor och skapa innovativ teknik f\u00f6r persontransportbranschen.\",\"breadcrumb\":{\"@id\":\"https:\/\/voyagerr.com\/sv\/om-oss\/wearemodaxo\/#breadcrumb\"},\"inLanguage\":\"sv-SE\",\"potentialAction\":[{\"@type\":\"ReadAction\",\"target\":[\"https:\/\/voyagerr.com\/sv\/om-oss\/wearemodaxo\/\"]}]},{\"@type\":\"ImageObject\",\"inLanguage\":\"sv-SE\",\"@id\":\"https:\/\/voyagerr.com\/sv\/om-oss\/wearemodaxo\/#primaryimage\",\"url\":\"https:\/\/voyagerr.com\/wp-content\/uploads\/2025\/11\/Modaxo_image.jpg\",\"contentUrl\":\"https:\/\/voyagerr.com\/wp-content\/uploads\/2025\/11\/Modaxo_image.jpg\",\"width\":1800,\"height\":1200},{\"@type\":\"BreadcrumbList\",\"@id\":\"https:\/\/voyagerr.com\/sv\/om-oss\/wearemodaxo\/#breadcrumb\",\"itemListElement\":[{\"@type\":\"ListItem\",\"position\":1,\"name\":\"Home\",\"item\":\"https:\/\/voyagerr.com\/sv\/\"},{\"@type\":\"ListItem\",\"position\":2,\"name\":\"Om oss\",\"item\":\"https:\/\/voyagerr.com\/sv\/om-oss\/\"},{\"@type\":\"ListItem\",\"position\":3,\"name\":\"#WeAreModaxo\"}]},{\"@type\":\"WebSite\",\"@id\":\"https:\/\/voyagerr.com\/sv\/#website\",\"url\":\"https:\/\/voyagerr.com\/sv\/\",\"name\":\"Voyagerr Demand Response\",\"description\":\"Making every journey matter\",\"potentialAction\":[{\"@type\":\"SearchAction\",\"target\":{\"@type\":\"EntryPoint\",\"urlTemplate\":\"https:\/\/voyagerr.com\/sv\/?s={search_term_string}\"},\"query-input\":{\"@type\":\"PropertyValueSpecification\",\"valueRequired\":true,\"valueName\":\"search_term_string\"}}],\"inLanguage\":\"sv-SE\"}]}<\/script>\n<!-- \/ Yoast SEO plugin. -->","yoast_head_json":{"title":"#WeAreModaxo - Voyagerr Demand Response","description":"Voyagerr \u00e4r en del av Modaxo, ett kollektiv av f\u00f6retag som brinner f\u00f6r att f\u00f6rflytta m\u00e4nniskor och skapa innovativ teknik f\u00f6r persontransportbranschen.","robots":{"index":"index","follow":"follow","max-snippet":"max-snippet:-1","max-image-preview":"max-image-preview:large","max-video-preview":"max-video-preview:-1"},"canonical":"https:\/\/voyagerr.com\/sv\/om-oss\/wearemodaxo\/","og_locale":"sv_SE","og_type":"article","og_title":"#WeAreModaxo - Voyagerr Demand Response","og_description":"Voyagerr \u00e4r en del av Modaxo, ett kollektiv av f\u00f6retag som brinner f\u00f6r att f\u00f6rflytta m\u00e4nniskor och skapa innovativ teknik f\u00f6r persontransportbranschen.","og_url":"https:\/\/voyagerr.com\/sv\/om-oss\/wearemodaxo\/","og_site_name":"Voyagerr Demand Response","article_modified_time":"2023-10-04T07:46:32+00:00","og_image":[{"width":1800,"height":1200,"url":"https:\/\/voyagerr.com\/wp-content\/uploads\/2023\/09\/breathingsmiling.jpg","type":"image\/jpeg"}],"twitter_card":"summary_large_image","twitter_misc":{"Ber\u00e4knad l\u00e4stid":"8 minuter"},"schema":{"@context":"https:\/\/schema.org","@graph":[{"@type":"WebPage","@id":"https:\/\/voyagerr.com\/sv\/om-oss\/wearemodaxo\/","url":"https:\/\/voyagerr.com\/sv\/om-oss\/wearemodaxo\/","name":"#WeAreModaxo - Voyagerr Demand Response","isPartOf":{"@id":"https:\/\/voyagerr.com\/sv\/#website"},"primaryImageOfPage":{"@id":"https:\/\/voyagerr.com\/sv\/om-oss\/wearemodaxo\/#primaryimage"},"image":{"@id":"https:\/\/voyagerr.com\/sv\/om-oss\/wearemodaxo\/#primaryimage"},"thumbnailUrl":"https:\/\/voyagerr.com\/wp-content\/uploads\/2025\/11\/Modaxo_image.jpg","datePublished":"2023-05-07T06:38:19+00:00","dateModified":"2023-10-04T07:46:32+00:00","description":"Voyagerr \u00e4r en del av Modaxo, ett kollektiv av f\u00f6retag som brinner f\u00f6r att f\u00f6rflytta m\u00e4nniskor och skapa innovativ teknik f\u00f6r persontransportbranschen.","breadcrumb":{"@id":"https:\/\/voyagerr.com\/sv\/om-oss\/wearemodaxo\/#breadcrumb"},"inLanguage":"sv-SE","potentialAction":[{"@type":"ReadAction","target":["https:\/\/voyagerr.com\/sv\/om-oss\/wearemodaxo\/"]}]},{"@type":"ImageObject","inLanguage":"sv-SE","@id":"https:\/\/voyagerr.com\/sv\/om-oss\/wearemodaxo\/#primaryimage","url":"https:\/\/voyagerr.com\/wp-content\/uploads\/2025\/11\/Modaxo_image.jpg","contentUrl":"https:\/\/voyagerr.com\/wp-content\/uploads\/2025\/11\/Modaxo_image.jpg","width":1800,"height":1200},{"@type":"BreadcrumbList","@id":"https:\/\/voyagerr.com\/sv\/om-oss\/wearemodaxo\/#breadcrumb","itemListElement":[{"@type":"ListItem","position":1,"name":"Home","item":"https:\/\/voyagerr.com\/sv\/"},{"@type":"ListItem","position":2,"name":"Om oss","item":"https:\/\/voyagerr.com\/sv\/om-oss\/"},{"@type":"ListItem","position":3,"name":"#WeAreModaxo"}]},{"@type":"WebSite","@id":"https:\/\/voyagerr.com\/sv\/#website","url":"https:\/\/voyagerr.com\/sv\/","name":"Voyagerr Demand Response","description":"Making every journey matter","potentialAction":[{"@type":"SearchAction","target":{"@type":"EntryPoint","urlTemplate":"https:\/\/voyagerr.com\/sv\/?s={search_term_string}"},"query-input":{"@type":"PropertyValueSpecification","valueRequired":true,"valueName":"search_term_string"}}],"inLanguage":"sv-SE"}]}},"_links":{"self":[{"href":"https:\/\/voyagerr.com\/sv\/wp-json\/wp\/v2\/pages\/10175","targetHints":{"allow":["GET"]}}],"collection":[{"href":"https:\/\/voyagerr.com\/sv\/wp-json\/wp\/v2\/pages"}],"about":[{"href":"https:\/\/voyagerr.com\/sv\/wp-json\/wp\/v2\/types\/page"}],"author":[{"embeddable":true,"href":"https:\/\/voyagerr.com\/sv\/wp-json\/wp\/v2\/users\/2"}],"replies":[{"embeddable":true,"href":"https:\/\/voyagerr.com\/sv\/wp-json\/wp\/v2\/comments?post=10175"}],"version-history":[{"count":7,"href":"https:\/\/voyagerr.com\/sv\/wp-json\/wp\/v2\/pages\/10175\/revisions"}],"predecessor-version":[{"id":12207,"href":"https:\/\/voyagerr.com\/sv\/wp-json\/wp\/v2\/pages\/10175\/revisions\/12207"}],"up":[{"embeddable":true,"href":"https:\/\/voyagerr.com\/sv\/wp-json\/wp\/v2\/pages\/12068"}],"wp:featuredmedia":[{"embeddable":true,"href":"https:\/\/voyagerr.com\/sv\/wp-json\/wp\/v2\/media\/17877"}],"wp:attachment":[{"href":"https:\/\/voyagerr.com\/sv\/wp-json\/wp\/v2\/media?parent=10175"}],"curies":[{"name":"wp","href":"https:\/\/api.w.org\/{rel}","templated":true}]}}