{"id":14068,"date":"2023-05-29T10:43:19","date_gmt":"2023-05-29T10:43:19","guid":{"rendered":"https:\/\/voyagerr.com\/visjon-og-historie\/"},"modified":"2024-02-05T12:54:37","modified_gmt":"2024-02-05T12:54:37","slug":"visjon-og-historie","status":"publish","type":"page","link":"https:\/\/voyagerr.com\/no\/om-oss\/visjon-og-historie\/","title":{"rendered":"Visjon og historie"},"content":{"rendered":"<p><div class=\"fusion-fullwidth fullwidth-box fusion-builder-row-1 fusion-flex-container has-pattern-background has-mask-background nonhundred-percent-fullwidth non-hundred-percent-height-scrolling\" style=\"--awb-border-radius-top-left:0px;--awb-border-radius-top-right:0px;--awb-border-radius-bottom-right:0px;--awb-border-radius-bottom-left:0px;--awb-padding-top:0px;--awb-flex-wrap:wrap;\" ><div class=\"fusion-builder-row fusion-row fusion-flex-align-items-flex-start fusion-flex-justify-content-center fusion-flex-content-wrap\" style=\"max-width:1248px;margin-left: calc(-4% \/ 2 );margin-right: calc(-4% \/ 2 );\"><div class=\"fusion-layout-column fusion_builder_column fusion-builder-column-0 fusion_builder_column_1_1 1_1 fusion-flex-column\" style=\"--awb-bg-size:cover;--awb-width-large:100%;--awb-margin-top-large:0px;--awb-spacing-right-large:1.92%;--awb-margin-bottom-large:20px;--awb-spacing-left-large:1.92%;--awb-width-medium:100%;--awb-order-medium:0;--awb-spacing-right-medium:1.92%;--awb-spacing-left-medium:1.92%;--awb-width-small:100%;--awb-order-small:0;--awb-spacing-right-small:1.92%;--awb-spacing-left-small:1.92%;\"><div class=\"fusion-column-wrapper fusion-column-has-shadow fusion-flex-justify-content-flex-start fusion-content-layout-column\"><div class=\"fusion-text fusion-text-1\" style=\"--awb-font-size:40px;--awb-text-color:#000000;--awb-margin-top:20px;--awb-text-font-family:&quot;Plus Jakarta Sans&quot;;--awb-text-font-style:normal;--awb-text-font-weight:500;\"><p style=\"font-weight: 400; text-align: center;\"><strong>We are passionate about mobility for all<br \/>\n&#8211; making every journey matter.<\/strong><\/p>\n<\/div><\/div><\/div><\/div><\/div><div class=\"fusion-fullwidth fullwidth-box fusion-builder-row-2 fusion-flex-container has-pattern-background has-mask-background nonhundred-percent-fullwidth non-hundred-percent-height-scrolling\" style=\"--awb-border-radius-top-left:0px;--awb-border-radius-top-right:0px;--awb-border-radius-bottom-right:0px;--awb-border-radius-bottom-left:0px;--awb-flex-wrap:wrap;\" ><div class=\"fusion-builder-row fusion-row fusion-flex-align-items-flex-start fusion-flex-content-wrap\" style=\"max-width:1248px;margin-left: calc(-4% \/ 2 );margin-right: calc(-4% \/ 2 );\"><div class=\"fusion-layout-column fusion_builder_column fusion-builder-column-1 fusion_builder_column_1_1 1_1 fusion-flex-column\" style=\"--awb-bg-size:cover;--awb-width-large:100%;--awb-margin-top-large:0px;--awb-spacing-right-large:1.92%;--awb-margin-bottom-large:20px;--awb-spacing-left-large:1.92%;--awb-width-medium:100%;--awb-order-medium:0;--awb-spacing-right-medium:1.92%;--awb-spacing-left-medium:1.92%;--awb-width-small:100%;--awb-order-small:0;--awb-spacing-right-small:1.92%;--awb-spacing-left-small:1.92%;\"><div class=\"fusion-column-wrapper fusion-column-has-shadow fusion-flex-justify-content-flex-start fusion-content-layout-column\"><div class=\"fusion-text fusion-text-2\" style=\"--awb-margin-top:30px;\"><p style=\"text-align: center;\"><b>Voyagerr tilbyr teknologil\u00f8sninger som hjelper lokalsamfunn med \u00e5 levere b\u00e6rekraftig mobilitet til alle.<\/b><\/p>\n<\/div><div class=\"fusion-text fusion-text-3\" style=\"--awb-content-alignment:center;\" id=\"about-us-vide-width-mobile\"><p><div class=\"video-shortcode\"><iframe class=\"wp-embedded-content\" sandbox=\"allow-scripts\" security=\"restricted\" title=\"Voyagerr - intro - Norsk Video\" src=\"https:\/\/fast.wistia.net\/embed\/iframe\/9qfigvcm8j?dnt=1#?secret=tQsjBXJaCH\" data-secret=\"tQsjBXJaCH\" frameborder=\"0\" scrolling=\"no\" width=\"960\" height=\"540\"><\/iframe><\/div><\/p>\n<\/div><div class=\"fusion-separator fusion-full-width-sep\" style=\"align-self: center;margin-left: auto;margin-right: auto;margin-top:15px;width:100%;\"><\/div><div class=\"fusion-text fusion-text-4\"><p style=\"text-align: center;\">Se videoen for en introduksjon til Voyagerrs \u2018DNA\u2019.<\/p>\n<\/div><\/div><\/div><\/div><\/div><div class=\"fusion-fullwidth fullwidth-box fusion-builder-row-3 fusion-flex-container has-pattern-background has-mask-background nonhundred-percent-fullwidth non-hundred-percent-height-scrolling\" style=\"--awb-border-radius-top-left:0px;--awb-border-radius-top-right:0px;--awb-border-radius-bottom-right:0px;--awb-border-radius-bottom-left:0px;--awb-padding-top:96px;--awb-padding-bottom:85px;--awb-background-image:linear-gradient(218deg, var(--awb-custom_color_4) 0%,var(--awb-custom_color_5) 100%);--awb-flex-wrap:wrap;\" ><div class=\"fusion-builder-row fusion-row fusion-flex-align-items-flex-start fusion-flex-justify-content-center fusion-flex-content-wrap\" style=\"max-width:1248px;margin-left: calc(-4% \/ 2 );margin-right: calc(-4% \/ 2 );\"><div class=\"fusion-layout-column fusion_builder_column fusion-builder-column-2 fusion_builder_column_1_1 1_1 fusion-flex-column\" style=\"--awb-padding-right:176px;--awb-padding-left:177px;--awb-padding-right-small:19px;--awb-padding-left-small:20px;--awb-bg-size:cover;--awb-width-large:100%;--awb-margin-top-large:0px;--awb-spacing-right-large:1.92%;--awb-margin-bottom-large:61px;--awb-spacing-left-large:1.92%;--awb-width-medium:100%;--awb-order-medium:0;--awb-spacing-right-medium:1.92%;--awb-spacing-left-medium:1.92%;--awb-width-small:100%;--awb-order-small:0;--awb-spacing-right-small:1.92%;--awb-spacing-left-small:1.92%;\"><div class=\"fusion-column-wrapper fusion-column-has-shadow fusion-flex-justify-content-flex-start fusion-content-layout-column\"><div class=\"fusion-text fusion-text-5\"><h4 class=\"fusion-responsive-typography-calculated\" style=\"--fontsize: 28.43; line-height: 1.4;\" data-fontsize=\"28.43\" data-lineheight=\"39.802px\">Voyagerrs historie \u2013 30+ \u00e5r med erfaring<\/h4>\n<p>Voyagerr ble til i 2023 som en rebranding av den tidligere skandinaviske og nord-europeiske bedriften Trapeze Europe Demand Response, sammen med PLANit Sweden AB og Malmator, for \u00e5 kunne fokusere p\u00e5 \u00e5 m\u00f8te behov for teknologil\u00f8sninger til ny mobilitet hos europeiske samferdselsmyndigheter og transportoperat\u00f8rer.<\/p>\n<p>Med Voyagerrs fokus p\u00e5 on-demand response-teknologi, kan eksisterende og fremtidige kunder f\u00e5 glede av Trapezes, PLANits og Malmators mer enn 30 \u00e5rs spesialisterfaring innenfor omr\u00e5det. I tillegg kan de forvente et enda skarpere fokus p\u00e5 teknologiske l\u00f8sninger som bygger under ny mobilitet for alle passasjerkategorier. Slik fortsetter Voyagerr-brandet \u00e5 vokse og utvide seg sammen med behovene til transportoperat\u00f8rer, passasjerer, samferdselsmyndigheter og lokalsamfunnene deres.<\/p>\n<p>Gjennom \u00e5 v\u00e6re en del av Modaxos portef\u00f8lje er det mulig for Voyagerr \u00e5 utnytte de beste l\u00f8sningene og ressursene fra et bredt nettverk av likeverdige virksomheter.<\/p>\n<\/div><\/div><\/div><\/div><\/div><div class=\"fusion-fullwidth fullwidth-box fusion-builder-row-4 fusion-flex-container has-pattern-background has-mask-background nonhundred-percent-fullwidth non-hundred-percent-height-scrolling\" style=\"--awb-border-radius-top-left:0px;--awb-border-radius-top-right:0px;--awb-border-radius-bottom-right:0px;--awb-border-radius-bottom-left:0px;--awb-flex-wrap:wrap;\" ><div class=\"fusion-builder-row fusion-row fusion-flex-align-items-stretch fusion-flex-content-wrap\" style=\"max-width:1248px;margin-left: calc(-4% \/ 2 );margin-right: calc(-4% \/ 2 );\"><div class=\"fusion-layout-column fusion_builder_column fusion-builder-column-3 fusion_builder_column_1_2 1_2 fusion-flex-column\" style=\"--awb-bg-size:cover;--awb-width-large:50%;--awb-margin-top-large:30px;--awb-spacing-right-large:3.84%;--awb-margin-bottom-large:20px;--awb-spacing-left-large:3.84%;--awb-width-medium:50%;--awb-order-medium:0;--awb-spacing-right-medium:3.84%;--awb-spacing-left-medium:3.84%;--awb-width-small:100%;--awb-order-small:0;--awb-spacing-right-small:1.92%;--awb-spacing-left-small:1.92%;\"><div class=\"fusion-column-wrapper fusion-column-has-shadow fusion-flex-justify-content-flex-start fusion-content-layout-column\"><div class=\"fusion-image-element \" style=\"--awb-aspect-ratio:4 \/ 3;--awb-caption-title-font-family:var(--h2_typography-font-family);--awb-caption-title-font-weight:var(--h2_typography-font-weight);--awb-caption-title-font-style:var(--h2_typography-font-style);--awb-caption-title-size:var(--h2_typography-font-size);--awb-caption-title-transform:var(--h2_typography-text-transform);--awb-caption-title-line-height:var(--h2_typography-line-height);--awb-caption-title-letter-spacing:var(--h2_typography-letter-spacing);\"><span class=\" fusion-imageframe imageframe-none imageframe-1 hover-type-zoomin has-aspect-ratio\"><img decoding=\"async\" width=\"300\" height=\"200\" title=\"mobility_for_all\" src=\"https:\/\/voyagerr.com\/wp-content\/uploads\/2023\/05\/mobility_for_all.jpg\" data-orig-src=\"https:\/\/voyagerr.com\/wp-content\/uploads\/2023\/05\/mobility_for_all-300x200.jpg\" class=\"lazyload img-responsive wp-image-14072 img-with-aspect-ratio\" data-parent-fit=\"cover\" data-parent-container=\".fusion-image-element\" alt srcset=\"data:image\/svg+xml,%3Csvg%20xmlns%3D%27http%3A%2F%2Fwww.w3.org%2F2000%2Fsvg%27%20width%3D%271800%27%20height%3D%271200%27%20viewBox%3D%270%200%201800%201200%27%3E%3Crect%20width%3D%271800%27%20height%3D%271200%27%20fill-opacity%3D%220%22%2F%3E%3C%2Fsvg%3E\" data-srcset=\"https:\/\/voyagerr.com\/wp-content\/uploads\/2023\/05\/mobility_for_all-200x133.jpg 200w, https:\/\/voyagerr.com\/wp-content\/uploads\/2023\/05\/mobility_for_all-400x267.jpg 400w, https:\/\/voyagerr.com\/wp-content\/uploads\/2023\/05\/mobility_for_all-600x400.jpg 600w, https:\/\/voyagerr.com\/wp-content\/uploads\/2023\/05\/mobility_for_all-800x533.jpg 800w, https:\/\/voyagerr.com\/wp-content\/uploads\/2023\/05\/mobility_for_all-1200x800.jpg 1200w, https:\/\/voyagerr.com\/wp-content\/uploads\/2023\/05\/mobility_for_all.jpg 1800w\" data-sizes=\"auto\" data-orig-sizes=\"(max-width: 700px) 100vw, 600px\" \/><\/span><\/div><div class=\"fusion-text fusion-text-6\"><div>\n<h4>Vi tror p\u00e5:<\/h4>\n<\/div>\n<ul>\n<li>Mobilitet for alle \u2013 p\u00e5litelige, trygge og sammenhengende reiser.<\/li>\n<li>Utvikling av p\u00e5litelig, trygg og sikker teknologi som hjelper operat\u00f8rene med \u00e5 effektivt opprettholde og utvikle virksomheten deres og tilby best mulige tjenester til passasjerene sine.<\/li>\n<li>Gi transportmyndigheter i byer og regioner verkt\u00f8yene til \u00e5 effektivt tilrettelegge og administrer tjenester innen mobilitet \u2013n\u00e5 og i fremtiden \u2013 og kontinuerlig bedre passasjeropplevelsen.<\/li>\n<li>On-demand-transport blir mer og mer avgj\u00f8rende for \u00e5 redusere utslipp og forbedre trafikken i byer.<\/li>\n<\/ul>\n<\/div><\/div><\/div><div class=\"fusion-layout-column fusion_builder_column fusion-builder-column-4 fusion_builder_column_1_2 1_2 fusion-flex-column\" style=\"--awb-bg-size:cover;--awb-width-large:50%;--awb-margin-top-large:30px;--awb-spacing-right-large:3.84%;--awb-margin-bottom-large:20px;--awb-spacing-left-large:3.84%;--awb-width-medium:50%;--awb-order-medium:0;--awb-spacing-right-medium:3.84%;--awb-spacing-left-medium:3.84%;--awb-width-small:100%;--awb-order-small:0;--awb-spacing-right-small:1.92%;--awb-spacing-left-small:1.92%;\"><div class=\"fusion-column-wrapper fusion-column-has-shadow fusion-flex-justify-content-flex-start fusion-content-layout-column\"><div class=\"fusion-image-element \" style=\"--awb-aspect-ratio:4 \/ 3;--awb-caption-title-font-family:var(--h2_typography-font-family);--awb-caption-title-font-weight:var(--h2_typography-font-weight);--awb-caption-title-font-style:var(--h2_typography-font-style);--awb-caption-title-size:var(--h2_typography-font-size);--awb-caption-title-transform:var(--h2_typography-text-transform);--awb-caption-title-line-height:var(--h2_typography-line-height);--awb-caption-title-letter-spacing:var(--h2_typography-letter-spacing);\"><span class=\" fusion-imageframe imageframe-none imageframe-2 hover-type-zoomin has-aspect-ratio\"><img decoding=\"async\" width=\"300\" height=\"200\" title=\"we_are_modaxo-hashtag\" src=\"https:\/\/voyagerr.com\/wp-content\/uploads\/2023\/05\/we_are_modaxo-hashtag.png\" data-orig-src=\"https:\/\/voyagerr.com\/wp-content\/uploads\/2023\/05\/we_are_modaxo-hashtag-300x200.png\" class=\"lazyload img-responsive wp-image-14071 img-with-aspect-ratio\" data-parent-fit=\"cover\" data-parent-container=\".fusion-image-element\" alt srcset=\"data:image\/svg+xml,%3Csvg%20xmlns%3D%27http%3A%2F%2Fwww.w3.org%2F2000%2Fsvg%27%20width%3D%271800%27%20height%3D%271200%27%20viewBox%3D%270%200%201800%201200%27%3E%3Crect%20width%3D%271800%27%20height%3D%271200%27%20fill-opacity%3D%220%22%2F%3E%3C%2Fsvg%3E\" data-srcset=\"https:\/\/voyagerr.com\/wp-content\/uploads\/2023\/05\/we_are_modaxo-hashtag-200x133.png 200w, https:\/\/voyagerr.com\/wp-content\/uploads\/2023\/05\/we_are_modaxo-hashtag-400x267.png 400w, https:\/\/voyagerr.com\/wp-content\/uploads\/2023\/05\/we_are_modaxo-hashtag-600x400.png 600w, https:\/\/voyagerr.com\/wp-content\/uploads\/2023\/05\/we_are_modaxo-hashtag-800x533.png 800w, https:\/\/voyagerr.com\/wp-content\/uploads\/2023\/05\/we_are_modaxo-hashtag-1200x800.png 1200w, https:\/\/voyagerr.com\/wp-content\/uploads\/2023\/05\/we_are_modaxo-hashtag.png 1800w\" data-sizes=\"auto\" data-orig-sizes=\"(max-width: 700px) 100vw, 600px\" \/><\/span><\/div><div class=\"fusion-text fusion-text-7\"><h4>Vi er en del av Modaxo<\/h4>\n<p>Modaxos filosofi er \u00e5 investere i utviklingen og veksten i persontransportsektoren \u2013 og \u00e5 beholde dem. Dette inneb\u00e6rer at et samarbeid med en Modaxo-bedrift er en sikker vei til et langvarig samarbeid.<\/p>\n<p>Modaxo-bedriftenes suksesshistorier er basert p\u00e5 levering av innovative teknologiske l\u00f8sninger i samspill med dyktige spesialister som virkelig kjenner regionene og markedene sine. Mer om Modaxo.<\/p>\n<\/div><div class=\"fusion-separator fusion-full-width-sep\" style=\"align-self: center;margin-left: auto;margin-right: auto;flex-grow:10;width:100%;\"><\/div><div ><a class=\"fusion-button button-flat fusion-button-default-size button-default fusion-button-default button-1 fusion-button-default-span fusion-button-default-type\" style=\"--button_margin-top:10px;--button_margin-bottom:30px;\" target=\"_blank\" rel=\"noopener noreferrer\" href=\"https:\/\/voyagerr.com\/no\/wearemodaxo\/\"><span class=\"fusion-button-text awb-button__text awb-button__text--default\">Mer om Modaxo <\/span><\/a><\/div><\/div><\/div><\/div><\/div><div class=\"fusion-fullwidth fullwidth-box fusion-builder-row-5 fusion-flex-container has-pattern-background has-mask-background nonhundred-percent-fullwidth non-hundred-percent-height-scrolling\" style=\"--awb-border-radius-top-left:0px;--awb-border-radius-top-right:0px;--awb-border-radius-bottom-right:0px;--awb-border-radius-bottom-left:0px;--awb-padding-top:96px;--awb-padding-bottom:85px;--awb-background-image:linear-gradient(218deg, var(--awb-custom_color_4) 0%,var(--awb-custom_color_5) 100%);--awb-flex-wrap:wrap;\" ><div class=\"fusion-builder-row fusion-row fusion-flex-align-items-flex-start fusion-flex-justify-content-center fusion-flex-content-wrap\" style=\"max-width:1248px;margin-left: calc(-4% \/ 2 );margin-right: calc(-4% \/ 2 );\"><div class=\"fusion-layout-column fusion_builder_column fusion-builder-column-5 fusion_builder_column_1_1 1_1 fusion-flex-column\" style=\"--awb-padding-right:176px;--awb-padding-left:177px;--awb-padding-right-small:20px;--awb-padding-left-small:19px;--awb-bg-size:cover;--awb-width-large:100%;--awb-margin-top-large:0px;--awb-spacing-right-large:1.92%;--awb-margin-bottom-large:61px;--awb-spacing-left-large:1.92%;--awb-width-medium:100%;--awb-order-medium:0;--awb-spacing-right-medium:1.92%;--awb-spacing-left-medium:1.92%;--awb-width-small:100%;--awb-order-small:0;--awb-spacing-right-small:1.92%;--awb-spacing-left-small:1.92%;\"><div class=\"fusion-column-wrapper fusion-column-has-shadow fusion-flex-justify-content-flex-start fusion-content-layout-column\"><div class=\"fusion-text fusion-text-8\"><h4 class=\"\" style=\"--fontsize: 28.43; line-height: 1.4;\" data-fontsize=\"28.43\" data-lineheight=\"39.802px\"><strong>Navnet Voyagerr<\/strong><\/h4>\n<p>Voyagerr fokuserer utelukkende p\u00e5 \u00e5 im\u00f8tekomme behovet for tekniske l\u00f8sninger for ny mobilitet hos europeiske transportmyndigheter og operat\u00f8rer. <span style=\"background-color: var(--awb-bg-color-hover); color: var(--awb-text-color); font-family: var(--awb-text-font-family); font-size: var(--awb-font-size); font-style: var(--awb-text-font-style); font-weight: var(--awb-text-font-weight); letter-spacing: var(--awb-letter-spacing); text-align: var(--awb-content-alignment); text-transform: var(--awb-text-transform);\">Navnet kan assosieres med passasjerer, reiser og daglig transport. P\u00e5 et mer overordnet plan kan det assosieres med innovasjon og reiser inn i fremtiden, da Voyagerrs l\u00f8sninger bygger p\u00e5 avansert teknologi med kontinuerlig utvikling og nye funksjoner.<\/span><\/p>\n<p>Den ekstra <b>r<\/b>-en i slutten av navnet er stum. Den kan assosieres med utvidelser, dvs. forlengede reiser og utvidede l\u00f8sninger \u2013 og respons p\u00e5 passasjerbehov og \u00f8nsker og behov hos kundene v\u00e5re.<\/p>\n<\/div><\/div><\/div><\/div><\/div><\/p>\n","protected":false},"excerpt":{"rendered":"","protected":false},"author":2,"featured_media":14069,"parent":14077,"menu_order":0,"comment_status":"closed","ping_status":"closed","template":"100-width.php","meta":{"content-type":"","footnotes":""},"class_list":["post-14068","page","type-page","status-publish","has-post-thumbnail","hentry"],"yoast_head":"<!-- This site is optimized with the Yoast SEO plugin v27.0 - https:\/\/yoast.com\/product\/yoast-seo-wordpress\/ -->\n<title>Visjon og historie - Voyagerr Demand Response<\/title>\n<meta name=\"description\" content=\"Voyagerr focuses exclusively on meeting the need for new mobility technology solutions of European public transport authorities and operators.\" \/>\n<meta name=\"robots\" content=\"index, follow, max-snippet:-1, max-image-preview:large, max-video-preview:-1\" \/>\n<link rel=\"canonical\" href=\"https:\/\/voyagerr.com\/no\/om-oss\/visjon-og-historie\/\" \/>\n<meta property=\"og:locale\" content=\"nb_NO\" \/>\n<meta property=\"og:type\" content=\"article\" \/>\n<meta property=\"og:title\" content=\"Visjon og historie - Voyagerr Demand Response\" \/>\n<meta property=\"og:description\" content=\"Voyagerr focuses exclusively on meeting the need for new mobility technology solutions of European public transport authorities and operators.\" \/>\n<meta property=\"og:url\" content=\"https:\/\/voyagerr.com\/no\/om-oss\/visjon-og-historie\/\" \/>\n<meta property=\"og:site_name\" content=\"Voyagerr Demand Response\" \/>\n<meta property=\"article:modified_time\" content=\"2024-02-05T12:54:37+00:00\" \/>\n<meta property=\"og:image\" content=\"https:\/\/voyagerr.com\/wp-content\/uploads\/2023\/05\/Vision_new_mobility.jpg\" \/>\n\t<meta property=\"og:image:width\" content=\"1800\" \/>\n\t<meta property=\"og:image:height\" content=\"1200\" \/>\n\t<meta property=\"og:image:type\" content=\"image\/jpeg\" \/>\n<meta name=\"twitter:card\" content=\"summary_large_image\" \/>\n<meta name=\"twitter:label1\" content=\"Ansl. lesetid\" \/>\n\t<meta name=\"twitter:data1\" content=\"7 minutter\" \/>\n<script type=\"application\/ld+json\" class=\"yoast-schema-graph\">{\"@context\":\"https:\/\/schema.org\",\"@graph\":[{\"@type\":\"WebPage\",\"@id\":\"https:\/\/voyagerr.com\/no\/om-oss\/visjon-og-historie\/\",\"url\":\"https:\/\/voyagerr.com\/no\/om-oss\/visjon-og-historie\/\",\"name\":\"Visjon og historie - Voyagerr Demand Response\",\"isPartOf\":{\"@id\":\"https:\/\/voyagerr.com\/no\/#website\"},\"primaryImageOfPage\":{\"@id\":\"https:\/\/voyagerr.com\/no\/om-oss\/visjon-og-historie\/#primaryimage\"},\"image\":{\"@id\":\"https:\/\/voyagerr.com\/no\/om-oss\/visjon-og-historie\/#primaryimage\"},\"thumbnailUrl\":\"https:\/\/voyagerr.com\/wp-content\/uploads\/2023\/05\/Vision_new_mobility.jpg\",\"datePublished\":\"2023-05-29T10:43:19+00:00\",\"dateModified\":\"2024-02-05T12:54:37+00:00\",\"description\":\"Voyagerr focuses exclusively on meeting the need for new mobility technology solutions of European public transport authorities and operators.\",\"breadcrumb\":{\"@id\":\"https:\/\/voyagerr.com\/no\/om-oss\/visjon-og-historie\/#breadcrumb\"},\"inLanguage\":\"nb-NO\",\"potentialAction\":[{\"@type\":\"ReadAction\",\"target\":[\"https:\/\/voyagerr.com\/no\/om-oss\/visjon-og-historie\/\"]}]},{\"@type\":\"ImageObject\",\"inLanguage\":\"nb-NO\",\"@id\":\"https:\/\/voyagerr.com\/no\/om-oss\/visjon-og-historie\/#primaryimage\",\"url\":\"https:\/\/voyagerr.com\/wp-content\/uploads\/2023\/05\/Vision_new_mobility.jpg\",\"contentUrl\":\"https:\/\/voyagerr.com\/wp-content\/uploads\/2023\/05\/Vision_new_mobility.jpg\",\"width\":1800,\"height\":1200},{\"@type\":\"BreadcrumbList\",\"@id\":\"https:\/\/voyagerr.com\/no\/om-oss\/visjon-og-historie\/#breadcrumb\",\"itemListElement\":[{\"@type\":\"ListItem\",\"position\":1,\"name\":\"Home\",\"item\":\"https:\/\/voyagerr.com\/no\/\"},{\"@type\":\"ListItem\",\"position\":2,\"name\":\"Om oss\",\"item\":\"https:\/\/voyagerr.com\/no\/om-oss\/\"},{\"@type\":\"ListItem\",\"position\":3,\"name\":\"Visjon og historie\"}]},{\"@type\":\"WebSite\",\"@id\":\"https:\/\/voyagerr.com\/no\/#website\",\"url\":\"https:\/\/voyagerr.com\/no\/\",\"name\":\"Voyagerr Demand Response\",\"description\":\"Making every journey matter\",\"potentialAction\":[{\"@type\":\"SearchAction\",\"target\":{\"@type\":\"EntryPoint\",\"urlTemplate\":\"https:\/\/voyagerr.com\/no\/?s={search_term_string}\"},\"query-input\":{\"@type\":\"PropertyValueSpecification\",\"valueRequired\":true,\"valueName\":\"search_term_string\"}}],\"inLanguage\":\"nb-NO\"}]}<\/script>\n<!-- \/ Yoast SEO plugin. -->","yoast_head_json":{"title":"Visjon og historie - Voyagerr Demand Response","description":"Voyagerr focuses exclusively on meeting the need for new mobility technology solutions of European public transport authorities and operators.","robots":{"index":"index","follow":"follow","max-snippet":"max-snippet:-1","max-image-preview":"max-image-preview:large","max-video-preview":"max-video-preview:-1"},"canonical":"https:\/\/voyagerr.com\/no\/om-oss\/visjon-og-historie\/","og_locale":"nb_NO","og_type":"article","og_title":"Visjon og historie - Voyagerr Demand Response","og_description":"Voyagerr focuses exclusively on meeting the need for new mobility technology solutions of European public transport authorities and operators.","og_url":"https:\/\/voyagerr.com\/no\/om-oss\/visjon-og-historie\/","og_site_name":"Voyagerr Demand Response","article_modified_time":"2024-02-05T12:54:37+00:00","og_image":[{"width":1800,"height":1200,"url":"https:\/\/voyagerr.com\/wp-content\/uploads\/2023\/05\/Vision_new_mobility.jpg","type":"image\/jpeg"}],"twitter_card":"summary_large_image","twitter_misc":{"Ansl. lesetid":"7 minutter"},"schema":{"@context":"https:\/\/schema.org","@graph":[{"@type":"WebPage","@id":"https:\/\/voyagerr.com\/no\/om-oss\/visjon-og-historie\/","url":"https:\/\/voyagerr.com\/no\/om-oss\/visjon-og-historie\/","name":"Visjon og historie - Voyagerr Demand Response","isPartOf":{"@id":"https:\/\/voyagerr.com\/no\/#website"},"primaryImageOfPage":{"@id":"https:\/\/voyagerr.com\/no\/om-oss\/visjon-og-historie\/#primaryimage"},"image":{"@id":"https:\/\/voyagerr.com\/no\/om-oss\/visjon-og-historie\/#primaryimage"},"thumbnailUrl":"https:\/\/voyagerr.com\/wp-content\/uploads\/2023\/05\/Vision_new_mobility.jpg","datePublished":"2023-05-29T10:43:19+00:00","dateModified":"2024-02-05T12:54:37+00:00","description":"Voyagerr focuses exclusively on meeting the need for new mobility technology solutions of European public transport authorities and operators.","breadcrumb":{"@id":"https:\/\/voyagerr.com\/no\/om-oss\/visjon-og-historie\/#breadcrumb"},"inLanguage":"nb-NO","potentialAction":[{"@type":"ReadAction","target":["https:\/\/voyagerr.com\/no\/om-oss\/visjon-og-historie\/"]}]},{"@type":"ImageObject","inLanguage":"nb-NO","@id":"https:\/\/voyagerr.com\/no\/om-oss\/visjon-og-historie\/#primaryimage","url":"https:\/\/voyagerr.com\/wp-content\/uploads\/2023\/05\/Vision_new_mobility.jpg","contentUrl":"https:\/\/voyagerr.com\/wp-content\/uploads\/2023\/05\/Vision_new_mobility.jpg","width":1800,"height":1200},{"@type":"BreadcrumbList","@id":"https:\/\/voyagerr.com\/no\/om-oss\/visjon-og-historie\/#breadcrumb","itemListElement":[{"@type":"ListItem","position":1,"name":"Home","item":"https:\/\/voyagerr.com\/no\/"},{"@type":"ListItem","position":2,"name":"Om oss","item":"https:\/\/voyagerr.com\/no\/om-oss\/"},{"@type":"ListItem","position":3,"name":"Visjon og historie"}]},{"@type":"WebSite","@id":"https:\/\/voyagerr.com\/no\/#website","url":"https:\/\/voyagerr.com\/no\/","name":"Voyagerr Demand Response","description":"Making every journey matter","potentialAction":[{"@type":"SearchAction","target":{"@type":"EntryPoint","urlTemplate":"https:\/\/voyagerr.com\/no\/?s={search_term_string}"},"query-input":{"@type":"PropertyValueSpecification","valueRequired":true,"valueName":"search_term_string"}}],"inLanguage":"nb-NO"}]}},"_links":{"self":[{"href":"https:\/\/voyagerr.com\/no\/wp-json\/wp\/v2\/pages\/14068","targetHints":{"allow":["GET"]}}],"collection":[{"href":"https:\/\/voyagerr.com\/no\/wp-json\/wp\/v2\/pages"}],"about":[{"href":"https:\/\/voyagerr.com\/no\/wp-json\/wp\/v2\/types\/page"}],"author":[{"embeddable":true,"href":"https:\/\/voyagerr.com\/no\/wp-json\/wp\/v2\/users\/2"}],"replies":[{"embeddable":true,"href":"https:\/\/voyagerr.com\/no\/wp-json\/wp\/v2\/comments?post=14068"}],"version-history":[{"count":7,"href":"https:\/\/voyagerr.com\/no\/wp-json\/wp\/v2\/pages\/14068\/revisions"}],"predecessor-version":[{"id":14084,"href":"https:\/\/voyagerr.com\/no\/wp-json\/wp\/v2\/pages\/14068\/revisions\/14084"}],"up":[{"embeddable":true,"href":"https:\/\/voyagerr.com\/no\/wp-json\/wp\/v2\/pages\/14077"}],"wp:featuredmedia":[{"embeddable":true,"href":"https:\/\/voyagerr.com\/no\/wp-json\/wp\/v2\/media\/14069"}],"wp:attachment":[{"href":"https:\/\/voyagerr.com\/no\/wp-json\/wp\/v2\/media?parent=14068"}],"curies":[{"name":"wp","href":"https:\/\/api.w.org\/{rel}","templated":true}]}}