{"id":13237,"date":"2023-03-16T10:17:45","date_gmt":"2023-03-16T10:17:45","guid":{"rendered":"https:\/\/voyagerr.com\/drt-system\/"},"modified":"2023-12-04T14:59:03","modified_gmt":"2023-12-04T14:59:03","slug":"drt-system","status":"publish","type":"page","link":"https:\/\/voyagerr.com\/no\/drt-system\/","title":{"rendered":"DRT System"},"content":{"rendered":"<p><div class=\"fusion-fullwidth fullwidth-box fusion-builder-row-1 fusion-flex-container has-pattern-background has-mask-background nonhundred-percent-fullwidth non-hundred-percent-height-scrolling\" style=\"--awb-border-radius-top-left:0px;--awb-border-radius-top-right:0px;--awb-border-radius-bottom-right:0px;--awb-border-radius-bottom-left:0px;--awb-margin-bottom:23px;--awb-flex-wrap:wrap;\" ><div class=\"fusion-builder-row fusion-row fusion-flex-align-items-flex-start fusion-flex-content-wrap\" style=\"max-width:1248px;margin-left: calc(-4% \/ 2 );margin-right: calc(-4% \/ 2 );\"><div class=\"fusion-layout-column fusion_builder_column fusion-builder-column-0 fusion_builder_column_1_4 1_4 fusion-flex-column\" style=\"--awb-bg-size:cover;--awb-width-large:25%;--awb-margin-top-large:0px;--awb-spacing-right-large:7.68%;--awb-margin-bottom-large:20px;--awb-spacing-left-large:7.68%;--awb-width-medium:25%;--awb-order-medium:0;--awb-spacing-right-medium:7.68%;--awb-spacing-left-medium:7.68%;--awb-width-small:100%;--awb-order-small:0;--awb-spacing-right-small:1.92%;--awb-spacing-left-small:1.92%;\"><div class=\"fusion-column-wrapper fusion-column-has-shadow fusion-flex-justify-content-flex-start fusion-content-layout-column\"><div class=\"fusion-image-element \" style=\"text-align:center;--awb-max-width:200px;--awb-caption-title-font-family:var(--h2_typography-font-family);--awb-caption-title-font-weight:var(--h2_typography-font-weight);--awb-caption-title-font-style:var(--h2_typography-font-style);--awb-caption-title-size:var(--h2_typography-font-size);--awb-caption-title-transform:var(--h2_typography-text-transform);--awb-caption-title-line-height:var(--h2_typography-line-height);--awb-caption-title-letter-spacing:var(--h2_typography-letter-spacing);\"><span class=\" fusion-imageframe imageframe-none imageframe-1 hover-type-none\"><a class=\"fusion-no-lightbox\" href=\"https:\/\/voyagerr.com\/no\/drt-system\/demand-response-kjernesystem\/\" target=\"_self\" aria-label=\"DRT_System_NO\"><img decoding=\"async\" width=\"475\" height=\"383\" src=\"https:\/\/voyagerr.com\/wp-content\/uploads\/2023\/11\/DRT_System_NO.png\" data-orig-src=\"https:\/\/voyagerr.com\/wp-content\/uploads\/2023\/11\/DRT_System_NO.png\" alt class=\"lazyload img-responsive wp-image-13343\" srcset=\"data:image\/svg+xml,%3Csvg%20xmlns%3D%27http%3A%2F%2Fwww.w3.org%2F2000%2Fsvg%27%20width%3D%27475%27%20height%3D%27383%27%20viewBox%3D%270%200%20475%20383%27%3E%3Crect%20width%3D%27475%27%20height%3D%27383%27%20fill-opacity%3D%220%22%2F%3E%3C%2Fsvg%3E\" data-srcset=\"https:\/\/voyagerr.com\/wp-content\/uploads\/2023\/11\/DRT_System_NO-200x161.png 200w, https:\/\/voyagerr.com\/wp-content\/uploads\/2023\/11\/DRT_System_NO-400x323.png 400w, https:\/\/voyagerr.com\/wp-content\/uploads\/2023\/11\/DRT_System_NO.png 475w\" data-sizes=\"auto\" data-orig-sizes=\"(max-width: 700px) 100vw, 400px\" \/><\/a><\/span><\/div><div ><a class=\"fusion-button button-flat fusion-button-default-size button-default fusion-button-default button-1 fusion-button-span-yes fusion-button-default-type\" style=\"--button_margin-top:20px;\" target=\"_self\" href=\"https:\/\/voyagerr.com\/no\/drt-system\/demand-response-kjernesystem\/\"><span class=\"fusion-button-text awb-button__text awb-button__text--default\">Kjernesystem<\/span><\/a><\/div><\/div><\/div><div class=\"fusion-layout-column fusion_builder_column fusion-builder-column-1 fusion_builder_column_1_4 1_4 fusion-flex-column\" style=\"--awb-bg-size:cover;--awb-width-large:25%;--awb-margin-top-large:0px;--awb-spacing-right-large:7.68%;--awb-margin-bottom-large:20px;--awb-spacing-left-large:7.68%;--awb-width-medium:25%;--awb-order-medium:0;--awb-spacing-right-medium:7.68%;--awb-spacing-left-medium:7.68%;--awb-width-small:100%;--awb-order-small:0;--awb-spacing-right-small:1.92%;--awb-spacing-left-small:1.92%;\"><div class=\"fusion-column-wrapper fusion-column-has-shadow fusion-flex-justify-content-flex-start fusion-content-layout-column\"><div class=\"fusion-image-element \" style=\"text-align:center;--awb-max-width:200px;--awb-caption-title-font-family:var(--h2_typography-font-family);--awb-caption-title-font-weight:var(--h2_typography-font-weight);--awb-caption-title-font-style:var(--h2_typography-font-style);--awb-caption-title-size:var(--h2_typography-font-size);--awb-caption-title-transform:var(--h2_typography-text-transform);--awb-caption-title-line-height:var(--h2_typography-line-height);--awb-caption-title-letter-spacing:var(--h2_typography-letter-spacing);\"><span class=\" fusion-imageframe imageframe-none imageframe-2 hover-type-none\"><a class=\"fusion-no-lightbox\" href=\"https:\/\/voyagerr.com\/no\/drt-system\/app-til-sjaforer\/\" target=\"_self\" aria-label=\"Driver_app_NO\"><img decoding=\"async\" width=\"475\" height=\"383\" src=\"https:\/\/voyagerr.com\/wp-content\/uploads\/2023\/11\/Driver_app_NO.png\" data-orig-src=\"https:\/\/voyagerr.com\/wp-content\/uploads\/2023\/11\/Driver_app_NO.png\" alt class=\"lazyload img-responsive wp-image-13355\" srcset=\"data:image\/svg+xml,%3Csvg%20xmlns%3D%27http%3A%2F%2Fwww.w3.org%2F2000%2Fsvg%27%20width%3D%27475%27%20height%3D%27383%27%20viewBox%3D%270%200%20475%20383%27%3E%3Crect%20width%3D%27475%27%20height%3D%27383%27%20fill-opacity%3D%220%22%2F%3E%3C%2Fsvg%3E\" data-srcset=\"https:\/\/voyagerr.com\/wp-content\/uploads\/2023\/11\/Driver_app_NO-200x161.png 200w, https:\/\/voyagerr.com\/wp-content\/uploads\/2023\/11\/Driver_app_NO-400x323.png 400w, https:\/\/voyagerr.com\/wp-content\/uploads\/2023\/11\/Driver_app_NO.png 475w\" data-sizes=\"auto\" data-orig-sizes=\"(max-width: 700px) 100vw, 400px\" \/><\/a><\/span><\/div><div ><a class=\"fusion-button button-flat fusion-button-default-size button-default fusion-button-default button-2 fusion-button-span-yes fusion-button-default-type\" style=\"--button_margin-top:20px;\" target=\"_self\" href=\"https:\/\/voyagerr.com\/no\/drt-system\/app-til-sjaforer\/\"><span class=\"fusion-button-text awb-button__text awb-button__text--default\">App til sj\u00e5f\u00f8rer<\/span><\/a><\/div><\/div><\/div><div class=\"fusion-layout-column fusion_builder_column fusion-builder-column-2 fusion_builder_column_1_4 1_4 fusion-flex-column\" style=\"--awb-bg-size:cover;--awb-width-large:25%;--awb-margin-top-large:0px;--awb-spacing-right-large:7.68%;--awb-margin-bottom-large:20px;--awb-spacing-left-large:7.68%;--awb-width-medium:25%;--awb-order-medium:0;--awb-spacing-right-medium:7.68%;--awb-spacing-left-medium:7.68%;--awb-width-small:100%;--awb-order-small:0;--awb-spacing-right-small:1.92%;--awb-spacing-left-small:1.92%;\"><div class=\"fusion-column-wrapper fusion-column-has-shadow fusion-flex-justify-content-flex-start fusion-content-layout-column\"><div class=\"fusion-image-element \" style=\"text-align:center;--awb-max-width:200px;--awb-caption-title-font-family:var(--h2_typography-font-family);--awb-caption-title-font-weight:var(--h2_typography-font-weight);--awb-caption-title-font-style:var(--h2_typography-font-style);--awb-caption-title-size:var(--h2_typography-font-size);--awb-caption-title-transform:var(--h2_typography-text-transform);--awb-caption-title-line-height:var(--h2_typography-line-height);--awb-caption-title-letter-spacing:var(--h2_typography-letter-spacing);\"><span class=\" fusion-imageframe imageframe-none imageframe-3 hover-type-none\"><a class=\"fusion-no-lightbox\" href=\"https:\/\/voyagerr.com\/no\/drt-system\/drt-brukerportaler\/\" target=\"_self\" aria-label=\"DRT_Portaler_NO\"><img decoding=\"async\" width=\"475\" height=\"383\" src=\"https:\/\/voyagerr.com\/wp-content\/uploads\/2023\/11\/DRT_Portaler_NO.png\" data-orig-src=\"https:\/\/voyagerr.com\/wp-content\/uploads\/2023\/11\/DRT_Portaler_NO.png\" alt class=\"lazyload img-responsive wp-image-13361\" srcset=\"data:image\/svg+xml,%3Csvg%20xmlns%3D%27http%3A%2F%2Fwww.w3.org%2F2000%2Fsvg%27%20width%3D%27475%27%20height%3D%27383%27%20viewBox%3D%270%200%20475%20383%27%3E%3Crect%20width%3D%27475%27%20height%3D%27383%27%20fill-opacity%3D%220%22%2F%3E%3C%2Fsvg%3E\" data-srcset=\"https:\/\/voyagerr.com\/wp-content\/uploads\/2023\/11\/DRT_Portaler_NO-200x161.png 200w, https:\/\/voyagerr.com\/wp-content\/uploads\/2023\/11\/DRT_Portaler_NO-400x323.png 400w, https:\/\/voyagerr.com\/wp-content\/uploads\/2023\/11\/DRT_Portaler_NO.png 475w\" data-sizes=\"auto\" data-orig-sizes=\"(max-width: 700px) 100vw, 400px\" \/><\/a><\/span><\/div><div ><a class=\"fusion-button button-flat fusion-button-default-size button-default fusion-button-default button-3 fusion-button-span-yes fusion-button-default-type\" style=\"--button_margin-top:20px;\" target=\"_self\" href=\"https:\/\/voyagerr.com\/no\/drt-system\/drt-brukerportaler\/\"><span class=\"fusion-button-text awb-button__text awb-button__text--default\">Brukerportaler<\/span><\/a><\/div><\/div><\/div><div class=\"fusion-layout-column fusion_builder_column fusion-builder-column-3 fusion_builder_column_1_4 1_4 fusion-flex-column\" style=\"--awb-bg-size:cover;--awb-width-large:25%;--awb-margin-top-large:0px;--awb-spacing-right-large:7.68%;--awb-margin-bottom-large:20px;--awb-spacing-left-large:7.68%;--awb-width-medium:25%;--awb-order-medium:0;--awb-spacing-right-medium:7.68%;--awb-spacing-left-medium:7.68%;--awb-width-small:100%;--awb-order-small:0;--awb-spacing-right-small:1.92%;--awb-spacing-left-small:1.92%;\"><div class=\"fusion-column-wrapper fusion-column-has-shadow fusion-flex-justify-content-flex-start fusion-content-layout-column\"><div class=\"fusion-image-element \" style=\"text-align:center;--awb-max-width:200px;--awb-caption-title-font-family:var(--h2_typography-font-family);--awb-caption-title-font-weight:var(--h2_typography-font-weight);--awb-caption-title-font-style:var(--h2_typography-font-style);--awb-caption-title-size:var(--h2_typography-font-size);--awb-caption-title-transform:var(--h2_typography-text-transform);--awb-caption-title-line-height:var(--h2_typography-line-height);--awb-caption-title-letter-spacing:var(--h2_typography-letter-spacing);\"><span class=\" fusion-imageframe imageframe-none imageframe-4 hover-type-none\"><a class=\"fusion-no-lightbox\" href=\"https:\/\/voyagerr.com\/no\/drt-system\/app-til-passasjerer\/\" target=\"_self\" aria-label=\"Passager_app_NO\"><img decoding=\"async\" width=\"475\" height=\"383\" src=\"https:\/\/voyagerr.com\/wp-content\/uploads\/2023\/11\/Passager_app_NO.png\" data-orig-src=\"https:\/\/voyagerr.com\/wp-content\/uploads\/2023\/11\/Passager_app_NO.png\" alt class=\"lazyload img-responsive wp-image-13349\" srcset=\"data:image\/svg+xml,%3Csvg%20xmlns%3D%27http%3A%2F%2Fwww.w3.org%2F2000%2Fsvg%27%20width%3D%27475%27%20height%3D%27383%27%20viewBox%3D%270%200%20475%20383%27%3E%3Crect%20width%3D%27475%27%20height%3D%27383%27%20fill-opacity%3D%220%22%2F%3E%3C%2Fsvg%3E\" data-srcset=\"https:\/\/voyagerr.com\/wp-content\/uploads\/2023\/11\/Passager_app_NO-200x161.png 200w, https:\/\/voyagerr.com\/wp-content\/uploads\/2023\/11\/Passager_app_NO-400x323.png 400w, https:\/\/voyagerr.com\/wp-content\/uploads\/2023\/11\/Passager_app_NO.png 475w\" data-sizes=\"auto\" data-orig-sizes=\"(max-width: 700px) 100vw, 400px\" \/><\/a><\/span><\/div><div ><a class=\"fusion-button button-flat fusion-button-default-size button-default fusion-button-default button-4 fusion-button-span-yes fusion-button-default-type\" style=\"--button_margin-top:20px;\" target=\"_self\" href=\"https:\/\/voyagerr.com\/no\/drt-system\/app-til-passasjerer\/\"><span class=\"fusion-button-text awb-button__text awb-button__text--default\">App til passasjerer<\/span><\/a><\/div><\/div><\/div><\/div><\/div><div class=\"fusion-fullwidth fullwidth-box fusion-builder-row-2 fusion-flex-container has-pattern-background has-mask-background nonhundred-percent-fullwidth non-hundred-percent-height-scrolling\" style=\"--awb-border-radius-top-left:0px;--awb-border-radius-top-right:0px;--awb-border-radius-bottom-right:0px;--awb-border-radius-bottom-left:0px;--awb-padding-top:0px;--awb-flex-wrap:wrap;\" ><div class=\"fusion-builder-row fusion-row fusion-flex-align-items-flex-start fusion-flex-justify-content-center fusion-flex-content-wrap\" style=\"max-width:1248px;margin-left: calc(-4% \/ 2 );margin-right: calc(-4% \/ 2 );\"><div class=\"fusion-layout-column fusion_builder_column fusion-builder-column-4 fusion_builder_column_1_1 1_1 fusion-flex-column\" style=\"--awb-bg-size:cover;--awb-width-large:100%;--awb-margin-top-large:0px;--awb-spacing-right-large:1.92%;--awb-margin-bottom-large:20px;--awb-spacing-left-large:1.92%;--awb-width-medium:100%;--awb-order-medium:0;--awb-spacing-right-medium:1.92%;--awb-spacing-left-medium:1.92%;--awb-width-small:100%;--awb-order-small:0;--awb-spacing-right-small:1.92%;--awb-spacing-left-small:1.92%;\"><div class=\"fusion-column-wrapper fusion-column-has-shadow fusion-flex-justify-content-flex-start fusion-content-layout-column\"><div class=\"fusion-section-separator section-separator triangle fusion-section-separator-1\" style=\"--awb-border-bottom:1px solid var(--awb-color2);--awb-spacer-height:1px;--awb-svg-margin-left:1.92%;--awb-svg-margin-right:1.92%;--awb-svg-margin-left-medium:1.92%;--awb-svg-margin-right-medium:1.92%;--awb-svg-margin-left-small:1.92%;--awb-svg-margin-right-small:1.92%;--awb-icon-color:var(--awb-color1);\"><div class=\"fusion-section-separator-svg\"><div class=\"divider-candy-arrow bottom\" style=\"top:0px;border-top-color: #ffffff;\"><\/div><div class=\"divider-candy bottom\" style=\"bottom:-21px;border-bottom:1px solid var(--awb-color2);border-left:1px solid var(--awb-color2);\"><\/div><\/div><div class=\"fusion-section-separator-spacer\"><div class=\"fusion-section-separator-spacer-height\"><\/div><\/div><\/div><\/div><\/div><div class=\"fusion-layout-column fusion_builder_column fusion-builder-column-5 fusion_builder_column_1_1 1_1 fusion-flex-column\" style=\"--awb-padding-top:38px;--awb-bg-size:cover;--awb-width-large:100%;--awb-margin-top-large:0px;--awb-spacing-right-large:1.92%;--awb-margin-bottom-large:20px;--awb-spacing-left-large:1.92%;--awb-width-medium:100%;--awb-order-medium:0;--awb-spacing-right-medium:1.92%;--awb-spacing-left-medium:1.92%;--awb-width-small:100%;--awb-order-small:0;--awb-spacing-right-small:1.92%;--awb-spacing-left-small:1.92%;\"><div class=\"fusion-column-wrapper fusion-column-has-shadow fusion-flex-justify-content-flex-start fusion-content-layout-column\"><div class=\"fusion-text fusion-text-1\" style=\"--awb-font-size:25px;--awb-text-color:#000000;--awb-margin-top:20px;--awb-text-font-family:&quot;Plus Jakarta Sans&quot;;--awb-text-font-style:normal;--awb-text-font-weight:500;\"><p style=\"text-align: center;\">Voyagerr best\u00e5r av et kjernesystem til bestillingskj\u00f8ring, en rekke brukerportaler, en sj\u00e5f\u00f8r-app og en passasjer-app.<\/p>\n<\/div><div class=\"fusion-text fusion-text-2\"><p style=\"text-align: center;\">Voyagerr tilbyr en rekke verkt\u00f8y til effektiv planlegging, styring og administrasjon for bedrifter som operer med bestillingskj\u00f8ring <span style=\"color: var(--awb-text-color); font-family: var(--awb-text-font-family); font-size: var(--awb-font-size); font-style: var(--awb-text-font-style); font-weight: var(--awb-text-font-weight); letter-spacing: var(--awb-letter-spacing); text-transform: var(--awb-text-transform); background-color: var(--awb-bg-color-hover);\">\u2013<\/span> det kan f.eks. v\u00e6re d\u00f8r-til-d\u00f8r, first\/last mile, flextrafikk eller multimodale reiser<span style=\"color: var(--awb-text-color); font-family: var(--awb-text-font-family); font-size: var(--awb-font-size); font-style: var(--awb-text-font-style); font-weight: var(--awb-text-font-weight); letter-spacing: var(--awb-letter-spacing); text-transform: var(--awb-text-transform); background-color: var(--awb-bg-color-hover);\">.<\/span><\/p>\n<p style=\"text-align: center;\">En rekke nettportaler tilpasset utvalgte brukergrupper innen fylke, kommune, f.eks. saksbehandlere der portalene gj\u00f8r det mulig for deg og din bedrift eller organisasjon \u00e5 digitalisere og optimere arbeidsprosesser.<\/p>\n<p style=\"text-align: center;\">Ved bruk av apper og nettportaler til passasjerer og sj\u00e5f\u00f8rer er det mulig \u00e5 digitalisere den samlede verdikjeden, fra bestilling til gjennomf\u00f8ring av persontransport.<\/p>\n<\/div><\/div><\/div><\/div><\/div><div class=\"fusion-fullwidth fullwidth-box fusion-builder-row-3 fusion-flex-container has-pattern-background has-mask-background nonhundred-percent-fullwidth non-hundred-percent-height-scrolling\" style=\"--awb-border-radius-top-left:0px;--awb-border-radius-top-right:0px;--awb-border-radius-bottom-right:0px;--awb-border-radius-bottom-left:0px;--awb-background-color:#a13255;--awb-flex-wrap:wrap;\" ><div class=\"fusion-builder-row fusion-row fusion-flex-align-items-flex-start fusion-flex-content-wrap\" style=\"max-width:1248px;margin-left: calc(-4% \/ 2 );margin-right: calc(-4% \/ 2 );\"><div class=\"fusion-layout-column fusion_builder_column fusion-builder-column-6 fusion_builder_column_1_1 1_1 fusion-flex-column fusion-flex-align-self-center\" style=\"--awb-bg-size:cover;--awb-width-large:100%;--awb-margin-top-large:0px;--awb-spacing-right-large:1.92%;--awb-margin-bottom-large:20px;--awb-spacing-left-large:1.92%;--awb-width-medium:100%;--awb-order-medium:0;--awb-spacing-right-medium:1.92%;--awb-spacing-left-medium:1.92%;--awb-width-small:100%;--awb-order-small:0;--awb-spacing-right-small:1.92%;--awb-spacing-left-small:1.92%;\" data-scroll-devices=\"small-visibility,medium-visibility,large-visibility\"><div class=\"fusion-column-wrapper fusion-column-has-shadow fusion-flex-justify-content-flex-start fusion-content-layout-column\"><div class=\"fusion-text fusion-text-3\" style=\"--awb-text-color:var(--awb-color7);\"><h4 class=\"\" style=\"text-align: center; --fontsize: 28.43; line-height: 1.4;\" data-fontsize=\"28.43\" data-lineheight=\"39.802px\"><span style=\"color: var(--awb-color1);\">Demand Response Transport. Every Step. Every Ride<\/span><span style=\"color: white;\"><b>.<\/b><\/span><\/h4>\n<p style=\"text-align: center;\"><span style=\"color: var(--awb-color1); font-family: var(--awb-text-font-family); font-size: 20px; font-style: var(--awb-text-font-style); font-weight: var(--awb-text-font-weight); letter-spacing: var(--awb-letter-spacing); text-align: var(--awb-content-alignment); text-transform: var(--awb-text-transform); background-color: var(--awb-bg-color-hover);\" data-fusion-font=\"true\">Voyagerr gj\u00f8r det mulig \u00e5 digitalisere hvert ledd i verdikjeden. <\/span><\/p>\n<p style=\"text-align: center;\"><span style=\"color: var(--awb-color1); font-family: var(--awb-text-font-family); font-size: 20px; font-style: var(--awb-text-font-style); font-weight: var(--awb-text-font-weight); letter-spacing: var(--awb-letter-spacing); text-align: var(--awb-content-alignment); text-transform: var(--awb-text-transform); background-color: var(--awb-bg-color-hover);\" data-fusion-font=\"true\">Det inneb\u00e6rer at du og din bedrift kan optimere administrasjon og ressurser.<\/span><\/p>\n<\/div><\/div><\/div><\/div><\/div><\/p>\n","protected":false},"excerpt":{"rendered":"","protected":false},"author":2,"featured_media":13238,"parent":0,"menu_order":0,"comment_status":"closed","ping_status":"closed","template":"100-width.php","meta":{"content-type":"","footnotes":""},"class_list":["post-13237","page","type-page","status-publish","has-post-thumbnail","hentry"],"yoast_head":"<!-- This site is optimized with the Yoast SEO plugin v27.0 - https:\/\/yoast.com\/product\/yoast-seo-wordpress\/ -->\n<title>DRT System - Voyagerr Demand Response<\/title>\n<meta name=\"description\" content=\"Voyagerr consists of a core Demand Response Transport platform, a range of user portals, a driver app, and a passenger app. Streamline your processes ...\" \/>\n<meta name=\"robots\" content=\"index, follow, max-snippet:-1, max-image-preview:large, max-video-preview:-1\" \/>\n<link rel=\"canonical\" href=\"https:\/\/voyagerr.com\/no\/drt-system\/\" \/>\n<meta property=\"og:locale\" content=\"nb_NO\" \/>\n<meta property=\"og:type\" content=\"article\" \/>\n<meta property=\"og:title\" content=\"DRT System - Voyagerr Demand Response\" \/>\n<meta property=\"og:description\" content=\"Voyagerr consists of a core Demand Response Transport platform, a range of user portals, a driver app, and a passenger app. Streamline your processes ...\" \/>\n<meta property=\"og:url\" content=\"https:\/\/voyagerr.com\/no\/drt-system\/\" \/>\n<meta property=\"og:site_name\" content=\"Voyagerr Demand Response\" \/>\n<meta property=\"article:modified_time\" content=\"2023-12-04T14:59:03+00:00\" \/>\n<meta property=\"og:image\" content=\"https:\/\/voyagerr.com\/wp-content\/uploads\/2023\/04\/Car-with-symbols.jpg\" \/>\n\t<meta property=\"og:image:width\" content=\"2000\" \/>\n\t<meta property=\"og:image:height\" content=\"1335\" \/>\n\t<meta property=\"og:image:type\" content=\"image\/jpeg\" \/>\n<meta name=\"twitter:card\" content=\"summary_large_image\" \/>\n<meta name=\"twitter:label1\" content=\"Ansl. lesetid\" \/>\n\t<meta name=\"twitter:data1\" content=\"14 minutter\" \/>\n<script type=\"application\/ld+json\" class=\"yoast-schema-graph\">{\"@context\":\"https:\/\/schema.org\",\"@graph\":[{\"@type\":\"WebPage\",\"@id\":\"https:\/\/voyagerr.com\/no\/drt-system\/\",\"url\":\"https:\/\/voyagerr.com\/no\/drt-system\/\",\"name\":\"DRT System - Voyagerr Demand Response\",\"isPartOf\":{\"@id\":\"https:\/\/voyagerr.com\/no\/#website\"},\"primaryImageOfPage\":{\"@id\":\"https:\/\/voyagerr.com\/no\/drt-system\/#primaryimage\"},\"image\":{\"@id\":\"https:\/\/voyagerr.com\/no\/drt-system\/#primaryimage\"},\"thumbnailUrl\":\"https:\/\/voyagerr.com\/wp-content\/uploads\/2023\/04\/Car-with-symbols.jpg\",\"datePublished\":\"2023-03-16T10:17:45+00:00\",\"dateModified\":\"2023-12-04T14:59:03+00:00\",\"description\":\"Voyagerr consists of a core Demand Response Transport platform, a range of user portals, a driver app, and a passenger app. Streamline your processes ...\",\"breadcrumb\":{\"@id\":\"https:\/\/voyagerr.com\/no\/drt-system\/#breadcrumb\"},\"inLanguage\":\"nb-NO\",\"potentialAction\":[{\"@type\":\"ReadAction\",\"target\":[\"https:\/\/voyagerr.com\/no\/drt-system\/\"]}]},{\"@type\":\"ImageObject\",\"inLanguage\":\"nb-NO\",\"@id\":\"https:\/\/voyagerr.com\/no\/drt-system\/#primaryimage\",\"url\":\"https:\/\/voyagerr.com\/wp-content\/uploads\/2023\/04\/Car-with-symbols.jpg\",\"contentUrl\":\"https:\/\/voyagerr.com\/wp-content\/uploads\/2023\/04\/Car-with-symbols.jpg\",\"width\":2000,\"height\":1335},{\"@type\":\"BreadcrumbList\",\"@id\":\"https:\/\/voyagerr.com\/no\/drt-system\/#breadcrumb\",\"itemListElement\":[{\"@type\":\"ListItem\",\"position\":1,\"name\":\"Home\",\"item\":\"https:\/\/voyagerr.com\/no\/\"},{\"@type\":\"ListItem\",\"position\":2,\"name\":\"DRT System\"}]},{\"@type\":\"WebSite\",\"@id\":\"https:\/\/voyagerr.com\/no\/#website\",\"url\":\"https:\/\/voyagerr.com\/no\/\",\"name\":\"Voyagerr Demand Response\",\"description\":\"Making every journey matter\",\"potentialAction\":[{\"@type\":\"SearchAction\",\"target\":{\"@type\":\"EntryPoint\",\"urlTemplate\":\"https:\/\/voyagerr.com\/no\/?s={search_term_string}\"},\"query-input\":{\"@type\":\"PropertyValueSpecification\",\"valueRequired\":true,\"valueName\":\"search_term_string\"}}],\"inLanguage\":\"nb-NO\"}]}<\/script>\n<!-- \/ Yoast SEO plugin. -->","yoast_head_json":{"title":"DRT System - Voyagerr Demand Response","description":"Voyagerr consists of a core Demand Response Transport platform, a range of user portals, a driver app, and a passenger app. Streamline your processes ...","robots":{"index":"index","follow":"follow","max-snippet":"max-snippet:-1","max-image-preview":"max-image-preview:large","max-video-preview":"max-video-preview:-1"},"canonical":"https:\/\/voyagerr.com\/no\/drt-system\/","og_locale":"nb_NO","og_type":"article","og_title":"DRT System - Voyagerr Demand Response","og_description":"Voyagerr consists of a core Demand Response Transport platform, a range of user portals, a driver app, and a passenger app. Streamline your processes ...","og_url":"https:\/\/voyagerr.com\/no\/drt-system\/","og_site_name":"Voyagerr Demand Response","article_modified_time":"2023-12-04T14:59:03+00:00","og_image":[{"width":2000,"height":1335,"url":"https:\/\/voyagerr.com\/wp-content\/uploads\/2023\/04\/Car-with-symbols.jpg","type":"image\/jpeg"}],"twitter_card":"summary_large_image","twitter_misc":{"Ansl. lesetid":"14 minutter"},"schema":{"@context":"https:\/\/schema.org","@graph":[{"@type":"WebPage","@id":"https:\/\/voyagerr.com\/no\/drt-system\/","url":"https:\/\/voyagerr.com\/no\/drt-system\/","name":"DRT System - Voyagerr Demand Response","isPartOf":{"@id":"https:\/\/voyagerr.com\/no\/#website"},"primaryImageOfPage":{"@id":"https:\/\/voyagerr.com\/no\/drt-system\/#primaryimage"},"image":{"@id":"https:\/\/voyagerr.com\/no\/drt-system\/#primaryimage"},"thumbnailUrl":"https:\/\/voyagerr.com\/wp-content\/uploads\/2023\/04\/Car-with-symbols.jpg","datePublished":"2023-03-16T10:17:45+00:00","dateModified":"2023-12-04T14:59:03+00:00","description":"Voyagerr consists of a core Demand Response Transport platform, a range of user portals, a driver app, and a passenger app. Streamline your processes ...","breadcrumb":{"@id":"https:\/\/voyagerr.com\/no\/drt-system\/#breadcrumb"},"inLanguage":"nb-NO","potentialAction":[{"@type":"ReadAction","target":["https:\/\/voyagerr.com\/no\/drt-system\/"]}]},{"@type":"ImageObject","inLanguage":"nb-NO","@id":"https:\/\/voyagerr.com\/no\/drt-system\/#primaryimage","url":"https:\/\/voyagerr.com\/wp-content\/uploads\/2023\/04\/Car-with-symbols.jpg","contentUrl":"https:\/\/voyagerr.com\/wp-content\/uploads\/2023\/04\/Car-with-symbols.jpg","width":2000,"height":1335},{"@type":"BreadcrumbList","@id":"https:\/\/voyagerr.com\/no\/drt-system\/#breadcrumb","itemListElement":[{"@type":"ListItem","position":1,"name":"Home","item":"https:\/\/voyagerr.com\/no\/"},{"@type":"ListItem","position":2,"name":"DRT System"}]},{"@type":"WebSite","@id":"https:\/\/voyagerr.com\/no\/#website","url":"https:\/\/voyagerr.com\/no\/","name":"Voyagerr Demand Response","description":"Making every journey matter","potentialAction":[{"@type":"SearchAction","target":{"@type":"EntryPoint","urlTemplate":"https:\/\/voyagerr.com\/no\/?s={search_term_string}"},"query-input":{"@type":"PropertyValueSpecification","valueRequired":true,"valueName":"search_term_string"}}],"inLanguage":"nb-NO"}]}},"_links":{"self":[{"href":"https:\/\/voyagerr.com\/no\/wp-json\/wp\/v2\/pages\/13237","targetHints":{"allow":["GET"]}}],"collection":[{"href":"https:\/\/voyagerr.com\/no\/wp-json\/wp\/v2\/pages"}],"about":[{"href":"https:\/\/voyagerr.com\/no\/wp-json\/wp\/v2\/types\/page"}],"author":[{"embeddable":true,"href":"https:\/\/voyagerr.com\/no\/wp-json\/wp\/v2\/users\/2"}],"replies":[{"embeddable":true,"href":"https:\/\/voyagerr.com\/no\/wp-json\/wp\/v2\/comments?post=13237"}],"version-history":[{"count":14,"href":"https:\/\/voyagerr.com\/no\/wp-json\/wp\/v2\/pages\/13237\/revisions"}],"predecessor-version":[{"id":13750,"href":"https:\/\/voyagerr.com\/no\/wp-json\/wp\/v2\/pages\/13237\/revisions\/13750"}],"wp:featuredmedia":[{"embeddable":true,"href":"https:\/\/voyagerr.com\/no\/wp-json\/wp\/v2\/media\/13238"}],"wp:attachment":[{"href":"https:\/\/voyagerr.com\/no\/wp-json\/wp\/v2\/media?parent=13237"}],"curies":[{"name":"wp","href":"https:\/\/api.w.org\/{rel}","templated":true}]}}