{"id":10141,"date":"2023-05-07T06:38:19","date_gmt":"2023-05-07T06:38:19","guid":{"rendered":"https:\/\/voyagerr.com\/wearemodaxo\/"},"modified":"2023-12-04T09:19:12","modified_gmt":"2023-12-04T09:19:12","slug":"wearemodaxo","status":"publish","type":"page","link":"https:\/\/voyagerr.com\/no\/om-oss\/wearemodaxo\/","title":{"rendered":"#WeAreModaxo"},"content":{"rendered":"<p><div class=\"fusion-fullwidth fullwidth-box fusion-builder-row-1 fusion-flex-container has-pattern-background has-mask-background nonhundred-percent-fullwidth non-hundred-percent-height-scrolling\" style=\"--awb-border-radius-top-left:0px;--awb-border-radius-top-right:0px;--awb-border-radius-bottom-right:0px;--awb-border-radius-bottom-left:0px;--awb-padding-top:0px;--awb-flex-wrap:wrap;\" ><div class=\"fusion-builder-row fusion-row fusion-flex-align-items-flex-start fusion-flex-justify-content-center fusion-flex-content-wrap\" style=\"max-width:1248px;margin-left: calc(-4% \/ 2 );margin-right: calc(-4% \/ 2 );\"><div class=\"fusion-layout-column fusion_builder_column fusion-builder-column-0 fusion_builder_column_1_1 1_1 fusion-flex-column\" style=\"--awb-bg-size:cover;--awb-width-large:100%;--awb-margin-top-large:0px;--awb-spacing-right-large:1.92%;--awb-margin-bottom-large:20px;--awb-spacing-left-large:1.92%;--awb-width-medium:100%;--awb-order-medium:0;--awb-spacing-right-medium:1.92%;--awb-spacing-left-medium:1.92%;--awb-width-small:100%;--awb-order-small:0;--awb-spacing-right-small:1.92%;--awb-spacing-left-small:1.92%;\"><div class=\"fusion-column-wrapper fusion-column-has-shadow fusion-flex-justify-content-flex-start fusion-content-layout-column\"><div class=\"fusion-text fusion-text-1 fusion-text-no-margin\" style=\"--awb-margin-bottom:50px;\"><p style=\"text-align: center;\">Voyagerr er en del av Modaxo:<\/p>\n<\/div><div class=\"fusion-text fusion-text-2\" style=\"--awb-font-size:40px;--awb-text-color:#000000;--awb-margin-top:20px;--awb-text-font-family:&quot;Plus Jakarta Sans&quot;;--awb-text-font-style:normal;--awb-text-font-weight:500;\"><p style=\"font-weight: 400;\"><strong>Vi er Modaxo \u2013 et globalt fellesskap av teknologiselskaper som er lidenskapelig av \u00e5 videreutvikle kollektivtransport.<\/strong><\/p>\n<\/div><div class=\"fusion-text fusion-text-3\" style=\"--awb-margin-top:30px;\"><p>Modaxo er hjemmet til mange av verdens mest respekterte og mest benyttede teknologi-selskaper innen transport, inkludert Voyagerr, Trapeze Group, PLANit Sweden, Holmedal Data og mange flere. Man kan se en full liste over Modaxo-selskaper og lese mer detaljert om de enkelte selskaps programportef\u00f8ljer, p\u00e5 <a href=\"https:\/\/modaxo.com\/people-transportation-brands\/\">Modaxos hjemmeside<\/a>.<\/p>\n<p>Modaxo er Constellation Software\u2019s (TSX: CSU) kollektivtrafikk-portef\u00f8lje. V\u00e5rt fokus p\u00e5 publikumstransport gjenspeiles i v\u00e5r m\u00e5lsetning om \u00e5 st\u00e5 bak transport av daglig transport av 1 milliard mennesker innen 2030.<\/p>\n<\/div><\/div><\/div><\/div><\/div><div class=\"fusion-fullwidth fullwidth-box fusion-builder-row-2 fusion-flex-container has-pattern-background has-mask-background nonhundred-percent-fullwidth non-hundred-percent-height-scrolling\" style=\"--awb-border-radius-top-left:0px;--awb-border-radius-top-right:0px;--awb-border-radius-bottom-right:0px;--awb-border-radius-bottom-left:0px;--awb-padding-top:96px;--awb-padding-bottom:85px;--awb-background-image:linear-gradient(218deg, var(--awb-custom_color_4) 0%,var(--awb-custom_color_5) 100%);--awb-flex-wrap:wrap;\" ><div class=\"fusion-builder-row fusion-row fusion-flex-align-items-flex-start fusion-flex-justify-content-center fusion-flex-content-wrap\" style=\"max-width:1248px;margin-left: calc(-4% \/ 2 );margin-right: calc(-4% \/ 2 );\"><div class=\"fusion-layout-column fusion_builder_column fusion-builder-column-1 fusion_builder_column_1_1 1_1 fusion-flex-column\" style=\"--awb-padding-right:176px;--awb-padding-left:177px;--awb-bg-size:cover;--awb-width-large:100%;--awb-margin-top-large:0px;--awb-spacing-right-large:1.92%;--awb-margin-bottom-large:61px;--awb-spacing-left-large:1.92%;--awb-width-medium:100%;--awb-order-medium:0;--awb-spacing-right-medium:1.92%;--awb-spacing-left-medium:1.92%;--awb-width-small:100%;--awb-order-small:0;--awb-spacing-right-small:1.92%;--awb-spacing-left-small:1.92%;\"><div class=\"fusion-column-wrapper fusion-column-has-shadow fusion-flex-justify-content-flex-start fusion-content-layout-column\"><div class=\"fusion-text fusion-text-4\"><h4>Modaxo forskjellen: V\u00e5rt fokus er b\u00e5de lokalt og globalt<\/h4>\n<p>V\u00e5re selskaper opererer b\u00e5de i team og selvstendig. Modaxo-selskaper har fokus p\u00e5 \u00e5 levere programvare og teknologil\u00f8sninger for \u00e5 flytte mennesker mellom steder de jobber, der de bor og hverdagslivet for \u00f8vrig.<\/p>\n<p>For v\u00e5re kunder betyr det \u00e5 jobbe med Modaxo-selskaper at man f\u00e5r det beste fra begge verdener: Ledende l\u00f8sninger fra hele verden, men skreddersydd for \u00e5 tilfredsstille kundenes behov med st\u00f8tte fra ekspertteam som kjenner kundene og markedet.<\/p>\n<\/div><\/div><\/div><div class=\"fusion-layout-column fusion_builder_column fusion-builder-column-2 fusion_builder_column_1_1 1_1 fusion-flex-column\" style=\"--awb-bg-size:cover;--awb-width-large:100%;--awb-margin-top-large:0px;--awb-spacing-right-large:1.92%;--awb-margin-bottom-large:20px;--awb-spacing-left-large:1.92%;--awb-width-medium:100%;--awb-order-medium:0;--awb-spacing-right-medium:1.92%;--awb-spacing-left-medium:1.92%;--awb-width-small:100%;--awb-order-small:0;--awb-spacing-right-small:1.92%;--awb-spacing-left-small:1.92%;\"><div class=\"fusion-column-wrapper fusion-column-has-shadow fusion-flex-justify-content-flex-start fusion-content-layout-column\"><div class=\"fusion-text fusion-text-5\"><p style=\"text-align: center;\">Modaxo i tall<\/p>\n<\/div><\/div><\/div><div class=\"fusion-layout-column fusion_builder_column fusion-builder-column-3 fusion_builder_column_1_5 1_5 fusion-flex-column\" style=\"--awb-bg-size:cover;--awb-width-large:20%;--awb-margin-top-large:0px;--awb-spacing-right-large:9.6%;--awb-margin-bottom-large:20px;--awb-spacing-left-large:9.6%;--awb-width-medium:20%;--awb-order-medium:0;--awb-spacing-right-medium:9.6%;--awb-spacing-left-medium:9.6%;--awb-width-small:100%;--awb-order-small:0;--awb-spacing-right-small:1.92%;--awb-spacing-left-small:1.92%;\"><div class=\"fusion-column-wrapper fusion-column-has-shadow fusion-flex-justify-content-flex-start fusion-content-layout-column\"><div class=\"fusion-image-element \" style=\"--awb-caption-title-font-family:var(--h2_typography-font-family);--awb-caption-title-font-weight:var(--h2_typography-font-weight);--awb-caption-title-font-style:var(--h2_typography-font-style);--awb-caption-title-size:var(--h2_typography-font-size);--awb-caption-title-transform:var(--h2_typography-text-transform);--awb-caption-title-line-height:var(--h2_typography-line-height);--awb-caption-title-letter-spacing:var(--h2_typography-letter-spacing);\"><span class=\" fusion-imageframe imageframe-none imageframe-1 hover-type-none\"><img decoding=\"async\" width=\"535\" height=\"511\" title=\"modaxo-norwegian-employees-icon\" src=\"https:\/\/voyagerr.com\/wp-content\/uploads\/2023\/09\/modaxo-norwegian-employees-icon.png\" data-orig-src=\"https:\/\/voyagerr.com\/wp-content\/uploads\/2023\/09\/modaxo-norwegian-employees-icon.png\" alt class=\"lazyload img-responsive wp-image-10148\" srcset=\"data:image\/svg+xml,%3Csvg%20xmlns%3D%27http%3A%2F%2Fwww.w3.org%2F2000%2Fsvg%27%20width%3D%27535%27%20height%3D%27511%27%20viewBox%3D%270%200%20535%20511%27%3E%3Crect%20width%3D%27535%27%20height%3D%27511%27%20fill-opacity%3D%220%22%2F%3E%3C%2Fsvg%3E\" data-srcset=\"https:\/\/voyagerr.com\/wp-content\/uploads\/2023\/09\/modaxo-norwegian-employees-icon-200x191.png 200w, https:\/\/voyagerr.com\/wp-content\/uploads\/2023\/09\/modaxo-norwegian-employees-icon-400x382.png 400w, https:\/\/voyagerr.com\/wp-content\/uploads\/2023\/09\/modaxo-norwegian-employees-icon.png 535w\" data-sizes=\"auto\" data-orig-sizes=\"(max-width: 700px) 100vw, 200px\" \/><\/span><\/div><\/div><\/div><div class=\"fusion-layout-column fusion_builder_column fusion-builder-column-4 fusion_builder_column_1_5 1_5 fusion-flex-column\" style=\"--awb-bg-size:cover;--awb-width-large:20%;--awb-margin-top-large:0px;--awb-spacing-right-large:9.6%;--awb-margin-bottom-large:20px;--awb-spacing-left-large:9.6%;--awb-width-medium:20%;--awb-order-medium:0;--awb-spacing-right-medium:9.6%;--awb-spacing-left-medium:9.6%;--awb-width-small:100%;--awb-order-small:0;--awb-spacing-right-small:1.92%;--awb-spacing-left-small:1.92%;\"><div class=\"fusion-column-wrapper fusion-column-has-shadow fusion-flex-justify-content-flex-start fusion-content-layout-column\"><div class=\"fusion-image-element \" style=\"--awb-caption-title-font-family:var(--h2_typography-font-family);--awb-caption-title-font-weight:var(--h2_typography-font-weight);--awb-caption-title-font-style:var(--h2_typography-font-style);--awb-caption-title-size:var(--h2_typography-font-size);--awb-caption-title-transform:var(--h2_typography-text-transform);--awb-caption-title-line-height:var(--h2_typography-line-height);--awb-caption-title-letter-spacing:var(--h2_typography-letter-spacing);\"><span class=\" fusion-imageframe imageframe-none imageframe-2 hover-type-none\"><img decoding=\"async\" width=\"535\" height=\"510\" title=\"modaxo-norwegian-brands-icon\" src=\"https:\/\/voyagerr.com\/wp-content\/uploads\/2023\/09\/modaxo-norwegian-brands-icon.png\" data-orig-src=\"https:\/\/voyagerr.com\/wp-content\/uploads\/2023\/09\/modaxo-norwegian-brands-icon.png\" alt class=\"lazyload img-responsive wp-image-10154\" srcset=\"data:image\/svg+xml,%3Csvg%20xmlns%3D%27http%3A%2F%2Fwww.w3.org%2F2000%2Fsvg%27%20width%3D%27535%27%20height%3D%27510%27%20viewBox%3D%270%200%20535%20510%27%3E%3Crect%20width%3D%27535%27%20height%3D%27510%27%20fill-opacity%3D%220%22%2F%3E%3C%2Fsvg%3E\" data-srcset=\"https:\/\/voyagerr.com\/wp-content\/uploads\/2023\/09\/modaxo-norwegian-brands-icon-200x191.png 200w, https:\/\/voyagerr.com\/wp-content\/uploads\/2023\/09\/modaxo-norwegian-brands-icon-400x381.png 400w, https:\/\/voyagerr.com\/wp-content\/uploads\/2023\/09\/modaxo-norwegian-brands-icon.png 535w\" data-sizes=\"auto\" data-orig-sizes=\"(max-width: 700px) 100vw, 200px\" \/><\/span><\/div><\/div><\/div><div class=\"fusion-layout-column fusion_builder_column fusion-builder-column-5 fusion_builder_column_1_5 1_5 fusion-flex-column\" style=\"--awb-bg-size:cover;--awb-width-large:20%;--awb-margin-top-large:0px;--awb-spacing-right-large:9.6%;--awb-margin-bottom-large:20px;--awb-spacing-left-large:9.6%;--awb-width-medium:20%;--awb-order-medium:0;--awb-spacing-right-medium:9.6%;--awb-spacing-left-medium:9.6%;--awb-width-small:100%;--awb-order-small:0;--awb-spacing-right-small:1.92%;--awb-spacing-left-small:1.92%;\"><div class=\"fusion-column-wrapper fusion-column-has-shadow fusion-flex-justify-content-flex-start fusion-content-layout-column\"><div class=\"fusion-image-element \" style=\"--awb-caption-title-font-family:var(--h2_typography-font-family);--awb-caption-title-font-weight:var(--h2_typography-font-weight);--awb-caption-title-font-style:var(--h2_typography-font-style);--awb-caption-title-size:var(--h2_typography-font-size);--awb-caption-title-transform:var(--h2_typography-text-transform);--awb-caption-title-line-height:var(--h2_typography-line-height);--awb-caption-title-letter-spacing:var(--h2_typography-letter-spacing);\"><span class=\" fusion-imageframe imageframe-none imageframe-3 hover-type-none\"><img decoding=\"async\" width=\"535\" height=\"511\" title=\"modaxo-norwegian-countries-icon\" src=\"https:\/\/voyagerr.com\/wp-content\/uploads\/2023\/09\/modaxo-norwegian-countries-icon.png\" data-orig-src=\"https:\/\/voyagerr.com\/wp-content\/uploads\/2023\/09\/modaxo-norwegian-countries-icon.png\" alt class=\"lazyload img-responsive wp-image-10160\" srcset=\"data:image\/svg+xml,%3Csvg%20xmlns%3D%27http%3A%2F%2Fwww.w3.org%2F2000%2Fsvg%27%20width%3D%27535%27%20height%3D%27511%27%20viewBox%3D%270%200%20535%20511%27%3E%3Crect%20width%3D%27535%27%20height%3D%27511%27%20fill-opacity%3D%220%22%2F%3E%3C%2Fsvg%3E\" data-srcset=\"https:\/\/voyagerr.com\/wp-content\/uploads\/2023\/09\/modaxo-norwegian-countries-icon-200x191.png 200w, https:\/\/voyagerr.com\/wp-content\/uploads\/2023\/09\/modaxo-norwegian-countries-icon-400x382.png 400w, https:\/\/voyagerr.com\/wp-content\/uploads\/2023\/09\/modaxo-norwegian-countries-icon.png 535w\" data-sizes=\"auto\" data-orig-sizes=\"(max-width: 700px) 100vw, 200px\" \/><\/span><\/div><\/div><\/div><div class=\"fusion-layout-column fusion_builder_column fusion-builder-column-6 fusion_builder_column_1_5 1_5 fusion-flex-column\" style=\"--awb-bg-size:cover;--awb-width-large:20%;--awb-margin-top-large:0px;--awb-spacing-right-large:9.6%;--awb-margin-bottom-large:20px;--awb-spacing-left-large:9.6%;--awb-width-medium:20%;--awb-order-medium:0;--awb-spacing-right-medium:9.6%;--awb-spacing-left-medium:9.6%;--awb-width-small:100%;--awb-order-small:0;--awb-spacing-right-small:1.92%;--awb-spacing-left-small:1.92%;\"><div class=\"fusion-column-wrapper fusion-column-has-shadow fusion-flex-justify-content-flex-start fusion-content-layout-column\"><div class=\"fusion-image-element \" style=\"--awb-caption-title-font-family:var(--h2_typography-font-family);--awb-caption-title-font-weight:var(--h2_typography-font-weight);--awb-caption-title-font-style:var(--h2_typography-font-style);--awb-caption-title-size:var(--h2_typography-font-size);--awb-caption-title-transform:var(--h2_typography-text-transform);--awb-caption-title-line-height:var(--h2_typography-line-height);--awb-caption-title-letter-spacing:var(--h2_typography-letter-spacing);\"><span class=\" fusion-imageframe imageframe-none imageframe-4 hover-type-none\"><img decoding=\"async\" width=\"535\" height=\"510\" title=\"modaxo-norwegian-customers-icon\" src=\"https:\/\/voyagerr.com\/wp-content\/uploads\/2023\/09\/modaxo-norwegian-customers-icon.png\" data-orig-src=\"https:\/\/voyagerr.com\/wp-content\/uploads\/2023\/09\/modaxo-norwegian-customers-icon.png\" alt class=\"lazyload img-responsive wp-image-10166\" srcset=\"data:image\/svg+xml,%3Csvg%20xmlns%3D%27http%3A%2F%2Fwww.w3.org%2F2000%2Fsvg%27%20width%3D%27535%27%20height%3D%27510%27%20viewBox%3D%270%200%20535%20510%27%3E%3Crect%20width%3D%27535%27%20height%3D%27510%27%20fill-opacity%3D%220%22%2F%3E%3C%2Fsvg%3E\" data-srcset=\"https:\/\/voyagerr.com\/wp-content\/uploads\/2023\/09\/modaxo-norwegian-customers-icon-200x191.png 200w, https:\/\/voyagerr.com\/wp-content\/uploads\/2023\/09\/modaxo-norwegian-customers-icon-400x381.png 400w, https:\/\/voyagerr.com\/wp-content\/uploads\/2023\/09\/modaxo-norwegian-customers-icon.png 535w\" data-sizes=\"auto\" data-orig-sizes=\"(max-width: 700px) 100vw, 200px\" \/><\/span><\/div><\/div><\/div><\/div><\/div><div class=\"fusion-fullwidth fullwidth-box fusion-builder-row-3 fusion-flex-container has-pattern-background has-mask-background nonhundred-percent-fullwidth non-hundred-percent-height-scrolling\" style=\"--awb-border-radius-top-left:0px;--awb-border-radius-top-right:0px;--awb-border-radius-bottom-right:0px;--awb-border-radius-bottom-left:0px;--awb-flex-wrap:wrap;\" ><div class=\"fusion-builder-row fusion-row fusion-flex-align-items-stretch fusion-flex-content-wrap\" style=\"max-width:1248px;margin-left: calc(-4% \/ 2 );margin-right: calc(-4% \/ 2 );\"><div class=\"fusion-layout-column fusion_builder_column fusion-builder-column-7 fusion_builder_column_1_2 1_2 fusion-flex-column\" style=\"--awb-bg-size:cover;--awb-width-large:50%;--awb-margin-top-large:0px;--awb-spacing-right-large:3.84%;--awb-margin-bottom-large:20px;--awb-spacing-left-large:3.84%;--awb-width-medium:50%;--awb-order-medium:0;--awb-spacing-right-medium:3.84%;--awb-spacing-left-medium:3.84%;--awb-width-small:100%;--awb-order-small:0;--awb-spacing-right-small:1.92%;--awb-spacing-left-small:1.92%;\"><div class=\"fusion-column-wrapper fusion-column-has-shadow fusion-flex-justify-content-flex-start fusion-content-layout-column\"><div class=\"fusion-text fusion-text-6\"><div>\n<h4>Modaxo: V\u00e5re l\u00f8sninger<\/h4>\n<\/div>\n<p>I sum leverer Modaxo-selskaper et bredt utvalg av l\u00f8sninger som str\u00f8mlinjeformer alle aspekter av publikumstransport, og vi st\u00f8tter varierte modaler og operasjonsomr\u00e5der.<\/p>\n<\/div><\/div><\/div><div class=\"fusion-layout-column fusion_builder_column fusion-builder-column-8 fusion_builder_column_1_2 1_2 fusion-flex-column\" style=\"--awb-bg-size:cover;--awb-width-large:50%;--awb-margin-top-large:0px;--awb-spacing-right-large:3.84%;--awb-margin-bottom-large:20px;--awb-spacing-left-large:3.84%;--awb-width-medium:50%;--awb-order-medium:0;--awb-spacing-right-medium:3.84%;--awb-spacing-left-medium:3.84%;--awb-width-small:100%;--awb-order-small:0;--awb-spacing-right-small:1.92%;--awb-spacing-left-small:1.92%;\"><div class=\"fusion-column-wrapper fusion-column-has-shadow fusion-flex-justify-content-flex-start fusion-content-layout-column\"><div class=\"fusion-text fusion-text-7\"><h4 class=\"fusion-responsive-typography-calculated\" style=\"--fontsize: 28.43; line-height: 1.4;\" data-fontsize=\"28.43\" data-lineheight=\"39.802px\">Filosofien bak Modaxo<\/h4>\n<p>Modaxo investerer i \u00e5 utvikle og skape vekst i systemleverand\u00f8rer innen publikumstransport \u2013 og vi selger de aldri. Det betyr at du kan v\u00e6re trygg p\u00e5 et langt ansettelsesforhold n\u00e5r du jobber i et Modaxo-selskap.<\/p>\n<p>V\u00e5re selskapers suksess bygger p\u00e5 \u00e5 levere innovativ teknologil\u00f8sninger st\u00f8ttet av lidenskapelige eksperter som kjenner sitt omr\u00e5de og marked.<\/p>\n<\/div><div class=\"fusion-separator fusion-full-width-sep\" style=\"align-self: center;margin-left: auto;margin-right: auto;flex-grow:10;width:100%;\"><\/div><div ><a class=\"fusion-button button-flat fusion-button-default-size button-default fusion-button-default button-1 fusion-button-default-span fusion-button-default-type\" style=\"--button_margin-top:10px;--button_margin-bottom:30px;\" target=\"_blank\" rel=\"noopener noreferrer\" href=\"https:\/\/modaxo.com\"><span class=\"fusion-button-text awb-button__text awb-button__text--default\">Modaxos hjemmeside<\/span><\/a><\/div><\/div><\/div><\/div><\/div><\/p>\n","protected":false},"excerpt":{"rendered":"","protected":false},"author":2,"featured_media":17876,"parent":14077,"menu_order":0,"comment_status":"closed","ping_status":"closed","template":"100-width.php","meta":{"content-type":"","footnotes":""},"class_list":["post-10141","page","type-page","status-publish","has-post-thumbnail","hentry"],"yoast_head":"<!-- This site is optimized with the Yoast SEO plugin v27.0 - https:\/\/yoast.com\/product\/yoast-seo-wordpress\/ -->\n<title>#WeAreModaxo - Voyagerr Demand Response<\/title>\n<meta name=\"description\" content=\"Voyagerr er en del av Modaxo, en samling av selskaper lidenskapelig opptatt av \u00e5 transportere mennesker og \u00e5 skape innovativ teknologi for menneskene bak transportbransjen.\" \/>\n<meta name=\"robots\" content=\"index, follow, max-snippet:-1, max-image-preview:large, max-video-preview:-1\" \/>\n<link rel=\"canonical\" href=\"https:\/\/voyagerr.com\/no\/om-oss\/wearemodaxo\/\" \/>\n<meta property=\"og:locale\" content=\"nb_NO\" \/>\n<meta property=\"og:type\" content=\"article\" \/>\n<meta property=\"og:title\" content=\"#WeAreModaxo - Voyagerr Demand Response\" \/>\n<meta property=\"og:description\" content=\"Voyagerr er en del av Modaxo, en samling av selskaper lidenskapelig opptatt av \u00e5 transportere mennesker og \u00e5 skape innovativ teknologi for menneskene bak transportbransjen.\" \/>\n<meta property=\"og:url\" content=\"https:\/\/voyagerr.com\/no\/om-oss\/wearemodaxo\/\" \/>\n<meta property=\"og:site_name\" content=\"Voyagerr Demand Response\" \/>\n<meta property=\"article:modified_time\" content=\"2023-12-04T09:19:12+00:00\" \/>\n<meta property=\"og:image\" content=\"https:\/\/voyagerr.com\/wp-content\/uploads\/2023\/09\/breathingsmiling.jpg\" \/>\n\t<meta property=\"og:image:width\" content=\"1800\" \/>\n\t<meta property=\"og:image:height\" content=\"1200\" \/>\n\t<meta property=\"og:image:type\" content=\"image\/jpeg\" \/>\n<meta name=\"twitter:card\" content=\"summary_large_image\" \/>\n<meta name=\"twitter:label1\" content=\"Ansl. lesetid\" \/>\n\t<meta name=\"twitter:data1\" content=\"8 minutter\" \/>\n<script type=\"application\/ld+json\" class=\"yoast-schema-graph\">{\"@context\":\"https:\/\/schema.org\",\"@graph\":[{\"@type\":\"WebPage\",\"@id\":\"https:\/\/voyagerr.com\/no\/om-oss\/wearemodaxo\/\",\"url\":\"https:\/\/voyagerr.com\/no\/om-oss\/wearemodaxo\/\",\"name\":\"#WeAreModaxo - Voyagerr Demand Response\",\"isPartOf\":{\"@id\":\"https:\/\/voyagerr.com\/no\/#website\"},\"primaryImageOfPage\":{\"@id\":\"https:\/\/voyagerr.com\/no\/om-oss\/wearemodaxo\/#primaryimage\"},\"image\":{\"@id\":\"https:\/\/voyagerr.com\/no\/om-oss\/wearemodaxo\/#primaryimage\"},\"thumbnailUrl\":\"https:\/\/voyagerr.com\/wp-content\/uploads\/2025\/11\/Modaxo_image.jpg\",\"datePublished\":\"2023-05-07T06:38:19+00:00\",\"dateModified\":\"2023-12-04T09:19:12+00:00\",\"description\":\"Voyagerr er en del av Modaxo, en samling av selskaper lidenskapelig opptatt av \u00e5 transportere mennesker og \u00e5 skape innovativ teknologi for menneskene bak transportbransjen.\",\"breadcrumb\":{\"@id\":\"https:\/\/voyagerr.com\/no\/om-oss\/wearemodaxo\/#breadcrumb\"},\"inLanguage\":\"nb-NO\",\"potentialAction\":[{\"@type\":\"ReadAction\",\"target\":[\"https:\/\/voyagerr.com\/no\/om-oss\/wearemodaxo\/\"]}]},{\"@type\":\"ImageObject\",\"inLanguage\":\"nb-NO\",\"@id\":\"https:\/\/voyagerr.com\/no\/om-oss\/wearemodaxo\/#primaryimage\",\"url\":\"https:\/\/voyagerr.com\/wp-content\/uploads\/2025\/11\/Modaxo_image.jpg\",\"contentUrl\":\"https:\/\/voyagerr.com\/wp-content\/uploads\/2025\/11\/Modaxo_image.jpg\",\"width\":1800,\"height\":1200},{\"@type\":\"BreadcrumbList\",\"@id\":\"https:\/\/voyagerr.com\/no\/om-oss\/wearemodaxo\/#breadcrumb\",\"itemListElement\":[{\"@type\":\"ListItem\",\"position\":1,\"name\":\"Home\",\"item\":\"https:\/\/voyagerr.com\/no\/\"},{\"@type\":\"ListItem\",\"position\":2,\"name\":\"#WeAreModaxo\"}]},{\"@type\":\"WebSite\",\"@id\":\"https:\/\/voyagerr.com\/no\/#website\",\"url\":\"https:\/\/voyagerr.com\/no\/\",\"name\":\"Voyagerr Demand Response\",\"description\":\"Making every journey matter\",\"potentialAction\":[{\"@type\":\"SearchAction\",\"target\":{\"@type\":\"EntryPoint\",\"urlTemplate\":\"https:\/\/voyagerr.com\/no\/?s={search_term_string}\"},\"query-input\":{\"@type\":\"PropertyValueSpecification\",\"valueRequired\":true,\"valueName\":\"search_term_string\"}}],\"inLanguage\":\"nb-NO\"}]}<\/script>\n<!-- \/ Yoast SEO plugin. -->","yoast_head_json":{"title":"#WeAreModaxo - Voyagerr Demand Response","description":"Voyagerr er en del av Modaxo, en samling av selskaper lidenskapelig opptatt av \u00e5 transportere mennesker og \u00e5 skape innovativ teknologi for menneskene bak transportbransjen.","robots":{"index":"index","follow":"follow","max-snippet":"max-snippet:-1","max-image-preview":"max-image-preview:large","max-video-preview":"max-video-preview:-1"},"canonical":"https:\/\/voyagerr.com\/no\/om-oss\/wearemodaxo\/","og_locale":"nb_NO","og_type":"article","og_title":"#WeAreModaxo - Voyagerr Demand Response","og_description":"Voyagerr er en del av Modaxo, en samling av selskaper lidenskapelig opptatt av \u00e5 transportere mennesker og \u00e5 skape innovativ teknologi for menneskene bak transportbransjen.","og_url":"https:\/\/voyagerr.com\/no\/om-oss\/wearemodaxo\/","og_site_name":"Voyagerr Demand Response","article_modified_time":"2023-12-04T09:19:12+00:00","og_image":[{"width":1800,"height":1200,"url":"https:\/\/voyagerr.com\/wp-content\/uploads\/2023\/09\/breathingsmiling.jpg","type":"image\/jpeg"}],"twitter_card":"summary_large_image","twitter_misc":{"Ansl. lesetid":"8 minutter"},"schema":{"@context":"https:\/\/schema.org","@graph":[{"@type":"WebPage","@id":"https:\/\/voyagerr.com\/no\/om-oss\/wearemodaxo\/","url":"https:\/\/voyagerr.com\/no\/om-oss\/wearemodaxo\/","name":"#WeAreModaxo - Voyagerr Demand Response","isPartOf":{"@id":"https:\/\/voyagerr.com\/no\/#website"},"primaryImageOfPage":{"@id":"https:\/\/voyagerr.com\/no\/om-oss\/wearemodaxo\/#primaryimage"},"image":{"@id":"https:\/\/voyagerr.com\/no\/om-oss\/wearemodaxo\/#primaryimage"},"thumbnailUrl":"https:\/\/voyagerr.com\/wp-content\/uploads\/2025\/11\/Modaxo_image.jpg","datePublished":"2023-05-07T06:38:19+00:00","dateModified":"2023-12-04T09:19:12+00:00","description":"Voyagerr er en del av Modaxo, en samling av selskaper lidenskapelig opptatt av \u00e5 transportere mennesker og \u00e5 skape innovativ teknologi for menneskene bak transportbransjen.","breadcrumb":{"@id":"https:\/\/voyagerr.com\/no\/om-oss\/wearemodaxo\/#breadcrumb"},"inLanguage":"nb-NO","potentialAction":[{"@type":"ReadAction","target":["https:\/\/voyagerr.com\/no\/om-oss\/wearemodaxo\/"]}]},{"@type":"ImageObject","inLanguage":"nb-NO","@id":"https:\/\/voyagerr.com\/no\/om-oss\/wearemodaxo\/#primaryimage","url":"https:\/\/voyagerr.com\/wp-content\/uploads\/2025\/11\/Modaxo_image.jpg","contentUrl":"https:\/\/voyagerr.com\/wp-content\/uploads\/2025\/11\/Modaxo_image.jpg","width":1800,"height":1200},{"@type":"BreadcrumbList","@id":"https:\/\/voyagerr.com\/no\/om-oss\/wearemodaxo\/#breadcrumb","itemListElement":[{"@type":"ListItem","position":1,"name":"Home","item":"https:\/\/voyagerr.com\/no\/"},{"@type":"ListItem","position":2,"name":"#WeAreModaxo"}]},{"@type":"WebSite","@id":"https:\/\/voyagerr.com\/no\/#website","url":"https:\/\/voyagerr.com\/no\/","name":"Voyagerr Demand Response","description":"Making every journey matter","potentialAction":[{"@type":"SearchAction","target":{"@type":"EntryPoint","urlTemplate":"https:\/\/voyagerr.com\/no\/?s={search_term_string}"},"query-input":{"@type":"PropertyValueSpecification","valueRequired":true,"valueName":"search_term_string"}}],"inLanguage":"nb-NO"}]}},"_links":{"self":[{"href":"https:\/\/voyagerr.com\/no\/wp-json\/wp\/v2\/pages\/10141","targetHints":{"allow":["GET"]}}],"collection":[{"href":"https:\/\/voyagerr.com\/no\/wp-json\/wp\/v2\/pages"}],"about":[{"href":"https:\/\/voyagerr.com\/no\/wp-json\/wp\/v2\/types\/page"}],"author":[{"embeddable":true,"href":"https:\/\/voyagerr.com\/no\/wp-json\/wp\/v2\/users\/2"}],"replies":[{"embeddable":true,"href":"https:\/\/voyagerr.com\/no\/wp-json\/wp\/v2\/comments?post=10141"}],"version-history":[{"count":6,"href":"https:\/\/voyagerr.com\/no\/wp-json\/wp\/v2\/pages\/10141\/revisions"}],"predecessor-version":[{"id":13697,"href":"https:\/\/voyagerr.com\/no\/wp-json\/wp\/v2\/pages\/10141\/revisions\/13697"}],"up":[{"embeddable":true,"href":"https:\/\/voyagerr.com\/no\/wp-json\/wp\/v2\/pages\/14077"}],"wp:featuredmedia":[{"embeddable":true,"href":"https:\/\/voyagerr.com\/no\/wp-json\/wp\/v2\/media\/17876"}],"wp:attachment":[{"href":"https:\/\/voyagerr.com\/no\/wp-json\/wp\/v2\/media?parent=10141"}],"curies":[{"name":"wp","href":"https:\/\/api.w.org\/{rel}","templated":true}]}}