{"id":9963,"date":"2023-05-07T06:38:19","date_gmt":"2023-05-07T06:38:19","guid":{"rendered":"https:\/\/voyagerr.com\/wearemodaxo\/"},"modified":"2023-11-02T09:43:57","modified_gmt":"2023-11-02T09:43:57","slug":"wearemodaxo","status":"publish","type":"page","link":"https:\/\/voyagerr.com\/fr\/a-propos-de-nous\/wearemodaxo\/","title":{"rendered":"#WeAreModaxo"},"content":{"rendered":"<p><div class=\"fusion-fullwidth fullwidth-box fusion-builder-row-1 fusion-flex-container has-pattern-background has-mask-background nonhundred-percent-fullwidth non-hundred-percent-height-scrolling\" style=\"--awb-border-radius-top-left:0px;--awb-border-radius-top-right:0px;--awb-border-radius-bottom-right:0px;--awb-border-radius-bottom-left:0px;--awb-padding-top:0px;--awb-flex-wrap:wrap;\" ><div class=\"fusion-builder-row fusion-row fusion-flex-align-items-flex-start fusion-flex-justify-content-center fusion-flex-content-wrap\" style=\"max-width:1248px;margin-left: calc(-4% \/ 2 );margin-right: calc(-4% \/ 2 );\"><div class=\"fusion-layout-column fusion_builder_column fusion-builder-column-0 fusion_builder_column_1_1 1_1 fusion-flex-column\" style=\"--awb-bg-size:cover;--awb-width-large:100%;--awb-margin-top-large:0px;--awb-spacing-right-large:1.92%;--awb-margin-bottom-large:20px;--awb-spacing-left-large:1.92%;--awb-width-medium:100%;--awb-order-medium:0;--awb-spacing-right-medium:1.92%;--awb-spacing-left-medium:1.92%;--awb-width-small:100%;--awb-order-small:0;--awb-spacing-right-small:1.92%;--awb-spacing-left-small:1.92%;\"><div class=\"fusion-column-wrapper fusion-column-has-shadow fusion-flex-justify-content-flex-start fusion-content-layout-column\"><div class=\"fusion-text fusion-text-1 fusion-text-no-margin\" style=\"--awb-margin-bottom:50px;\"><p style=\"text-align: center;\">Voyagerr fait partie de Modaxo:<\/p>\n<\/div><div class=\"fusion-text fusion-text-2\" style=\"--awb-font-size:40px;--awb-text-color:#000000;--awb-margin-top:20px;--awb-text-font-family:&quot;Plus Jakarta Sans&quot;;--awb-text-font-style:normal;--awb-text-font-weight:500;\"><p style=\"font-weight: 400;\"><strong>#WeAreModaxo \u2013 un collectif mondial d\u2019entreprises technologiques passionn\u00e9es par les nouveaux challenges des transports publics.<\/strong><\/p>\n<\/div><div class=\"fusion-text fusion-text-3\" style=\"--awb-margin-top:30px;\"><p>Modaxo regroupe de nombreuses entreprises de technologie de transport parmi les plus respect\u00e9es et les plus utilis\u00e9es au monde, notamment Trapeze Group, Binary System, Pcentra et bien d\u2019autres. Vous pouvez consulter la liste compl\u00e8te des entreprises Modaxo et lire ce que chacune fait un peu plus en d\u00e9tail sur <a href=\"https:\/\/modaxo.com\/people-transportation-brands\/\">le site Web de Modaxo<\/a>.<\/p>\n<p>Modaxo est le portefeuille d\u00e9di\u00e9 au transport de personnes de Constellation Software (TSX : CSU). Notre focalisation sur le transport de personnes va permettre le d\u00e9placement quotidien d\u2019un milliard de personnes d\u2019ici 2030. C\u2019est la mission de Modaxo.<\/p>\n<\/div><\/div><\/div><\/div><\/div><div class=\"fusion-fullwidth fullwidth-box fusion-builder-row-2 fusion-flex-container has-pattern-background has-mask-background nonhundred-percent-fullwidth non-hundred-percent-height-scrolling\" style=\"--awb-border-radius-top-left:0px;--awb-border-radius-top-right:0px;--awb-border-radius-bottom-right:0px;--awb-border-radius-bottom-left:0px;--awb-padding-top:96px;--awb-padding-bottom:85px;--awb-background-image:linear-gradient(218deg, var(--awb-custom_color_4) 0%,var(--awb-custom_color_5) 100%);--awb-flex-wrap:wrap;\" ><div class=\"fusion-builder-row fusion-row fusion-flex-align-items-flex-start fusion-flex-justify-content-center fusion-flex-content-wrap\" style=\"max-width:1248px;margin-left: calc(-4% \/ 2 );margin-right: calc(-4% \/ 2 );\"><div class=\"fusion-layout-column fusion_builder_column fusion-builder-column-1 fusion_builder_column_1_1 1_1 fusion-flex-column\" style=\"--awb-padding-right:176px;--awb-padding-left:177px;--awb-padding-right-small:20px;--awb-padding-left-small:21px;--awb-bg-size:cover;--awb-width-large:100%;--awb-margin-top-large:0px;--awb-spacing-right-large:1.92%;--awb-margin-bottom-large:61px;--awb-spacing-left-large:1.92%;--awb-width-medium:100%;--awb-order-medium:0;--awb-spacing-right-medium:1.92%;--awb-spacing-left-medium:1.92%;--awb-width-small:100%;--awb-order-small:0;--awb-spacing-right-small:1.92%;--awb-spacing-left-small:1.92%;\"><div class=\"fusion-column-wrapper fusion-column-has-shadow fusion-flex-justify-content-flex-start fusion-content-layout-column\"><div class=\"fusion-text fusion-text-4\"><h4>La singularit\u00e9 de Modaxo : notre objectif est local et mondial<\/h4>\n<p>Travaillant \u00e0 la fois ensemble et ind\u00e9pendamment, les entreprises de Modaxo se concentrent sur une chose : fournir des solutions logicielles et technologiques qui aident \u00e0 connecter les gens aux endroits o\u00f9 ils doivent aller pour le travail, la famille et la vie quotidienne.<\/p>\n<p>Pour nos clients, travailler avec les soci\u00e9t\u00e9s Modaxo signifie le meilleur des deux mondes : des solutions de pointe mondialement d\u00e9velopp\u00e9es sp\u00e9cifiquement pour r\u00e9pondre aux besoins des clients, fournies et soutenues par des \u00e9quipes locales expertes qui connaissent les clients et le secteur.<\/p>\n<\/div><\/div><\/div><div class=\"fusion-layout-column fusion_builder_column fusion-builder-column-2 fusion_builder_column_1_1 1_1 fusion-flex-column\" style=\"--awb-bg-size:cover;--awb-width-large:100%;--awb-margin-top-large:0px;--awb-spacing-right-large:1.92%;--awb-margin-bottom-large:20px;--awb-spacing-left-large:1.92%;--awb-width-medium:100%;--awb-order-medium:0;--awb-spacing-right-medium:1.92%;--awb-spacing-left-medium:1.92%;--awb-width-small:100%;--awb-order-small:0;--awb-spacing-right-small:1.92%;--awb-spacing-left-small:1.92%;\"><div class=\"fusion-column-wrapper fusion-column-has-shadow fusion-flex-justify-content-flex-start fusion-content-layout-column\"><div class=\"fusion-text fusion-text-5\"><p style=\"text-align: center;\">Modaxo en quelques chiffres<\/p>\n<\/div><\/div><\/div><div class=\"fusion-layout-column fusion_builder_column fusion-builder-column-3 fusion_builder_column_1_5 1_5 fusion-flex-column\" style=\"--awb-bg-size:cover;--awb-width-large:20%;--awb-margin-top-large:0px;--awb-spacing-right-large:9.6%;--awb-margin-bottom-large:20px;--awb-spacing-left-large:9.6%;--awb-width-medium:20%;--awb-order-medium:0;--awb-spacing-right-medium:9.6%;--awb-spacing-left-medium:9.6%;--awb-width-small:100%;--awb-order-small:0;--awb-spacing-right-small:1.92%;--awb-spacing-left-small:1.92%;\"><div class=\"fusion-column-wrapper fusion-column-has-shadow fusion-flex-justify-content-flex-start fusion-content-layout-column\"><div class=\"fusion-image-element sm-text-align-center\" style=\"--awb-caption-title-font-family:var(--h2_typography-font-family);--awb-caption-title-font-weight:var(--h2_typography-font-weight);--awb-caption-title-font-style:var(--h2_typography-font-style);--awb-caption-title-size:var(--h2_typography-font-size);--awb-caption-title-transform:var(--h2_typography-text-transform);--awb-caption-title-line-height:var(--h2_typography-line-height);--awb-caption-title-letter-spacing:var(--h2_typography-letter-spacing);\"><span class=\" fusion-imageframe imageframe-none imageframe-1 hover-type-none\"><img decoding=\"async\" width=\"535\" height=\"511\" title=\"modaxo-employees-icon\" src=\"https:\/\/voyagerr.com\/wp-content\/uploads\/2023\/06\/modaxo-employees-icon.png\" data-orig-src=\"https:\/\/voyagerr.com\/wp-content\/uploads\/2023\/06\/modaxo-employees-icon.png\" alt class=\"lazyload img-responsive wp-image-8219\" srcset=\"data:image\/svg+xml,%3Csvg%20xmlns%3D%27http%3A%2F%2Fwww.w3.org%2F2000%2Fsvg%27%20width%3D%27535%27%20height%3D%27511%27%20viewBox%3D%270%200%20535%20511%27%3E%3Crect%20width%3D%27535%27%20height%3D%27511%27%20fill-opacity%3D%220%22%2F%3E%3C%2Fsvg%3E\" data-srcset=\"https:\/\/voyagerr.com\/wp-content\/uploads\/2023\/06\/modaxo-employees-icon-200x191.png 200w, https:\/\/voyagerr.com\/wp-content\/uploads\/2023\/06\/modaxo-employees-icon-400x382.png 400w, https:\/\/voyagerr.com\/wp-content\/uploads\/2023\/06\/modaxo-employees-icon.png 535w\" data-sizes=\"auto\" data-orig-sizes=\"(max-width: 700px) 100vw, 200px\" \/><\/span><\/div><\/div><\/div><div class=\"fusion-layout-column fusion_builder_column fusion-builder-column-4 fusion_builder_column_1_5 1_5 fusion-flex-column\" style=\"--awb-bg-size:cover;--awb-width-large:20%;--awb-margin-top-large:0px;--awb-spacing-right-large:9.6%;--awb-margin-bottom-large:20px;--awb-spacing-left-large:9.6%;--awb-width-medium:20%;--awb-order-medium:0;--awb-spacing-right-medium:9.6%;--awb-spacing-left-medium:9.6%;--awb-width-small:100%;--awb-order-small:0;--awb-spacing-right-small:1.92%;--awb-spacing-left-small:1.92%;\"><div class=\"fusion-column-wrapper fusion-column-has-shadow fusion-flex-justify-content-flex-start fusion-content-layout-column\"><div class=\"fusion-image-element sm-text-align-center\" style=\"--awb-caption-title-font-family:var(--h2_typography-font-family);--awb-caption-title-font-weight:var(--h2_typography-font-weight);--awb-caption-title-font-style:var(--h2_typography-font-style);--awb-caption-title-size:var(--h2_typography-font-size);--awb-caption-title-transform:var(--h2_typography-text-transform);--awb-caption-title-line-height:var(--h2_typography-line-height);--awb-caption-title-letter-spacing:var(--h2_typography-letter-spacing);\"><span class=\" fusion-imageframe imageframe-none imageframe-2 hover-type-none\"><img decoding=\"async\" width=\"534\" height=\"510\" title=\"modaxo-dk-brands-icon\" src=\"https:\/\/voyagerr.com\/wp-content\/uploads\/2023\/05\/modaxo-dk-brands-icon.png\" data-orig-src=\"https:\/\/voyagerr.com\/wp-content\/uploads\/2023\/05\/modaxo-dk-brands-icon.png\" alt class=\"lazyload img-responsive wp-image-6813\" srcset=\"data:image\/svg+xml,%3Csvg%20xmlns%3D%27http%3A%2F%2Fwww.w3.org%2F2000%2Fsvg%27%20width%3D%27534%27%20height%3D%27510%27%20viewBox%3D%270%200%20534%20510%27%3E%3Crect%20width%3D%27534%27%20height%3D%27510%27%20fill-opacity%3D%220%22%2F%3E%3C%2Fsvg%3E\" data-srcset=\"https:\/\/voyagerr.com\/wp-content\/uploads\/2023\/05\/modaxo-dk-brands-icon-200x191.png 200w, https:\/\/voyagerr.com\/wp-content\/uploads\/2023\/05\/modaxo-dk-brands-icon-400x382.png 400w, https:\/\/voyagerr.com\/wp-content\/uploads\/2023\/05\/modaxo-dk-brands-icon.png 534w\" data-sizes=\"auto\" data-orig-sizes=\"(max-width: 700px) 100vw, 200px\" \/><\/span><\/div><\/div><\/div><div class=\"fusion-layout-column fusion_builder_column fusion-builder-column-5 fusion_builder_column_1_5 1_5 fusion-flex-column\" style=\"--awb-bg-size:cover;--awb-width-large:20%;--awb-margin-top-large:0px;--awb-spacing-right-large:9.6%;--awb-margin-bottom-large:20px;--awb-spacing-left-large:9.6%;--awb-width-medium:20%;--awb-order-medium:0;--awb-spacing-right-medium:9.6%;--awb-spacing-left-medium:9.6%;--awb-width-small:100%;--awb-order-small:0;--awb-spacing-right-small:1.92%;--awb-spacing-left-small:1.92%;\"><div class=\"fusion-column-wrapper fusion-column-has-shadow fusion-flex-justify-content-flex-start fusion-content-layout-column\"><div class=\"fusion-image-element sm-text-align-center\" style=\"--awb-caption-title-font-family:var(--h2_typography-font-family);--awb-caption-title-font-weight:var(--h2_typography-font-weight);--awb-caption-title-font-style:var(--h2_typography-font-style);--awb-caption-title-size:var(--h2_typography-font-size);--awb-caption-title-transform:var(--h2_typography-text-transform);--awb-caption-title-line-height:var(--h2_typography-line-height);--awb-caption-title-letter-spacing:var(--h2_typography-letter-spacing);\"><span class=\" fusion-imageframe imageframe-none imageframe-3 hover-type-none\"><img decoding=\"async\" width=\"535\" height=\"510\" title=\"modaxo-countries-icon\" src=\"https:\/\/voyagerr.com\/wp-content\/uploads\/2023\/06\/modaxo-countries-icon.png\" data-orig-src=\"https:\/\/voyagerr.com\/wp-content\/uploads\/2023\/06\/modaxo-countries-icon.png\" alt class=\"lazyload img-responsive wp-image-8224\" srcset=\"data:image\/svg+xml,%3Csvg%20xmlns%3D%27http%3A%2F%2Fwww.w3.org%2F2000%2Fsvg%27%20width%3D%27535%27%20height%3D%27510%27%20viewBox%3D%270%200%20535%20510%27%3E%3Crect%20width%3D%27535%27%20height%3D%27510%27%20fill-opacity%3D%220%22%2F%3E%3C%2Fsvg%3E\" data-srcset=\"https:\/\/voyagerr.com\/wp-content\/uploads\/2023\/06\/modaxo-countries-icon-200x191.png 200w, https:\/\/voyagerr.com\/wp-content\/uploads\/2023\/06\/modaxo-countries-icon-400x381.png 400w, https:\/\/voyagerr.com\/wp-content\/uploads\/2023\/06\/modaxo-countries-icon.png 535w\" data-sizes=\"auto\" data-orig-sizes=\"(max-width: 700px) 100vw, 200px\" \/><\/span><\/div><\/div><\/div><div class=\"fusion-layout-column fusion_builder_column fusion-builder-column-6 fusion_builder_column_1_5 1_5 fusion-flex-column\" style=\"--awb-bg-size:cover;--awb-width-large:20%;--awb-margin-top-large:0px;--awb-spacing-right-large:9.6%;--awb-margin-bottom-large:20px;--awb-spacing-left-large:9.6%;--awb-width-medium:20%;--awb-order-medium:0;--awb-spacing-right-medium:9.6%;--awb-spacing-left-medium:9.6%;--awb-width-small:100%;--awb-order-small:0;--awb-spacing-right-small:1.92%;--awb-spacing-left-small:1.92%;\"><div class=\"fusion-column-wrapper fusion-column-has-shadow fusion-flex-justify-content-flex-start fusion-content-layout-column\"><div class=\"fusion-image-element sm-text-align-center\" style=\"--awb-caption-title-font-family:var(--h2_typography-font-family);--awb-caption-title-font-weight:var(--h2_typography-font-weight);--awb-caption-title-font-style:var(--h2_typography-font-style);--awb-caption-title-size:var(--h2_typography-font-size);--awb-caption-title-transform:var(--h2_typography-text-transform);--awb-caption-title-line-height:var(--h2_typography-line-height);--awb-caption-title-letter-spacing:var(--h2_typography-letter-spacing);\"><span class=\" fusion-imageframe imageframe-none imageframe-4 hover-type-none\"><img decoding=\"async\" width=\"535\" height=\"510\" title=\"modaxo-customers-worldwide-icon\" src=\"https:\/\/voyagerr.com\/wp-content\/uploads\/2023\/06\/modaxo-customers-worldwide-icon.png\" data-orig-src=\"https:\/\/voyagerr.com\/wp-content\/uploads\/2023\/06\/modaxo-customers-worldwide-icon.png\" alt class=\"lazyload img-responsive wp-image-8229\" srcset=\"data:image\/svg+xml,%3Csvg%20xmlns%3D%27http%3A%2F%2Fwww.w3.org%2F2000%2Fsvg%27%20width%3D%27535%27%20height%3D%27510%27%20viewBox%3D%270%200%20535%20510%27%3E%3Crect%20width%3D%27535%27%20height%3D%27510%27%20fill-opacity%3D%220%22%2F%3E%3C%2Fsvg%3E\" data-srcset=\"https:\/\/voyagerr.com\/wp-content\/uploads\/2023\/06\/modaxo-customers-worldwide-icon-200x191.png 200w, https:\/\/voyagerr.com\/wp-content\/uploads\/2023\/06\/modaxo-customers-worldwide-icon-400x381.png 400w, https:\/\/voyagerr.com\/wp-content\/uploads\/2023\/06\/modaxo-customers-worldwide-icon.png 535w\" data-sizes=\"auto\" data-orig-sizes=\"(max-width: 700px) 100vw, 200px\" \/><\/span><\/div><\/div><\/div><\/div><\/div><div class=\"fusion-fullwidth fullwidth-box fusion-builder-row-3 fusion-flex-container has-pattern-background has-mask-background nonhundred-percent-fullwidth non-hundred-percent-height-scrolling\" style=\"--awb-border-radius-top-left:0px;--awb-border-radius-top-right:0px;--awb-border-radius-bottom-right:0px;--awb-border-radius-bottom-left:0px;--awb-flex-wrap:wrap;\" ><div class=\"fusion-builder-row fusion-row fusion-flex-align-items-stretch fusion-flex-content-wrap\" style=\"max-width:1248px;margin-left: calc(-4% \/ 2 );margin-right: calc(-4% \/ 2 );\"><div class=\"fusion-layout-column fusion_builder_column fusion-builder-column-7 fusion_builder_column_1_2 1_2 fusion-flex-column\" style=\"--awb-bg-size:cover;--awb-width-large:50%;--awb-margin-top-large:0px;--awb-spacing-right-large:3.84%;--awb-margin-bottom-large:20px;--awb-spacing-left-large:3.84%;--awb-width-medium:50%;--awb-order-medium:0;--awb-spacing-right-medium:3.84%;--awb-spacing-left-medium:3.84%;--awb-width-small:100%;--awb-order-small:0;--awb-spacing-right-small:1.92%;--awb-spacing-left-small:1.92%;\"><div class=\"fusion-column-wrapper fusion-column-has-shadow fusion-flex-justify-content-flex-start fusion-content-layout-column\"><div class=\"fusion-text fusion-text-6\"><div>\n<h4>Modaxo: Nos Solutions<\/h4>\n<\/div>\n<p>Collectivement, les soci\u00e9t\u00e9s Modaxo proposent une large gamme de solutions qui rationalisent tous les aspects du transport de personnes, prenant en charge une vari\u00e9t\u00e9 de modes et de zones d\u2019exploitation.<\/p>\n<\/div><\/div><\/div><div class=\"fusion-layout-column fusion_builder_column fusion-builder-column-8 fusion_builder_column_1_2 1_2 fusion-flex-column\" style=\"--awb-bg-size:cover;--awb-width-large:50%;--awb-margin-top-large:0px;--awb-spacing-right-large:3.84%;--awb-margin-bottom-large:20px;--awb-spacing-left-large:3.84%;--awb-width-medium:50%;--awb-order-medium:0;--awb-spacing-right-medium:3.84%;--awb-spacing-left-medium:3.84%;--awb-width-small:100%;--awb-order-small:0;--awb-spacing-right-small:1.92%;--awb-spacing-left-small:1.92%;\"><div class=\"fusion-column-wrapper fusion-column-has-shadow fusion-flex-justify-content-flex-start fusion-content-layout-column\"><div class=\"fusion-text fusion-text-7\"><h4 class=\"fusion-responsive-typography-calculated\" style=\"--fontsize: 28.43; line-height: 1.4;\" data-fontsize=\"28.43\" data-lineheight=\"39.802px\">La Philosophie Modaxo<\/h4>\n<p>Modaxo investit dans le d\u00e9veloppement et la croissance des entreprises de transport de personnes \u2013 et nous ne les vendons jamais. Cela signifie que lorsque vous travaillez avec une entreprise Modaxo, vous pouvez \u00eatre certain d\u2019une relation \u00e0 long terme.<\/p>\n<p>Le succ\u00e8s de nos entreprises repose sur la fourniture de solutions technologiques innovantes soutenues par des experts passionn\u00e9s qui connaissent parfaitement leur r\u00e9gion et leur march\u00e9.<\/p>\n<\/div><div class=\"fusion-separator fusion-full-width-sep\" style=\"align-self: center;margin-left: auto;margin-right: auto;flex-grow:10;width:100%;\"><\/div><div ><a class=\"fusion-button button-flat fusion-button-default-size button-default fusion-button-default button-1 fusion-button-default-span fusion-button-default-type\" style=\"--button_margin-top:10px;--button_margin-bottom:30px;\" target=\"_blank\" rel=\"noopener noreferrer\" href=\"https:\/\/modaxo.com\/fr\/\"><span class=\"fusion-button-text awb-button__text awb-button__text--default\">En savoir plus sur modaxo.com.<\/span><\/a><\/div><\/div><\/div><\/div><\/div><\/p>\n","protected":false},"excerpt":{"rendered":"","protected":false},"author":2,"featured_media":17873,"parent":9967,"menu_order":0,"comment_status":"closed","ping_status":"closed","template":"100-width.php","meta":{"content-type":"","footnotes":""},"class_list":["post-9963","page","type-page","status-publish","has-post-thumbnail","hentry"],"yoast_head":"<!-- This site is optimized with the Yoast SEO plugin v27.0 - https:\/\/yoast.com\/product\/yoast-seo-wordpress\/ -->\n<title>#WeAreModaxo - Voyagerr Demand Response<\/title>\n<meta name=\"description\" content=\"#WeAreModaxo \u2013 un collectif mondial d\u2019entreprises technologiques passionn\u00e9es par les nouveaux challenges des transports publics.\" \/>\n<meta name=\"robots\" content=\"index, follow, max-snippet:-1, max-image-preview:large, max-video-preview:-1\" \/>\n<link rel=\"canonical\" href=\"https:\/\/voyagerr.com\/fr\/a-propos-de-nous\/wearemodaxo\/\" \/>\n<meta property=\"og:locale\" content=\"fr_FR\" \/>\n<meta property=\"og:type\" content=\"article\" \/>\n<meta property=\"og:title\" content=\"#WeAreModaxo - Voyagerr Demand Response\" \/>\n<meta property=\"og:description\" content=\"#WeAreModaxo \u2013 un collectif mondial d\u2019entreprises technologiques passionn\u00e9es par les nouveaux challenges des transports publics.\" \/>\n<meta property=\"og:url\" content=\"https:\/\/voyagerr.com\/fr\/a-propos-de-nous\/wearemodaxo\/\" \/>\n<meta property=\"og:site_name\" content=\"Voyagerr Demand Response\" \/>\n<meta property=\"article:modified_time\" content=\"2023-11-02T09:43:57+00:00\" \/>\n<meta property=\"og:image\" content=\"https:\/\/voyagerr.com\/wp-content\/uploads\/2023\/09\/breathingsmiling.jpg\" \/>\n\t<meta property=\"og:image:width\" content=\"1800\" \/>\n\t<meta property=\"og:image:height\" content=\"1200\" \/>\n\t<meta property=\"og:image:type\" content=\"image\/jpeg\" \/>\n<meta name=\"twitter:card\" content=\"summary_large_image\" \/>\n<meta name=\"twitter:label1\" content=\"Dur\u00e9e de lecture estim\u00e9e\" \/>\n\t<meta name=\"twitter:data1\" content=\"7 minutes\" \/>\n<script type=\"application\/ld+json\" class=\"yoast-schema-graph\">{\"@context\":\"https:\/\/schema.org\",\"@graph\":[{\"@type\":\"WebPage\",\"@id\":\"https:\/\/voyagerr.com\/fr\/a-propos-de-nous\/wearemodaxo\/\",\"url\":\"https:\/\/voyagerr.com\/fr\/a-propos-de-nous\/wearemodaxo\/\",\"name\":\"#WeAreModaxo - Voyagerr Demand Response\",\"isPartOf\":{\"@id\":\"https:\/\/voyagerr.com\/fr\/#website\"},\"primaryImageOfPage\":{\"@id\":\"https:\/\/voyagerr.com\/fr\/a-propos-de-nous\/wearemodaxo\/#primaryimage\"},\"image\":{\"@id\":\"https:\/\/voyagerr.com\/fr\/a-propos-de-nous\/wearemodaxo\/#primaryimage\"},\"thumbnailUrl\":\"https:\/\/voyagerr.com\/wp-content\/uploads\/2025\/11\/Modaxo_image.jpg\",\"datePublished\":\"2023-05-07T06:38:19+00:00\",\"dateModified\":\"2023-11-02T09:43:57+00:00\",\"description\":\"#WeAreModaxo \u2013 un collectif mondial d\u2019entreprises technologiques passionn\u00e9es par les nouveaux challenges des transports publics.\",\"breadcrumb\":{\"@id\":\"https:\/\/voyagerr.com\/fr\/a-propos-de-nous\/wearemodaxo\/#breadcrumb\"},\"inLanguage\":\"fr-FR\",\"potentialAction\":[{\"@type\":\"ReadAction\",\"target\":[\"https:\/\/voyagerr.com\/fr\/a-propos-de-nous\/wearemodaxo\/\"]}]},{\"@type\":\"ImageObject\",\"inLanguage\":\"fr-FR\",\"@id\":\"https:\/\/voyagerr.com\/fr\/a-propos-de-nous\/wearemodaxo\/#primaryimage\",\"url\":\"https:\/\/voyagerr.com\/wp-content\/uploads\/2025\/11\/Modaxo_image.jpg\",\"contentUrl\":\"https:\/\/voyagerr.com\/wp-content\/uploads\/2025\/11\/Modaxo_image.jpg\",\"width\":1800,\"height\":1200},{\"@type\":\"BreadcrumbList\",\"@id\":\"https:\/\/voyagerr.com\/fr\/a-propos-de-nous\/wearemodaxo\/#breadcrumb\",\"itemListElement\":[{\"@type\":\"ListItem\",\"position\":1,\"name\":\"Home\",\"item\":\"https:\/\/voyagerr.com\/fr\/\"},{\"@type\":\"ListItem\",\"position\":2,\"name\":\"\u00c0 propos de nous\",\"item\":\"https:\/\/voyagerr.com\/fr\/a-propos-de-nous\/\"},{\"@type\":\"ListItem\",\"position\":3,\"name\":\"#WeAreModaxo\"}]},{\"@type\":\"WebSite\",\"@id\":\"https:\/\/voyagerr.com\/fr\/#website\",\"url\":\"https:\/\/voyagerr.com\/fr\/\",\"name\":\"Voyagerr Demand Response\",\"description\":\"Making every journey matter\",\"potentialAction\":[{\"@type\":\"SearchAction\",\"target\":{\"@type\":\"EntryPoint\",\"urlTemplate\":\"https:\/\/voyagerr.com\/fr\/?s={search_term_string}\"},\"query-input\":{\"@type\":\"PropertyValueSpecification\",\"valueRequired\":true,\"valueName\":\"search_term_string\"}}],\"inLanguage\":\"fr-FR\"}]}<\/script>\n<!-- \/ Yoast SEO plugin. -->","yoast_head_json":{"title":"#WeAreModaxo - Voyagerr Demand Response","description":"#WeAreModaxo \u2013 un collectif mondial d\u2019entreprises technologiques passionn\u00e9es par les nouveaux challenges des transports publics.","robots":{"index":"index","follow":"follow","max-snippet":"max-snippet:-1","max-image-preview":"max-image-preview:large","max-video-preview":"max-video-preview:-1"},"canonical":"https:\/\/voyagerr.com\/fr\/a-propos-de-nous\/wearemodaxo\/","og_locale":"fr_FR","og_type":"article","og_title":"#WeAreModaxo - Voyagerr Demand Response","og_description":"#WeAreModaxo \u2013 un collectif mondial d\u2019entreprises technologiques passionn\u00e9es par les nouveaux challenges des transports publics.","og_url":"https:\/\/voyagerr.com\/fr\/a-propos-de-nous\/wearemodaxo\/","og_site_name":"Voyagerr Demand Response","article_modified_time":"2023-11-02T09:43:57+00:00","og_image":[{"width":1800,"height":1200,"url":"https:\/\/voyagerr.com\/wp-content\/uploads\/2023\/09\/breathingsmiling.jpg","type":"image\/jpeg"}],"twitter_card":"summary_large_image","twitter_misc":{"Dur\u00e9e de lecture estim\u00e9e":"7 minutes"},"schema":{"@context":"https:\/\/schema.org","@graph":[{"@type":"WebPage","@id":"https:\/\/voyagerr.com\/fr\/a-propos-de-nous\/wearemodaxo\/","url":"https:\/\/voyagerr.com\/fr\/a-propos-de-nous\/wearemodaxo\/","name":"#WeAreModaxo - Voyagerr Demand Response","isPartOf":{"@id":"https:\/\/voyagerr.com\/fr\/#website"},"primaryImageOfPage":{"@id":"https:\/\/voyagerr.com\/fr\/a-propos-de-nous\/wearemodaxo\/#primaryimage"},"image":{"@id":"https:\/\/voyagerr.com\/fr\/a-propos-de-nous\/wearemodaxo\/#primaryimage"},"thumbnailUrl":"https:\/\/voyagerr.com\/wp-content\/uploads\/2025\/11\/Modaxo_image.jpg","datePublished":"2023-05-07T06:38:19+00:00","dateModified":"2023-11-02T09:43:57+00:00","description":"#WeAreModaxo \u2013 un collectif mondial d\u2019entreprises technologiques passionn\u00e9es par les nouveaux challenges des transports publics.","breadcrumb":{"@id":"https:\/\/voyagerr.com\/fr\/a-propos-de-nous\/wearemodaxo\/#breadcrumb"},"inLanguage":"fr-FR","potentialAction":[{"@type":"ReadAction","target":["https:\/\/voyagerr.com\/fr\/a-propos-de-nous\/wearemodaxo\/"]}]},{"@type":"ImageObject","inLanguage":"fr-FR","@id":"https:\/\/voyagerr.com\/fr\/a-propos-de-nous\/wearemodaxo\/#primaryimage","url":"https:\/\/voyagerr.com\/wp-content\/uploads\/2025\/11\/Modaxo_image.jpg","contentUrl":"https:\/\/voyagerr.com\/wp-content\/uploads\/2025\/11\/Modaxo_image.jpg","width":1800,"height":1200},{"@type":"BreadcrumbList","@id":"https:\/\/voyagerr.com\/fr\/a-propos-de-nous\/wearemodaxo\/#breadcrumb","itemListElement":[{"@type":"ListItem","position":1,"name":"Home","item":"https:\/\/voyagerr.com\/fr\/"},{"@type":"ListItem","position":2,"name":"\u00c0 propos de nous","item":"https:\/\/voyagerr.com\/fr\/a-propos-de-nous\/"},{"@type":"ListItem","position":3,"name":"#WeAreModaxo"}]},{"@type":"WebSite","@id":"https:\/\/voyagerr.com\/fr\/#website","url":"https:\/\/voyagerr.com\/fr\/","name":"Voyagerr Demand Response","description":"Making every journey matter","potentialAction":[{"@type":"SearchAction","target":{"@type":"EntryPoint","urlTemplate":"https:\/\/voyagerr.com\/fr\/?s={search_term_string}"},"query-input":{"@type":"PropertyValueSpecification","valueRequired":true,"valueName":"search_term_string"}}],"inLanguage":"fr-FR"}]}},"_links":{"self":[{"href":"https:\/\/voyagerr.com\/fr\/wp-json\/wp\/v2\/pages\/9963","targetHints":{"allow":["GET"]}}],"collection":[{"href":"https:\/\/voyagerr.com\/fr\/wp-json\/wp\/v2\/pages"}],"about":[{"href":"https:\/\/voyagerr.com\/fr\/wp-json\/wp\/v2\/types\/page"}],"author":[{"embeddable":true,"href":"https:\/\/voyagerr.com\/fr\/wp-json\/wp\/v2\/users\/2"}],"replies":[{"embeddable":true,"href":"https:\/\/voyagerr.com\/fr\/wp-json\/wp\/v2\/comments?post=9963"}],"version-history":[{"count":11,"href":"https:\/\/voyagerr.com\/fr\/wp-json\/wp\/v2\/pages\/9963\/revisions"}],"predecessor-version":[{"id":12803,"href":"https:\/\/voyagerr.com\/fr\/wp-json\/wp\/v2\/pages\/9963\/revisions\/12803"}],"up":[{"embeddable":true,"href":"https:\/\/voyagerr.com\/fr\/wp-json\/wp\/v2\/pages\/9967"}],"wp:featuredmedia":[{"embeddable":true,"href":"https:\/\/voyagerr.com\/fr\/wp-json\/wp\/v2\/media\/17873"}],"wp:attachment":[{"href":"https:\/\/voyagerr.com\/fr\/wp-json\/wp\/v2\/media?parent=9963"}],"curies":[{"name":"wp","href":"https:\/\/api.w.org\/{rel}","templated":true}]}}