{"id":9960,"date":"2023-03-16T10:20:00","date_gmt":"2023-03-16T10:20:00","guid":{"rendered":"https:\/\/voyagerr.com\/contact\/"},"modified":"2026-03-17T10:25:03","modified_gmt":"2026-03-17T10:25:03","slug":"contact","status":"publish","type":"page","link":"https:\/\/voyagerr.com\/fr\/contact\/","title":{"rendered":"Contact"},"content":{"rendered":"<p><div class=\"fusion-fullwidth fullwidth-box fusion-builder-row-1 fusion-flex-container nonhundred-percent-fullwidth non-hundred-percent-height-scrolling\" style=\"--awb-border-radius-top-left:0px;--awb-border-radius-top-right:0px;--awb-border-radius-bottom-right:0px;--awb-border-radius-bottom-left:0px;--awb-flex-wrap:wrap;\" ><div class=\"fusion-builder-row fusion-row fusion-flex-align-items-flex-start fusion-flex-content-wrap\" style=\"max-width:1248px;margin-left: calc(-4% \/ 2 );margin-right: calc(-4% \/ 2 );\"><div class=\"fusion-layout-column fusion_builder_column fusion-builder-column-0 fusion_builder_column_1_1 1_1 fusion-flex-column\" style=\"--awb-padding-bottom:29px;--awb-bg-blend:overlay;--awb-bg-size:cover;--awb-width-large:100%;--awb-margin-top-large:0px;--awb-spacing-right-large:1.92%;--awb-margin-bottom-large:0px;--awb-spacing-left-large:1.92%;--awb-width-medium:100%;--awb-spacing-right-medium:1.92%;--awb-spacing-left-medium:1.92%;--awb-width-small:100%;--awb-spacing-right-small:1.92%;--awb-spacing-left-small:1.92%;\"><div class=\"fusion-column-wrapper fusion-flex-justify-content-flex-start fusion-content-layout-column\"><div class=\"fusion-text fusion-text-1\"><h2 class=\"fusion-responsive-typography-calculated\" style=\"--fontsize: 42; line-height: 1.2; text-align: center;\" data-fontsize=\"42\" data-lineheight=\"50.4px\">Echangeons ensemble&#8230;<\/h2>\n<\/div><div class=\"fusion-text fusion-text-2\" style=\"--awb-content-alignment:center;--awb-margin-top:40px;\"><h5 class=\"fusion-responsive-typography-calculated\" style=\"text-align: center; --fontsize: 20; line-height: 1.4; --minfontsize: 20;\" data-fontsize=\"20\" data-lineheight=\"28px\"><\/h5>\n<h5 class=\"fusion-responsive-typography-calculated\" style=\"text-align: center; --fontsize: 20; line-height: 1.4; --minfontsize: 20;\" data-fontsize=\"20\" data-lineheight=\"28px\"><span style=\"color: var(--h5_typography-color); font-family: var(--h5_typography-font-family); font-size: var(--h5_typography-font-size); font-style: var(--h5_typography-font-style,normal); font-weight: var(--h5_typography-font-weight); letter-spacing: var(--h5_typography-letter-spacing); text-transform: var(--h5_typography-text-transform); background-color: var(--awb-bg-color-hover);\">Voyagerr est pr\u00e9sent en Europe et dans les pays nordiques. Vous \u00eates toujours les bienvenus pour nous contacter &#8230;<\/span><\/h5>\n<\/div><\/div><\/div><\/div><\/div><div class=\"fusion-fullwidth fullwidth-box fusion-builder-row-2 fusion-flex-container has-pattern-background has-mask-background fusion-parallax-none nonhundred-percent-fullwidth non-hundred-percent-height-scrolling lazyload\" style=\"--awb-border-radius-top-left:0px;--awb-border-radius-top-right:0px;--awb-border-radius-bottom-right:0px;--awb-border-radius-bottom-left:0px;--awb-background-size:cover;--awb-flex-wrap:wrap;\" data-bg=\"https:\/\/voyagerr.com\/wp-content\/uploads\/2023\/05\/mobility_for_all.jpg\" ><div class=\"fusion-builder-row fusion-row fusion-flex-align-items-stretch fusion-flex-content-wrap\" style=\"max-width:1248px;margin-left: calc(-4% \/ 2 );margin-right: calc(-4% \/ 2 );\"><div class=\"fusion-layout-column fusion_builder_column fusion-builder-column-1 fusion_builder_column_2_3 2_3 fusion-flex-column\" style=\"--awb-padding-top:33px;--awb-padding-right:35px;--awb-padding-left:38px;--awb-padding-top-small:87px;--awb-padding-right-small:0px;--awb-padding-left-small:0px;--awb-overflow:hidden;--awb-bg-color:#ffffff;--awb-bg-color-hover:#ffffff;--awb-bg-size:cover;--awb-border-radius:100px 0px 0px 0px;--awb-width-large:66.666666666667%;--awb-margin-top-large:55px;--awb-spacing-right-large:2.88%;--awb-margin-bottom-large:45px;--awb-spacing-left-large:2.88%;--awb-width-medium:66.666666666667%;--awb-order-medium:0;--awb-spacing-right-medium:2.88%;--awb-spacing-left-medium:2.88%;--awb-width-small:100%;--awb-order-small:0;--awb-spacing-right-small:1.92%;--awb-spacing-left-small:1.92%;\"><div class=\"fusion-column-wrapper fusion-column-has-shadow fusion-flex-justify-content-flex-start fusion-content-layout-column\"><div class=\"fusion-text fusion-text-3\">\n\t\t\t\t\t\t<script>\n\t\t\t\t\t\t\twindow.hsFormsOnReady = window.hsFormsOnReady || [];\n\t\t\t\t\t\t\twindow.hsFormsOnReady.push(()=>{\n\t\t\t\t\t\t\t\thbspt.forms.create({\n\t\t\t\t\t\t\t\t\tportalId: 5043432,\n\t\t\t\t\t\t\t\t\tformId: \"a3b1ca70-541e-459f-b686-e81ddacfc257\",\n\t\t\t\t\t\t\t\t\ttarget: \"#hbspt-form-1775412642000-1488338539\",\n\t\t\t\t\t\t\t\t\tregion: \"na1\",\n\t\t\t\t\t\t\t\t\t\n\t\t\t\t\t\t\t})});\n\t\t\t\t\t\t<\/script>\n\t\t\t\t\t\t<div class=\"hbspt-form\" id=\"hbspt-form-1775412642000-1488338539\"><\/div>\n<\/div><\/div><\/div><div class=\"fusion-layout-column fusion_builder_column fusion-builder-column-2 fusion_builder_column_1_3 1_3 fusion-flex-column\" style=\"--awb-padding-top:33px;--awb-padding-right:35px;--awb-padding-left:38px;--awb-padding-bottom-small:46px;--awb-overflow:hidden;--awb-bg-color:#ffffff;--awb-bg-color-hover:#ffffff;--awb-bg-size:cover;--awb-border-radius:0px 0px 100px 0px;--awb-width-large:33.333333333333%;--awb-margin-top-large:55px;--awb-spacing-right-large:5.76%;--awb-margin-bottom-large:45px;--awb-spacing-left-large:5.76%;--awb-width-medium:33.333333333333%;--awb-order-medium:0;--awb-spacing-right-medium:5.76%;--awb-spacing-left-medium:5.76%;--awb-width-small:100%;--awb-order-small:0;--awb-spacing-right-small:1.92%;--awb-spacing-left-small:1.92%;\"><div class=\"fusion-column-wrapper fusion-column-has-shadow fusion-flex-justify-content-flex-start fusion-content-layout-column\"><div class=\"accordian fusion-accordian\" style=\"--awb-border-size:1px;--awb-icon-size:16px;--awb-content-font-size:17px;--awb-icon-alignment:right;--awb-hover-color:var(--awb-custom_color_4);--awb-border-color:var(--awb-color6);--awb-background-color:var(--awb-color6);--awb-divider-color:var(--awb-color3);--awb-divider-hover-color:var(--awb-color3);--awb-icon-color:#000000;--awb-title-color:var(--awb-color8);--awb-content-color:#000000;--awb-icon-box-color:var(--awb-color8);--awb-toggle-hover-accent-color:#000000;--awb-toggle-active-accent-color:#000000;--awb-title-font-family:&quot;Plus Jakarta Sans&quot;;--awb-title-font-weight:400;--awb-title-font-style:normal;--awb-title-font-size:17px;--awb-title-letter-spacing:var(--awb-typography1-letter-spacing);--awb-title-line-height:var(--awb-typography1-line-height);--awb-content-font-family:&quot;Source Sans Pro&quot;;--awb-content-font-style:normal;--awb-content-font-weight:var(--awb-typography4);\"><div class=\"panel-group fusion-toggle-icon-right fusion-toggle-icon-unboxed\" id=\"accordion-9960-1\"><div class=\"fusion-panel panel-default panel-540b4755e54567f3b fusion-toggle-no-divider fusion-toggle-boxed-mode\" style=\"--awb-title-color:var(--awb-color8);--awb-content-color:var(--awb-color8);\"><div class=\"panel-heading\"><h3 class=\"panel-title toggle\" id=\"toggle_540b4755e54567f3b\"><a class=\"active\" aria-expanded=\"true\" aria-controls=\"540b4755e54567f3b\" role=\"button\" data-toggle=\"collapse\" data-parent=\"#accordion-9960-1\" data-target=\"#540b4755e54567f3b\" href=\"#540b4755e54567f3b\"><span class=\"fusion-toggle-icon-wrapper\" aria-hidden=\"true\"><i class=\"fa-fusion-box active-icon fa-angle-up fas\" aria-hidden=\"true\"><\/i><i class=\"fa-fusion-box inactive-icon fa-angle-down fas\" aria-hidden=\"true\"><\/i><\/span><span class=\"fusion-toggle-heading\">Danemark<\/span><\/a><\/h3><\/div><div id=\"540b4755e54567f3b\" class=\"panel-collapse collapse in\" aria-labelledby=\"toggle_540b4755e54567f3b\"><div class=\"panel-body toggle-content fusion-clearfix\">\n<p>Sommervej 31 D, 4.<br \/>\nDK-8210 Aarhus V<br \/>\nT +45 8744 1600<\/p>\n<\/div><\/div><\/div><div class=\"fusion-panel panel-default panel-0bd806dce1f680534 fusion-toggle-no-divider fusion-toggle-boxed-mode\" style=\"--awb-title-color:var(--awb-color8);--awb-content-color:var(--awb-color8);\"><div class=\"panel-heading\"><h3 class=\"panel-title toggle\" id=\"toggle_0bd806dce1f680534\"><a aria-expanded=\"false\" aria-controls=\"0bd806dce1f680534\" role=\"button\" data-toggle=\"collapse\" data-parent=\"#accordion-9960-1\" data-target=\"#0bd806dce1f680534\" href=\"#0bd806dce1f680534\"><span class=\"fusion-toggle-icon-wrapper\" aria-hidden=\"true\"><i class=\"fa-fusion-box active-icon fa-angle-up fas\" aria-hidden=\"true\"><\/i><i class=\"fa-fusion-box inactive-icon fa-angle-down fas\" aria-hidden=\"true\"><\/i><\/span><span class=\"fusion-toggle-heading\">France<\/span><\/a><\/h3><\/div><div id=\"0bd806dce1f680534\" class=\"panel-collapse collapse \" aria-labelledby=\"toggle_0bd806dce1f680534\"><div class=\"panel-body toggle-content fusion-clearfix\">Voyagerr<br \/>\nPatchwork<br \/>\n26 Rue de Montholon<br \/>\n75009 Paris, France<\/p>\n<p>+33 1 40 79 60 00<\/div><\/div><\/div><div class=\"fusion-panel panel-default panel-e22ee82713b31ab35 fusion-toggle-no-divider fusion-toggle-boxed-mode\" style=\"--awb-title-color:var(--awb-color8);--awb-content-color:var(--awb-color8);\"><div class=\"panel-heading\"><h3 class=\"panel-title toggle\" id=\"toggle_e22ee82713b31ab35\"><a aria-expanded=\"false\" aria-controls=\"e22ee82713b31ab35\" role=\"button\" data-toggle=\"collapse\" data-parent=\"#accordion-9960-1\" data-target=\"#e22ee82713b31ab35\" href=\"#e22ee82713b31ab35\"><span class=\"fusion-toggle-icon-wrapper\" aria-hidden=\"true\"><i class=\"fa-fusion-box active-icon fa-angle-up fas\" aria-hidden=\"true\"><\/i><i class=\"fa-fusion-box inactive-icon fa-angle-down fas\" aria-hidden=\"true\"><\/i><\/span><span class=\"fusion-toggle-heading\">Allemagne, Autriche et Suisse<\/span><\/a><\/h3><\/div><div id=\"e22ee82713b31ab35\" class=\"panel-collapse collapse \" aria-labelledby=\"toggle_e22ee82713b31ab35\"><div class=\"panel-body toggle-content fusion-clearfix\">\n<p>R\u00f6\u00dflerstra\u00dfe 88,<br \/>\n64293 Darmstadt,<br \/>\nAllemagne<br \/>\nT +49 6151 66682 40<\/p>\n<\/div><\/div><\/div><div class=\"fusion-panel panel-default panel-324122ad997a3e516 fusion-toggle-no-divider fusion-toggle-boxed-mode\" style=\"--awb-title-color:var(--awb-color8);--awb-content-color:var(--awb-color8);\"><div class=\"panel-heading\"><h3 class=\"panel-title toggle\" id=\"toggle_324122ad997a3e516\"><a aria-expanded=\"false\" aria-controls=\"324122ad997a3e516\" role=\"button\" data-toggle=\"collapse\" data-parent=\"#accordion-9960-1\" data-target=\"#324122ad997a3e516\" href=\"#324122ad997a3e516\"><span class=\"fusion-toggle-icon-wrapper\" aria-hidden=\"true\"><i class=\"fa-fusion-box active-icon fa-angle-up fas\" aria-hidden=\"true\"><\/i><i class=\"fa-fusion-box inactive-icon fa-angle-down fas\" aria-hidden=\"true\"><\/i><\/span><span class=\"fusion-toggle-heading\">Norv\u00e8ge<\/span><\/a><\/h3><\/div><div id=\"324122ad997a3e516\" class=\"panel-collapse collapse \" aria-labelledby=\"toggle_324122ad997a3e516\"><div class=\"panel-body toggle-content fusion-clearfix\">\n<p>Sommervej 31 D, 4.<br \/>\nDK-8210 Aarhus V<br \/>\nT +45 8744 1644<\/p>\n<\/div><\/div><\/div><div class=\"fusion-panel panel-default panel-e2075c79b7ca980fb fusion-toggle-no-divider fusion-toggle-boxed-mode\" style=\"--awb-title-color:var(--awb-color8);--awb-content-color:var(--awb-color8);\"><div class=\"panel-heading\"><h3 class=\"panel-title toggle\" id=\"toggle_e2075c79b7ca980fb\"><a aria-expanded=\"false\" aria-controls=\"e2075c79b7ca980fb\" role=\"button\" data-toggle=\"collapse\" data-parent=\"#accordion-9960-1\" data-target=\"#e2075c79b7ca980fb\" href=\"#e2075c79b7ca980fb\"><span class=\"fusion-toggle-icon-wrapper\" aria-hidden=\"true\"><i class=\"fa-fusion-box active-icon fa-angle-up fas\" aria-hidden=\"true\"><\/i><i class=\"fa-fusion-box inactive-icon fa-angle-down fas\" aria-hidden=\"true\"><\/i><\/span><span class=\"fusion-toggle-heading\">Su\u00e8de<\/span><\/a><\/h3><\/div><div id=\"e2075c79b7ca980fb\" class=\"panel-collapse collapse \" aria-labelledby=\"toggle_e2075c79b7ca980fb\"><div class=\"panel-body toggle-content fusion-clearfix\">\n<p>Gruvgatan 6<\/p>\n<p>421 30 V\u00e4stra Fr\u00f6lunda<\/p>\n<p>T +46 (0)31-709 32 80<\/p>\n<\/div><\/div><\/div><div class=\"fusion-panel panel-default panel-ddcafcfe59870925e fusion-toggle-no-divider fusion-toggle-boxed-mode\" style=\"--awb-title-color:var(--awb-color8);--awb-content-color:var(--awb-color8);\"><div class=\"panel-heading\"><h3 class=\"panel-title toggle\" id=\"toggle_ddcafcfe59870925e\"><a aria-expanded=\"false\" aria-controls=\"ddcafcfe59870925e\" role=\"button\" data-toggle=\"collapse\" data-parent=\"#accordion-9960-1\" data-target=\"#ddcafcfe59870925e\" href=\"#ddcafcfe59870925e\"><span class=\"fusion-toggle-icon-wrapper\" aria-hidden=\"true\"><i class=\"fa-fusion-box active-icon fa-angle-up fas\" aria-hidden=\"true\"><\/i><i class=\"fa-fusion-box inactive-icon fa-angle-down fas\" aria-hidden=\"true\"><\/i><\/span><span class=\"fusion-toggle-heading\">Royaume-Uni<\/span><\/a><\/h3><\/div><div id=\"ddcafcfe59870925e\" class=\"panel-collapse collapse \" aria-labelledby=\"toggle_ddcafcfe59870925e\"><div class=\"panel-body toggle-content fusion-clearfix\">Brook Suite<br \/>\nBewley House<br \/>\nMarshfield Road<br \/>\nChippenham<br \/>\nWiltshire, SN15 1JW<\/p>\n<p>T +44 (0)808 28 11 039<\/div><\/div><\/div><\/div><\/div><\/div><\/div><\/div><\/div><\/p>\n","protected":false},"excerpt":{"rendered":"","protected":false},"author":2,"featured_media":6597,"parent":0,"menu_order":0,"comment_status":"closed","ping_status":"closed","template":"100-width.php","meta":{"content-type":"","footnotes":""},"class_list":["post-9960","page","type-page","status-publish","has-post-thumbnail","hentry"],"yoast_head":"<!-- This site is optimized with the Yoast SEO plugin v27.0 - https:\/\/yoast.com\/product\/yoast-seo-wordpress\/ -->\n<title>Contact - Voyagerr Demand Response<\/title>\n<meta name=\"description\" content=\"Voyagerr est pr\u00e9sent en Europe et dans les pays nordiques. Vous \u00eates toujours les bienvenus pour nous contacter ...\" \/>\n<meta name=\"robots\" content=\"index, follow, max-snippet:-1, max-image-preview:large, max-video-preview:-1\" \/>\n<link rel=\"canonical\" href=\"https:\/\/voyagerr.com\/fr\/contact\/\" \/>\n<meta property=\"og:locale\" content=\"fr_FR\" \/>\n<meta property=\"og:type\" content=\"article\" \/>\n<meta property=\"og:title\" content=\"Contact - Voyagerr Demand Response\" \/>\n<meta property=\"og:description\" content=\"Voyagerr est pr\u00e9sent en Europe et dans les pays nordiques. Vous \u00eates toujours les bienvenus pour nous contacter ...\" \/>\n<meta property=\"og:url\" content=\"https:\/\/voyagerr.com\/fr\/contact\/\" \/>\n<meta property=\"og:site_name\" content=\"Voyagerr Demand Response\" \/>\n<meta property=\"article:modified_time\" content=\"2026-03-17T10:25:03+00:00\" \/>\n<meta property=\"og:image\" content=\"https:\/\/voyagerr.com\/wp-content\/uploads\/2023\/05\/hand-holding-smartphone-iphone-1.jpg\" \/>\n\t<meta property=\"og:image:width\" content=\"1800\" \/>\n\t<meta property=\"og:image:height\" content=\"1120\" \/>\n\t<meta property=\"og:image:type\" content=\"image\/jpeg\" \/>\n<meta name=\"twitter:card\" content=\"summary_large_image\" \/>\n<meta name=\"twitter:label1\" content=\"Dur\u00e9e de lecture estim\u00e9e\" \/>\n\t<meta name=\"twitter:data1\" content=\"1 minute\" \/>\n<script type=\"application\/ld+json\" class=\"yoast-schema-graph\">{\"@context\":\"https:\/\/schema.org\",\"@graph\":[{\"@type\":\"WebPage\",\"@id\":\"https:\/\/voyagerr.com\/fr\/contact\/\",\"url\":\"https:\/\/voyagerr.com\/fr\/contact\/\",\"name\":\"Contact - Voyagerr Demand Response\",\"isPartOf\":{\"@id\":\"https:\/\/voyagerr.com\/fr\/#website\"},\"primaryImageOfPage\":{\"@id\":\"https:\/\/voyagerr.com\/fr\/contact\/#primaryimage\"},\"image\":{\"@id\":\"https:\/\/voyagerr.com\/fr\/contact\/#primaryimage\"},\"thumbnailUrl\":\"https:\/\/voyagerr.com\/wp-content\/uploads\/2023\/05\/hand-holding-smartphone-iphone-1.jpg\",\"datePublished\":\"2023-03-16T10:20:00+00:00\",\"dateModified\":\"2026-03-17T10:25:03+00:00\",\"description\":\"Voyagerr est pr\u00e9sent en Europe et dans les pays nordiques. Vous \u00eates toujours les bienvenus pour nous contacter ...\",\"breadcrumb\":{\"@id\":\"https:\/\/voyagerr.com\/fr\/contact\/#breadcrumb\"},\"inLanguage\":\"fr-FR\",\"potentialAction\":[{\"@type\":\"ReadAction\",\"target\":[\"https:\/\/voyagerr.com\/fr\/contact\/\"]}]},{\"@type\":\"ImageObject\",\"inLanguage\":\"fr-FR\",\"@id\":\"https:\/\/voyagerr.com\/fr\/contact\/#primaryimage\",\"url\":\"https:\/\/voyagerr.com\/wp-content\/uploads\/2023\/05\/hand-holding-smartphone-iphone-1.jpg\",\"contentUrl\":\"https:\/\/voyagerr.com\/wp-content\/uploads\/2023\/05\/hand-holding-smartphone-iphone-1.jpg\",\"width\":1800,\"height\":1120},{\"@type\":\"BreadcrumbList\",\"@id\":\"https:\/\/voyagerr.com\/fr\/contact\/#breadcrumb\",\"itemListElement\":[{\"@type\":\"ListItem\",\"position\":1,\"name\":\"Home\",\"item\":\"https:\/\/voyagerr.com\/fr\/\"},{\"@type\":\"ListItem\",\"position\":2,\"name\":\"Contact\"}]},{\"@type\":\"WebSite\",\"@id\":\"https:\/\/voyagerr.com\/fr\/#website\",\"url\":\"https:\/\/voyagerr.com\/fr\/\",\"name\":\"Voyagerr Demand Response\",\"description\":\"Making every journey matter\",\"potentialAction\":[{\"@type\":\"SearchAction\",\"target\":{\"@type\":\"EntryPoint\",\"urlTemplate\":\"https:\/\/voyagerr.com\/fr\/?s={search_term_string}\"},\"query-input\":{\"@type\":\"PropertyValueSpecification\",\"valueRequired\":true,\"valueName\":\"search_term_string\"}}],\"inLanguage\":\"fr-FR\"}]}<\/script>\n<!-- \/ Yoast SEO plugin. -->","yoast_head_json":{"title":"Contact - Voyagerr Demand Response","description":"Voyagerr est pr\u00e9sent en Europe et dans les pays nordiques. Vous \u00eates toujours les bienvenus pour nous contacter ...","robots":{"index":"index","follow":"follow","max-snippet":"max-snippet:-1","max-image-preview":"max-image-preview:large","max-video-preview":"max-video-preview:-1"},"canonical":"https:\/\/voyagerr.com\/fr\/contact\/","og_locale":"fr_FR","og_type":"article","og_title":"Contact - Voyagerr Demand Response","og_description":"Voyagerr est pr\u00e9sent en Europe et dans les pays nordiques. Vous \u00eates toujours les bienvenus pour nous contacter ...","og_url":"https:\/\/voyagerr.com\/fr\/contact\/","og_site_name":"Voyagerr Demand Response","article_modified_time":"2026-03-17T10:25:03+00:00","og_image":[{"width":1800,"height":1120,"url":"https:\/\/voyagerr.com\/wp-content\/uploads\/2023\/05\/hand-holding-smartphone-iphone-1.jpg","type":"image\/jpeg"}],"twitter_card":"summary_large_image","twitter_misc":{"Dur\u00e9e de lecture estim\u00e9e":"1 minute"},"schema":{"@context":"https:\/\/schema.org","@graph":[{"@type":"WebPage","@id":"https:\/\/voyagerr.com\/fr\/contact\/","url":"https:\/\/voyagerr.com\/fr\/contact\/","name":"Contact - Voyagerr Demand Response","isPartOf":{"@id":"https:\/\/voyagerr.com\/fr\/#website"},"primaryImageOfPage":{"@id":"https:\/\/voyagerr.com\/fr\/contact\/#primaryimage"},"image":{"@id":"https:\/\/voyagerr.com\/fr\/contact\/#primaryimage"},"thumbnailUrl":"https:\/\/voyagerr.com\/wp-content\/uploads\/2023\/05\/hand-holding-smartphone-iphone-1.jpg","datePublished":"2023-03-16T10:20:00+00:00","dateModified":"2026-03-17T10:25:03+00:00","description":"Voyagerr est pr\u00e9sent en Europe et dans les pays nordiques. Vous \u00eates toujours les bienvenus pour nous contacter ...","breadcrumb":{"@id":"https:\/\/voyagerr.com\/fr\/contact\/#breadcrumb"},"inLanguage":"fr-FR","potentialAction":[{"@type":"ReadAction","target":["https:\/\/voyagerr.com\/fr\/contact\/"]}]},{"@type":"ImageObject","inLanguage":"fr-FR","@id":"https:\/\/voyagerr.com\/fr\/contact\/#primaryimage","url":"https:\/\/voyagerr.com\/wp-content\/uploads\/2023\/05\/hand-holding-smartphone-iphone-1.jpg","contentUrl":"https:\/\/voyagerr.com\/wp-content\/uploads\/2023\/05\/hand-holding-smartphone-iphone-1.jpg","width":1800,"height":1120},{"@type":"BreadcrumbList","@id":"https:\/\/voyagerr.com\/fr\/contact\/#breadcrumb","itemListElement":[{"@type":"ListItem","position":1,"name":"Home","item":"https:\/\/voyagerr.com\/fr\/"},{"@type":"ListItem","position":2,"name":"Contact"}]},{"@type":"WebSite","@id":"https:\/\/voyagerr.com\/fr\/#website","url":"https:\/\/voyagerr.com\/fr\/","name":"Voyagerr Demand Response","description":"Making every journey matter","potentialAction":[{"@type":"SearchAction","target":{"@type":"EntryPoint","urlTemplate":"https:\/\/voyagerr.com\/fr\/?s={search_term_string}"},"query-input":{"@type":"PropertyValueSpecification","valueRequired":true,"valueName":"search_term_string"}}],"inLanguage":"fr-FR"}]}},"_links":{"self":[{"href":"https:\/\/voyagerr.com\/fr\/wp-json\/wp\/v2\/pages\/9960","targetHints":{"allow":["GET"]}}],"collection":[{"href":"https:\/\/voyagerr.com\/fr\/wp-json\/wp\/v2\/pages"}],"about":[{"href":"https:\/\/voyagerr.com\/fr\/wp-json\/wp\/v2\/types\/page"}],"author":[{"embeddable":true,"href":"https:\/\/voyagerr.com\/fr\/wp-json\/wp\/v2\/users\/2"}],"replies":[{"embeddable":true,"href":"https:\/\/voyagerr.com\/fr\/wp-json\/wp\/v2\/comments?post=9960"}],"version-history":[{"count":12,"href":"https:\/\/voyagerr.com\/fr\/wp-json\/wp\/v2\/pages\/9960\/revisions"}],"predecessor-version":[{"id":18010,"href":"https:\/\/voyagerr.com\/fr\/wp-json\/wp\/v2\/pages\/9960\/revisions\/18010"}],"wp:featuredmedia":[{"embeddable":true,"href":"https:\/\/voyagerr.com\/fr\/wp-json\/wp\/v2\/media\/6597"}],"wp:attachment":[{"href":"https:\/\/voyagerr.com\/fr\/wp-json\/wp\/v2\/media?parent=9960"}],"curies":[{"name":"wp","href":"https:\/\/api.w.org\/{rel}","templated":true}]}}