{"id":10362,"date":"2023-03-13T13:58:07","date_gmt":"2023-03-13T13:58:07","guid":{"rendered":"https:\/\/voyagerr.com\/privacy-policy\/"},"modified":"2023-11-02T09:29:26","modified_gmt":"2023-11-02T09:29:26","slug":"privacy-policy","status":"publish","type":"page","link":"https:\/\/voyagerr.com\/fr\/privacy-policy\/","title":{"rendered":"Gestion des donn\u00e9es personnelles"},"content":{"rendered":"<div class=\"fusion-fullwidth fullwidth-box fusion-builder-row-1 fusion-flex-container nonhundred-percent-fullwidth non-hundred-percent-height-scrolling\" style=\"--awb-border-radius-top-left:0px;--awb-border-radius-top-right:0px;--awb-border-radius-bottom-right:0px;--awb-border-radius-bottom-left:0px;--awb-flex-wrap:wrap;\" ><div class=\"fusion-builder-row fusion-row fusion-flex-align-items-flex-start fusion-flex-content-wrap\" style=\"max-width:1248px;margin-left: calc(-4% \/ 2 );margin-right: calc(-4% \/ 2 );\"><div class=\"fusion-layout-column fusion_builder_column fusion-builder-column-0 fusion_builder_column_1_1 1_1 fusion-flex-column\" style=\"--awb-bg-blend:overlay;--awb-bg-size:cover;--awb-width-large:100%;--awb-margin-top-large:0px;--awb-spacing-right-large:1.92%;--awb-margin-bottom-large:0px;--awb-spacing-left-large:1.92%;--awb-width-medium:100%;--awb-spacing-right-medium:1.92%;--awb-spacing-left-medium:1.92%;--awb-width-small:100%;--awb-spacing-right-small:1.92%;--awb-spacing-left-small:1.92%;\"><div class=\"fusion-column-wrapper fusion-flex-justify-content-flex-start fusion-content-layout-column\"><div class=\"fusion-text fusion-text-1\"><\/p>\n<h2 class=\"fusion-responsive-typography-calculated wp-block-heading\" style=\"--fontsize: 37; line-height: 1.3;\" data-fontsize=\"37\" data-lineheight=\"48.1px\">Confidentialit\u00e9<\/h2>\n<p>Informations g\u00e9n\u00e9rales<\/p>\n<p>Par l\u2019interm\u00e9diaire du site Internet, Voyagerr peut \u00eatre amen\u00e9e \u00e0 collecter des donn\u00e9es personnelles communiqu\u00e9es notamment dans le cadre de demandes d\u2019informations (par exemple nom, pr\u00e9nom, adresse courriel, \u00e2ge, ville, \u00e9tat et pays de r\u00e9sidence, num\u00e9ro de t\u00e9l\u00e9phone). Par ailleurs, Voyagerr peut \u00eatre amen\u00e9 \u00e0 recueillir certaines informations relatives \u00e0 votre navigation sur notre site Internet, dans les conditions plus amplement d\u00e9crites \u00e0 la rubrique \u00ab Cookies \u00bb ci-dessous.<\/p>\n<p>II. Droit d\u2019Acc\u00e8s, de rectification, de suppression et d\u2019opposition<\/p>\n<p>Vous disposez \u00e0 tout moment d\u2019un droit d\u2019acc\u00e8s, de rectification, et de suppression des informations personnelles vous concernant, et de la possibilit\u00e9 de vous opposer au traitement de ces donn\u00e9es. Vous pouvez \u00e9galement vous opposer sans frais \u00e0 ce que vos informations personnelles soient utilis\u00e9es \u00e0 des fins de prospection commerciale, en adressant un courrier \u00e0 l\u2019adresse suivante :\u00a0<a title=\"info.fr@trapezegroup.com\" href=\"mailto:info@voyagerr.com\">info@voyagerr.com<\/a>.<\/p>\n<p>III. Gestion des donn\u00e9es personnelles<\/p>\n<p>Au travers du site Internet de Voyagerr, nous collectons les donn\u00e9es vous concernant uniquement pour les finalit\u00e9s d\u00e9finies ci-dessous :<\/p>\n<p>\u2022\u00a0\u00a0 \u00a0Gestion de votre inscription \u00e0 la newsletter (inscriptions et d\u00e9sabonnements),<br \/>\u2022\u00a0\u00a0 \u00a0Gestion de la relation client et prospects,<br \/>\u2022\u00a0\u00a0 \u00a0Statistiques, \u00e9tudes et analyses, marketing, perfectionnement du site Internet, des produits et services de Voyagerr.<\/p>\n<p>IV. Utilisation de Google Analytics<\/p>\n<p>Le site Internet de Voyagerr utilise Google Analytics, un service d\u2019analyse du web de Google. Google Analytics a recours \u00e0 des Cookies, des fichiers texte enregistr\u00e9s sur votre ordinateur et qui permettent d\u2019analyser votre utilisation du site Internet. Les informations g\u00e9n\u00e9r\u00e9es par les cookies et relatives \u00e0 votre utilisation de ce site Internet sont en r\u00e8gle g\u00e9n\u00e9rale transmises puis enregistr\u00e9es sur un serveur de Google aux \u00c9tats-Unis. Dans le cas de l\u2019activation de l\u2019anonymisation de l\u2019adresse IP sur ce site Internet, votre adresse IP sera toutefois raccourcie au pr\u00e9alable par Google dans les pays membres de l\u2019Union europ\u00e9enne, dans les autres \u00c9tats signataires de l\u2019accord sur l\u2019espace \u00e9conomique europ\u00e9en et en Suisse. L\u2019adresse IP compl\u00e8te ne sera transmise \u00e0 un serveur de Google aux \u00c9tats-Unis avant d\u2019\u00eatre raccourcie qu\u2019en cas d\u2019exception. Sur demande du propri\u00e9taire de ce site Internet, Google utilisera ces informations pour \u00e9valuer votre utilisation du site Internet, \u00e9tablir des rapports sur les activit\u00e9s du site Internet et fournir au propri\u00e9taire du site Internet d\u2019autres prestations li\u00e9es \u00e0 l\u2019utilisation du site et d\u2019Internet. Vous pouvez emp\u00eacher l\u2019enregistrement des cookies par un r\u00e9glage correspondant du logiciel de votre navigateur ; nous attirons toutefois votre attention sur le fait que dans ce cas, vous ne pourrez \u00e9ventuellement pas utiliser l\u2019ensemble des fonctions de ce site Internet. Vous pouvez en outre emp\u00eacher la collecte des donn\u00e9es g\u00e9n\u00e9r\u00e9es par le cookie, li\u00e9es \u00e0 votre utilisation du site Internet (y compris votre adresse IP) et transmises \u00e0 Google, ainsi que le traitement de ces donn\u00e9es par Google, en t\u00e9l\u00e9chargeant et en installant le plugin disponible avec le lien suivant : <a href=\"https:\/\/tools.google.com\/dlpage\/gaoptout\">https:\/\/tools.google.com\/dlpage\/gaoptout<\/a>. Veillez consulter la charte de Protection des Donn\u00e9es Personnelles de Google Analytics pour plus d\u2019informations sur l\u2019utilisation et vois droits.<\/p>\n<p>V. Utilisation des Cookies<\/p>\n<p>Les cookies sont des petits fichiers texte qui sont envoy\u00e9es depuis un serveur web vers votre navigateur et qui sont enregistr\u00e9es sur le disque dur de votre ordinateur. Si vous visitez l\u2019une de nos pages web, il est possible que nous archivions des informations sous forme de cookies sur votre ordinateur.<\/p>\n<p>Nous pouvons utiliser des Donn\u00e9es Personnelles recueillies par nos cookies afin d\u2019analyser le comportement des utilisateurs de notre site Internet et ainsi fournir un contenu et des offres plus personnelles.<\/p>\n<p>1. HubSpot<\/p>\n<p>Les cookies plac\u00e9s par\u00a0<a href=\"https:\/\/www.hubspot.com\/\">HubSpot<\/a>\u00a0sont utilis\u00e9s pour suivre l\u2019activit\u00e9 des utilisateurs de notre site Internet.<\/p>\n<p>2. Salesforce<\/p>\n<p>Voyagerr peut \u00eatre amen\u00e9e \u00e0 collecter des donn\u00e9es personnelles communiqu\u00e9es par les formulaires et \u00e9diter avec Salesforce (salesforce.com) aux \u00c9tats-Unis. Les informations g\u00e9n\u00e9r\u00e9es sont en r\u00e8gle g\u00e9n\u00e9rale transmises puis enregistr\u00e9es sur un serveur de Salesforce aux \u00c9tats-Unis. Veuillez consulter <a href=\"https:\/\/www.salesforce.com\/fr\/company\/full_privacy.jsp\">la charte de Protection des Donn\u00e9es Personnelles<\/a>\u00a0de Salesforce pour plus d\u2019informations sur l\u2019utilisation et vos droits.<\/p>\n<p>3. Add to Calendar<\/p>\n<p>Add to Calendar (addtocalendar.com) est utilis\u00e9 pour cr\u00e9er le bouton d\u2019\u00e9v\u00e9nement sur la page et permettent aux clients d\u2019ajouter cet \u00e9v\u00e9nement au calendrier. Les informations g\u00e9n\u00e9r\u00e9es sont en r\u00e8gle g\u00e9n\u00e9rale transmises puis \u00e9diter sur un serveur de Add to Calendar aux \u00c9tats-Unis. Veuillez consulter le\u00a0<a href=\"https:\/\/addtocalendar.com\/\">site Internet<\/a>\u00a0de Add to Calendar pour plus d\u2019informations.<\/p>\n<p>VI. R\u00e9seaux sociaux (Social Plugins)<\/p>\n<p>1. Facebook<\/p>\n<p>Notre site Internet int\u00e8gre des plugins du r\u00e9seau social Facebook aux \u00c9tats-Unis. Les plugins Facebook pr\u00e9sents sur notre site Internet sont identifiables au logo Facebook ou au \u00ab Like Button \u00bb (\u00ab Bouton J\u2019aime \u00bb). Vous trouverez une vue d\u2019ensemble des plugins Facebook \u00e0 l\u2019adresse suivante:\u00a0<a href=\"https:\/\/developers.facebook.com\/docs\/plugins?locale=fr_FR\">https:\/\/developers.facebook.com\/docs\/plugins?locale=fr_FR<\/a>.<\/p>\n<p>Lorsque vous visitez notre site Internet, une liaison directe est \u00e9tablie par l\u2019interm\u00e9diaire du plugin entre votre navigateur et le serveur Facebook. Facebook re\u00e7oit ainsi l\u2019information que vous avez visit\u00e9 notre site Internet avec votre adresse IP. Si vous cliquez sur le \u00ab Bouton J\u2019aime \u00bb de Facebook en \u00e9tant connect\u00e9 sur votre compte Facebook, vous pouvez cr\u00e9er un lien vers le contenu de notre site Internet sur votre profil Facebook. Facebook peut ainsi rattacher la visite de notre page \u00e0 votre compte utilisateur. Nous attirons votre attention sur le fait que, en tant que fournisseur de ces pages, nous n\u2019avons aucune connaissance du contenu des donn\u00e9es transmises, ni de leur utilisation par Facebook. Vous trouverez plus d\u2019informations \u00e0 ce sujet dans la d\u00e9claration de protection des donn\u00e9es de Facebook \u00e0 l\u2019adresse suivante:\u00a0<a href=\"https:\/\/www.facebook.com\/about\/privacy\/\">https:\/\/www.facebook.com\/about\/privacy\/<\/a>.<\/p>\n<p>Si vous ne souhaitez pas que Facebook puisse rattacher la visite de nos pages \u00e0 votre compte utilisateur, d\u00e9connectez-vous de votre compte Facebook.<\/p>\n<p>2. Google<\/p>\n<p>\u00c0 l\u2019aide du bouton Google +1, vous pouvez publier des informations dans le monde entier. Le bouton Google +1 vous permet, ainsi qu\u2019\u00e0 d\u2019autres utilisateurs, de recevoir des contenus personnalis\u00e9s de Google et de ses partenaires. Google enregistre aussi bien les informations, que vous avez donn\u00e9es pour un contenu +1, que les informations concernant la page que vous avez consult\u00e9e en cliquant sur +1. Vos +1 peuvent \u00eatre affich\u00e9s sous forme de messages avec votre nom de profil et votre photo dans les services Google, comme par exemple dans les r\u00e9sultats de recherche ou dans votre profil Google, ou bien \u00e0 d\u2019autres endroits sur des sites et annonces sur Internet.<\/p>\n<p>Google enregistre des informations sur vos activit\u00e9s +1 afin d\u2019am\u00e9liorer les services Google pour vous et pour les autres utilisateurs. Pour pouvoir utiliser le bouton +1, vous avez besoin d\u2019un profil Google public, visible dans le monde entier, qui doit au moins contenir le nom choisi pour le profil. Ce nom est utilis\u00e9 dans tous les services Google. Dans certains cas, ce nom peut aussi remplacer un autre nom, que vous avez utilis\u00e9 lors du partage de contenus par le biais de votre compte Google. L\u2019identit\u00e9 de votre profil Google peut \u00eatre affich\u00e9e aux utilisateurs, qui connaissent votre adresse e-mail ou qui disposent d\u2019autres informations permettant de vous identifier. Outre aux fins d\u00e9crites ci-dessus, les informations que vous mettez \u00e0 disposition sont utilis\u00e9es conform\u00e9ment aux dispositions en vigueur relatives \u00e0 la protection des donn\u00e9es de Google. Il se peut que Google publie des statistiques globales sur les activit\u00e9s +1 des utilisateurs ou les transmette \u00e0 nos utilisateurs et nos partenaires, tels que, par exemple, des \u00e9diteurs, des annonceurs ou des sites Internet li\u00e9s. Veuillez consulter\u00a0<a href=\"https:\/\/www.google.com\/intl\/fr\/policies\/privacy\/\">la charte de Protection des Donn\u00e9es Personnelles<\/a>\u00a0de Google pour plus d\u2019informations.<\/p>\n<p>3. LinkedIn<\/p>\n<p>Nos pages int\u00e8grent des fonctions du service LinkedIn aux \u00c9tats-Unis. Ces fonctions sont fournies par la soci\u00e9t\u00e9 LinkedIn. L\u2019utilisation de LinkedIn et de la fonction \u00ab Recommander \u00bb permet de cr\u00e9er un lien entre les pages web que vous avez visit\u00e9s et votre compte LinkedIn, et de le partager avec d\u2019autres utilisateurs. Lors de cette op\u00e9ration, des donn\u00e9es \u2013 telles que l\u2019adresse IP, le type de navigateur, les domaines consult\u00e9s, les pages visit\u00e9es, le nom de l\u2019op\u00e9rateur de t\u00e9l\u00e9phonie mobile, les identifiants d\u2019appareils et d\u2019applications et les termes de recherche \u2013 sont \u00e9galement transmises \u00e0 LinkedIn.<\/p>\n<p>Nous attirons votre attention sur le fait que, en tant que fournisseur de ces pages, nous n\u2019avons aucune connaissance du contenu des donn\u00e9es transmises, ni de leur utilisation par LinkedIn. En raison de la mise \u00e0 jour r\u00e9guli\u00e8re de la d\u00e9claration de protection des donn\u00e9es de LinkedIn, nous vous signalons que la version actuelle est disponible \u00e0 l\u2019adresse suivante:\u00a0<a href=\"https:\/\/www.linkedin.com\/legal\/privacy-policy\">https:\/\/www.linkedin.com\/legal\/privacy-policy<\/a>.<\/p>\n<p>4. Twitter<\/p>\n<p>Nos pages int\u00e8grent des fonctions du service Twitter aux \u00c9tats-Unis. Ces fonctions sont fournies par la soci\u00e9t\u00e9 Twitter. L\u2019utilisation de Twitter et de la fonction \u00ab Retweet \u00bb permet de cr\u00e9er un lien entre les pages web que vous avez visit\u00e9 et votre compte Twitter, et de le partager avec d\u2019autres utilisateurs. Lors de cette op\u00e9ration, des donn\u00e9es \u2013 telles que l\u2019adresse IP, le type de navigateur, les domaines consult\u00e9s, les pages visit\u00e9es, le nom de l\u2019op\u00e9rateur de t\u00e9l\u00e9phonie mobile, les identifiants d\u2019appareils et d\u2019applications et les termes de recherche \u2013 sont \u00e9galement transmises \u00e0 Twitter.<\/p>\n<p>Nous attirons votre attention sur le fait que, en tant que fournisseur de ces pages, nous n\u2019avons aucune connaissance du contenu des donn\u00e9es transmises, ni de leur utilisation par Twitter. En raison de la mise \u00e0 jour r\u00e9guli\u00e8re de la d\u00e9claration de protection des donn\u00e9es de Twitter, nous vous signalons que la version actuelle est disponible \u00e0 l\u2019adresse suivante:\u00a0<a href=\"https:\/\/twitter.com\/privacy?lang=fr\">https:\/\/twitter.com\/privacy?lang=fr<\/a>.<\/p>\n<p>Dernier changement: 24.04.2021<\/p><\/p>\n<\/div><\/div><\/div><\/div><\/div>","protected":false},"excerpt":{"rendered":"","protected":false},"author":2,"featured_media":6597,"parent":0,"menu_order":0,"comment_status":"closed","ping_status":"closed","template":"","meta":{"content-type":"","footnotes":""},"class_list":["post-10362","page","type-page","status-publish","has-post-thumbnail","hentry"],"yoast_head":"<!-- This site is optimized with the Yoast SEO plugin v27.0 - https:\/\/yoast.com\/product\/yoast-seo-wordpress\/ -->\n<title>Gestion des donn\u00e9es personnelles - Voyagerr Demand Response<\/title>\n<meta name=\"robots\" content=\"index, follow, max-snippet:-1, max-image-preview:large, max-video-preview:-1\" \/>\n<link rel=\"canonical\" href=\"https:\/\/voyagerr.com\/fr\/privacy-policy\/\" \/>\n<meta property=\"og:locale\" content=\"fr_FR\" \/>\n<meta property=\"og:type\" content=\"article\" \/>\n<meta property=\"og:title\" content=\"Gestion des donn\u00e9es personnelles - Voyagerr Demand Response\" \/>\n<meta property=\"og:url\" content=\"https:\/\/voyagerr.com\/fr\/privacy-policy\/\" \/>\n<meta property=\"og:site_name\" content=\"Voyagerr Demand Response\" \/>\n<meta property=\"article:modified_time\" content=\"2023-11-02T09:29:26+00:00\" \/>\n<meta property=\"og:image\" content=\"https:\/\/voyagerr.com\/wp-content\/uploads\/2023\/05\/hand-holding-smartphone-iphone-1.jpg\" \/>\n\t<meta property=\"og:image:width\" content=\"1800\" \/>\n\t<meta property=\"og:image:height\" content=\"1120\" \/>\n\t<meta property=\"og:image:type\" content=\"image\/jpeg\" \/>\n<meta name=\"twitter:card\" content=\"summary_large_image\" \/>\n<meta name=\"twitter:label1\" content=\"Dur\u00e9e de lecture estim\u00e9e\" \/>\n\t<meta name=\"twitter:data1\" content=\"7 minutes\" \/>\n<script type=\"application\/ld+json\" class=\"yoast-schema-graph\">{\"@context\":\"https:\/\/schema.org\",\"@graph\":[{\"@type\":\"WebPage\",\"@id\":\"https:\/\/voyagerr.com\/fr\/privacy-policy\/\",\"url\":\"https:\/\/voyagerr.com\/fr\/privacy-policy\/\",\"name\":\"Gestion des donn\u00e9es personnelles - Voyagerr Demand Response\",\"isPartOf\":{\"@id\":\"https:\/\/voyagerr.com\/fr\/#website\"},\"primaryImageOfPage\":{\"@id\":\"https:\/\/voyagerr.com\/fr\/privacy-policy\/#primaryimage\"},\"image\":{\"@id\":\"https:\/\/voyagerr.com\/fr\/privacy-policy\/#primaryimage\"},\"thumbnailUrl\":\"https:\/\/voyagerr.com\/wp-content\/uploads\/2023\/05\/hand-holding-smartphone-iphone-1.jpg\",\"datePublished\":\"2023-03-13T13:58:07+00:00\",\"dateModified\":\"2023-11-02T09:29:26+00:00\",\"breadcrumb\":{\"@id\":\"https:\/\/voyagerr.com\/fr\/privacy-policy\/#breadcrumb\"},\"inLanguage\":\"fr-FR\",\"potentialAction\":[{\"@type\":\"ReadAction\",\"target\":[\"https:\/\/voyagerr.com\/fr\/privacy-policy\/\"]}]},{\"@type\":\"ImageObject\",\"inLanguage\":\"fr-FR\",\"@id\":\"https:\/\/voyagerr.com\/fr\/privacy-policy\/#primaryimage\",\"url\":\"https:\/\/voyagerr.com\/wp-content\/uploads\/2023\/05\/hand-holding-smartphone-iphone-1.jpg\",\"contentUrl\":\"https:\/\/voyagerr.com\/wp-content\/uploads\/2023\/05\/hand-holding-smartphone-iphone-1.jpg\",\"width\":1800,\"height\":1120},{\"@type\":\"BreadcrumbList\",\"@id\":\"https:\/\/voyagerr.com\/fr\/privacy-policy\/#breadcrumb\",\"itemListElement\":[{\"@type\":\"ListItem\",\"position\":1,\"name\":\"Home\",\"item\":\"https:\/\/voyagerr.com\/fr\/\"},{\"@type\":\"ListItem\",\"position\":2,\"name\":\"Gestion des donn\u00e9es personnelles\"}]},{\"@type\":\"WebSite\",\"@id\":\"https:\/\/voyagerr.com\/fr\/#website\",\"url\":\"https:\/\/voyagerr.com\/fr\/\",\"name\":\"Voyagerr Demand Response\",\"description\":\"Making every journey matter\",\"potentialAction\":[{\"@type\":\"SearchAction\",\"target\":{\"@type\":\"EntryPoint\",\"urlTemplate\":\"https:\/\/voyagerr.com\/fr\/?s={search_term_string}\"},\"query-input\":{\"@type\":\"PropertyValueSpecification\",\"valueRequired\":true,\"valueName\":\"search_term_string\"}}],\"inLanguage\":\"fr-FR\"}]}<\/script>\n<!-- \/ Yoast SEO plugin. -->","yoast_head_json":{"title":"Gestion des donn\u00e9es personnelles - Voyagerr Demand Response","robots":{"index":"index","follow":"follow","max-snippet":"max-snippet:-1","max-image-preview":"max-image-preview:large","max-video-preview":"max-video-preview:-1"},"canonical":"https:\/\/voyagerr.com\/fr\/privacy-policy\/","og_locale":"fr_FR","og_type":"article","og_title":"Gestion des donn\u00e9es personnelles - Voyagerr Demand Response","og_url":"https:\/\/voyagerr.com\/fr\/privacy-policy\/","og_site_name":"Voyagerr Demand Response","article_modified_time":"2023-11-02T09:29:26+00:00","og_image":[{"width":1800,"height":1120,"url":"https:\/\/voyagerr.com\/wp-content\/uploads\/2023\/05\/hand-holding-smartphone-iphone-1.jpg","type":"image\/jpeg"}],"twitter_card":"summary_large_image","twitter_misc":{"Dur\u00e9e de lecture estim\u00e9e":"7 minutes"},"schema":{"@context":"https:\/\/schema.org","@graph":[{"@type":"WebPage","@id":"https:\/\/voyagerr.com\/fr\/privacy-policy\/","url":"https:\/\/voyagerr.com\/fr\/privacy-policy\/","name":"Gestion des donn\u00e9es personnelles - Voyagerr Demand Response","isPartOf":{"@id":"https:\/\/voyagerr.com\/fr\/#website"},"primaryImageOfPage":{"@id":"https:\/\/voyagerr.com\/fr\/privacy-policy\/#primaryimage"},"image":{"@id":"https:\/\/voyagerr.com\/fr\/privacy-policy\/#primaryimage"},"thumbnailUrl":"https:\/\/voyagerr.com\/wp-content\/uploads\/2023\/05\/hand-holding-smartphone-iphone-1.jpg","datePublished":"2023-03-13T13:58:07+00:00","dateModified":"2023-11-02T09:29:26+00:00","breadcrumb":{"@id":"https:\/\/voyagerr.com\/fr\/privacy-policy\/#breadcrumb"},"inLanguage":"fr-FR","potentialAction":[{"@type":"ReadAction","target":["https:\/\/voyagerr.com\/fr\/privacy-policy\/"]}]},{"@type":"ImageObject","inLanguage":"fr-FR","@id":"https:\/\/voyagerr.com\/fr\/privacy-policy\/#primaryimage","url":"https:\/\/voyagerr.com\/wp-content\/uploads\/2023\/05\/hand-holding-smartphone-iphone-1.jpg","contentUrl":"https:\/\/voyagerr.com\/wp-content\/uploads\/2023\/05\/hand-holding-smartphone-iphone-1.jpg","width":1800,"height":1120},{"@type":"BreadcrumbList","@id":"https:\/\/voyagerr.com\/fr\/privacy-policy\/#breadcrumb","itemListElement":[{"@type":"ListItem","position":1,"name":"Home","item":"https:\/\/voyagerr.com\/fr\/"},{"@type":"ListItem","position":2,"name":"Gestion des donn\u00e9es personnelles"}]},{"@type":"WebSite","@id":"https:\/\/voyagerr.com\/fr\/#website","url":"https:\/\/voyagerr.com\/fr\/","name":"Voyagerr Demand Response","description":"Making every journey matter","potentialAction":[{"@type":"SearchAction","target":{"@type":"EntryPoint","urlTemplate":"https:\/\/voyagerr.com\/fr\/?s={search_term_string}"},"query-input":{"@type":"PropertyValueSpecification","valueRequired":true,"valueName":"search_term_string"}}],"inLanguage":"fr-FR"}]}},"_links":{"self":[{"href":"https:\/\/voyagerr.com\/fr\/wp-json\/wp\/v2\/pages\/10362","targetHints":{"allow":["GET"]}}],"collection":[{"href":"https:\/\/voyagerr.com\/fr\/wp-json\/wp\/v2\/pages"}],"about":[{"href":"https:\/\/voyagerr.com\/fr\/wp-json\/wp\/v2\/types\/page"}],"author":[{"embeddable":true,"href":"https:\/\/voyagerr.com\/fr\/wp-json\/wp\/v2\/users\/2"}],"replies":[{"embeddable":true,"href":"https:\/\/voyagerr.com\/fr\/wp-json\/wp\/v2\/comments?post=10362"}],"version-history":[{"count":5,"href":"https:\/\/voyagerr.com\/fr\/wp-json\/wp\/v2\/pages\/10362\/revisions"}],"predecessor-version":[{"id":12435,"href":"https:\/\/voyagerr.com\/fr\/wp-json\/wp\/v2\/pages\/10362\/revisions\/12435"}],"wp:featuredmedia":[{"embeddable":true,"href":"https:\/\/voyagerr.com\/fr\/wp-json\/wp\/v2\/media\/6597"}],"wp:attachment":[{"href":"https:\/\/voyagerr.com\/fr\/wp-json\/wp\/v2\/media?parent=10362"}],"curies":[{"name":"wp","href":"https:\/\/api.w.org\/{rel}","templated":true}]}}