{"id":16119,"date":"2024-03-22T12:29:03","date_gmt":"2024-03-22T12:29:03","guid":{"rendered":"https:\/\/voyagerr.com\/?page_id=16119"},"modified":"2024-10-29T11:40:49","modified_gmt":"2024-10-29T11:40:49","slug":"impressum","status":"publish","type":"page","link":"https:\/\/voyagerr.com\/de\/impressum\/","title":{"rendered":"Impressum"},"content":{"rendered":"<div class=\"fusion-fullwidth fullwidth-box fusion-builder-row-1 fusion-flex-container nonhundred-percent-fullwidth non-hundred-percent-height-scrolling\" style=\"--awb-border-radius-top-left:0px;--awb-border-radius-top-right:0px;--awb-border-radius-bottom-right:0px;--awb-border-radius-bottom-left:0px;--awb-flex-wrap:wrap;\" ><div class=\"fusion-builder-row fusion-row fusion-flex-align-items-flex-start fusion-flex-content-wrap\" style=\"max-width:1248px;margin-left: calc(-4% \/ 2 );margin-right: calc(-4% \/ 2 );\"><div class=\"fusion-layout-column fusion_builder_column fusion-builder-column-0 fusion_builder_column_1_1 1_1 fusion-flex-column\" style=\"--awb-bg-blend:overlay;--awb-bg-size:cover;--awb-width-large:100%;--awb-margin-top-large:0px;--awb-spacing-right-large:1.92%;--awb-margin-bottom-large:0px;--awb-spacing-left-large:1.92%;--awb-width-medium:100%;--awb-spacing-right-medium:1.92%;--awb-spacing-left-medium:1.92%;--awb-width-small:100%;--awb-spacing-right-small:1.92%;--awb-spacing-left-small:1.92%;\"><div class=\"fusion-column-wrapper fusion-flex-justify-content-flex-start fusion-content-layout-column\"><div class=\"fusion-text fusion-text-1\"><\/p>\n<h3 class=\"fusion-responsive-typography-calculated wp-block-heading\" style=\"--fontsize: 37; line-height: 1.3;\" data-fontsize=\"37\" data-lineheight=\"48.1px\">Impressum<\/h3>\n<p>Trapeze Group Deutschland GmbH<\/p>\n<p>Schmalbachstra\u00dfe 16, 38112 Braunschweig<br \/>HRB Braunschweig 206607, USt-IdNr.: DE220011183<\/p>\n<p>Gesch\u00e4ftsf\u00fchrer: Thorsten Schmidt, Jan Marko Hrankovi\u010d, Mareike Zaruba.<\/p>\n<p>www.trapezegroup.de<\/p>\n<p>Urheberrecht<br \/>\u00a9 1990\u20132024 Trapeze Software Inc.<\/p>\n<p>Alle Rechte vorbehalten. Der Inhalt dieser Webseite ist Eigentum der Trapeze Software Inc. Sofern nichts anderes angegeben ist, wird sie durch die Urheberrechtsgesetze von Kanada und anderen L\u00e4ndern sowie durch Bestimmungen internationaler Urheberrechtsvertr\u00e4ge gesch\u00fctzt. Informationen und Bilder d\u00fcrfen ohne die ausdr\u00fcckliche schriftliche Genehmigung von Trapeze Software Inc weder verwendet noch vervielf\u00e4ltigt oder \u00fcbertragen werden.<\/p>\n<p>Trapeze Software Inc. und die Tochtergesellschaften, alle Mitglieder der Trapeze Software Group, haftet in keinem Fall f\u00fcr Sch\u00e4den, beispielsweise konkrete, indirekte oder Folgesch\u00e4den, die aus oder in Verbindung mit der Nutzung oder Leistung von auf dieser Site verf\u00fcgbaren Informationen oder auf dieser Site bereitgestellten Links zu anderen Webseiten entstehen.<\/p>\n<p><strong>Marken<\/strong><br \/>Trapeze DACH, Trapeze Software, Trapeze Software Group, das Trapeze-Logo und -Design, Trapeze FX und Voyagerr sind Marken oder eingetragene Marken der Modaxo Inc., Trapeze Software Inc. oder Trapeze Software LLC., Mitglieder der Trapeze Software Group. Alle anderen aufgef\u00fchrten Produkt- oder Unternehmensnamen sind Marken oder eingetragene Marken der jeweiligen Eigent\u00fcmer.<\/p>\n<p>&nbsp;<\/p><\/p>\n<\/div><\/div><\/div><\/div><\/div>","protected":false},"excerpt":{"rendered":"","protected":false},"author":2,"featured_media":6598,"parent":0,"menu_order":0,"comment_status":"closed","ping_status":"closed","template":"","meta":{"content-type":"","footnotes":""},"class_list":["post-16119","page","type-page","status-publish","has-post-thumbnail","hentry"],"yoast_head":"<!-- This site is optimized with the Yoast SEO plugin v27.0 - https:\/\/yoast.com\/product\/yoast-seo-wordpress\/ -->\n<title>Impressum - Voyagerr Demand Response<\/title>\n<meta name=\"robots\" content=\"index, follow, max-snippet:-1, max-image-preview:large, max-video-preview:-1\" \/>\n<link rel=\"canonical\" href=\"https:\/\/voyagerr.com\/de\/impressum\/\" \/>\n<meta property=\"og:locale\" content=\"de_DE\" \/>\n<meta property=\"og:type\" content=\"article\" \/>\n<meta property=\"og:title\" content=\"Impressum - Voyagerr Demand Response\" \/>\n<meta property=\"og:url\" content=\"https:\/\/voyagerr.com\/de\/impressum\/\" \/>\n<meta property=\"og:site_name\" content=\"Voyagerr Demand Response\" \/>\n<meta property=\"article:modified_time\" content=\"2024-10-29T11:40:49+00:00\" \/>\n<meta property=\"og:image\" content=\"https:\/\/voyagerr.com\/wp-content\/uploads\/2023\/05\/hand-holding-smartphone-iphone-1.jpg\" \/>\n\t<meta property=\"og:image:width\" content=\"1800\" \/>\n\t<meta property=\"og:image:height\" content=\"1120\" \/>\n\t<meta property=\"og:image:type\" content=\"image\/jpeg\" \/>\n<meta name=\"twitter:card\" content=\"summary_large_image\" \/>\n<meta name=\"twitter:label1\" content=\"Gesch\u00e4tzte Lesezeit\" \/>\n\t<meta name=\"twitter:data1\" content=\"2\u00a0Minuten\" \/>\n<script type=\"application\/ld+json\" class=\"yoast-schema-graph\">{\"@context\":\"https:\/\/schema.org\",\"@graph\":[{\"@type\":\"WebPage\",\"@id\":\"https:\/\/voyagerr.com\/de\/impressum\/\",\"url\":\"https:\/\/voyagerr.com\/de\/impressum\/\",\"name\":\"Impressum - Voyagerr Demand Response\",\"isPartOf\":{\"@id\":\"https:\/\/voyagerr.com\/de\/#website\"},\"primaryImageOfPage\":{\"@id\":\"https:\/\/voyagerr.com\/de\/impressum\/#primaryimage\"},\"image\":{\"@id\":\"https:\/\/voyagerr.com\/de\/impressum\/#primaryimage\"},\"thumbnailUrl\":\"https:\/\/voyagerr.com\/wp-content\/uploads\/2023\/05\/hand-holding-smartphone-iphone-1.jpg\",\"datePublished\":\"2024-03-22T12:29:03+00:00\",\"dateModified\":\"2024-10-29T11:40:49+00:00\",\"breadcrumb\":{\"@id\":\"https:\/\/voyagerr.com\/de\/impressum\/#breadcrumb\"},\"inLanguage\":\"de\",\"potentialAction\":[{\"@type\":\"ReadAction\",\"target\":[\"https:\/\/voyagerr.com\/de\/impressum\/\"]}]},{\"@type\":\"ImageObject\",\"inLanguage\":\"de\",\"@id\":\"https:\/\/voyagerr.com\/de\/impressum\/#primaryimage\",\"url\":\"https:\/\/voyagerr.com\/wp-content\/uploads\/2023\/05\/hand-holding-smartphone-iphone-1.jpg\",\"contentUrl\":\"https:\/\/voyagerr.com\/wp-content\/uploads\/2023\/05\/hand-holding-smartphone-iphone-1.jpg\",\"width\":1800,\"height\":1120},{\"@type\":\"BreadcrumbList\",\"@id\":\"https:\/\/voyagerr.com\/de\/impressum\/#breadcrumb\",\"itemListElement\":[{\"@type\":\"ListItem\",\"position\":1,\"name\":\"Home\",\"item\":\"https:\/\/voyagerr.com\/de\/\"},{\"@type\":\"ListItem\",\"position\":2,\"name\":\"Impressum\"}]},{\"@type\":\"WebSite\",\"@id\":\"https:\/\/voyagerr.com\/de\/#website\",\"url\":\"https:\/\/voyagerr.com\/de\/\",\"name\":\"Voyagerr Demand Response\",\"description\":\"Making every journey matter\",\"potentialAction\":[{\"@type\":\"SearchAction\",\"target\":{\"@type\":\"EntryPoint\",\"urlTemplate\":\"https:\/\/voyagerr.com\/de\/?s={search_term_string}\"},\"query-input\":{\"@type\":\"PropertyValueSpecification\",\"valueRequired\":true,\"valueName\":\"search_term_string\"}}],\"inLanguage\":\"de\"}]}<\/script>\n<!-- \/ Yoast SEO plugin. -->","yoast_head_json":{"title":"Impressum - Voyagerr Demand Response","robots":{"index":"index","follow":"follow","max-snippet":"max-snippet:-1","max-image-preview":"max-image-preview:large","max-video-preview":"max-video-preview:-1"},"canonical":"https:\/\/voyagerr.com\/de\/impressum\/","og_locale":"de_DE","og_type":"article","og_title":"Impressum - Voyagerr Demand Response","og_url":"https:\/\/voyagerr.com\/de\/impressum\/","og_site_name":"Voyagerr Demand Response","article_modified_time":"2024-10-29T11:40:49+00:00","og_image":[{"width":1800,"height":1120,"url":"https:\/\/voyagerr.com\/wp-content\/uploads\/2023\/05\/hand-holding-smartphone-iphone-1.jpg","type":"image\/jpeg"}],"twitter_card":"summary_large_image","twitter_misc":{"Gesch\u00e4tzte Lesezeit":"2\u00a0Minuten"},"schema":{"@context":"https:\/\/schema.org","@graph":[{"@type":"WebPage","@id":"https:\/\/voyagerr.com\/de\/impressum\/","url":"https:\/\/voyagerr.com\/de\/impressum\/","name":"Impressum - Voyagerr Demand Response","isPartOf":{"@id":"https:\/\/voyagerr.com\/de\/#website"},"primaryImageOfPage":{"@id":"https:\/\/voyagerr.com\/de\/impressum\/#primaryimage"},"image":{"@id":"https:\/\/voyagerr.com\/de\/impressum\/#primaryimage"},"thumbnailUrl":"https:\/\/voyagerr.com\/wp-content\/uploads\/2023\/05\/hand-holding-smartphone-iphone-1.jpg","datePublished":"2024-03-22T12:29:03+00:00","dateModified":"2024-10-29T11:40:49+00:00","breadcrumb":{"@id":"https:\/\/voyagerr.com\/de\/impressum\/#breadcrumb"},"inLanguage":"de","potentialAction":[{"@type":"ReadAction","target":["https:\/\/voyagerr.com\/de\/impressum\/"]}]},{"@type":"ImageObject","inLanguage":"de","@id":"https:\/\/voyagerr.com\/de\/impressum\/#primaryimage","url":"https:\/\/voyagerr.com\/wp-content\/uploads\/2023\/05\/hand-holding-smartphone-iphone-1.jpg","contentUrl":"https:\/\/voyagerr.com\/wp-content\/uploads\/2023\/05\/hand-holding-smartphone-iphone-1.jpg","width":1800,"height":1120},{"@type":"BreadcrumbList","@id":"https:\/\/voyagerr.com\/de\/impressum\/#breadcrumb","itemListElement":[{"@type":"ListItem","position":1,"name":"Home","item":"https:\/\/voyagerr.com\/de\/"},{"@type":"ListItem","position":2,"name":"Impressum"}]},{"@type":"WebSite","@id":"https:\/\/voyagerr.com\/de\/#website","url":"https:\/\/voyagerr.com\/de\/","name":"Voyagerr Demand Response","description":"Making every journey matter","potentialAction":[{"@type":"SearchAction","target":{"@type":"EntryPoint","urlTemplate":"https:\/\/voyagerr.com\/de\/?s={search_term_string}"},"query-input":{"@type":"PropertyValueSpecification","valueRequired":true,"valueName":"search_term_string"}}],"inLanguage":"de"}]}},"_links":{"self":[{"href":"https:\/\/voyagerr.com\/de\/wp-json\/wp\/v2\/pages\/16119","targetHints":{"allow":["GET"]}}],"collection":[{"href":"https:\/\/voyagerr.com\/de\/wp-json\/wp\/v2\/pages"}],"about":[{"href":"https:\/\/voyagerr.com\/de\/wp-json\/wp\/v2\/types\/page"}],"author":[{"embeddable":true,"href":"https:\/\/voyagerr.com\/de\/wp-json\/wp\/v2\/users\/2"}],"replies":[{"embeddable":true,"href":"https:\/\/voyagerr.com\/de\/wp-json\/wp\/v2\/comments?post=16119"}],"version-history":[{"count":9,"href":"https:\/\/voyagerr.com\/de\/wp-json\/wp\/v2\/pages\/16119\/revisions"}],"predecessor-version":[{"id":17383,"href":"https:\/\/voyagerr.com\/de\/wp-json\/wp\/v2\/pages\/16119\/revisions\/17383"}],"wp:featuredmedia":[{"embeddable":true,"href":"https:\/\/voyagerr.com\/de\/wp-json\/wp\/v2\/media\/6598"}],"wp:attachment":[{"href":"https:\/\/voyagerr.com\/de\/wp-json\/wp\/v2\/media?parent=16119"}],"curies":[{"name":"wp","href":"https:\/\/api.w.org\/{rel}","templated":true}]}}