{"id":10256,"date":"2023-06-29T09:40:26","date_gmt":"2023-06-29T09:40:26","guid":{"rendered":"https:\/\/voyagerr.com\/job-karriere\/"},"modified":"2024-06-25T06:17:16","modified_gmt":"2024-06-25T06:17:16","slug":"job-karriere","status":"publish","type":"page","link":"https:\/\/voyagerr.com\/de\/ueber-uns\/job-karriere\/","title":{"rendered":"Job &amp; Karriere"},"content":{"rendered":"<p><div class=\"fusion-fullwidth fullwidth-box fusion-builder-row-1 fusion-flex-container has-pattern-background has-mask-background nonhundred-percent-fullwidth non-hundred-percent-height-scrolling\" style=\"--awb-border-radius-top-left:0px;--awb-border-radius-top-right:0px;--awb-border-radius-bottom-right:0px;--awb-border-radius-bottom-left:0px;--awb-padding-top:0px;--awb-flex-wrap:wrap;\" ><div class=\"fusion-builder-row fusion-row fusion-flex-align-items-flex-start fusion-flex-justify-content-center fusion-flex-content-wrap\" style=\"max-width:1248px;margin-left: calc(-4% \/ 2 );margin-right: calc(-4% \/ 2 );\"><div class=\"fusion-layout-column fusion_builder_column fusion-builder-column-0 fusion_builder_column_1_1 1_1 fusion-flex-column\" style=\"--awb-bg-size:cover;--awb-width-large:100%;--awb-margin-top-large:0px;--awb-spacing-right-large:1.92%;--awb-margin-bottom-large:20px;--awb-spacing-left-large:1.92%;--awb-width-medium:100%;--awb-order-medium:0;--awb-spacing-right-medium:1.92%;--awb-spacing-left-medium:1.92%;--awb-width-small:100%;--awb-order-small:0;--awb-spacing-right-small:1.92%;--awb-spacing-left-small:1.92%;\"><div class=\"fusion-column-wrapper fusion-column-has-shadow fusion-flex-justify-content-flex-start fusion-content-layout-column\"><div class=\"fusion-text fusion-text-1\" style=\"--awb-font-size:40px;--awb-text-color:#000000;--awb-margin-top:20px;--awb-text-font-family:&quot;Plus Jakarta Sans&quot;;--awb-text-font-style:normal;--awb-text-font-weight:500;\"><p style=\"font-weight: 400; text-align: center;\"><strong style=\"color: var(--awb-text-color); font-family: var(--awb-text-font-family); font-size: var(--awb-font-size); font-style: var(--awb-text-font-style); letter-spacing: var(--awb-letter-spacing); text-transform: var(--awb-text-transform); background-color: var(--awb-bg-color-hover);\">Passionate about mobility for all &#8211; Mit Leidenschaft f\u00fcr Mobilt\u00e4t<\/strong><\/p>\n<\/div><\/div><\/div><\/div><\/div><div class=\"fusion-fullwidth fullwidth-box fusion-builder-row-2 fusion-flex-container has-pattern-background has-mask-background nonhundred-percent-fullwidth non-hundred-percent-height-scrolling\" style=\"--awb-border-radius-top-left:0px;--awb-border-radius-top-right:0px;--awb-border-radius-bottom-right:0px;--awb-border-radius-bottom-left:0px;--awb-flex-wrap:wrap;\" ><div class=\"fusion-builder-row fusion-row fusion-flex-align-items-flex-start fusion-flex-content-wrap\" style=\"max-width:1248px;margin-left: calc(-4% \/ 2 );margin-right: calc(-4% \/ 2 );\"><div class=\"fusion-layout-column fusion_builder_column fusion-builder-column-1 fusion_builder_column_1_5 1_5 fusion-flex-column\" style=\"--awb-bg-size:cover;--awb-width-large:20%;--awb-margin-top-large:0px;--awb-spacing-right-large:9.6%;--awb-margin-bottom-large:20px;--awb-spacing-left-large:9.6%;--awb-width-medium:20%;--awb-order-medium:0;--awb-spacing-right-medium:9.6%;--awb-spacing-left-medium:9.6%;--awb-width-small:100%;--awb-order-small:0;--awb-spacing-right-small:1.92%;--awb-spacing-left-small:1.92%;\"><div class=\"fusion-column-wrapper fusion-column-has-shadow fusion-flex-justify-content-flex-start fusion-content-layout-column\"><\/div><\/div><div class=\"fusion-layout-column fusion_builder_column fusion-builder-column-2 fusion_builder_column_3_5 3_5 fusion-flex-column\" style=\"--awb-bg-size:cover;--awb-width-large:60%;--awb-margin-top-large:0px;--awb-spacing-right-large:3.2%;--awb-margin-bottom-large:20px;--awb-spacing-left-large:3.2%;--awb-width-medium:60%;--awb-order-medium:0;--awb-spacing-right-medium:3.2%;--awb-spacing-left-medium:3.2%;--awb-width-small:100%;--awb-order-small:0;--awb-spacing-right-small:1.92%;--awb-spacing-left-small:1.92%;\"><div class=\"fusion-column-wrapper fusion-column-has-shadow fusion-flex-justify-content-flex-start fusion-content-layout-column\"><div class=\"fusion-text fusion-text-2\"><h5 class=\"fusion-responsive-typography-calculated\" style=\"--fontsize: 20; line-height: 1.4; text-align: center; --minfontsize: 20;\" data-fontsize=\"20\" data-lineheight=\"28px\">Hilf uns bei der Entwicklung von L\u00f6sungen f\u00fcr die bedarfsgerechte Mobilit\u00e4t von morgen, denn jede Fahrt ist wichtig.<\/h5>\n<p style=\"text-align: center;\">Voyagerr liefert Technologie, die dabei hilft, nachhaltige Mobilit\u00e4t f\u00fcr alle zu schaffen.<\/p>\n<p style=\"text-align: center;\">Wir konzentrieren uns ausschlie\u00dflich auf das Gebiet der On-Demand Bef\u00f6rderungen . Unser Team besteht aus Menschen mit unterschiedlichen Erfahrungen, Perspektiven und F\u00e4higkeiten, aber einer gemeinsamen Leidenschaft f\u00fcr die Entwicklung der Mobilit\u00e4tsl\u00f6sungen von morgen.<\/p>\n<p style=\"text-align: center;\">Wir sind mehr als eine Software- und Technologiemarke. Gemeinsam sind wir ein verl\u00e4sslicher Partner f\u00fcr St\u00e4dte und Landkreise, Verkehrsverb\u00fcnde und Verkehrsunternehmen, Fahrg\u00e4ste und Gemeinden..<\/p>\n<p style=\"text-align: center;\">Ganz gleich, ob Du Teil unseres Vertriebs-, Marketing-, Produktentwicklungs-, Implementierungs- oder Kundensupportteam bist, wirst Du die M\u00f6glichkeit haben, an spannenden Projekten mitzuwirken, mit talentierten Kollegen zusammenzuarbeiten, und dabei einen bedeutenden Beitrag zu leisten<\/p>\n<p style=\"text-align: center;\">Wir bieten eine wettbewerbsf\u00e4hige Verg\u00fctung, eine Reihe von Zusatzleistungen und ein unterst\u00fctzendes und integratives Arbeitsumfeld, in dem Deine Ideen und Beitr\u00e4ge gesch\u00e4tzt und anerkannt werden.<\/p>\n<\/div><div style=\"text-align:center;\"><a class=\"fusion-button button-flat button-medium button-default fusion-button-default button-1 fusion-button-default-span fusion-button-default-type\" style=\"--button_margin-top:10px;--button_margin-bottom:30px;\" target=\"_blank\" rel=\"noopener noreferrer\" data-hover=\"icon_rotate\" href=\"https:\/\/wd3.myworkdaysite.com\/recruiting\/modaxo\/Voyagerr\"><i class=\"fa-arrow-right fas awb-button__icon awb-button__icon--default button-icon-left\" aria-hidden=\"true\"><\/i><span class=\"fusion-button-text awb-button__text awb-button__text--default\">Offene Stellen anzeigen<\/span><\/a><\/div><\/div><\/div><div class=\"fusion-layout-column fusion_builder_column fusion-builder-column-3 fusion_builder_column_1_5 1_5 fusion-flex-column\" style=\"--awb-bg-size:cover;--awb-width-large:20%;--awb-margin-top-large:0px;--awb-spacing-right-large:9.6%;--awb-margin-bottom-large:20px;--awb-spacing-left-large:9.6%;--awb-width-medium:20%;--awb-order-medium:0;--awb-spacing-right-medium:9.6%;--awb-spacing-left-medium:9.6%;--awb-width-small:100%;--awb-order-small:0;--awb-spacing-right-small:1.92%;--awb-spacing-left-small:1.92%;\"><div class=\"fusion-column-wrapper fusion-column-has-shadow fusion-flex-justify-content-flex-start fusion-content-layout-column\"><\/div><\/div><\/div><\/div><div class=\"fusion-fullwidth fullwidth-box fusion-builder-row-3 fusion-flex-container has-pattern-background has-mask-background nonhundred-percent-fullwidth non-hundred-percent-height-scrolling\" style=\"--awb-border-radius-top-left:0px;--awb-border-radius-top-right:0px;--awb-border-radius-bottom-right:0px;--awb-border-radius-bottom-left:0px;--awb-padding-top:13px;--awb-padding-bottom:7px;--awb-margin-top:0px;--awb-background-image:linear-gradient(218deg, var(--awb-custom_color_4) 0%,var(--awb-custom_color_5) 100%);--awb-flex-wrap:wrap;\" ><div class=\"fusion-builder-row fusion-row fusion-flex-align-items-flex-start fusion-flex-justify-content-center fusion-flex-content-wrap\" style=\"max-width:1248px;margin-left: calc(-4% \/ 2 );margin-right: calc(-4% \/ 2 );\"><div class=\"fusion-layout-column fusion_builder_column fusion-builder-column-4 fusion_builder_column_1_1 1_1 fusion-flex-column\" style=\"--awb-bg-size:cover;--awb-width-large:100%;--awb-margin-top-large:0px;--awb-spacing-right-large:1.92%;--awb-margin-bottom-large:20px;--awb-spacing-left-large:1.92%;--awb-width-medium:100%;--awb-order-medium:0;--awb-spacing-right-medium:1.92%;--awb-spacing-left-medium:1.92%;--awb-width-small:100%;--awb-order-small:0;--awb-spacing-right-small:1.92%;--awb-spacing-left-small:1.92%;\"><div class=\"fusion-column-wrapper fusion-column-has-shadow fusion-flex-justify-content-flex-start fusion-content-layout-column\"><\/div><\/div><\/div><\/div><div class=\"fusion-fullwidth fullwidth-box fusion-builder-row-4 fusion-flex-container has-pattern-background has-mask-background nonhundred-percent-fullwidth non-hundred-percent-height-scrolling\" style=\"--awb-border-radius-top-left:0px;--awb-border-radius-top-right:0px;--awb-border-radius-bottom-right:0px;--awb-border-radius-bottom-left:0px;--awb-padding-top:13px;--awb-padding-bottom:7px;--awb-margin-top:0px;--awb-background-image:linear-gradient(218deg, var(--awb-custom_color_4) 0%,var(--awb-custom_color_5) 100%);--awb-flex-wrap:wrap;\" ><div class=\"fusion-builder-row fusion-row fusion-flex-align-items-flex-start fusion-flex-justify-content-center fusion-flex-content-wrap\" style=\"max-width:1248px;margin-left: calc(-4% \/ 2 );margin-right: calc(-4% \/ 2 );\"><div class=\"fusion-layout-column fusion_builder_column fusion-builder-column-5 fusion_builder_column_1_1 1_1 fusion-flex-column\" style=\"--awb-bg-size:cover;--awb-width-large:100%;--awb-margin-top-large:0px;--awb-spacing-right-large:1.92%;--awb-margin-bottom-large:20px;--awb-spacing-left-large:1.92%;--awb-width-medium:100%;--awb-order-medium:0;--awb-spacing-right-medium:1.92%;--awb-spacing-left-medium:1.92%;--awb-width-small:100%;--awb-order-small:0;--awb-spacing-right-small:1.92%;--awb-spacing-left-small:1.92%;\"><div class=\"fusion-column-wrapper fusion-column-has-shadow fusion-flex-justify-content-flex-start fusion-content-layout-column\"><\/div><\/div><\/div><\/div><div class=\"fusion-fullwidth fullwidth-box fusion-builder-row-5 fusion-flex-container has-pattern-background has-mask-background nonhundred-percent-fullwidth non-hundred-percent-height-scrolling\" style=\"--awb-border-radius-top-left:0px;--awb-border-radius-top-right:0px;--awb-border-radius-bottom-right:0px;--awb-border-radius-bottom-left:0px;--awb-margin-top:30px;--awb-flex-wrap:wrap;\" ><div class=\"fusion-builder-row fusion-row fusion-flex-align-items-stretch fusion-flex-content-wrap\" style=\"max-width:1248px;margin-left: calc(-4% \/ 2 );margin-right: calc(-4% \/ 2 );\"><div class=\"fusion-layout-column fusion_builder_column fusion-builder-column-6 fusion_builder_column_1_2 1_2 fusion-flex-column\" style=\"--awb-bg-size:cover;--awb-width-large:50%;--awb-margin-top-large:30px;--awb-spacing-right-large:3.84%;--awb-margin-bottom-large:20px;--awb-spacing-left-large:3.84%;--awb-width-medium:50%;--awb-order-medium:0;--awb-spacing-right-medium:3.84%;--awb-spacing-left-medium:3.84%;--awb-width-small:100%;--awb-order-small:0;--awb-spacing-right-small:1.92%;--awb-spacing-left-small:1.92%;\"><div class=\"fusion-column-wrapper fusion-column-has-shadow fusion-flex-justify-content-flex-start fusion-content-layout-column\"><div class=\"fusion-image-element \" style=\"--awb-aspect-ratio:4 \/ 3;--awb-caption-title-font-family:var(--h2_typography-font-family);--awb-caption-title-font-weight:var(--h2_typography-font-weight);--awb-caption-title-font-style:var(--h2_typography-font-style);--awb-caption-title-size:var(--h2_typography-font-size);--awb-caption-title-transform:var(--h2_typography-text-transform);--awb-caption-title-line-height:var(--h2_typography-line-height);--awb-caption-title-letter-spacing:var(--h2_typography-letter-spacing);\"><span class=\" fusion-imageframe imageframe-none imageframe-1 hover-type-zoomin has-aspect-ratio\"><img decoding=\"async\" width=\"300\" height=\"200\" title=\"mobility_for_all\" src=\"https:\/\/voyagerr.com\/wp-content\/uploads\/2023\/05\/mobility_for_all.jpg\" data-orig-src=\"https:\/\/voyagerr.com\/wp-content\/uploads\/2023\/05\/mobility_for_all-300x200.jpg\" class=\"lazyload img-responsive wp-image-7246 img-with-aspect-ratio\" data-parent-fit=\"cover\" data-parent-container=\".fusion-image-element\" alt srcset=\"data:image\/svg+xml,%3Csvg%20xmlns%3D%27http%3A%2F%2Fwww.w3.org%2F2000%2Fsvg%27%20width%3D%271800%27%20height%3D%271200%27%20viewBox%3D%270%200%201800%201200%27%3E%3Crect%20width%3D%271800%27%20height%3D%271200%27%20fill-opacity%3D%220%22%2F%3E%3C%2Fsvg%3E\" data-srcset=\"https:\/\/voyagerr.com\/wp-content\/uploads\/2023\/05\/mobility_for_all-200x133.jpg 200w, https:\/\/voyagerr.com\/wp-content\/uploads\/2023\/05\/mobility_for_all-400x267.jpg 400w, https:\/\/voyagerr.com\/wp-content\/uploads\/2023\/05\/mobility_for_all-600x400.jpg 600w, https:\/\/voyagerr.com\/wp-content\/uploads\/2023\/05\/mobility_for_all-800x533.jpg 800w, https:\/\/voyagerr.com\/wp-content\/uploads\/2023\/05\/mobility_for_all-1200x800.jpg 1200w, https:\/\/voyagerr.com\/wp-content\/uploads\/2023\/05\/mobility_for_all.jpg 1800w\" data-sizes=\"auto\" data-orig-sizes=\"(max-width: 700px) 100vw, 600px\" \/><\/span><\/div><div class=\"fusion-text fusion-text-3\"><div>\n<h4>Woran wir glauben<\/h4>\n<\/div>\n<ul>\n<li>Mobilit\u00e4t f\u00fcr alle &#8211; zuverl\u00e4ssige, sichere und vernetzte Fahrten.<\/li>\n<li>Entwicklung zuverl\u00e4ssiger und sicherer Technologien, die Verkehrsunternehmen dabei helfen, ihr Gesch\u00e4ft effizient aufrechtzuerhalten und weiterzuentwickeln und ihren Fahrg\u00e4sten erstklassige Dienstleistungen anzubieten.<\/li>\n<li>Verkehrsbeh\u00f6rden in St\u00e4dten und Regionen sollen in die Lage versetzt werden, die Mobilit\u00e4tsdienste von heute und morgen effizient zu gestalten und zu verwalten &#8211; und den Fahrgastkomfort kontinuierlich zu verbessern.<\/li>\n<li>Der bedarfsgerechte Verkehr spielt eine immer wichtigere Rolle bei der Verringerung der Kohlenstoffemissionen und der Verbesserung des Verkehrs in den St\u00e4dten.<\/li>\n<\/ul>\n<\/div><\/div><\/div><div class=\"fusion-layout-column fusion_builder_column fusion-builder-column-7 fusion_builder_column_1_2 1_2 fusion-flex-column\" style=\"--awb-bg-size:cover;--awb-width-large:50%;--awb-margin-top-large:30px;--awb-spacing-right-large:3.84%;--awb-margin-bottom-large:20px;--awb-spacing-left-large:3.84%;--awb-width-medium:50%;--awb-order-medium:0;--awb-spacing-right-medium:3.84%;--awb-spacing-left-medium:3.84%;--awb-width-small:100%;--awb-order-small:0;--awb-spacing-right-small:1.92%;--awb-spacing-left-small:1.92%;\"><div class=\"fusion-column-wrapper fusion-column-has-shadow fusion-flex-justify-content-flex-start fusion-content-layout-column\"><div class=\"fusion-image-element \" style=\"--awb-aspect-ratio:4 \/ 3;--awb-caption-title-font-family:var(--h2_typography-font-family);--awb-caption-title-font-weight:var(--h2_typography-font-weight);--awb-caption-title-font-style:var(--h2_typography-font-style);--awb-caption-title-size:var(--h2_typography-font-size);--awb-caption-title-transform:var(--h2_typography-text-transform);--awb-caption-title-line-height:var(--h2_typography-line-height);--awb-caption-title-letter-spacing:var(--h2_typography-letter-spacing);\"><span class=\" fusion-imageframe imageframe-none imageframe-2 hover-type-zoomin has-aspect-ratio\"><img decoding=\"async\" width=\"300\" height=\"200\" title=\"we_are_modaxo-hashtag\" src=\"https:\/\/voyagerr.com\/wp-content\/uploads\/2023\/05\/we_are_modaxo-hashtag.png\" data-orig-src=\"https:\/\/voyagerr.com\/wp-content\/uploads\/2023\/05\/we_are_modaxo-hashtag-300x200.png\" class=\"lazyload img-responsive wp-image-7239 img-with-aspect-ratio\" data-parent-fit=\"cover\" data-parent-container=\".fusion-image-element\" alt srcset=\"data:image\/svg+xml,%3Csvg%20xmlns%3D%27http%3A%2F%2Fwww.w3.org%2F2000%2Fsvg%27%20width%3D%271800%27%20height%3D%271200%27%20viewBox%3D%270%200%201800%201200%27%3E%3Crect%20width%3D%271800%27%20height%3D%271200%27%20fill-opacity%3D%220%22%2F%3E%3C%2Fsvg%3E\" data-srcset=\"https:\/\/voyagerr.com\/wp-content\/uploads\/2023\/05\/we_are_modaxo-hashtag-200x133.png 200w, https:\/\/voyagerr.com\/wp-content\/uploads\/2023\/05\/we_are_modaxo-hashtag-400x267.png 400w, https:\/\/voyagerr.com\/wp-content\/uploads\/2023\/05\/we_are_modaxo-hashtag-600x400.png 600w, https:\/\/voyagerr.com\/wp-content\/uploads\/2023\/05\/we_are_modaxo-hashtag-800x533.png 800w, https:\/\/voyagerr.com\/wp-content\/uploads\/2023\/05\/we_are_modaxo-hashtag-1200x800.png 1200w, https:\/\/voyagerr.com\/wp-content\/uploads\/2023\/05\/we_are_modaxo-hashtag.png 1800w\" data-sizes=\"auto\" data-orig-sizes=\"(max-width: 700px) 100vw, 600px\" \/><\/span><\/div><div class=\"fusion-text fusion-text-4\"><h4>Wir sind Teil von Modaxo<\/h4>\n<p>Die Philosophie von Modaxo ist es, in die Entwicklung und das Wachstum von Unternehmen im Bereich Personenbef\u00f6rderung zu investieren &#8211; ohne sie jemals zu verkaufen. Wenn Sie also mit einem Modaxo-Unternehmen zusammenarbeiten, k\u00f6nnen Sie sicher sein, dass Sie eine langfristige Beziehung eingehen.<\/p>\n<p>Die Grundlage f\u00fcr den Erfolg der Modaxo-Unternehmen ist die Lieferung innovativer Technologiel\u00f6sungen &#8211; diese werden von leidenschaftlichen Experten umgesetzt, die ihre Region und ihren Markt genau kennen.<\/p>\n<\/div><div class=\"fusion-separator fusion-full-width-sep\" style=\"align-self: center;margin-left: auto;margin-right: auto;flex-grow:10;width:100%;\"><\/div><div ><a class=\"fusion-button button-flat fusion-button-default-size button-default fusion-button-default button-2 fusion-button-default-span fusion-button-default-type\" style=\"--button_margin-top:10px;--button_margin-bottom:30px;\" target=\"_blank\" rel=\"noopener noreferrer\" href=\"https:\/\/voyagerr.com\/de\/wearemodaxo\/\"><span class=\"fusion-button-text awb-button__text awb-button__text--default\">Mehr \u00fcber Modaxo <\/span><\/a><\/div><\/div><\/div><\/div><\/div><\/p>\n","protected":false},"excerpt":{"rendered":"","protected":false},"author":2,"featured_media":8840,"parent":10263,"menu_order":0,"comment_status":"closed","ping_status":"closed","template":"100-width.php","meta":{"content-type":"","footnotes":""},"class_list":["post-10256","page","type-page","status-publish","has-post-thumbnail","hentry"],"yoast_head":"<!-- This site is optimized with the Yoast SEO plugin v27.0 - https:\/\/yoast.com\/product\/yoast-seo-wordpress\/ -->\n<title>Job &amp; Karriere - Voyagerr Demand Response<\/title>\n<meta name=\"robots\" content=\"index, follow, max-snippet:-1, max-image-preview:large, max-video-preview:-1\" \/>\n<link rel=\"canonical\" href=\"https:\/\/voyagerr.com\/de\/ueber-uns\/job-karriere\/\" \/>\n<meta property=\"og:locale\" content=\"de_DE\" \/>\n<meta property=\"og:type\" content=\"article\" \/>\n<meta property=\"og:title\" content=\"Job &amp; Karriere - Voyagerr Demand Response\" \/>\n<meta property=\"og:url\" content=\"https:\/\/voyagerr.com\/de\/ueber-uns\/job-karriere\/\" \/>\n<meta property=\"og:site_name\" content=\"Voyagerr Demand Response\" \/>\n<meta property=\"article:modified_time\" content=\"2024-06-25T06:17:16+00:00\" \/>\n<meta property=\"og:image\" content=\"https:\/\/voyagerr.com\/wp-content\/uploads\/2023\/06\/Team_DRT-development.jpg\" \/>\n\t<meta property=\"og:image:width\" content=\"1800\" \/>\n\t<meta property=\"og:image:height\" content=\"1200\" \/>\n\t<meta property=\"og:image:type\" content=\"image\/jpeg\" \/>\n<meta name=\"twitter:card\" content=\"summary_large_image\" \/>\n<meta name=\"twitter:label1\" content=\"Gesch\u00e4tzte Lesezeit\" \/>\n\t<meta name=\"twitter:data1\" content=\"2\u00a0Minuten\" \/>\n<script type=\"application\/ld+json\" class=\"yoast-schema-graph\">{\"@context\":\"https:\/\/schema.org\",\"@graph\":[{\"@type\":\"WebPage\",\"@id\":\"https:\/\/voyagerr.com\/de\/ueber-uns\/job-karriere\/\",\"url\":\"https:\/\/voyagerr.com\/de\/ueber-uns\/job-karriere\/\",\"name\":\"Job &amp; Karriere - Voyagerr Demand Response\",\"isPartOf\":{\"@id\":\"https:\/\/voyagerr.com\/de\/#website\"},\"primaryImageOfPage\":{\"@id\":\"https:\/\/voyagerr.com\/de\/ueber-uns\/job-karriere\/#primaryimage\"},\"image\":{\"@id\":\"https:\/\/voyagerr.com\/de\/ueber-uns\/job-karriere\/#primaryimage\"},\"thumbnailUrl\":\"https:\/\/voyagerr.com\/wp-content\/uploads\/2023\/06\/Team_DRT-development.jpg\",\"datePublished\":\"2023-06-29T09:40:26+00:00\",\"dateModified\":\"2024-06-25T06:17:16+00:00\",\"breadcrumb\":{\"@id\":\"https:\/\/voyagerr.com\/de\/ueber-uns\/job-karriere\/#breadcrumb\"},\"inLanguage\":\"de\",\"potentialAction\":[{\"@type\":\"ReadAction\",\"target\":[\"https:\/\/voyagerr.com\/de\/ueber-uns\/job-karriere\/\"]}]},{\"@type\":\"ImageObject\",\"inLanguage\":\"de\",\"@id\":\"https:\/\/voyagerr.com\/de\/ueber-uns\/job-karriere\/#primaryimage\",\"url\":\"https:\/\/voyagerr.com\/wp-content\/uploads\/2023\/06\/Team_DRT-development.jpg\",\"contentUrl\":\"https:\/\/voyagerr.com\/wp-content\/uploads\/2023\/06\/Team_DRT-development.jpg\",\"width\":1800,\"height\":1200},{\"@type\":\"BreadcrumbList\",\"@id\":\"https:\/\/voyagerr.com\/de\/ueber-uns\/job-karriere\/#breadcrumb\",\"itemListElement\":[{\"@type\":\"ListItem\",\"position\":1,\"name\":\"Home\",\"item\":\"https:\/\/voyagerr.com\/de\/\"},{\"@type\":\"ListItem\",\"position\":2,\"name\":\"\u00dcber uns\",\"item\":\"https:\/\/voyagerr.com\/de\/ueber-uns\/\"},{\"@type\":\"ListItem\",\"position\":3,\"name\":\"Job &amp; Karriere\"}]},{\"@type\":\"WebSite\",\"@id\":\"https:\/\/voyagerr.com\/de\/#website\",\"url\":\"https:\/\/voyagerr.com\/de\/\",\"name\":\"Voyagerr Demand Response\",\"description\":\"Making every journey matter\",\"potentialAction\":[{\"@type\":\"SearchAction\",\"target\":{\"@type\":\"EntryPoint\",\"urlTemplate\":\"https:\/\/voyagerr.com\/de\/?s={search_term_string}\"},\"query-input\":{\"@type\":\"PropertyValueSpecification\",\"valueRequired\":true,\"valueName\":\"search_term_string\"}}],\"inLanguage\":\"de\"}]}<\/script>\n<!-- \/ Yoast SEO plugin. -->","yoast_head_json":{"title":"Job &amp; Karriere - Voyagerr Demand Response","robots":{"index":"index","follow":"follow","max-snippet":"max-snippet:-1","max-image-preview":"max-image-preview:large","max-video-preview":"max-video-preview:-1"},"canonical":"https:\/\/voyagerr.com\/de\/ueber-uns\/job-karriere\/","og_locale":"de_DE","og_type":"article","og_title":"Job &amp; Karriere - Voyagerr Demand Response","og_url":"https:\/\/voyagerr.com\/de\/ueber-uns\/job-karriere\/","og_site_name":"Voyagerr Demand Response","article_modified_time":"2024-06-25T06:17:16+00:00","og_image":[{"width":1800,"height":1200,"url":"https:\/\/voyagerr.com\/wp-content\/uploads\/2023\/06\/Team_DRT-development.jpg","type":"image\/jpeg"}],"twitter_card":"summary_large_image","twitter_misc":{"Gesch\u00e4tzte Lesezeit":"2\u00a0Minuten"},"schema":{"@context":"https:\/\/schema.org","@graph":[{"@type":"WebPage","@id":"https:\/\/voyagerr.com\/de\/ueber-uns\/job-karriere\/","url":"https:\/\/voyagerr.com\/de\/ueber-uns\/job-karriere\/","name":"Job &amp; Karriere - Voyagerr Demand Response","isPartOf":{"@id":"https:\/\/voyagerr.com\/de\/#website"},"primaryImageOfPage":{"@id":"https:\/\/voyagerr.com\/de\/ueber-uns\/job-karriere\/#primaryimage"},"image":{"@id":"https:\/\/voyagerr.com\/de\/ueber-uns\/job-karriere\/#primaryimage"},"thumbnailUrl":"https:\/\/voyagerr.com\/wp-content\/uploads\/2023\/06\/Team_DRT-development.jpg","datePublished":"2023-06-29T09:40:26+00:00","dateModified":"2024-06-25T06:17:16+00:00","breadcrumb":{"@id":"https:\/\/voyagerr.com\/de\/ueber-uns\/job-karriere\/#breadcrumb"},"inLanguage":"de","potentialAction":[{"@type":"ReadAction","target":["https:\/\/voyagerr.com\/de\/ueber-uns\/job-karriere\/"]}]},{"@type":"ImageObject","inLanguage":"de","@id":"https:\/\/voyagerr.com\/de\/ueber-uns\/job-karriere\/#primaryimage","url":"https:\/\/voyagerr.com\/wp-content\/uploads\/2023\/06\/Team_DRT-development.jpg","contentUrl":"https:\/\/voyagerr.com\/wp-content\/uploads\/2023\/06\/Team_DRT-development.jpg","width":1800,"height":1200},{"@type":"BreadcrumbList","@id":"https:\/\/voyagerr.com\/de\/ueber-uns\/job-karriere\/#breadcrumb","itemListElement":[{"@type":"ListItem","position":1,"name":"Home","item":"https:\/\/voyagerr.com\/de\/"},{"@type":"ListItem","position":2,"name":"\u00dcber uns","item":"https:\/\/voyagerr.com\/de\/ueber-uns\/"},{"@type":"ListItem","position":3,"name":"Job &amp; Karriere"}]},{"@type":"WebSite","@id":"https:\/\/voyagerr.com\/de\/#website","url":"https:\/\/voyagerr.com\/de\/","name":"Voyagerr Demand Response","description":"Making every journey matter","potentialAction":[{"@type":"SearchAction","target":{"@type":"EntryPoint","urlTemplate":"https:\/\/voyagerr.com\/de\/?s={search_term_string}"},"query-input":{"@type":"PropertyValueSpecification","valueRequired":true,"valueName":"search_term_string"}}],"inLanguage":"de"}]}},"_links":{"self":[{"href":"https:\/\/voyagerr.com\/de\/wp-json\/wp\/v2\/pages\/10256","targetHints":{"allow":["GET"]}}],"collection":[{"href":"https:\/\/voyagerr.com\/de\/wp-json\/wp\/v2\/pages"}],"about":[{"href":"https:\/\/voyagerr.com\/de\/wp-json\/wp\/v2\/types\/page"}],"author":[{"embeddable":true,"href":"https:\/\/voyagerr.com\/de\/wp-json\/wp\/v2\/users\/2"}],"replies":[{"embeddable":true,"href":"https:\/\/voyagerr.com\/de\/wp-json\/wp\/v2\/comments?post=10256"}],"version-history":[{"count":9,"href":"https:\/\/voyagerr.com\/de\/wp-json\/wp\/v2\/pages\/10256\/revisions"}],"predecessor-version":[{"id":17036,"href":"https:\/\/voyagerr.com\/de\/wp-json\/wp\/v2\/pages\/10256\/revisions\/17036"}],"up":[{"embeddable":true,"href":"https:\/\/voyagerr.com\/de\/wp-json\/wp\/v2\/pages\/10263"}],"wp:featuredmedia":[{"embeddable":true,"href":"https:\/\/voyagerr.com\/de\/wp-json\/wp\/v2\/media\/8840"}],"wp:attachment":[{"href":"https:\/\/voyagerr.com\/de\/wp-json\/wp\/v2\/media?parent=10256"}],"curies":[{"name":"wp","href":"https:\/\/api.w.org\/{rel}","templated":true}]}}