{"id":10252,"date":"2023-05-29T10:43:19","date_gmt":"2023-05-29T10:43:19","guid":{"rendered":"https:\/\/voyagerr.com\/unsere-vision-und-geschichte\/"},"modified":"2023-11-21T07:49:07","modified_gmt":"2023-11-21T07:49:07","slug":"unsere-vision-und-geschichte","status":"publish","type":"page","link":"https:\/\/voyagerr.com\/de\/ueber-uns\/unsere-vision-und-geschichte\/","title":{"rendered":"Unsere Vision und Geschichte"},"content":{"rendered":"<p><div class=\"fusion-fullwidth fullwidth-box fusion-builder-row-1 fusion-flex-container has-pattern-background has-mask-background nonhundred-percent-fullwidth non-hundred-percent-height-scrolling\" style=\"--awb-border-radius-top-left:0px;--awb-border-radius-top-right:0px;--awb-border-radius-bottom-right:0px;--awb-border-radius-bottom-left:0px;--awb-padding-top:0px;--awb-flex-wrap:wrap;\" ><div class=\"fusion-builder-row fusion-row fusion-flex-align-items-flex-start fusion-flex-justify-content-center fusion-flex-content-wrap\" style=\"max-width:1248px;margin-left: calc(-4% \/ 2 );margin-right: calc(-4% \/ 2 );\"><div class=\"fusion-layout-column fusion_builder_column fusion-builder-column-0 fusion_builder_column_1_1 1_1 fusion-flex-column\" style=\"--awb-bg-size:cover;--awb-width-large:100%;--awb-margin-top-large:0px;--awb-spacing-right-large:1.92%;--awb-margin-bottom-large:20px;--awb-spacing-left-large:1.92%;--awb-width-medium:100%;--awb-order-medium:0;--awb-spacing-right-medium:1.92%;--awb-spacing-left-medium:1.92%;--awb-width-small:100%;--awb-order-small:0;--awb-spacing-right-small:1.92%;--awb-spacing-left-small:1.92%;\"><div class=\"fusion-column-wrapper fusion-column-has-shadow fusion-flex-justify-content-flex-start fusion-content-layout-column\"><div class=\"fusion-text fusion-text-1\" style=\"--awb-font-size:40px;--awb-text-color:#000000;--awb-margin-top:20px;--awb-text-font-family:&quot;Plus Jakarta Sans&quot;;--awb-text-font-style:normal;--awb-text-font-weight:500;\"><p style=\"font-weight: 400; text-align: center;\"><strong>Mobilit\u00e4t f\u00fcr alle ist unsere Leidenschaft &#8211; jede Reise ist wichtig.<br \/>\n&#8211; making every journey matter.<\/strong><\/p>\n<\/div><div class=\"fusion-text fusion-text-2\" style=\"--awb-margin-top:30px;\"><p style=\"text-align: center;\"><b>Voyagerr bietet Technologiel\u00f6sungen, die den Beteiligten im \u00d6PNV dabei helfen, attraktive und nachhaltige Mobilit\u00e4t f\u00fcr alle zu schaffen.<\/b><\/p>\n<\/div><\/div><\/div><\/div><\/div><div class=\"fusion-fullwidth fullwidth-box fusion-builder-row-2 fusion-flex-container has-pattern-background has-mask-background nonhundred-percent-fullwidth non-hundred-percent-height-scrolling\" style=\"--awb-border-radius-top-left:0px;--awb-border-radius-top-right:0px;--awb-border-radius-bottom-right:0px;--awb-border-radius-bottom-left:0px;--awb-flex-wrap:wrap;\" ><div class=\"fusion-builder-row fusion-row fusion-flex-align-items-flex-start fusion-flex-content-wrap\" style=\"max-width:1248px;margin-left: calc(-4% \/ 2 );margin-right: calc(-4% \/ 2 );\"><div class=\"fusion-layout-column fusion_builder_column fusion-builder-column-1 fusion_builder_column_1_1 1_1 fusion-flex-column\" style=\"--awb-bg-size:cover;--awb-width-large:100%;--awb-margin-top-large:0px;--awb-spacing-right-large:1.92%;--awb-margin-bottom-large:20px;--awb-spacing-left-large:1.92%;--awb-width-medium:100%;--awb-order-medium:0;--awb-spacing-right-medium:1.92%;--awb-spacing-left-medium:1.92%;--awb-width-small:100%;--awb-order-small:0;--awb-spacing-right-small:1.92%;--awb-spacing-left-small:1.92%;\"><div class=\"fusion-column-wrapper fusion-column-has-shadow fusion-flex-justify-content-flex-start fusion-content-layout-column\"><div class=\"fusion-text fusion-text-3\"><\/div><div class=\"fusion-text fusion-text-4\" style=\"--awb-content-alignment:center;\" id=\"about-us-vide-width-mobile\"><div class=\"video-shortcode\"><iframe class=\"wp-embedded-content\" sandbox=\"allow-scripts\" security=\"restricted\" title=\"Voyagerr - introduction - Deutsch Video\" src=\"https:\/\/fast.wistia.net\/embed\/iframe\/ai1v46c8tn?dnt=1#?secret=AGrEyKTShX\" data-secret=\"AGrEyKTShX\" frameborder=\"0\" scrolling=\"no\" width=\"960\" height=\"540\"><\/iframe><\/div>\n<\/div><\/div><\/div><\/div><\/div><div class=\"fusion-fullwidth fullwidth-box fusion-builder-row-3 fusion-flex-container has-pattern-background has-mask-background nonhundred-percent-fullwidth non-hundred-percent-height-scrolling\" style=\"--awb-border-radius-top-left:0px;--awb-border-radius-top-right:0px;--awb-border-radius-bottom-right:0px;--awb-border-radius-bottom-left:0px;--awb-padding-top:96px;--awb-padding-bottom:85px;--awb-background-image:linear-gradient(218deg, var(--awb-custom_color_4) 0%,var(--awb-custom_color_5) 100%);--awb-flex-wrap:wrap;\" ><div class=\"fusion-builder-row fusion-row fusion-flex-align-items-flex-start fusion-flex-justify-content-center fusion-flex-content-wrap\" style=\"max-width:1248px;margin-left: calc(-4% \/ 2 );margin-right: calc(-4% \/ 2 );\"><div class=\"fusion-layout-column fusion_builder_column fusion-builder-column-2 fusion_builder_column_1_1 1_1 fusion-flex-column\" style=\"--awb-padding-right:176px;--awb-padding-left:177px;--awb-bg-size:cover;--awb-width-large:100%;--awb-margin-top-large:0px;--awb-spacing-right-large:1.92%;--awb-margin-bottom-large:61px;--awb-spacing-left-large:1.92%;--awb-width-medium:100%;--awb-order-medium:0;--awb-spacing-right-medium:1.92%;--awb-spacing-left-medium:1.92%;--awb-width-small:100%;--awb-order-small:0;--awb-spacing-right-small:1.92%;--awb-spacing-left-small:1.92%;\"><div class=\"fusion-column-wrapper fusion-column-has-shadow fusion-flex-justify-content-flex-start fusion-content-layout-column\"><div class=\"fusion-text fusion-text-5\"><h4 class=\"fusion-responsive-typography-calculated\" style=\"--fontsize: 28.43; line-height: 1.4;\" data-fontsize=\"28.43\" data-lineheight=\"39.802px\">Die Geschichte von Voyager \u2013 eine \u00fcber 30-j\u00e4hrige Tradition.<\/h4>\n<p>Voyagerr wurde im Jahr 2023 als neue Dachmarke der fr\u00fcheren Gesch\u00e4ftsbereiche Scandinavian and North European Trapeze Demand Response Transport nach den Fusionen mit PLANit Sweden AB und Malmator AB gegr\u00fcndet, um sich ausschlie\u00dflich darauf zu konzentrieren, die Anforderungen der \u00d6PNV-Aufgabentr\u00e4ger und -betreiber an neue Mobilit\u00e4tssysteme zu erf\u00fcllen.<\/p>\n<p>Da sich Voyagerr ausschlie\u00dflich auf Softwarel\u00f6sungen f\u00fcr bedarfsgesteuerte Verkehrsformen und Sch\u00fclerverkehre konzentriert, werden bestehende und zuk\u00fcnftige Kunden von den Vorteilen der \u00fcber 30-j\u00e4hrigen Erfahrung als Trapeze, PLANit und Malmator profitieren. Dar\u00fcber hinaus wird ein noch sch\u00e4rferer Fokus auf die Entwicklung von Technologiel\u00f6sungen gelegt, um die f\u00fcr die Verkehrswende notwendigen Formen neuer, inklusiver Mobilit\u00e4t f\u00fcr alle zu unterst\u00fctzen. Im Mittelpunkt stehen dabei die Bed\u00fcrfnissen der Aufgabentr\u00e4ger, der Betreiber \u00f6ffentlicher Verkehre und nicht zuletzt der Fahrg\u00e4ste.<\/p>\n<p>Als Teil der Modaxo-Familie ist Voyagerr in der Lage, Best Practices und Ressourcen auch aus einem umfangreichen Netzwerk von Schwesterunternehmen zu nutzen.<\/p>\n<\/div><\/div><\/div><\/div><\/div><div class=\"fusion-fullwidth fullwidth-box fusion-builder-row-4 fusion-flex-container has-pattern-background has-mask-background nonhundred-percent-fullwidth non-hundred-percent-height-scrolling\" style=\"--awb-border-radius-top-left:0px;--awb-border-radius-top-right:0px;--awb-border-radius-bottom-right:0px;--awb-border-radius-bottom-left:0px;--awb-flex-wrap:wrap;\" ><div class=\"fusion-builder-row fusion-row fusion-flex-align-items-stretch fusion-flex-content-wrap\" style=\"max-width:1248px;margin-left: calc(-4% \/ 2 );margin-right: calc(-4% \/ 2 );\"><div class=\"fusion-layout-column fusion_builder_column fusion-builder-column-3 fusion_builder_column_1_2 1_2 fusion-flex-column\" style=\"--awb-bg-size:cover;--awb-width-large:50%;--awb-margin-top-large:30px;--awb-spacing-right-large:3.84%;--awb-margin-bottom-large:20px;--awb-spacing-left-large:3.84%;--awb-width-medium:50%;--awb-order-medium:0;--awb-spacing-right-medium:3.84%;--awb-spacing-left-medium:3.84%;--awb-width-small:100%;--awb-order-small:0;--awb-spacing-right-small:1.92%;--awb-spacing-left-small:1.92%;\"><div class=\"fusion-column-wrapper fusion-column-has-shadow fusion-flex-justify-content-flex-start fusion-content-layout-column\"><div class=\"fusion-image-element \" style=\"--awb-aspect-ratio:4 \/ 3;--awb-caption-title-font-family:var(--h2_typography-font-family);--awb-caption-title-font-weight:var(--h2_typography-font-weight);--awb-caption-title-font-style:var(--h2_typography-font-style);--awb-caption-title-size:var(--h2_typography-font-size);--awb-caption-title-transform:var(--h2_typography-text-transform);--awb-caption-title-line-height:var(--h2_typography-line-height);--awb-caption-title-letter-spacing:var(--h2_typography-letter-spacing);\"><span class=\" fusion-imageframe imageframe-none imageframe-1 hover-type-zoomin has-aspect-ratio\"><img decoding=\"async\" width=\"300\" height=\"200\" title=\"mobility_for_all\" src=\"https:\/\/voyagerr.com\/wp-content\/uploads\/2023\/05\/mobility_for_all.jpg\" data-orig-src=\"https:\/\/voyagerr.com\/wp-content\/uploads\/2023\/05\/mobility_for_all-300x200.jpg\" class=\"lazyload img-responsive wp-image-7246 img-with-aspect-ratio\" data-parent-fit=\"cover\" data-parent-container=\".fusion-image-element\" alt srcset=\"data:image\/svg+xml,%3Csvg%20xmlns%3D%27http%3A%2F%2Fwww.w3.org%2F2000%2Fsvg%27%20width%3D%271800%27%20height%3D%271200%27%20viewBox%3D%270%200%201800%201200%27%3E%3Crect%20width%3D%271800%27%20height%3D%271200%27%20fill-opacity%3D%220%22%2F%3E%3C%2Fsvg%3E\" data-srcset=\"https:\/\/voyagerr.com\/wp-content\/uploads\/2023\/05\/mobility_for_all-200x133.jpg 200w, https:\/\/voyagerr.com\/wp-content\/uploads\/2023\/05\/mobility_for_all-400x267.jpg 400w, https:\/\/voyagerr.com\/wp-content\/uploads\/2023\/05\/mobility_for_all-600x400.jpg 600w, https:\/\/voyagerr.com\/wp-content\/uploads\/2023\/05\/mobility_for_all-800x533.jpg 800w, https:\/\/voyagerr.com\/wp-content\/uploads\/2023\/05\/mobility_for_all-1200x800.jpg 1200w, https:\/\/voyagerr.com\/wp-content\/uploads\/2023\/05\/mobility_for_all.jpg 1800w\" data-sizes=\"auto\" data-orig-sizes=\"(max-width: 700px) 100vw, 600px\" \/><\/span><\/div><div class=\"fusion-text fusion-text-6\"><div>\n<h4>Woran wir glauben<\/h4>\n<\/div>\n<ul>\n<li>Mobilit\u00e4t f\u00fcr alle &#8211; zuverl\u00e4ssige, sichere und verkn\u00fcpfte Fahrten.<\/li>\n<li>Entwicklung und Bereitstellung zuverl\u00e4ssiger und sicherer Technologien, die Verkehrsunternehmen dabei helfen, ihr Gesch\u00e4ft effizient zu betreiben, auszubauen und ihren Fahrg\u00e4sten erstklassige Dienstleistungen anzubieten.<\/li>\n<li>Unterst\u00fctzung der Verkehrsverantwortlichen in St\u00e4dten und im l\u00e4ndlichen Raum um die aktuellen und die zuk\u00fcnftigen Mobilit\u00e4tsanforderungen der B\u00fcrger effizient zu erf\u00fcllen und den Komfort f\u00fcr die Fahrg\u00e4ste kontinuierlich zu verbessern.<\/li>\n<li>Der bedarfsgerechte Verkehr spielt eine immer wichtigere Rolle bei der Erreichung der Umweltziele, insbesondere durch die Verringerung der Kohlenstoffemissionen und der Reduktion des motorisierten Individualverkehrs durch eine nachhaltige Verbesserung der \u00f6ffentlichen Mobilit\u00e4tsangebote.<\/li>\n<\/ul>\n<\/div><\/div><\/div><div class=\"fusion-layout-column fusion_builder_column fusion-builder-column-4 fusion_builder_column_1_2 1_2 fusion-flex-column\" style=\"--awb-bg-size:cover;--awb-width-large:50%;--awb-margin-top-large:30px;--awb-spacing-right-large:3.84%;--awb-margin-bottom-large:20px;--awb-spacing-left-large:3.84%;--awb-width-medium:50%;--awb-order-medium:0;--awb-spacing-right-medium:3.84%;--awb-spacing-left-medium:3.84%;--awb-width-small:100%;--awb-order-small:0;--awb-spacing-right-small:1.92%;--awb-spacing-left-small:1.92%;\"><div class=\"fusion-column-wrapper fusion-column-has-shadow fusion-flex-justify-content-flex-start fusion-content-layout-column\"><div class=\"fusion-image-element \" style=\"--awb-aspect-ratio:4 \/ 3;--awb-caption-title-font-family:var(--h2_typography-font-family);--awb-caption-title-font-weight:var(--h2_typography-font-weight);--awb-caption-title-font-style:var(--h2_typography-font-style);--awb-caption-title-size:var(--h2_typography-font-size);--awb-caption-title-transform:var(--h2_typography-text-transform);--awb-caption-title-line-height:var(--h2_typography-line-height);--awb-caption-title-letter-spacing:var(--h2_typography-letter-spacing);\"><span class=\" fusion-imageframe imageframe-none imageframe-2 hover-type-zoomin has-aspect-ratio\"><img decoding=\"async\" width=\"300\" height=\"200\" title=\"we_are_modaxo-hashtag\" src=\"https:\/\/voyagerr.com\/wp-content\/uploads\/2023\/05\/we_are_modaxo-hashtag.png\" data-orig-src=\"https:\/\/voyagerr.com\/wp-content\/uploads\/2023\/05\/we_are_modaxo-hashtag-300x200.png\" class=\"lazyload img-responsive wp-image-7239 img-with-aspect-ratio\" data-parent-fit=\"cover\" data-parent-container=\".fusion-image-element\" alt srcset=\"data:image\/svg+xml,%3Csvg%20xmlns%3D%27http%3A%2F%2Fwww.w3.org%2F2000%2Fsvg%27%20width%3D%271800%27%20height%3D%271200%27%20viewBox%3D%270%200%201800%201200%27%3E%3Crect%20width%3D%271800%27%20height%3D%271200%27%20fill-opacity%3D%220%22%2F%3E%3C%2Fsvg%3E\" data-srcset=\"https:\/\/voyagerr.com\/wp-content\/uploads\/2023\/05\/we_are_modaxo-hashtag-200x133.png 200w, https:\/\/voyagerr.com\/wp-content\/uploads\/2023\/05\/we_are_modaxo-hashtag-400x267.png 400w, https:\/\/voyagerr.com\/wp-content\/uploads\/2023\/05\/we_are_modaxo-hashtag-600x400.png 600w, https:\/\/voyagerr.com\/wp-content\/uploads\/2023\/05\/we_are_modaxo-hashtag-800x533.png 800w, https:\/\/voyagerr.com\/wp-content\/uploads\/2023\/05\/we_are_modaxo-hashtag-1200x800.png 1200w, https:\/\/voyagerr.com\/wp-content\/uploads\/2023\/05\/we_are_modaxo-hashtag.png 1800w\" data-sizes=\"auto\" data-orig-sizes=\"(max-width: 700px) 100vw, 600px\" \/><\/span><\/div><div class=\"fusion-text fusion-text-7\"><h4>Wir sind Modaxo<\/h4>\n<p>Die Philosophie von Modaxo ist es, in die Entwicklung und das Wachstum von Softwareunternehmen f\u00fcr die Personenbef\u00f6rderung zu investieren &#8211; ohne sie jemals zu verkaufen. Die Zusammenarbeit mit einem Modaxo-Unternehmen ist deshalb ein sicherer Weg zu einer langfristigen erfolgreichen Gesch\u00e4ftsbeziehung<\/p>\n<p>Die Grundlage f\u00fcr den Erfolg der Modaxo-Unternehmen ist die Lieferung innovativer Technologiel\u00f6sungen \u2013 umgesetzt von Experten mit Leidenschaft f\u00fcr Ihre Arbeit, die ihre Region und ihren Markt genau kennen.<\/p>\n<\/div><div class=\"fusion-separator fusion-full-width-sep\" style=\"align-self: center;margin-left: auto;margin-right: auto;flex-grow:10;width:100%;\"><\/div><div ><a class=\"fusion-button button-flat fusion-button-default-size button-default fusion-button-default button-1 fusion-button-default-span fusion-button-default-type\" style=\"--button_margin-top:10px;--button_margin-bottom:30px;\" target=\"_blank\" rel=\"noopener noreferrer\" href=\"https:\/\/voyagerr.com\/de\/wearemodaxo\/\"><span class=\"fusion-button-text awb-button__text awb-button__text--default\">Mehr \u00fcber Modaxo <\/span><\/a><\/div><\/div><\/div><\/div><\/div><div class=\"fusion-fullwidth fullwidth-box fusion-builder-row-5 fusion-flex-container has-pattern-background has-mask-background nonhundred-percent-fullwidth non-hundred-percent-height-scrolling\" style=\"--awb-border-radius-top-left:0px;--awb-border-radius-top-right:0px;--awb-border-radius-bottom-right:0px;--awb-border-radius-bottom-left:0px;--awb-padding-top:96px;--awb-padding-bottom:85px;--awb-background-image:linear-gradient(218deg, var(--awb-custom_color_4) 0%,var(--awb-custom_color_5) 100%);--awb-flex-wrap:wrap;\" ><div class=\"fusion-builder-row fusion-row fusion-flex-align-items-flex-start fusion-flex-justify-content-center fusion-flex-content-wrap\" style=\"max-width:1248px;margin-left: calc(-4% \/ 2 );margin-right: calc(-4% \/ 2 );\"><div class=\"fusion-layout-column fusion_builder_column fusion-builder-column-5 fusion_builder_column_1_1 1_1 fusion-flex-column\" style=\"--awb-padding-right:176px;--awb-padding-left:177px;--awb-bg-size:cover;--awb-width-large:100%;--awb-margin-top-large:0px;--awb-spacing-right-large:1.92%;--awb-margin-bottom-large:61px;--awb-spacing-left-large:1.92%;--awb-width-medium:100%;--awb-order-medium:0;--awb-spacing-right-medium:1.92%;--awb-spacing-left-medium:1.92%;--awb-width-small:100%;--awb-order-small:0;--awb-spacing-right-small:1.92%;--awb-spacing-left-small:1.92%;\"><div class=\"fusion-column-wrapper fusion-column-has-shadow fusion-flex-justify-content-flex-start fusion-content-layout-column\"><div class=\"fusion-text fusion-text-8\"><h4 class=\"\" style=\"--fontsize: 28.43; line-height: 1.4;\" data-fontsize=\"28.43\" data-lineheight=\"39.802px\"><strong>Was steckt hinter dem Namen \u201cVoyagerr\u201d?<\/strong><\/h4>\n<p>Voyagerr konzentriert sich ausschlie\u00dflich auf L\u00f6sungen f\u00fcr aktuelle und zuk\u00fcnftige Herausforderungen des europ\u00e4ischen \u00d6PNV-Sektors. <span style=\"background-color: var(--awb-bg-color-hover); color: var(--awb-text-color); font-family: var(--awb-text-font-family); font-size: var(--awb-font-size); font-style: var(--awb-text-font-style); font-weight: var(--awb-text-font-weight); letter-spacing: var(--awb-letter-spacing); text-align: var(--awb-content-alignment); text-transform: var(--awb-text-transform);\">Der Name verbindet die Begriffe Fahrgast, Fahrt und Reise, beinhaltet aber auch Innovation und als Perspektive die Reise in die Zukunft, da unsere L\u00f6sungen auf hochentwickelten Technologien basieren, die st\u00e4ndig um neue Funktionen und Merkmale erweitert werden.<\/span><\/p>\n<p>Das extra \u2018<b>r<\/b>\u2018 am Ende des Namens ist stumm. Es steht f\u00fcr Erweiterungen, Reiseketten und Responsivit\u00e4t, also f\u00fcr die besondere Ber\u00fccksichtigung der Bed\u00fcrfnisse der Fahrg\u00e4ste und der Anforderungen unserer Kunden.<\/p>\n<\/div><\/div><\/div><\/div><\/div><\/p>\n","protected":false},"excerpt":{"rendered":"","protected":false},"author":2,"featured_media":7221,"parent":10263,"menu_order":0,"comment_status":"closed","ping_status":"closed","template":"100-width.php","meta":{"content-type":"","footnotes":""},"class_list":["post-10252","page","type-page","status-publish","has-post-thumbnail","hentry"],"yoast_head":"<!-- This site is optimized with the Yoast SEO plugin v27.0 - https:\/\/yoast.com\/product\/yoast-seo-wordpress\/ -->\n<title>Unsere Vision und Geschichte - Voyagerr Demand Response<\/title>\n<meta name=\"robots\" content=\"index, follow, max-snippet:-1, max-image-preview:large, max-video-preview:-1\" \/>\n<link rel=\"canonical\" href=\"https:\/\/voyagerr.com\/de\/ueber-uns\/unsere-vision-und-geschichte\/\" \/>\n<meta property=\"og:locale\" content=\"de_DE\" \/>\n<meta property=\"og:type\" content=\"article\" \/>\n<meta property=\"og:title\" content=\"Unsere Vision und Geschichte - Voyagerr Demand Response\" \/>\n<meta property=\"og:url\" content=\"https:\/\/voyagerr.com\/de\/ueber-uns\/unsere-vision-und-geschichte\/\" \/>\n<meta property=\"og:site_name\" content=\"Voyagerr Demand Response\" \/>\n<meta property=\"article:modified_time\" content=\"2023-11-21T07:49:07+00:00\" \/>\n<meta property=\"og:image\" content=\"https:\/\/voyagerr.com\/wp-content\/uploads\/2023\/05\/Vision_new_mobility.jpg\" \/>\n\t<meta property=\"og:image:width\" content=\"1800\" \/>\n\t<meta property=\"og:image:height\" content=\"1200\" \/>\n\t<meta property=\"og:image:type\" content=\"image\/jpeg\" \/>\n<meta name=\"twitter:card\" content=\"summary_large_image\" \/>\n<meta name=\"twitter:label1\" content=\"Gesch\u00e4tzte Lesezeit\" \/>\n\t<meta name=\"twitter:data1\" content=\"8\u00a0Minuten\" \/>\n<script type=\"application\/ld+json\" class=\"yoast-schema-graph\">{\"@context\":\"https:\/\/schema.org\",\"@graph\":[{\"@type\":\"WebPage\",\"@id\":\"https:\/\/voyagerr.com\/de\/ueber-uns\/unsere-vision-und-geschichte\/\",\"url\":\"https:\/\/voyagerr.com\/de\/ueber-uns\/unsere-vision-und-geschichte\/\",\"name\":\"Unsere Vision und Geschichte - Voyagerr Demand Response\",\"isPartOf\":{\"@id\":\"https:\/\/voyagerr.com\/de\/#website\"},\"primaryImageOfPage\":{\"@id\":\"https:\/\/voyagerr.com\/de\/ueber-uns\/unsere-vision-und-geschichte\/#primaryimage\"},\"image\":{\"@id\":\"https:\/\/voyagerr.com\/de\/ueber-uns\/unsere-vision-und-geschichte\/#primaryimage\"},\"thumbnailUrl\":\"https:\/\/voyagerr.com\/wp-content\/uploads\/2023\/05\/Vision_new_mobility.jpg\",\"datePublished\":\"2023-05-29T10:43:19+00:00\",\"dateModified\":\"2023-11-21T07:49:07+00:00\",\"breadcrumb\":{\"@id\":\"https:\/\/voyagerr.com\/de\/ueber-uns\/unsere-vision-und-geschichte\/#breadcrumb\"},\"inLanguage\":\"de\",\"potentialAction\":[{\"@type\":\"ReadAction\",\"target\":[\"https:\/\/voyagerr.com\/de\/ueber-uns\/unsere-vision-und-geschichte\/\"]}]},{\"@type\":\"ImageObject\",\"inLanguage\":\"de\",\"@id\":\"https:\/\/voyagerr.com\/de\/ueber-uns\/unsere-vision-und-geschichte\/#primaryimage\",\"url\":\"https:\/\/voyagerr.com\/wp-content\/uploads\/2023\/05\/Vision_new_mobility.jpg\",\"contentUrl\":\"https:\/\/voyagerr.com\/wp-content\/uploads\/2023\/05\/Vision_new_mobility.jpg\",\"width\":1800,\"height\":1200},{\"@type\":\"BreadcrumbList\",\"@id\":\"https:\/\/voyagerr.com\/de\/ueber-uns\/unsere-vision-und-geschichte\/#breadcrumb\",\"itemListElement\":[{\"@type\":\"ListItem\",\"position\":1,\"name\":\"Home\",\"item\":\"https:\/\/voyagerr.com\/de\/\"},{\"@type\":\"ListItem\",\"position\":2,\"name\":\"\u00dcber uns\",\"item\":\"https:\/\/voyagerr.com\/de\/ueber-uns\/\"},{\"@type\":\"ListItem\",\"position\":3,\"name\":\"Unsere Vision und Geschichte\"}]},{\"@type\":\"WebSite\",\"@id\":\"https:\/\/voyagerr.com\/de\/#website\",\"url\":\"https:\/\/voyagerr.com\/de\/\",\"name\":\"Voyagerr Demand Response\",\"description\":\"Making every journey matter\",\"potentialAction\":[{\"@type\":\"SearchAction\",\"target\":{\"@type\":\"EntryPoint\",\"urlTemplate\":\"https:\/\/voyagerr.com\/de\/?s={search_term_string}\"},\"query-input\":{\"@type\":\"PropertyValueSpecification\",\"valueRequired\":true,\"valueName\":\"search_term_string\"}}],\"inLanguage\":\"de\"}]}<\/script>\n<!-- \/ Yoast SEO plugin. -->","yoast_head_json":{"title":"Unsere Vision und Geschichte - Voyagerr Demand Response","robots":{"index":"index","follow":"follow","max-snippet":"max-snippet:-1","max-image-preview":"max-image-preview:large","max-video-preview":"max-video-preview:-1"},"canonical":"https:\/\/voyagerr.com\/de\/ueber-uns\/unsere-vision-und-geschichte\/","og_locale":"de_DE","og_type":"article","og_title":"Unsere Vision und Geschichte - Voyagerr Demand Response","og_url":"https:\/\/voyagerr.com\/de\/ueber-uns\/unsere-vision-und-geschichte\/","og_site_name":"Voyagerr Demand Response","article_modified_time":"2023-11-21T07:49:07+00:00","og_image":[{"width":1800,"height":1200,"url":"https:\/\/voyagerr.com\/wp-content\/uploads\/2023\/05\/Vision_new_mobility.jpg","type":"image\/jpeg"}],"twitter_card":"summary_large_image","twitter_misc":{"Gesch\u00e4tzte Lesezeit":"8\u00a0Minuten"},"schema":{"@context":"https:\/\/schema.org","@graph":[{"@type":"WebPage","@id":"https:\/\/voyagerr.com\/de\/ueber-uns\/unsere-vision-und-geschichte\/","url":"https:\/\/voyagerr.com\/de\/ueber-uns\/unsere-vision-und-geschichte\/","name":"Unsere Vision und Geschichte - Voyagerr Demand Response","isPartOf":{"@id":"https:\/\/voyagerr.com\/de\/#website"},"primaryImageOfPage":{"@id":"https:\/\/voyagerr.com\/de\/ueber-uns\/unsere-vision-und-geschichte\/#primaryimage"},"image":{"@id":"https:\/\/voyagerr.com\/de\/ueber-uns\/unsere-vision-und-geschichte\/#primaryimage"},"thumbnailUrl":"https:\/\/voyagerr.com\/wp-content\/uploads\/2023\/05\/Vision_new_mobility.jpg","datePublished":"2023-05-29T10:43:19+00:00","dateModified":"2023-11-21T07:49:07+00:00","breadcrumb":{"@id":"https:\/\/voyagerr.com\/de\/ueber-uns\/unsere-vision-und-geschichte\/#breadcrumb"},"inLanguage":"de","potentialAction":[{"@type":"ReadAction","target":["https:\/\/voyagerr.com\/de\/ueber-uns\/unsere-vision-und-geschichte\/"]}]},{"@type":"ImageObject","inLanguage":"de","@id":"https:\/\/voyagerr.com\/de\/ueber-uns\/unsere-vision-und-geschichte\/#primaryimage","url":"https:\/\/voyagerr.com\/wp-content\/uploads\/2023\/05\/Vision_new_mobility.jpg","contentUrl":"https:\/\/voyagerr.com\/wp-content\/uploads\/2023\/05\/Vision_new_mobility.jpg","width":1800,"height":1200},{"@type":"BreadcrumbList","@id":"https:\/\/voyagerr.com\/de\/ueber-uns\/unsere-vision-und-geschichte\/#breadcrumb","itemListElement":[{"@type":"ListItem","position":1,"name":"Home","item":"https:\/\/voyagerr.com\/de\/"},{"@type":"ListItem","position":2,"name":"\u00dcber uns","item":"https:\/\/voyagerr.com\/de\/ueber-uns\/"},{"@type":"ListItem","position":3,"name":"Unsere Vision und Geschichte"}]},{"@type":"WebSite","@id":"https:\/\/voyagerr.com\/de\/#website","url":"https:\/\/voyagerr.com\/de\/","name":"Voyagerr Demand Response","description":"Making every journey matter","potentialAction":[{"@type":"SearchAction","target":{"@type":"EntryPoint","urlTemplate":"https:\/\/voyagerr.com\/de\/?s={search_term_string}"},"query-input":{"@type":"PropertyValueSpecification","valueRequired":true,"valueName":"search_term_string"}}],"inLanguage":"de"}]}},"_links":{"self":[{"href":"https:\/\/voyagerr.com\/de\/wp-json\/wp\/v2\/pages\/10252","targetHints":{"allow":["GET"]}}],"collection":[{"href":"https:\/\/voyagerr.com\/de\/wp-json\/wp\/v2\/pages"}],"about":[{"href":"https:\/\/voyagerr.com\/de\/wp-json\/wp\/v2\/types\/page"}],"author":[{"embeddable":true,"href":"https:\/\/voyagerr.com\/de\/wp-json\/wp\/v2\/users\/2"}],"replies":[{"embeddable":true,"href":"https:\/\/voyagerr.com\/de\/wp-json\/wp\/v2\/comments?post=10252"}],"version-history":[{"count":17,"href":"https:\/\/voyagerr.com\/de\/wp-json\/wp\/v2\/pages\/10252\/revisions"}],"predecessor-version":[{"id":13143,"href":"https:\/\/voyagerr.com\/de\/wp-json\/wp\/v2\/pages\/10252\/revisions\/13143"}],"up":[{"embeddable":true,"href":"https:\/\/voyagerr.com\/de\/wp-json\/wp\/v2\/pages\/10263"}],"wp:featuredmedia":[{"embeddable":true,"href":"https:\/\/voyagerr.com\/de\/wp-json\/wp\/v2\/media\/7221"}],"wp:attachment":[{"href":"https:\/\/voyagerr.com\/de\/wp-json\/wp\/v2\/media?parent=10252"}],"curies":[{"name":"wp","href":"https:\/\/api.w.org\/{rel}","templated":true}]}}