{"id":10103,"date":"2023-05-07T06:38:19","date_gmt":"2023-05-07T06:38:19","guid":{"rendered":"https:\/\/voyagerr.com\/wearemodaxo\/"},"modified":"2023-09-12T13:13:34","modified_gmt":"2023-09-12T13:13:34","slug":"wearemodaxo","status":"publish","type":"page","link":"https:\/\/voyagerr.com\/de\/ueber-uns\/wearemodaxo\/","title":{"rendered":"#WeAreModaxo"},"content":{"rendered":"<p><div class=\"fusion-fullwidth fullwidth-box fusion-builder-row-1 fusion-flex-container has-pattern-background has-mask-background nonhundred-percent-fullwidth non-hundred-percent-height-scrolling\" style=\"--awb-border-radius-top-left:0px;--awb-border-radius-top-right:0px;--awb-border-radius-bottom-right:0px;--awb-border-radius-bottom-left:0px;--awb-padding-top:0px;--awb-flex-wrap:wrap;\" ><div class=\"fusion-builder-row fusion-row fusion-flex-align-items-flex-start fusion-flex-justify-content-center fusion-flex-content-wrap\" style=\"max-width:1248px;margin-left: calc(-4% \/ 2 );margin-right: calc(-4% \/ 2 );\"><div class=\"fusion-layout-column fusion_builder_column fusion-builder-column-0 fusion_builder_column_1_1 1_1 fusion-flex-column\" style=\"--awb-bg-size:cover;--awb-width-large:100%;--awb-margin-top-large:0px;--awb-spacing-right-large:1.92%;--awb-margin-bottom-large:20px;--awb-spacing-left-large:1.92%;--awb-width-medium:100%;--awb-order-medium:0;--awb-spacing-right-medium:1.92%;--awb-spacing-left-medium:1.92%;--awb-width-small:100%;--awb-order-small:0;--awb-spacing-right-small:1.92%;--awb-spacing-left-small:1.92%;\"><div class=\"fusion-column-wrapper fusion-column-has-shadow fusion-flex-justify-content-flex-start fusion-content-layout-column\"><div class=\"fusion-text fusion-text-1 fusion-text-no-margin\" style=\"--awb-margin-bottom:50px;\"><p style=\"text-align: center;\">Voyagerr ist Teil von Modaxo:<\/p>\n<\/div><div class=\"fusion-text fusion-text-2\" style=\"--awb-font-size:40px;--awb-text-color:#000000;--awb-margin-top:20px;--awb-text-font-family:&quot;Plus Jakarta Sans&quot;;--awb-text-font-style:normal;--awb-text-font-weight:500;\"><p style=\"font-weight: 400;\"><strong>Wir sind Modaxo \u2014 ein globaler Zusammenschluss von Technologieunternehmen, die voller Leidenschaft den Personentransport revolutionieren wollen.<\/strong><\/p>\n<\/div><div class=\"fusion-text fusion-text-3\" style=\"--awb-margin-top:30px;\"><p>Zu Modaxo geh\u00f6ren viele der weltweit angesehensten und f\u00fchrenden Unternehmen im Bereich Verkehrstechnologie, darunter Voyagerr, Trapeze Group, Corethree, AEP, Pcentra, und viele mehr. Auf der <a href=\"https:\/\/modaxo.com\/people-transportation-brands\/\">Modaxo-Website<\/a> finden Sie die vollst\u00e4ndige Liste der Modaxo-Unternehmen und erfahren mehr dar\u00fcber, womit sich diese im Einzelnen besch\u00e4ftigen.<\/p>\n<p>Modaxo repr\u00e4sentiert das Produktportfolio f\u00fcr Personenbef\u00f6rderung von Constellation Software (TSX: CSU). Unser Fokus auf die Personenbef\u00f6rderung zeigt sich in der Mission von Modaxo, bis 2030 t\u00e4glich die Mobilit\u00e4t von 1 Milliarde Menschen zu unterst\u00fctzen.<\/p>\n<\/div><\/div><\/div><\/div><\/div><div class=\"fusion-fullwidth fullwidth-box fusion-builder-row-2 fusion-flex-container has-pattern-background has-mask-background nonhundred-percent-fullwidth non-hundred-percent-height-scrolling\" style=\"--awb-border-radius-top-left:0px;--awb-border-radius-top-right:0px;--awb-border-radius-bottom-right:0px;--awb-border-radius-bottom-left:0px;--awb-padding-top:96px;--awb-padding-bottom:85px;--awb-background-image:linear-gradient(218deg, var(--awb-custom_color_4) 0%,var(--awb-custom_color_5) 100%);--awb-flex-wrap:wrap;\" ><div class=\"fusion-builder-row fusion-row fusion-flex-align-items-flex-start fusion-flex-justify-content-center fusion-flex-content-wrap\" style=\"max-width:1248px;margin-left: calc(-4% \/ 2 );margin-right: calc(-4% \/ 2 );\"><div class=\"fusion-layout-column fusion_builder_column fusion-builder-column-1 fusion_builder_column_1_1 1_1 fusion-flex-column\" style=\"--awb-padding-right:176px;--awb-padding-left:177px;--awb-bg-size:cover;--awb-width-large:100%;--awb-margin-top-large:0px;--awb-spacing-right-large:1.92%;--awb-margin-bottom-large:61px;--awb-spacing-left-large:1.92%;--awb-width-medium:100%;--awb-order-medium:0;--awb-spacing-right-medium:1.92%;--awb-spacing-left-medium:1.92%;--awb-width-small:100%;--awb-order-small:0;--awb-spacing-right-small:1.92%;--awb-spacing-left-small:1.92%;\"><div class=\"fusion-column-wrapper fusion-column-has-shadow fusion-flex-justify-content-flex-start fusion-content-layout-column\"><div class=\"fusion-text fusion-text-4\"><h4>Modaxo macht den Unterschied: Unser Fokus ist lokal und global zugleich<\/h4>\n<p>Die Modaxo-Unternehmen arbeiten sowohl gemeinsam als auch unabh\u00e4ngig voneinander und konzentrieren sich auf ein Ziel: die Bereitstellung von Software- und Technologiel\u00f6sungen, die Menschen mit den Orten verbinden, an denen sie arbeiten, mit ihren Familien leben und ihren Alltag verbringen.<\/p>\n<p>Unsere Kunden profitieren durch die Zusammenarbeit mit Modaxo-Unternehmen von den Vorteilen beider Seiten: Sie erhalten weltweit f\u00fchrende L\u00f6sungen, die speziell f\u00fcr die Bed\u00fcrfnisse unserer Kunden entwickelt wurden. Die Lieferung erfolgt durch lokale Expertenteams, die optimale Unterst\u00fctzung bieten k\u00f6nnen, weil sie die Kunden und den Markt kennen.<\/p>\n<\/div><\/div><\/div><div class=\"fusion-layout-column fusion_builder_column fusion-builder-column-2 fusion_builder_column_1_1 1_1 fusion-flex-column\" style=\"--awb-bg-size:cover;--awb-width-large:100%;--awb-margin-top-large:0px;--awb-spacing-right-large:1.92%;--awb-margin-bottom-large:20px;--awb-spacing-left-large:1.92%;--awb-width-medium:100%;--awb-order-medium:0;--awb-spacing-right-medium:1.92%;--awb-spacing-left-medium:1.92%;--awb-width-small:100%;--awb-order-small:0;--awb-spacing-right-small:1.92%;--awb-spacing-left-small:1.92%;\"><div class=\"fusion-column-wrapper fusion-column-has-shadow fusion-flex-justify-content-flex-start fusion-content-layout-column\"><div class=\"fusion-text fusion-text-5\"><p style=\"text-align: center;\">Modaxo in Zahlen<\/p>\n<\/div><\/div><\/div><div class=\"fusion-layout-column fusion_builder_column fusion-builder-column-3 fusion_builder_column_1_5 1_5 fusion-flex-column\" style=\"--awb-bg-size:cover;--awb-width-large:20%;--awb-margin-top-large:0px;--awb-spacing-right-large:9.6%;--awb-margin-bottom-large:20px;--awb-spacing-left-large:9.6%;--awb-width-medium:20%;--awb-order-medium:0;--awb-spacing-right-medium:9.6%;--awb-spacing-left-medium:9.6%;--awb-width-small:100%;--awb-order-small:0;--awb-spacing-right-small:1.92%;--awb-spacing-left-small:1.92%;\"><div class=\"fusion-column-wrapper fusion-column-has-shadow fusion-flex-justify-content-flex-start fusion-content-layout-column\"><div class=\"fusion-image-element \" style=\"--awb-caption-title-font-family:var(--h2_typography-font-family);--awb-caption-title-font-weight:var(--h2_typography-font-weight);--awb-caption-title-font-style:var(--h2_typography-font-style);--awb-caption-title-size:var(--h2_typography-font-size);--awb-caption-title-transform:var(--h2_typography-text-transform);--awb-caption-title-line-height:var(--h2_typography-line-height);--awb-caption-title-letter-spacing:var(--h2_typography-letter-spacing);\"><span class=\" fusion-imageframe imageframe-none imageframe-1 hover-type-none\"><img decoding=\"async\" width=\"535\" height=\"511\" title=\"modaxo-employees-icon\" src=\"https:\/\/voyagerr.com\/wp-content\/uploads\/2023\/06\/modaxo-employees-icon.png\" data-orig-src=\"https:\/\/voyagerr.com\/wp-content\/uploads\/2023\/06\/modaxo-employees-icon.png\" alt class=\"lazyload img-responsive wp-image-8220\" srcset=\"data:image\/svg+xml,%3Csvg%20xmlns%3D%27http%3A%2F%2Fwww.w3.org%2F2000%2Fsvg%27%20width%3D%27535%27%20height%3D%27511%27%20viewBox%3D%270%200%20535%20511%27%3E%3Crect%20width%3D%27535%27%20height%3D%27511%27%20fill-opacity%3D%220%22%2F%3E%3C%2Fsvg%3E\" data-srcset=\"https:\/\/voyagerr.com\/wp-content\/uploads\/2023\/06\/modaxo-employees-icon-200x191.png 200w, https:\/\/voyagerr.com\/wp-content\/uploads\/2023\/06\/modaxo-employees-icon-400x382.png 400w, https:\/\/voyagerr.com\/wp-content\/uploads\/2023\/06\/modaxo-employees-icon.png 535w\" data-sizes=\"auto\" data-orig-sizes=\"(max-width: 700px) 100vw, 200px\" \/><\/span><\/div><\/div><\/div><div class=\"fusion-layout-column fusion_builder_column fusion-builder-column-4 fusion_builder_column_1_5 1_5 fusion-flex-column\" style=\"--awb-bg-size:cover;--awb-width-large:20%;--awb-margin-top-large:0px;--awb-spacing-right-large:9.6%;--awb-margin-bottom-large:20px;--awb-spacing-left-large:9.6%;--awb-width-medium:20%;--awb-order-medium:0;--awb-spacing-right-medium:9.6%;--awb-spacing-left-medium:9.6%;--awb-width-small:100%;--awb-order-small:0;--awb-spacing-right-small:1.92%;--awb-spacing-left-small:1.92%;\"><div class=\"fusion-column-wrapper fusion-column-has-shadow fusion-flex-justify-content-flex-start fusion-content-layout-column\"><div class=\"fusion-image-element \" style=\"--awb-caption-title-font-family:var(--h2_typography-font-family);--awb-caption-title-font-weight:var(--h2_typography-font-weight);--awb-caption-title-font-style:var(--h2_typography-font-style);--awb-caption-title-size:var(--h2_typography-font-size);--awb-caption-title-transform:var(--h2_typography-text-transform);--awb-caption-title-line-height:var(--h2_typography-line-height);--awb-caption-title-letter-spacing:var(--h2_typography-letter-spacing);\"><span class=\" fusion-imageframe imageframe-none imageframe-2 hover-type-none\"><img decoding=\"async\" width=\"534\" height=\"510\" title=\"modaxo-dk-brands-icon\" src=\"https:\/\/voyagerr.com\/wp-content\/uploads\/2023\/05\/modaxo-dk-brands-icon.png\" data-orig-src=\"https:\/\/voyagerr.com\/wp-content\/uploads\/2023\/05\/modaxo-dk-brands-icon.png\" alt class=\"lazyload img-responsive wp-image-6814\" srcset=\"data:image\/svg+xml,%3Csvg%20xmlns%3D%27http%3A%2F%2Fwww.w3.org%2F2000%2Fsvg%27%20width%3D%27534%27%20height%3D%27510%27%20viewBox%3D%270%200%20534%20510%27%3E%3Crect%20width%3D%27534%27%20height%3D%27510%27%20fill-opacity%3D%220%22%2F%3E%3C%2Fsvg%3E\" data-srcset=\"https:\/\/voyagerr.com\/wp-content\/uploads\/2023\/05\/modaxo-dk-brands-icon-200x191.png 200w, https:\/\/voyagerr.com\/wp-content\/uploads\/2023\/05\/modaxo-dk-brands-icon-400x382.png 400w, https:\/\/voyagerr.com\/wp-content\/uploads\/2023\/05\/modaxo-dk-brands-icon.png 534w\" data-sizes=\"auto\" data-orig-sizes=\"(max-width: 700px) 100vw, 200px\" \/><\/span><\/div><\/div><\/div><div class=\"fusion-layout-column fusion_builder_column fusion-builder-column-5 fusion_builder_column_1_5 1_5 fusion-flex-column\" style=\"--awb-bg-size:cover;--awb-width-large:20%;--awb-margin-top-large:0px;--awb-spacing-right-large:9.6%;--awb-margin-bottom-large:20px;--awb-spacing-left-large:9.6%;--awb-width-medium:20%;--awb-order-medium:0;--awb-spacing-right-medium:9.6%;--awb-spacing-left-medium:9.6%;--awb-width-small:100%;--awb-order-small:0;--awb-spacing-right-small:1.92%;--awb-spacing-left-small:1.92%;\"><div class=\"fusion-column-wrapper fusion-column-has-shadow fusion-flex-justify-content-flex-start fusion-content-layout-column\"><div class=\"fusion-image-element \" style=\"--awb-caption-title-font-family:var(--h2_typography-font-family);--awb-caption-title-font-weight:var(--h2_typography-font-weight);--awb-caption-title-font-style:var(--h2_typography-font-style);--awb-caption-title-size:var(--h2_typography-font-size);--awb-caption-title-transform:var(--h2_typography-text-transform);--awb-caption-title-line-height:var(--h2_typography-line-height);--awb-caption-title-letter-spacing:var(--h2_typography-letter-spacing);\"><span class=\" fusion-imageframe imageframe-none imageframe-3 hover-type-none\"><img decoding=\"async\" width=\"535\" height=\"510\" title=\"modaxo-countries-icon\" src=\"https:\/\/voyagerr.com\/wp-content\/uploads\/2023\/06\/modaxo-countries-icon.png\" data-orig-src=\"https:\/\/voyagerr.com\/wp-content\/uploads\/2023\/06\/modaxo-countries-icon.png\" alt class=\"lazyload img-responsive wp-image-8225\" srcset=\"data:image\/svg+xml,%3Csvg%20xmlns%3D%27http%3A%2F%2Fwww.w3.org%2F2000%2Fsvg%27%20width%3D%27535%27%20height%3D%27510%27%20viewBox%3D%270%200%20535%20510%27%3E%3Crect%20width%3D%27535%27%20height%3D%27510%27%20fill-opacity%3D%220%22%2F%3E%3C%2Fsvg%3E\" data-srcset=\"https:\/\/voyagerr.com\/wp-content\/uploads\/2023\/06\/modaxo-countries-icon-200x191.png 200w, https:\/\/voyagerr.com\/wp-content\/uploads\/2023\/06\/modaxo-countries-icon-400x381.png 400w, https:\/\/voyagerr.com\/wp-content\/uploads\/2023\/06\/modaxo-countries-icon.png 535w\" data-sizes=\"auto\" data-orig-sizes=\"(max-width: 700px) 100vw, 200px\" \/><\/span><\/div><\/div><\/div><div class=\"fusion-layout-column fusion_builder_column fusion-builder-column-6 fusion_builder_column_1_5 1_5 fusion-flex-column\" style=\"--awb-bg-size:cover;--awb-width-large:20%;--awb-margin-top-large:0px;--awb-spacing-right-large:9.6%;--awb-margin-bottom-large:20px;--awb-spacing-left-large:9.6%;--awb-width-medium:20%;--awb-order-medium:0;--awb-spacing-right-medium:9.6%;--awb-spacing-left-medium:9.6%;--awb-width-small:100%;--awb-order-small:0;--awb-spacing-right-small:1.92%;--awb-spacing-left-small:1.92%;\"><div class=\"fusion-column-wrapper fusion-column-has-shadow fusion-flex-justify-content-flex-start fusion-content-layout-column\"><div class=\"fusion-image-element \" style=\"--awb-caption-title-font-family:var(--h2_typography-font-family);--awb-caption-title-font-weight:var(--h2_typography-font-weight);--awb-caption-title-font-style:var(--h2_typography-font-style);--awb-caption-title-size:var(--h2_typography-font-size);--awb-caption-title-transform:var(--h2_typography-text-transform);--awb-caption-title-line-height:var(--h2_typography-line-height);--awb-caption-title-letter-spacing:var(--h2_typography-letter-spacing);\"><span class=\" fusion-imageframe imageframe-none imageframe-4 hover-type-none\"><img decoding=\"async\" width=\"535\" height=\"510\" title=\"modaxo-customers-worldwide-icon\" src=\"https:\/\/voyagerr.com\/wp-content\/uploads\/2023\/06\/modaxo-customers-worldwide-icon.png\" data-orig-src=\"https:\/\/voyagerr.com\/wp-content\/uploads\/2023\/06\/modaxo-customers-worldwide-icon.png\" alt class=\"lazyload img-responsive wp-image-8230\" srcset=\"data:image\/svg+xml,%3Csvg%20xmlns%3D%27http%3A%2F%2Fwww.w3.org%2F2000%2Fsvg%27%20width%3D%27535%27%20height%3D%27510%27%20viewBox%3D%270%200%20535%20510%27%3E%3Crect%20width%3D%27535%27%20height%3D%27510%27%20fill-opacity%3D%220%22%2F%3E%3C%2Fsvg%3E\" data-srcset=\"https:\/\/voyagerr.com\/wp-content\/uploads\/2023\/06\/modaxo-customers-worldwide-icon-200x191.png 200w, https:\/\/voyagerr.com\/wp-content\/uploads\/2023\/06\/modaxo-customers-worldwide-icon-400x381.png 400w, https:\/\/voyagerr.com\/wp-content\/uploads\/2023\/06\/modaxo-customers-worldwide-icon.png 535w\" data-sizes=\"auto\" data-orig-sizes=\"(max-width: 700px) 100vw, 200px\" \/><\/span><\/div><\/div><\/div><\/div><\/div><div class=\"fusion-fullwidth fullwidth-box fusion-builder-row-3 fusion-flex-container has-pattern-background has-mask-background nonhundred-percent-fullwidth non-hundred-percent-height-scrolling\" style=\"--awb-border-radius-top-left:0px;--awb-border-radius-top-right:0px;--awb-border-radius-bottom-right:0px;--awb-border-radius-bottom-left:0px;--awb-flex-wrap:wrap;\" ><div class=\"fusion-builder-row fusion-row fusion-flex-align-items-stretch fusion-flex-content-wrap\" style=\"max-width:1248px;margin-left: calc(-4% \/ 2 );margin-right: calc(-4% \/ 2 );\"><div class=\"fusion-layout-column fusion_builder_column fusion-builder-column-7 fusion_builder_column_1_2 1_2 fusion-flex-column\" style=\"--awb-bg-size:cover;--awb-width-large:50%;--awb-margin-top-large:0px;--awb-spacing-right-large:3.84%;--awb-margin-bottom-large:20px;--awb-spacing-left-large:3.84%;--awb-width-medium:50%;--awb-order-medium:0;--awb-spacing-right-medium:3.84%;--awb-spacing-left-medium:3.84%;--awb-width-small:100%;--awb-order-small:0;--awb-spacing-right-small:1.92%;--awb-spacing-left-small:1.92%;\"><div class=\"fusion-column-wrapper fusion-column-has-shadow fusion-flex-justify-content-flex-start fusion-content-layout-column\"><div class=\"fusion-text fusion-text-6\"><div>\n<h4>Modaxo: Unsere L\u00f6sungen<\/h4>\n<\/div>\n<p>Gemeinsam bieten die Modaxo-Unternehmen ein breites Portfolio von L\u00f6sungen an \u2013 diese erm\u00f6glichen die Optimierung aller Aspekte der Personenbef\u00f6rderung und unterst\u00fctzen eine Vielzahl von Verkehrstr\u00e4gern und Einsatzbereichen.<\/p>\n<\/div><\/div><\/div><div class=\"fusion-layout-column fusion_builder_column fusion-builder-column-8 fusion_builder_column_1_2 1_2 fusion-flex-column\" style=\"--awb-bg-size:cover;--awb-width-large:50%;--awb-margin-top-large:0px;--awb-spacing-right-large:3.84%;--awb-margin-bottom-large:20px;--awb-spacing-left-large:3.84%;--awb-width-medium:50%;--awb-order-medium:0;--awb-spacing-right-medium:3.84%;--awb-spacing-left-medium:3.84%;--awb-width-small:100%;--awb-order-small:0;--awb-spacing-right-small:1.92%;--awb-spacing-left-small:1.92%;\"><div class=\"fusion-column-wrapper fusion-column-has-shadow fusion-flex-justify-content-flex-start fusion-content-layout-column\"><div class=\"fusion-text fusion-text-7\"><h4 class=\"fusion-responsive-typography-calculated\" style=\"--fontsize: 28.43; line-height: 1.4;\" data-fontsize=\"28.43\" data-lineheight=\"39.802px\">Die Modaxo-Philosophie<\/h4>\n<p>Modaxo investiert in die Entwicklung und das Wachstum von Unternehmen im Bereich Personenbef\u00f6rderung \u2013 und wir verkaufen diese niemals. Wenn Sie also mit einem Modaxo-Unternehmen zusammenarbeiten, k\u00f6nnen Sie sicher sein, dass Sie eine langfristige Beziehung eingehen.<\/p>\n<p>Die Grundlage f\u00fcr den Erfolg unserer Unternehmen ist die Lieferung innovativer Technologiel\u00f6sungen \u2013 diese werden von leidenschaftlichen Experten umgesetzt, die ihre Region und ihren Markt genau kennen.<\/p>\n<\/div><div class=\"fusion-separator fusion-full-width-sep\" style=\"align-self: center;margin-left: auto;margin-right: auto;flex-grow:10;width:100%;\"><\/div><div ><a class=\"fusion-button button-flat fusion-button-default-size button-default fusion-button-default button-1 fusion-button-default-span fusion-button-default-type\" style=\"--button_margin-top:10px;--button_margin-bottom:30px;\" target=\"_blank\" rel=\"noopener noreferrer\" href=\"https:\/\/modaxo.com\"><span class=\"fusion-button-text awb-button__text awb-button__text--default\">Erfahren Sie mehr auf modaxo.com.<\/span><\/a><\/div><\/div><\/div><\/div><\/div><\/p>\n","protected":false},"excerpt":{"rendered":"","protected":false},"author":2,"featured_media":17875,"parent":10263,"menu_order":0,"comment_status":"closed","ping_status":"closed","template":"100-width.php","meta":{"content-type":"","footnotes":""},"class_list":["post-10103","page","type-page","status-publish","has-post-thumbnail","hentry"],"yoast_head":"<!-- This site is optimized with the Yoast SEO plugin v27.0 - https:\/\/yoast.com\/product\/yoast-seo-wordpress\/ -->\n<title>#WeAreModaxo - Voyagerr Demand Response<\/title>\n<meta name=\"description\" content=\"Voyagerr ist Teil von Modaxo, einem Zusammenschluss von Unternehmen, die sich mit Leidenschaft der Bef\u00f6rderung von Menschen widmen und innovative Technologien f\u00fcr die Personenverkehrsbranche entwickeln.\" \/>\n<meta name=\"robots\" content=\"index, follow, max-snippet:-1, max-image-preview:large, max-video-preview:-1\" \/>\n<link rel=\"canonical\" href=\"https:\/\/voyagerr.com\/de\/ueber-uns\/wearemodaxo\/\" \/>\n<meta property=\"og:locale\" content=\"de_DE\" \/>\n<meta property=\"og:type\" content=\"article\" \/>\n<meta property=\"og:title\" content=\"#WeAreModaxo - Voyagerr Demand Response\" \/>\n<meta property=\"og:description\" content=\"Voyagerr ist Teil von Modaxo, einem Zusammenschluss von Unternehmen, die sich mit Leidenschaft der Bef\u00f6rderung von Menschen widmen und innovative Technologien f\u00fcr die Personenverkehrsbranche entwickeln.\" \/>\n<meta property=\"og:url\" content=\"https:\/\/voyagerr.com\/de\/ueber-uns\/wearemodaxo\/\" \/>\n<meta property=\"og:site_name\" content=\"Voyagerr Demand Response\" \/>\n<meta property=\"article:modified_time\" content=\"2023-09-12T13:13:34+00:00\" \/>\n<meta property=\"og:image\" content=\"https:\/\/voyagerr.com\/wp-content\/uploads\/2023\/08\/breathing.jpg\" \/>\n\t<meta property=\"og:image:width\" content=\"1800\" \/>\n\t<meta property=\"og:image:height\" content=\"1200\" \/>\n\t<meta property=\"og:image:type\" content=\"image\/jpeg\" \/>\n<meta name=\"twitter:card\" content=\"summary_large_image\" \/>\n<meta name=\"twitter:label1\" content=\"Gesch\u00e4tzte Lesezeit\" \/>\n\t<meta name=\"twitter:data1\" content=\"7\u00a0Minuten\" \/>\n<script type=\"application\/ld+json\" class=\"yoast-schema-graph\">{\"@context\":\"https:\/\/schema.org\",\"@graph\":[{\"@type\":\"WebPage\",\"@id\":\"https:\/\/voyagerr.com\/de\/ueber-uns\/wearemodaxo\/\",\"url\":\"https:\/\/voyagerr.com\/de\/ueber-uns\/wearemodaxo\/\",\"name\":\"#WeAreModaxo - Voyagerr Demand Response\",\"isPartOf\":{\"@id\":\"https:\/\/voyagerr.com\/de\/#website\"},\"primaryImageOfPage\":{\"@id\":\"https:\/\/voyagerr.com\/de\/ueber-uns\/wearemodaxo\/#primaryimage\"},\"image\":{\"@id\":\"https:\/\/voyagerr.com\/de\/ueber-uns\/wearemodaxo\/#primaryimage\"},\"thumbnailUrl\":\"https:\/\/voyagerr.com\/wp-content\/uploads\/2025\/11\/Modaxo_image.jpg\",\"datePublished\":\"2023-05-07T06:38:19+00:00\",\"dateModified\":\"2023-09-12T13:13:34+00:00\",\"description\":\"Voyagerr ist Teil von Modaxo, einem Zusammenschluss von Unternehmen, die sich mit Leidenschaft der Bef\u00f6rderung von Menschen widmen und innovative Technologien f\u00fcr die Personenverkehrsbranche entwickeln.\",\"breadcrumb\":{\"@id\":\"https:\/\/voyagerr.com\/de\/ueber-uns\/wearemodaxo\/#breadcrumb\"},\"inLanguage\":\"de\",\"potentialAction\":[{\"@type\":\"ReadAction\",\"target\":[\"https:\/\/voyagerr.com\/de\/ueber-uns\/wearemodaxo\/\"]}]},{\"@type\":\"ImageObject\",\"inLanguage\":\"de\",\"@id\":\"https:\/\/voyagerr.com\/de\/ueber-uns\/wearemodaxo\/#primaryimage\",\"url\":\"https:\/\/voyagerr.com\/wp-content\/uploads\/2025\/11\/Modaxo_image.jpg\",\"contentUrl\":\"https:\/\/voyagerr.com\/wp-content\/uploads\/2025\/11\/Modaxo_image.jpg\",\"width\":1800,\"height\":1200},{\"@type\":\"BreadcrumbList\",\"@id\":\"https:\/\/voyagerr.com\/de\/ueber-uns\/wearemodaxo\/#breadcrumb\",\"itemListElement\":[{\"@type\":\"ListItem\",\"position\":1,\"name\":\"Home\",\"item\":\"https:\/\/voyagerr.com\/de\/\"},{\"@type\":\"ListItem\",\"position\":2,\"name\":\"#WeAreModaxo\"}]},{\"@type\":\"WebSite\",\"@id\":\"https:\/\/voyagerr.com\/de\/#website\",\"url\":\"https:\/\/voyagerr.com\/de\/\",\"name\":\"Voyagerr Demand Response\",\"description\":\"Making every journey matter\",\"potentialAction\":[{\"@type\":\"SearchAction\",\"target\":{\"@type\":\"EntryPoint\",\"urlTemplate\":\"https:\/\/voyagerr.com\/de\/?s={search_term_string}\"},\"query-input\":{\"@type\":\"PropertyValueSpecification\",\"valueRequired\":true,\"valueName\":\"search_term_string\"}}],\"inLanguage\":\"de\"}]}<\/script>\n<!-- \/ Yoast SEO plugin. -->","yoast_head_json":{"title":"#WeAreModaxo - Voyagerr Demand Response","description":"Voyagerr ist Teil von Modaxo, einem Zusammenschluss von Unternehmen, die sich mit Leidenschaft der Bef\u00f6rderung von Menschen widmen und innovative Technologien f\u00fcr die Personenverkehrsbranche entwickeln.","robots":{"index":"index","follow":"follow","max-snippet":"max-snippet:-1","max-image-preview":"max-image-preview:large","max-video-preview":"max-video-preview:-1"},"canonical":"https:\/\/voyagerr.com\/de\/ueber-uns\/wearemodaxo\/","og_locale":"de_DE","og_type":"article","og_title":"#WeAreModaxo - Voyagerr Demand Response","og_description":"Voyagerr ist Teil von Modaxo, einem Zusammenschluss von Unternehmen, die sich mit Leidenschaft der Bef\u00f6rderung von Menschen widmen und innovative Technologien f\u00fcr die Personenverkehrsbranche entwickeln.","og_url":"https:\/\/voyagerr.com\/de\/ueber-uns\/wearemodaxo\/","og_site_name":"Voyagerr Demand Response","article_modified_time":"2023-09-12T13:13:34+00:00","og_image":[{"width":1800,"height":1200,"url":"https:\/\/voyagerr.com\/wp-content\/uploads\/2023\/08\/breathing.jpg","type":"image\/jpeg"}],"twitter_card":"summary_large_image","twitter_misc":{"Gesch\u00e4tzte Lesezeit":"7\u00a0Minuten"},"schema":{"@context":"https:\/\/schema.org","@graph":[{"@type":"WebPage","@id":"https:\/\/voyagerr.com\/de\/ueber-uns\/wearemodaxo\/","url":"https:\/\/voyagerr.com\/de\/ueber-uns\/wearemodaxo\/","name":"#WeAreModaxo - Voyagerr Demand Response","isPartOf":{"@id":"https:\/\/voyagerr.com\/de\/#website"},"primaryImageOfPage":{"@id":"https:\/\/voyagerr.com\/de\/ueber-uns\/wearemodaxo\/#primaryimage"},"image":{"@id":"https:\/\/voyagerr.com\/de\/ueber-uns\/wearemodaxo\/#primaryimage"},"thumbnailUrl":"https:\/\/voyagerr.com\/wp-content\/uploads\/2025\/11\/Modaxo_image.jpg","datePublished":"2023-05-07T06:38:19+00:00","dateModified":"2023-09-12T13:13:34+00:00","description":"Voyagerr ist Teil von Modaxo, einem Zusammenschluss von Unternehmen, die sich mit Leidenschaft der Bef\u00f6rderung von Menschen widmen und innovative Technologien f\u00fcr die Personenverkehrsbranche entwickeln.","breadcrumb":{"@id":"https:\/\/voyagerr.com\/de\/ueber-uns\/wearemodaxo\/#breadcrumb"},"inLanguage":"de","potentialAction":[{"@type":"ReadAction","target":["https:\/\/voyagerr.com\/de\/ueber-uns\/wearemodaxo\/"]}]},{"@type":"ImageObject","inLanguage":"de","@id":"https:\/\/voyagerr.com\/de\/ueber-uns\/wearemodaxo\/#primaryimage","url":"https:\/\/voyagerr.com\/wp-content\/uploads\/2025\/11\/Modaxo_image.jpg","contentUrl":"https:\/\/voyagerr.com\/wp-content\/uploads\/2025\/11\/Modaxo_image.jpg","width":1800,"height":1200},{"@type":"BreadcrumbList","@id":"https:\/\/voyagerr.com\/de\/ueber-uns\/wearemodaxo\/#breadcrumb","itemListElement":[{"@type":"ListItem","position":1,"name":"Home","item":"https:\/\/voyagerr.com\/de\/"},{"@type":"ListItem","position":2,"name":"#WeAreModaxo"}]},{"@type":"WebSite","@id":"https:\/\/voyagerr.com\/de\/#website","url":"https:\/\/voyagerr.com\/de\/","name":"Voyagerr Demand Response","description":"Making every journey matter","potentialAction":[{"@type":"SearchAction","target":{"@type":"EntryPoint","urlTemplate":"https:\/\/voyagerr.com\/de\/?s={search_term_string}"},"query-input":{"@type":"PropertyValueSpecification","valueRequired":true,"valueName":"search_term_string"}}],"inLanguage":"de"}]}},"_links":{"self":[{"href":"https:\/\/voyagerr.com\/de\/wp-json\/wp\/v2\/pages\/10103","targetHints":{"allow":["GET"]}}],"collection":[{"href":"https:\/\/voyagerr.com\/de\/wp-json\/wp\/v2\/pages"}],"about":[{"href":"https:\/\/voyagerr.com\/de\/wp-json\/wp\/v2\/types\/page"}],"author":[{"embeddable":true,"href":"https:\/\/voyagerr.com\/de\/wp-json\/wp\/v2\/users\/2"}],"replies":[{"embeddable":true,"href":"https:\/\/voyagerr.com\/de\/wp-json\/wp\/v2\/comments?post=10103"}],"version-history":[{"count":13,"href":"https:\/\/voyagerr.com\/de\/wp-json\/wp\/v2\/pages\/10103\/revisions"}],"predecessor-version":[{"id":10140,"href":"https:\/\/voyagerr.com\/de\/wp-json\/wp\/v2\/pages\/10103\/revisions\/10140"}],"up":[{"embeddable":true,"href":"https:\/\/voyagerr.com\/de\/wp-json\/wp\/v2\/pages\/10263"}],"wp:featuredmedia":[{"embeddable":true,"href":"https:\/\/voyagerr.com\/de\/wp-json\/wp\/v2\/media\/17875"}],"wp:attachment":[{"href":"https:\/\/voyagerr.com\/de\/wp-json\/wp\/v2\/media?parent=10103"}],"curies":[{"name":"wp","href":"https:\/\/api.w.org\/{rel}","templated":true}]}}