{"id":12335,"date":"2023-03-16T10:17:45","date_gmt":"2023-03-16T10:17:45","guid":{"rendered":"https:\/\/voyagerr.com\/drt-system\/"},"modified":"2024-05-16T09:34:07","modified_gmt":"2024-05-16T09:34:07","slug":"drt-system","status":"publish","type":"page","link":"https:\/\/voyagerr.com\/da\/drt-system\/","title":{"rendered":"DRT System"},"content":{"rendered":"<p><div class=\"fusion-fullwidth fullwidth-box fusion-builder-row-1 fusion-flex-container has-pattern-background has-mask-background nonhundred-percent-fullwidth non-hundred-percent-height-scrolling\" style=\"--awb-border-radius-top-left:0px;--awb-border-radius-top-right:0px;--awb-border-radius-bottom-right:0px;--awb-border-radius-bottom-left:0px;--awb-margin-bottom:23px;--awb-flex-wrap:wrap;\" ><div class=\"fusion-builder-row fusion-row fusion-flex-align-items-flex-start fusion-flex-content-wrap\" style=\"max-width:1248px;margin-left: calc(-4% \/ 2 );margin-right: calc(-4% \/ 2 );\"><div class=\"fusion-layout-column fusion_builder_column fusion-builder-column-0 fusion_builder_column_1_4 1_4 fusion-flex-column\" style=\"--awb-bg-size:cover;--awb-width-large:25%;--awb-margin-top-large:0px;--awb-spacing-right-large:7.68%;--awb-margin-bottom-large:20px;--awb-spacing-left-large:7.68%;--awb-width-medium:25%;--awb-order-medium:0;--awb-spacing-right-medium:7.68%;--awb-spacing-left-medium:7.68%;--awb-width-small:100%;--awb-order-small:0;--awb-spacing-right-small:1.92%;--awb-spacing-left-small:1.92%;\"><div class=\"fusion-column-wrapper fusion-column-has-shadow fusion-flex-justify-content-flex-start fusion-content-layout-column\"><div class=\"fusion-image-element \" style=\"text-align:center;--awb-max-width:200px;--awb-caption-title-font-family:var(--h2_typography-font-family);--awb-caption-title-font-weight:var(--h2_typography-font-weight);--awb-caption-title-font-style:var(--h2_typography-font-style);--awb-caption-title-size:var(--h2_typography-font-size);--awb-caption-title-transform:var(--h2_typography-text-transform);--awb-caption-title-line-height:var(--h2_typography-line-height);--awb-caption-title-letter-spacing:var(--h2_typography-letter-spacing);\"><span class=\" fusion-imageframe imageframe-none imageframe-1 hover-type-none\"><a class=\"fusion-no-lightbox\" href=\"https:\/\/voyagerr.com\/da\/drt-system\/demand-response-kernesystem\/\" target=\"_self\" aria-label=\"DRT-kernesystem\"><img decoding=\"async\" width=\"475\" height=\"385\" src=\"https:\/\/voyagerr.com\/wp-content\/uploads\/2023\/10\/DRT-kernesystem.png\" data-orig-src=\"https:\/\/voyagerr.com\/wp-content\/uploads\/2023\/10\/DRT-kernesystem.png\" alt class=\"lazyload img-responsive wp-image-12325\" srcset=\"data:image\/svg+xml,%3Csvg%20xmlns%3D%27http%3A%2F%2Fwww.w3.org%2F2000%2Fsvg%27%20width%3D%27475%27%20height%3D%27385%27%20viewBox%3D%270%200%20475%20385%27%3E%3Crect%20width%3D%27475%27%20height%3D%27385%27%20fill-opacity%3D%220%22%2F%3E%3C%2Fsvg%3E\" data-srcset=\"https:\/\/voyagerr.com\/wp-content\/uploads\/2023\/10\/DRT-kernesystem-200x162.png 200w, https:\/\/voyagerr.com\/wp-content\/uploads\/2023\/10\/DRT-kernesystem-400x324.png 400w, https:\/\/voyagerr.com\/wp-content\/uploads\/2023\/10\/DRT-kernesystem.png 475w\" data-sizes=\"auto\" data-orig-sizes=\"(max-width: 700px) 100vw, 400px\" \/><\/a><\/span><\/div><div ><a class=\"fusion-button button-flat fusion-button-default-size button-default fusion-button-default button-1 fusion-button-span-yes fusion-button-default-type\" style=\"--button_margin-top:20px;\" target=\"_self\" href=\"https:\/\/voyagerr.com\/da\/drt-system\/demand-response-kernesystem\/\"><span class=\"fusion-button-text awb-button__text awb-button__text--default\">Kernesystem<\/span><\/a><\/div><\/div><\/div><div class=\"fusion-layout-column fusion_builder_column fusion-builder-column-1 fusion_builder_column_1_4 1_4 fusion-flex-column\" style=\"--awb-bg-size:cover;--awb-width-large:25%;--awb-margin-top-large:0px;--awb-spacing-right-large:7.68%;--awb-margin-bottom-large:20px;--awb-spacing-left-large:7.68%;--awb-width-medium:25%;--awb-order-medium:0;--awb-spacing-right-medium:7.68%;--awb-spacing-left-medium:7.68%;--awb-width-small:100%;--awb-order-small:0;--awb-spacing-right-small:1.92%;--awb-spacing-left-small:1.92%;\"><div class=\"fusion-column-wrapper fusion-column-has-shadow fusion-flex-justify-content-flex-start fusion-content-layout-column\"><div class=\"fusion-image-element \" style=\"text-align:center;--awb-max-width:200px;--awb-caption-title-font-family:var(--h2_typography-font-family);--awb-caption-title-font-weight:var(--h2_typography-font-weight);--awb-caption-title-font-style:var(--h2_typography-font-style);--awb-caption-title-size:var(--h2_typography-font-size);--awb-caption-title-transform:var(--h2_typography-text-transform);--awb-caption-title-line-height:var(--h2_typography-line-height);--awb-caption-title-letter-spacing:var(--h2_typography-letter-spacing);\"><span class=\" fusion-imageframe imageframe-none imageframe-2 hover-type-none\"><a class=\"fusion-no-lightbox\" href=\"https:\/\/voyagerr.com\/da\/drt-system\/app-til-chauffoerer\/\" target=\"_self\" aria-label=\"App-til-chauff\u00f8rer\"><img decoding=\"async\" width=\"475\" height=\"383\" src=\"https:\/\/voyagerr.com\/wp-content\/uploads\/2023\/10\/App-til-chaufforer.png\" data-orig-src=\"https:\/\/voyagerr.com\/wp-content\/uploads\/2023\/10\/App-til-chaufforer.png\" alt class=\"lazyload img-responsive wp-image-12307\" srcset=\"data:image\/svg+xml,%3Csvg%20xmlns%3D%27http%3A%2F%2Fwww.w3.org%2F2000%2Fsvg%27%20width%3D%27475%27%20height%3D%27383%27%20viewBox%3D%270%200%20475%20383%27%3E%3Crect%20width%3D%27475%27%20height%3D%27383%27%20fill-opacity%3D%220%22%2F%3E%3C%2Fsvg%3E\" data-srcset=\"https:\/\/voyagerr.com\/wp-content\/uploads\/2023\/10\/App-til-chaufforer-200x161.png 200w, https:\/\/voyagerr.com\/wp-content\/uploads\/2023\/10\/App-til-chaufforer-400x323.png 400w, https:\/\/voyagerr.com\/wp-content\/uploads\/2023\/10\/App-til-chaufforer.png 475w\" data-sizes=\"auto\" data-orig-sizes=\"(max-width: 700px) 100vw, 400px\" \/><\/a><\/span><\/div><div ><a class=\"fusion-button button-flat fusion-button-default-size button-default fusion-button-default button-2 fusion-button-span-yes fusion-button-default-type\" style=\"--button_margin-top:20px;\" target=\"_self\" href=\"https:\/\/voyagerr.com\/da\/drt-system\/app-til-chauffoerer\/\"><span class=\"fusion-button-text awb-button__text awb-button__text--default\">App til chauff\u00f8rer<\/span><\/a><\/div><\/div><\/div><div class=\"fusion-layout-column fusion_builder_column fusion-builder-column-2 fusion_builder_column_1_4 1_4 fusion-flex-column\" style=\"--awb-bg-size:cover;--awb-width-large:25%;--awb-margin-top-large:0px;--awb-spacing-right-large:7.68%;--awb-margin-bottom-large:20px;--awb-spacing-left-large:7.68%;--awb-width-medium:25%;--awb-order-medium:0;--awb-spacing-right-medium:7.68%;--awb-spacing-left-medium:7.68%;--awb-width-small:100%;--awb-order-small:0;--awb-spacing-right-small:1.92%;--awb-spacing-left-small:1.92%;\"><div class=\"fusion-column-wrapper fusion-column-has-shadow fusion-flex-justify-content-flex-start fusion-content-layout-column\"><div class=\"fusion-image-element \" style=\"text-align:center;--awb-max-width:200px;--awb-caption-title-font-family:var(--h2_typography-font-family);--awb-caption-title-font-weight:var(--h2_typography-font-weight);--awb-caption-title-font-style:var(--h2_typography-font-style);--awb-caption-title-size:var(--h2_typography-font-size);--awb-caption-title-transform:var(--h2_typography-text-transform);--awb-caption-title-line-height:var(--h2_typography-line-height);--awb-caption-title-letter-spacing:var(--h2_typography-letter-spacing);\"><span class=\" fusion-imageframe imageframe-none imageframe-3 hover-type-none\"><a class=\"fusion-no-lightbox\" href=\"https:\/\/voyagerr.com\/da\/drt-system\/drt-brugerportaler\/\" target=\"_self\" aria-label=\"DRT-brugerportaler\"><img decoding=\"async\" width=\"475\" height=\"383\" src=\"https:\/\/voyagerr.com\/wp-content\/uploads\/2023\/10\/DRT-brugerportaler.png\" data-orig-src=\"https:\/\/voyagerr.com\/wp-content\/uploads\/2023\/10\/DRT-brugerportaler.png\" alt class=\"lazyload img-responsive wp-image-12319\" srcset=\"data:image\/svg+xml,%3Csvg%20xmlns%3D%27http%3A%2F%2Fwww.w3.org%2F2000%2Fsvg%27%20width%3D%27475%27%20height%3D%27383%27%20viewBox%3D%270%200%20475%20383%27%3E%3Crect%20width%3D%27475%27%20height%3D%27383%27%20fill-opacity%3D%220%22%2F%3E%3C%2Fsvg%3E\" data-srcset=\"https:\/\/voyagerr.com\/wp-content\/uploads\/2023\/10\/DRT-brugerportaler-200x161.png 200w, https:\/\/voyagerr.com\/wp-content\/uploads\/2023\/10\/DRT-brugerportaler-400x323.png 400w, https:\/\/voyagerr.com\/wp-content\/uploads\/2023\/10\/DRT-brugerportaler.png 475w\" data-sizes=\"auto\" data-orig-sizes=\"(max-width: 700px) 100vw, 400px\" \/><\/a><\/span><\/div><div ><a class=\"fusion-button button-flat fusion-button-default-size button-default fusion-button-default button-3 fusion-button-span-yes fusion-button-default-type\" style=\"--button_margin-top:20px;\" target=\"_self\" href=\"https:\/\/voyagerr.com\/da\/drt-system\/drt-brugerportaler\/\"><span class=\"fusion-button-text awb-button__text awb-button__text--default\">Brugerportaler<\/span><\/a><\/div><\/div><\/div><div class=\"fusion-layout-column fusion_builder_column fusion-builder-column-3 fusion_builder_column_1_4 1_4 fusion-flex-column\" style=\"--awb-bg-size:cover;--awb-width-large:25%;--awb-margin-top-large:0px;--awb-spacing-right-large:7.68%;--awb-margin-bottom-large:20px;--awb-spacing-left-large:7.68%;--awb-width-medium:25%;--awb-order-medium:0;--awb-spacing-right-medium:7.68%;--awb-spacing-left-medium:7.68%;--awb-width-small:100%;--awb-order-small:0;--awb-spacing-right-small:1.92%;--awb-spacing-left-small:1.92%;\"><div class=\"fusion-column-wrapper fusion-column-has-shadow fusion-flex-justify-content-flex-start fusion-content-layout-column\"><div class=\"fusion-image-element \" style=\"text-align:center;--awb-max-width:200px;--awb-caption-title-font-family:var(--h2_typography-font-family);--awb-caption-title-font-weight:var(--h2_typography-font-weight);--awb-caption-title-font-style:var(--h2_typography-font-style);--awb-caption-title-size:var(--h2_typography-font-size);--awb-caption-title-transform:var(--h2_typography-text-transform);--awb-caption-title-line-height:var(--h2_typography-line-height);--awb-caption-title-letter-spacing:var(--h2_typography-letter-spacing);\"><span class=\" fusion-imageframe imageframe-none imageframe-4 hover-type-none\"><a class=\"fusion-no-lightbox\" href=\"https:\/\/voyagerr.com\/da\/drt-system\/app-til-passagerer\/\" target=\"_self\" aria-label=\"DRT-app-til-passagerer\"><img decoding=\"async\" width=\"475\" height=\"383\" src=\"https:\/\/voyagerr.com\/wp-content\/uploads\/2023\/10\/DRT-app-til-passagerer.png\" data-orig-src=\"https:\/\/voyagerr.com\/wp-content\/uploads\/2023\/10\/DRT-app-til-passagerer.png\" alt class=\"lazyload img-responsive wp-image-12313\" srcset=\"data:image\/svg+xml,%3Csvg%20xmlns%3D%27http%3A%2F%2Fwww.w3.org%2F2000%2Fsvg%27%20width%3D%27475%27%20height%3D%27383%27%20viewBox%3D%270%200%20475%20383%27%3E%3Crect%20width%3D%27475%27%20height%3D%27383%27%20fill-opacity%3D%220%22%2F%3E%3C%2Fsvg%3E\" data-srcset=\"https:\/\/voyagerr.com\/wp-content\/uploads\/2023\/10\/DRT-app-til-passagerer-200x161.png 200w, https:\/\/voyagerr.com\/wp-content\/uploads\/2023\/10\/DRT-app-til-passagerer-400x323.png 400w, https:\/\/voyagerr.com\/wp-content\/uploads\/2023\/10\/DRT-app-til-passagerer.png 475w\" data-sizes=\"auto\" data-orig-sizes=\"(max-width: 700px) 100vw, 400px\" \/><\/a><\/span><\/div><div ><a class=\"fusion-button button-flat fusion-button-default-size button-default fusion-button-default button-4 fusion-button-span-yes fusion-button-default-type\" style=\"--button_margin-top:20px;\" target=\"_self\" href=\"https:\/\/voyagerr.com\/da\/drt-system\/app-til-passagerer\/\"><span class=\"fusion-button-text awb-button__text awb-button__text--default\">App til passagerer<\/span><\/a><\/div><\/div><\/div><\/div><\/div><div class=\"fusion-fullwidth fullwidth-box fusion-builder-row-2 fusion-flex-container has-pattern-background has-mask-background nonhundred-percent-fullwidth non-hundred-percent-height-scrolling\" style=\"--awb-border-radius-top-left:0px;--awb-border-radius-top-right:0px;--awb-border-radius-bottom-right:0px;--awb-border-radius-bottom-left:0px;--awb-padding-top:0px;--awb-flex-wrap:wrap;\" ><div class=\"fusion-builder-row fusion-row fusion-flex-align-items-flex-start fusion-flex-justify-content-center fusion-flex-content-wrap\" style=\"max-width:1248px;margin-left: calc(-4% \/ 2 );margin-right: calc(-4% \/ 2 );\"><div class=\"fusion-layout-column fusion_builder_column fusion-builder-column-4 fusion_builder_column_1_1 1_1 fusion-flex-column\" style=\"--awb-bg-size:cover;--awb-width-large:100%;--awb-margin-top-large:0px;--awb-spacing-right-large:1.92%;--awb-margin-bottom-large:20px;--awb-spacing-left-large:1.92%;--awb-width-medium:100%;--awb-order-medium:0;--awb-spacing-right-medium:1.92%;--awb-spacing-left-medium:1.92%;--awb-width-small:100%;--awb-order-small:0;--awb-spacing-right-small:1.92%;--awb-spacing-left-small:1.92%;\"><div class=\"fusion-column-wrapper fusion-column-has-shadow fusion-flex-justify-content-flex-start fusion-content-layout-column\"><div class=\"fusion-section-separator section-separator triangle fusion-section-separator-1\" style=\"--awb-border-bottom:1px solid var(--awb-color2);--awb-spacer-height:1px;--awb-svg-margin-left:1.92%;--awb-svg-margin-right:1.92%;--awb-svg-margin-left-medium:1.92%;--awb-svg-margin-right-medium:1.92%;--awb-svg-margin-left-small:1.92%;--awb-svg-margin-right-small:1.92%;--awb-icon-color:var(--awb-color1);\"><div class=\"fusion-section-separator-svg\"><div class=\"divider-candy-arrow bottom\" style=\"top:0px;border-top-color: #ffffff;\"><\/div><div class=\"divider-candy bottom\" style=\"bottom:-21px;border-bottom:1px solid var(--awb-color2);border-left:1px solid var(--awb-color2);\"><\/div><\/div><div class=\"fusion-section-separator-spacer\"><div class=\"fusion-section-separator-spacer-height\"><\/div><\/div><\/div><\/div><\/div><div class=\"fusion-layout-column fusion_builder_column fusion-builder-column-5 fusion_builder_column_1_1 1_1 fusion-flex-column\" style=\"--awb-padding-top:38px;--awb-bg-size:cover;--awb-width-large:100%;--awb-margin-top-large:0px;--awb-spacing-right-large:1.92%;--awb-margin-bottom-large:20px;--awb-spacing-left-large:1.92%;--awb-width-medium:100%;--awb-order-medium:0;--awb-spacing-right-medium:1.92%;--awb-spacing-left-medium:1.92%;--awb-width-small:100%;--awb-order-small:0;--awb-spacing-right-small:1.92%;--awb-spacing-left-small:1.92%;\"><div class=\"fusion-column-wrapper fusion-column-has-shadow fusion-flex-justify-content-flex-start fusion-content-layout-column\"><div class=\"fusion-text fusion-text-1\" style=\"--awb-font-size:25px;--awb-text-color:#000000;--awb-margin-top:20px;--awb-text-font-family:&quot;Plus Jakarta Sans&quot;;--awb-text-font-style:normal;--awb-text-font-weight:500;\"><p style=\"text-align: center;\">Voyagerr best\u00e5r af et kernesystem til bestillingsk\u00f8rsel, en r\u00e6kke brugerportaler, en chauff\u00f8r-app og en passager-app.<\/p>\n<\/div><div class=\"fusion-text fusion-text-2\"><p style=\"text-align: center;\">Voyagerr systemet tilbyder en r\u00e6kke v\u00e6rkt\u00f8jer til effektiv planl\u00e6gning, styring og administration til virksomheder, der opererer med bestillingsk\u00f8rsel <span style=\"color: var(--awb-text-color); font-family: var(--awb-text-font-family); font-size: var(--awb-font-size); font-style: var(--awb-text-font-style); font-weight: var(--awb-text-font-weight); letter-spacing: var(--awb-letter-spacing); text-transform: var(--awb-text-transform); background-color: var(--awb-bg-color-hover);\">\u2013<\/span> det kan f.eks. v\u00e6re d\u00f8r-til-d\u00f8r, first\/last mile, flextrafik, eller multimodale rejser<span style=\"color: var(--awb-text-color); font-family: var(--awb-text-font-family); font-size: var(--awb-font-size); font-style: var(--awb-text-font-style); font-weight: var(--awb-text-font-weight); letter-spacing: var(--awb-letter-spacing); text-transform: var(--awb-text-transform); background-color: var(--awb-bg-color-hover);\">.<\/span><\/p>\n<p style=\"text-align: center;\">En r\u00e6kke webportaler tilpasset udvalgte brugergrupper indenfor regioner og kommuner, f.eks sagsbehandlere, hvor portalerne g\u00f8r det muligt for dig og din virksomhed eller organisation at digitalisere og optimere arbejdsprocesser.<\/p>\n<p style=\"text-align: center;\">Ved brug af apps og web-portaler for passagerer og chauff\u00f8rer er det muligt at digitalisere den samlede v\u00e6rdik\u00e6de, fra bestilling til udf\u00f8relse af persontransport.<\/p>\n<\/div><\/div><\/div><\/div><\/div><div class=\"fusion-fullwidth fullwidth-box fusion-builder-row-3 fusion-flex-container has-pattern-background has-mask-background nonhundred-percent-fullwidth non-hundred-percent-height-scrolling\" style=\"--awb-border-radius-top-left:0px;--awb-border-radius-top-right:0px;--awb-border-radius-bottom-right:0px;--awb-border-radius-bottom-left:0px;--awb-background-color:#a13255;--awb-flex-wrap:wrap;\" ><div class=\"fusion-builder-row fusion-row fusion-flex-align-items-flex-start fusion-flex-content-wrap\" style=\"max-width:1248px;margin-left: calc(-4% \/ 2 );margin-right: calc(-4% \/ 2 );\"><div class=\"fusion-layout-column fusion_builder_column fusion-builder-column-6 fusion_builder_column_1_1 1_1 fusion-flex-column fusion-flex-align-self-center\" style=\"--awb-bg-size:cover;--awb-width-large:100%;--awb-margin-top-large:0px;--awb-spacing-right-large:1.92%;--awb-margin-bottom-large:20px;--awb-spacing-left-large:1.92%;--awb-width-medium:100%;--awb-order-medium:0;--awb-spacing-right-medium:1.92%;--awb-spacing-left-medium:1.92%;--awb-width-small:100%;--awb-order-small:0;--awb-spacing-right-small:1.92%;--awb-spacing-left-small:1.92%;\" data-scroll-devices=\"small-visibility,medium-visibility,large-visibility\"><div class=\"fusion-column-wrapper fusion-column-has-shadow fusion-flex-justify-content-flex-start fusion-content-layout-column\"><div class=\"fusion-text fusion-text-3\" style=\"--awb-text-color:var(--awb-color7);\"><h4 class=\"\" style=\"text-align: center; --fontsize: 28.43; line-height: 1.4;\" data-fontsize=\"28.43\" data-lineheight=\"39.802px\"><span style=\"color: var(--awb-color1);\">Demand Response Transport. Every Step. Every Ride<\/span><span style=\"color: white;\"><b>.<\/b><\/span><\/h4>\n<p style=\"text-align: center;\"><span style=\"color: var(--awb-color1); font-family: var(--awb-text-font-family); font-size: 20px; font-style: var(--awb-text-font-style); font-weight: var(--awb-text-font-weight); letter-spacing: var(--awb-letter-spacing); text-align: var(--awb-content-alignment); text-transform: var(--awb-text-transform); background-color: var(--awb-bg-color-hover);\" data-fusion-font=\"true\">Voyagerr g\u00f8r det muligt at digitalisere hvert trin i v\u00e6rdik\u00e6den for bestillingsk\u00f8rsel. Det betyder, at du og din virksomhed kan optimere administration og ressourcer.<\/span><span style=\"color: white;\"><span style=\"font-size: 20px; color: var(--awb-color1);\" data-fusion-font=\"true\">.<\/span><\/span><\/p>\n<\/div><\/div><\/div><\/div><\/div><\/p>\n","protected":false},"excerpt":{"rendered":"","protected":false},"author":2,"featured_media":6268,"parent":0,"menu_order":0,"comment_status":"closed","ping_status":"closed","template":"100-width.php","meta":{"content-type":"","footnotes":""},"class_list":["post-12335","page","type-page","status-publish","has-post-thumbnail","hentry"],"yoast_head":"<!-- This site is optimized with the Yoast SEO plugin v27.0 - https:\/\/yoast.com\/product\/yoast-seo-wordpress\/ -->\n<title>DRT System - Voyagerr Demand Response<\/title>\n<meta name=\"description\" content=\"Voyagerr consists of a core Demand Response Transport platform, a range of user portals, a driver app, and a passenger app. Streamline your processes ...\" \/>\n<meta name=\"robots\" content=\"index, follow, max-snippet:-1, max-image-preview:large, max-video-preview:-1\" \/>\n<link rel=\"canonical\" href=\"https:\/\/voyagerr.com\/da\/drt-system\/\" \/>\n<meta property=\"og:locale\" content=\"da_DK\" \/>\n<meta property=\"og:type\" content=\"article\" \/>\n<meta property=\"og:title\" content=\"DRT System - Voyagerr Demand Response\" \/>\n<meta property=\"og:description\" content=\"Voyagerr consists of a core Demand Response Transport platform, a range of user portals, a driver app, and a passenger app. Streamline your processes ...\" \/>\n<meta property=\"og:url\" content=\"https:\/\/voyagerr.com\/da\/drt-system\/\" \/>\n<meta property=\"og:site_name\" content=\"Voyagerr Demand Response\" \/>\n<meta property=\"article:modified_time\" content=\"2024-05-16T09:34:07+00:00\" \/>\n<meta property=\"og:image\" content=\"https:\/\/voyagerr.com\/wp-content\/uploads\/2023\/04\/Car-with-symbols.jpg\" \/>\n\t<meta property=\"og:image:width\" content=\"2000\" \/>\n\t<meta property=\"og:image:height\" content=\"1335\" \/>\n\t<meta property=\"og:image:type\" content=\"image\/jpeg\" \/>\n<meta name=\"twitter:card\" content=\"summary_large_image\" \/>\n<meta name=\"twitter:label1\" content=\"Estimeret l\u00e6setid\" \/>\n\t<meta name=\"twitter:data1\" content=\"2 minutter\" \/>\n<script type=\"application\/ld+json\" class=\"yoast-schema-graph\">{\"@context\":\"https:\/\/schema.org\",\"@graph\":[{\"@type\":\"WebPage\",\"@id\":\"https:\/\/voyagerr.com\/da\/drt-system\/\",\"url\":\"https:\/\/voyagerr.com\/da\/drt-system\/\",\"name\":\"DRT System - Voyagerr Demand Response\",\"isPartOf\":{\"@id\":\"https:\/\/voyagerr.com\/da\/#website\"},\"primaryImageOfPage\":{\"@id\":\"https:\/\/voyagerr.com\/da\/drt-system\/#primaryimage\"},\"image\":{\"@id\":\"https:\/\/voyagerr.com\/da\/drt-system\/#primaryimage\"},\"thumbnailUrl\":\"https:\/\/voyagerr.com\/wp-content\/uploads\/2023\/04\/Car-with-symbols.jpg\",\"datePublished\":\"2023-03-16T10:17:45+00:00\",\"dateModified\":\"2024-05-16T09:34:07+00:00\",\"description\":\"Voyagerr consists of a core Demand Response Transport platform, a range of user portals, a driver app, and a passenger app. Streamline your processes ...\",\"breadcrumb\":{\"@id\":\"https:\/\/voyagerr.com\/da\/drt-system\/#breadcrumb\"},\"inLanguage\":\"da-DK\",\"potentialAction\":[{\"@type\":\"ReadAction\",\"target\":[\"https:\/\/voyagerr.com\/da\/drt-system\/\"]}]},{\"@type\":\"ImageObject\",\"inLanguage\":\"da-DK\",\"@id\":\"https:\/\/voyagerr.com\/da\/drt-system\/#primaryimage\",\"url\":\"https:\/\/voyagerr.com\/wp-content\/uploads\/2023\/04\/Car-with-symbols.jpg\",\"contentUrl\":\"https:\/\/voyagerr.com\/wp-content\/uploads\/2023\/04\/Car-with-symbols.jpg\",\"width\":2000,\"height\":1335},{\"@type\":\"BreadcrumbList\",\"@id\":\"https:\/\/voyagerr.com\/da\/drt-system\/#breadcrumb\",\"itemListElement\":[{\"@type\":\"ListItem\",\"position\":1,\"name\":\"Home\",\"item\":\"https:\/\/voyagerr.com\/da\/\"},{\"@type\":\"ListItem\",\"position\":2,\"name\":\"DRT System\"}]},{\"@type\":\"WebSite\",\"@id\":\"https:\/\/voyagerr.com\/da\/#website\",\"url\":\"https:\/\/voyagerr.com\/da\/\",\"name\":\"Voyagerr Demand Response\",\"description\":\"Making every journey matter\",\"potentialAction\":[{\"@type\":\"SearchAction\",\"target\":{\"@type\":\"EntryPoint\",\"urlTemplate\":\"https:\/\/voyagerr.com\/da\/?s={search_term_string}\"},\"query-input\":{\"@type\":\"PropertyValueSpecification\",\"valueRequired\":true,\"valueName\":\"search_term_string\"}}],\"inLanguage\":\"da-DK\"}]}<\/script>\n<!-- \/ Yoast SEO plugin. -->","yoast_head_json":{"title":"DRT System - Voyagerr Demand Response","description":"Voyagerr consists of a core Demand Response Transport platform, a range of user portals, a driver app, and a passenger app. Streamline your processes ...","robots":{"index":"index","follow":"follow","max-snippet":"max-snippet:-1","max-image-preview":"max-image-preview:large","max-video-preview":"max-video-preview:-1"},"canonical":"https:\/\/voyagerr.com\/da\/drt-system\/","og_locale":"da_DK","og_type":"article","og_title":"DRT System - Voyagerr Demand Response","og_description":"Voyagerr consists of a core Demand Response Transport platform, a range of user portals, a driver app, and a passenger app. Streamline your processes ...","og_url":"https:\/\/voyagerr.com\/da\/drt-system\/","og_site_name":"Voyagerr Demand Response","article_modified_time":"2024-05-16T09:34:07+00:00","og_image":[{"width":2000,"height":1335,"url":"https:\/\/voyagerr.com\/wp-content\/uploads\/2023\/04\/Car-with-symbols.jpg","type":"image\/jpeg"}],"twitter_card":"summary_large_image","twitter_misc":{"Estimeret l\u00e6setid":"2 minutter"},"schema":{"@context":"https:\/\/schema.org","@graph":[{"@type":"WebPage","@id":"https:\/\/voyagerr.com\/da\/drt-system\/","url":"https:\/\/voyagerr.com\/da\/drt-system\/","name":"DRT System - Voyagerr Demand Response","isPartOf":{"@id":"https:\/\/voyagerr.com\/da\/#website"},"primaryImageOfPage":{"@id":"https:\/\/voyagerr.com\/da\/drt-system\/#primaryimage"},"image":{"@id":"https:\/\/voyagerr.com\/da\/drt-system\/#primaryimage"},"thumbnailUrl":"https:\/\/voyagerr.com\/wp-content\/uploads\/2023\/04\/Car-with-symbols.jpg","datePublished":"2023-03-16T10:17:45+00:00","dateModified":"2024-05-16T09:34:07+00:00","description":"Voyagerr consists of a core Demand Response Transport platform, a range of user portals, a driver app, and a passenger app. Streamline your processes ...","breadcrumb":{"@id":"https:\/\/voyagerr.com\/da\/drt-system\/#breadcrumb"},"inLanguage":"da-DK","potentialAction":[{"@type":"ReadAction","target":["https:\/\/voyagerr.com\/da\/drt-system\/"]}]},{"@type":"ImageObject","inLanguage":"da-DK","@id":"https:\/\/voyagerr.com\/da\/drt-system\/#primaryimage","url":"https:\/\/voyagerr.com\/wp-content\/uploads\/2023\/04\/Car-with-symbols.jpg","contentUrl":"https:\/\/voyagerr.com\/wp-content\/uploads\/2023\/04\/Car-with-symbols.jpg","width":2000,"height":1335},{"@type":"BreadcrumbList","@id":"https:\/\/voyagerr.com\/da\/drt-system\/#breadcrumb","itemListElement":[{"@type":"ListItem","position":1,"name":"Home","item":"https:\/\/voyagerr.com\/da\/"},{"@type":"ListItem","position":2,"name":"DRT System"}]},{"@type":"WebSite","@id":"https:\/\/voyagerr.com\/da\/#website","url":"https:\/\/voyagerr.com\/da\/","name":"Voyagerr Demand Response","description":"Making every journey matter","potentialAction":[{"@type":"SearchAction","target":{"@type":"EntryPoint","urlTemplate":"https:\/\/voyagerr.com\/da\/?s={search_term_string}"},"query-input":{"@type":"PropertyValueSpecification","valueRequired":true,"valueName":"search_term_string"}}],"inLanguage":"da-DK"}]}},"_links":{"self":[{"href":"https:\/\/voyagerr.com\/da\/wp-json\/wp\/v2\/pages\/12335","targetHints":{"allow":["GET"]}}],"collection":[{"href":"https:\/\/voyagerr.com\/da\/wp-json\/wp\/v2\/pages"}],"about":[{"href":"https:\/\/voyagerr.com\/da\/wp-json\/wp\/v2\/types\/page"}],"author":[{"embeddable":true,"href":"https:\/\/voyagerr.com\/da\/wp-json\/wp\/v2\/users\/2"}],"replies":[{"embeddable":true,"href":"https:\/\/voyagerr.com\/da\/wp-json\/wp\/v2\/comments?post=12335"}],"version-history":[{"count":11,"href":"https:\/\/voyagerr.com\/da\/wp-json\/wp\/v2\/pages\/12335\/revisions"}],"predecessor-version":[{"id":16324,"href":"https:\/\/voyagerr.com\/da\/wp-json\/wp\/v2\/pages\/12335\/revisions\/16324"}],"wp:featuredmedia":[{"embeddable":true,"href":"https:\/\/voyagerr.com\/da\/wp-json\/wp\/v2\/media\/6268"}],"wp:attachment":[{"href":"https:\/\/voyagerr.com\/da\/wp-json\/wp\/v2\/media?parent=12335"}],"curies":[{"name":"wp","href":"https:\/\/api.w.org\/{rel}","templated":true}]}}