{"id":10067,"date":"2023-05-07T06:38:19","date_gmt":"2023-05-07T06:38:19","guid":{"rendered":"https:\/\/voyagerr.com\/wearemodaxo\/"},"modified":"2023-09-12T12:56:11","modified_gmt":"2023-09-12T12:56:11","slug":"wearemodaxo","status":"publish","type":"page","link":"https:\/\/voyagerr.com\/da\/om-os\/wearemodaxo\/","title":{"rendered":"#WeAreModaxo"},"content":{"rendered":"<p><div class=\"fusion-fullwidth fullwidth-box fusion-builder-row-1 fusion-flex-container has-pattern-background has-mask-background nonhundred-percent-fullwidth non-hundred-percent-height-scrolling\" style=\"--awb-border-radius-top-left:0px;--awb-border-radius-top-right:0px;--awb-border-radius-bottom-right:0px;--awb-border-radius-bottom-left:0px;--awb-padding-top:0px;--awb-flex-wrap:wrap;\" ><div class=\"fusion-builder-row fusion-row fusion-flex-align-items-flex-start fusion-flex-justify-content-center fusion-flex-content-wrap\" style=\"max-width:1248px;margin-left: calc(-4% \/ 2 );margin-right: calc(-4% \/ 2 );\"><div class=\"fusion-layout-column fusion_builder_column fusion-builder-column-0 fusion_builder_column_1_1 1_1 fusion-flex-column\" style=\"--awb-bg-size:cover;--awb-width-large:100%;--awb-margin-top-large:0px;--awb-spacing-right-large:1.92%;--awb-margin-bottom-large:20px;--awb-spacing-left-large:1.92%;--awb-width-medium:100%;--awb-order-medium:0;--awb-spacing-right-medium:1.92%;--awb-spacing-left-medium:1.92%;--awb-width-small:100%;--awb-order-small:0;--awb-spacing-right-small:1.92%;--awb-spacing-left-small:1.92%;\"><div class=\"fusion-column-wrapper fusion-column-has-shadow fusion-flex-justify-content-flex-start fusion-content-layout-column\"><div class=\"fusion-text fusion-text-1 fusion-text-no-margin\" style=\"--awb-margin-bottom:50px;\"><p style=\"text-align: center;\">Voyagerr er en del af Modaxo:<\/p>\n<\/div><div class=\"fusion-text fusion-text-2\" style=\"--awb-font-size:40px;--awb-text-color:#000000;--awb-margin-top:20px;--awb-text-font-family:&quot;Plus Jakarta Sans&quot;;--awb-text-font-style:normal;--awb-text-font-weight:500;\"><p style=\"font-weight: 400;\"><strong>We are Modaxo \u2014 en global gruppe virksomheder, som br\u00e6nder for at tage kollektiv trafik til et nyt niveau.<\/strong><\/p>\n<\/div><div class=\"fusion-text fusion-text-3\" style=\"--awb-margin-top:30px;\"><p>Modaxo er hjem for mange af verdens mest anerkendte og anvendte teknologivirksomheder inden for kollektiv trafik, heriblandt Trapeze Group, Systemtechnik, Signature Rail, AEP, PLANit Sweden, DataGrafikk, Holmedal Data og mange flere. P\u00e5 <a href=\"https:\/\/modaxo.com\/people-transportation-brands\/\">Modaxos hjemmeside<\/a> er en liste med virksomhederne i Modaxo-gruppen, og her st\u00e5r ogs\u00e5 lidt om, hvad hver enkelt besk\u00e6ftiger sig med.<\/p>\n<p>Modaxo er Constellation Softwares (TSX: CSU) persontransport portfolio. Vores fokus p\u00e5 kollektiv trafik er afpejlet i Modaxos mission: \u201cTo enable the daily movement of 1 billion people by 2030\u201d (At g\u00f8re det muligt for 1 milliard mennesker at transportere sig, n\u00e5r vi n\u00e5r \u00e5r 2030).<\/p>\n<\/div><\/div><\/div><\/div><\/div><div class=\"fusion-fullwidth fullwidth-box fusion-builder-row-2 fusion-flex-container has-pattern-background has-mask-background nonhundred-percent-fullwidth non-hundred-percent-height-scrolling\" style=\"--awb-border-radius-top-left:0px;--awb-border-radius-top-right:0px;--awb-border-radius-bottom-right:0px;--awb-border-radius-bottom-left:0px;--awb-padding-top:96px;--awb-padding-bottom:85px;--awb-background-image:linear-gradient(218deg, var(--awb-custom_color_4) 0%,var(--awb-custom_color_5) 100%);--awb-flex-wrap:wrap;\" ><div class=\"fusion-builder-row fusion-row fusion-flex-align-items-flex-start fusion-flex-justify-content-center fusion-flex-content-wrap\" style=\"max-width:1248px;margin-left: calc(-4% \/ 2 );margin-right: calc(-4% \/ 2 );\"><div class=\"fusion-layout-column fusion_builder_column fusion-builder-column-1 fusion_builder_column_1_1 1_1 fusion-flex-column\" style=\"--awb-padding-right:176px;--awb-padding-left:177px;--awb-bg-size:cover;--awb-width-large:100%;--awb-margin-top-large:0px;--awb-spacing-right-large:1.92%;--awb-margin-bottom-large:61px;--awb-spacing-left-large:1.92%;--awb-width-medium:100%;--awb-order-medium:0;--awb-spacing-right-medium:1.92%;--awb-spacing-left-medium:1.92%;--awb-width-small:100%;--awb-order-small:0;--awb-spacing-right-small:1.92%;--awb-spacing-left-small:1.92%;\"><div class=\"fusion-column-wrapper fusion-column-has-shadow fusion-flex-justify-content-flex-start fusion-content-layout-column\"><div class=\"fusion-text fusion-text-4\"><h4>Modaxos kendem\u00e6rke: Vores fokus er lokalt og globalt<\/h4>\n<p>Virksomhederne I Modaxo arbejder b\u00e5de selvst\u00e6ndigt og sammen med andre, men alle har fokus p\u00e5 det samme \u2013 at levere software og teknologil\u00f8sninger, som hj\u00e6lper mennesker med at blive forbundet med de steder, de har behov for at komme til for at arbejde, v\u00e6re sammen med familie, og som er en del af deres hverdagsliv.<\/p>\n<p>Gennem samarbejdet med virksomheder i Modaxo f\u00e5r vores kunder det bedste fra begge verdener; l\u00f8sninger der er globalt f\u00f8rende og som er specielt udviklet til at opfylde kundens behov, leveret og supporteret af lokale specialist-teams, som kender kunderne og sektoren.<\/p>\n<\/div><\/div><\/div><div class=\"fusion-layout-column fusion_builder_column fusion-builder-column-2 fusion_builder_column_1_1 1_1 fusion-flex-column\" style=\"--awb-bg-size:cover;--awb-width-large:100%;--awb-margin-top-large:0px;--awb-spacing-right-large:1.92%;--awb-margin-bottom-large:20px;--awb-spacing-left-large:1.92%;--awb-width-medium:100%;--awb-order-medium:0;--awb-spacing-right-medium:1.92%;--awb-spacing-left-medium:1.92%;--awb-width-small:100%;--awb-order-small:0;--awb-spacing-right-small:1.92%;--awb-spacing-left-small:1.92%;\"><div class=\"fusion-column-wrapper fusion-column-has-shadow fusion-flex-justify-content-flex-start fusion-content-layout-column\"><div class=\"fusion-text fusion-text-5\"><p style=\"text-align: center;\">Modaxo i tal<\/p>\n<\/div><\/div><\/div><div class=\"fusion-layout-column fusion_builder_column fusion-builder-column-3 fusion_builder_column_1_5 1_5 fusion-flex-column\" style=\"--awb-bg-size:cover;--awb-width-large:20%;--awb-margin-top-large:0px;--awb-spacing-right-large:9.6%;--awb-margin-bottom-large:20px;--awb-spacing-left-large:9.6%;--awb-width-medium:20%;--awb-order-medium:0;--awb-spacing-right-medium:9.6%;--awb-spacing-left-medium:9.6%;--awb-width-small:100%;--awb-order-small:0;--awb-spacing-right-small:1.92%;--awb-spacing-left-small:1.92%;\"><div class=\"fusion-column-wrapper fusion-column-has-shadow fusion-flex-justify-content-flex-start fusion-content-layout-column\"><div class=\"fusion-image-element \" style=\"--awb-caption-title-font-family:var(--h2_typography-font-family);--awb-caption-title-font-weight:var(--h2_typography-font-weight);--awb-caption-title-font-style:var(--h2_typography-font-style);--awb-caption-title-size:var(--h2_typography-font-size);--awb-caption-title-transform:var(--h2_typography-text-transform);--awb-caption-title-line-height:var(--h2_typography-line-height);--awb-caption-title-letter-spacing:var(--h2_typography-letter-spacing);\"><span class=\" fusion-imageframe imageframe-none imageframe-1 hover-type-none\"><img decoding=\"async\" width=\"535\" height=\"511\" title=\"modaxo-employees-icon\" src=\"https:\/\/voyagerr.com\/wp-content\/uploads\/2023\/06\/modaxo-employees-icon.png\" data-orig-src=\"https:\/\/voyagerr.com\/wp-content\/uploads\/2023\/06\/modaxo-employees-icon.png\" alt class=\"lazyload img-responsive wp-image-8217\" srcset=\"data:image\/svg+xml,%3Csvg%20xmlns%3D%27http%3A%2F%2Fwww.w3.org%2F2000%2Fsvg%27%20width%3D%27535%27%20height%3D%27511%27%20viewBox%3D%270%200%20535%20511%27%3E%3Crect%20width%3D%27535%27%20height%3D%27511%27%20fill-opacity%3D%220%22%2F%3E%3C%2Fsvg%3E\" data-srcset=\"https:\/\/voyagerr.com\/wp-content\/uploads\/2023\/06\/modaxo-employees-icon-200x191.png 200w, https:\/\/voyagerr.com\/wp-content\/uploads\/2023\/06\/modaxo-employees-icon-400x382.png 400w, https:\/\/voyagerr.com\/wp-content\/uploads\/2023\/06\/modaxo-employees-icon.png 535w\" data-sizes=\"auto\" data-orig-sizes=\"(max-width: 700px) 100vw, 200px\" \/><\/span><\/div><\/div><\/div><div class=\"fusion-layout-column fusion_builder_column fusion-builder-column-4 fusion_builder_column_1_5 1_5 fusion-flex-column\" style=\"--awb-bg-size:cover;--awb-width-large:20%;--awb-margin-top-large:0px;--awb-spacing-right-large:9.6%;--awb-margin-bottom-large:20px;--awb-spacing-left-large:9.6%;--awb-width-medium:20%;--awb-order-medium:0;--awb-spacing-right-medium:9.6%;--awb-spacing-left-medium:9.6%;--awb-width-small:100%;--awb-order-small:0;--awb-spacing-right-small:1.92%;--awb-spacing-left-small:1.92%;\"><div class=\"fusion-column-wrapper fusion-column-has-shadow fusion-flex-justify-content-flex-start fusion-content-layout-column\"><div class=\"fusion-image-element \" style=\"--awb-caption-title-font-family:var(--h2_typography-font-family);--awb-caption-title-font-weight:var(--h2_typography-font-weight);--awb-caption-title-font-style:var(--h2_typography-font-style);--awb-caption-title-size:var(--h2_typography-font-size);--awb-caption-title-transform:var(--h2_typography-text-transform);--awb-caption-title-line-height:var(--h2_typography-line-height);--awb-caption-title-letter-spacing:var(--h2_typography-letter-spacing);\"><span class=\" fusion-imageframe imageframe-none imageframe-2 hover-type-none\"><img decoding=\"async\" width=\"534\" height=\"510\" title=\"modaxo-dk-brands-icon\" src=\"https:\/\/voyagerr.com\/wp-content\/uploads\/2023\/05\/modaxo-dk-brands-icon.png\" data-orig-src=\"https:\/\/voyagerr.com\/wp-content\/uploads\/2023\/05\/modaxo-dk-brands-icon.png\" alt class=\"lazyload img-responsive wp-image-6811\" srcset=\"data:image\/svg+xml,%3Csvg%20xmlns%3D%27http%3A%2F%2Fwww.w3.org%2F2000%2Fsvg%27%20width%3D%27534%27%20height%3D%27510%27%20viewBox%3D%270%200%20534%20510%27%3E%3Crect%20width%3D%27534%27%20height%3D%27510%27%20fill-opacity%3D%220%22%2F%3E%3C%2Fsvg%3E\" data-srcset=\"https:\/\/voyagerr.com\/wp-content\/uploads\/2023\/05\/modaxo-dk-brands-icon-200x191.png 200w, https:\/\/voyagerr.com\/wp-content\/uploads\/2023\/05\/modaxo-dk-brands-icon-400x382.png 400w, https:\/\/voyagerr.com\/wp-content\/uploads\/2023\/05\/modaxo-dk-brands-icon.png 534w\" data-sizes=\"auto\" data-orig-sizes=\"(max-width: 700px) 100vw, 200px\" \/><\/span><\/div><\/div><\/div><div class=\"fusion-layout-column fusion_builder_column fusion-builder-column-5 fusion_builder_column_1_5 1_5 fusion-flex-column\" style=\"--awb-bg-size:cover;--awb-width-large:20%;--awb-margin-top-large:0px;--awb-spacing-right-large:9.6%;--awb-margin-bottom-large:20px;--awb-spacing-left-large:9.6%;--awb-width-medium:20%;--awb-order-medium:0;--awb-spacing-right-medium:9.6%;--awb-spacing-left-medium:9.6%;--awb-width-small:100%;--awb-order-small:0;--awb-spacing-right-small:1.92%;--awb-spacing-left-small:1.92%;\"><div class=\"fusion-column-wrapper fusion-column-has-shadow fusion-flex-justify-content-flex-start fusion-content-layout-column\"><div class=\"fusion-image-element \" style=\"--awb-caption-title-font-family:var(--h2_typography-font-family);--awb-caption-title-font-weight:var(--h2_typography-font-weight);--awb-caption-title-font-style:var(--h2_typography-font-style);--awb-caption-title-size:var(--h2_typography-font-size);--awb-caption-title-transform:var(--h2_typography-text-transform);--awb-caption-title-line-height:var(--h2_typography-line-height);--awb-caption-title-letter-spacing:var(--h2_typography-letter-spacing);\"><span class=\" fusion-imageframe imageframe-none imageframe-3 hover-type-none\"><img decoding=\"async\" width=\"535\" height=\"510\" title=\"modaxo-countries-icon\" src=\"https:\/\/voyagerr.com\/wp-content\/uploads\/2023\/06\/modaxo-countries-icon.png\" data-orig-src=\"https:\/\/voyagerr.com\/wp-content\/uploads\/2023\/06\/modaxo-countries-icon.png\" alt class=\"lazyload img-responsive wp-image-8222\" srcset=\"data:image\/svg+xml,%3Csvg%20xmlns%3D%27http%3A%2F%2Fwww.w3.org%2F2000%2Fsvg%27%20width%3D%27535%27%20height%3D%27510%27%20viewBox%3D%270%200%20535%20510%27%3E%3Crect%20width%3D%27535%27%20height%3D%27510%27%20fill-opacity%3D%220%22%2F%3E%3C%2Fsvg%3E\" data-srcset=\"https:\/\/voyagerr.com\/wp-content\/uploads\/2023\/06\/modaxo-countries-icon-200x191.png 200w, https:\/\/voyagerr.com\/wp-content\/uploads\/2023\/06\/modaxo-countries-icon-400x381.png 400w, https:\/\/voyagerr.com\/wp-content\/uploads\/2023\/06\/modaxo-countries-icon.png 535w\" data-sizes=\"auto\" data-orig-sizes=\"(max-width: 700px) 100vw, 200px\" \/><\/span><\/div><\/div><\/div><div class=\"fusion-layout-column fusion_builder_column fusion-builder-column-6 fusion_builder_column_1_5 1_5 fusion-flex-column\" style=\"--awb-bg-size:cover;--awb-width-large:20%;--awb-margin-top-large:0px;--awb-spacing-right-large:9.6%;--awb-margin-bottom-large:20px;--awb-spacing-left-large:9.6%;--awb-width-medium:20%;--awb-order-medium:0;--awb-spacing-right-medium:9.6%;--awb-spacing-left-medium:9.6%;--awb-width-small:100%;--awb-order-small:0;--awb-spacing-right-small:1.92%;--awb-spacing-left-small:1.92%;\"><div class=\"fusion-column-wrapper fusion-column-has-shadow fusion-flex-justify-content-flex-start fusion-content-layout-column\"><div class=\"fusion-image-element \" style=\"--awb-caption-title-font-family:var(--h2_typography-font-family);--awb-caption-title-font-weight:var(--h2_typography-font-weight);--awb-caption-title-font-style:var(--h2_typography-font-style);--awb-caption-title-size:var(--h2_typography-font-size);--awb-caption-title-transform:var(--h2_typography-text-transform);--awb-caption-title-line-height:var(--h2_typography-line-height);--awb-caption-title-letter-spacing:var(--h2_typography-letter-spacing);\"><span class=\" fusion-imageframe imageframe-none imageframe-4 hover-type-none\"><img decoding=\"async\" width=\"535\" height=\"510\" title=\"modaxo-customers-worldwide-icon\" src=\"https:\/\/voyagerr.com\/wp-content\/uploads\/2023\/06\/modaxo-customers-worldwide-icon.png\" data-orig-src=\"https:\/\/voyagerr.com\/wp-content\/uploads\/2023\/06\/modaxo-customers-worldwide-icon.png\" alt class=\"lazyload img-responsive wp-image-8227\" srcset=\"data:image\/svg+xml,%3Csvg%20xmlns%3D%27http%3A%2F%2Fwww.w3.org%2F2000%2Fsvg%27%20width%3D%27535%27%20height%3D%27510%27%20viewBox%3D%270%200%20535%20510%27%3E%3Crect%20width%3D%27535%27%20height%3D%27510%27%20fill-opacity%3D%220%22%2F%3E%3C%2Fsvg%3E\" data-srcset=\"https:\/\/voyagerr.com\/wp-content\/uploads\/2023\/06\/modaxo-customers-worldwide-icon-200x191.png 200w, https:\/\/voyagerr.com\/wp-content\/uploads\/2023\/06\/modaxo-customers-worldwide-icon-400x381.png 400w, https:\/\/voyagerr.com\/wp-content\/uploads\/2023\/06\/modaxo-customers-worldwide-icon.png 535w\" data-sizes=\"auto\" data-orig-sizes=\"(max-width: 700px) 100vw, 200px\" \/><\/span><\/div><\/div><\/div><\/div><\/div><div class=\"fusion-fullwidth fullwidth-box fusion-builder-row-3 fusion-flex-container has-pattern-background has-mask-background nonhundred-percent-fullwidth non-hundred-percent-height-scrolling\" style=\"--awb-border-radius-top-left:0px;--awb-border-radius-top-right:0px;--awb-border-radius-bottom-right:0px;--awb-border-radius-bottom-left:0px;--awb-flex-wrap:wrap;\" ><div class=\"fusion-builder-row fusion-row fusion-flex-align-items-stretch fusion-flex-content-wrap\" style=\"max-width:1248px;margin-left: calc(-4% \/ 2 );margin-right: calc(-4% \/ 2 );\"><div class=\"fusion-layout-column fusion_builder_column fusion-builder-column-7 fusion_builder_column_1_2 1_2 fusion-flex-column\" style=\"--awb-bg-size:cover;--awb-width-large:50%;--awb-margin-top-large:0px;--awb-spacing-right-large:3.84%;--awb-margin-bottom-large:20px;--awb-spacing-left-large:3.84%;--awb-width-medium:50%;--awb-order-medium:0;--awb-spacing-right-medium:3.84%;--awb-spacing-left-medium:3.84%;--awb-width-small:100%;--awb-order-small:0;--awb-spacing-right-small:1.92%;--awb-spacing-left-small:1.92%;\"><div class=\"fusion-column-wrapper fusion-column-has-shadow fusion-flex-justify-content-flex-start fusion-content-layout-column\"><div class=\"fusion-text fusion-text-6\"><div>\n<h4>Modaxo: Vores l\u00f8sninger<\/h4>\n<\/div>\n<p>Tilsammen tilbyder virksomhederne i Modaxo et bredt udvalg af l\u00f8sninger, som str\u00f8mliner alle aspekter af kollektiv trafik, og som supporterer mange forskellige driftsomr\u00e5der og m\u00e5der at drifte p\u00e5.<\/p>\n<\/div><\/div><\/div><div class=\"fusion-layout-column fusion_builder_column fusion-builder-column-8 fusion_builder_column_1_2 1_2 fusion-flex-column\" style=\"--awb-bg-size:cover;--awb-width-large:50%;--awb-margin-top-large:0px;--awb-spacing-right-large:3.84%;--awb-margin-bottom-large:20px;--awb-spacing-left-large:3.84%;--awb-width-medium:50%;--awb-order-medium:0;--awb-spacing-right-medium:3.84%;--awb-spacing-left-medium:3.84%;--awb-width-small:100%;--awb-order-small:0;--awb-spacing-right-small:1.92%;--awb-spacing-left-small:1.92%;\"><div class=\"fusion-column-wrapper fusion-column-has-shadow fusion-flex-justify-content-flex-start fusion-content-layout-column\"><div class=\"fusion-text fusion-text-7\"><h4 class=\"fusion-responsive-typography-calculated\" style=\"--fontsize: 28.43; line-height: 1.4;\" data-fontsize=\"28.43\" data-lineheight=\"39.802px\">Modaxos filosofi<\/h4>\n<p>Modaxo investerer i at udvikle og v\u00e6kste virksomheder, der fokuserer p\u00e5 offentlig transport \u2013 og vi s\u00e6lger dem ikke igen. Samarbejder du og din virksomhed med en virksomhed i Modaxo, kan du dermed v\u00e6re sikker p\u00e5 en langvarig samarbejdsrelation.<\/p>\n<p>Vores virksomheders succeser er baseret p\u00e5 levering af innovative teknologil\u00f8sninger, supporteret af dygtige specialister med stor erfaring med og viden om deres region og marked.<\/p>\n<\/div><div class=\"fusion-separator fusion-full-width-sep\" style=\"align-self: center;margin-left: auto;margin-right: auto;flex-grow:10;width:100%;\"><\/div><div ><a class=\"fusion-button button-flat fusion-button-default-size button-default fusion-button-default button-1 fusion-button-default-span fusion-button-default-type\" style=\"--button_margin-top:10px;--button_margin-bottom:30px;\" target=\"_blank\" rel=\"noopener noreferrer\" href=\"https:\/\/modaxo.com\"><span class=\"fusion-button-text awb-button__text awb-button__text--default\">Se mere om Modaxo p\u00e5 Modaxos hjemmeside &#8230;<\/span><\/a><\/div><\/div><\/div><\/div><\/div><\/p>\n","protected":false},"excerpt":{"rendered":"","protected":false},"author":2,"featured_media":17874,"parent":10071,"menu_order":0,"comment_status":"closed","ping_status":"closed","template":"100-width.php","meta":{"content-type":"","footnotes":""},"class_list":["post-10067","page","type-page","status-publish","has-post-thumbnail","hentry"],"yoast_head":"<!-- This site is optimized with the Yoast SEO plugin v27.0 - https:\/\/yoast.com\/product\/yoast-seo-wordpress\/ -->\n<title>#WeAreModaxo - Voyagerr Demand Response<\/title>\n<meta name=\"robots\" content=\"index, follow, max-snippet:-1, max-image-preview:large, max-video-preview:-1\" \/>\n<link rel=\"canonical\" href=\"https:\/\/voyagerr.com\/da\/om-os\/wearemodaxo\/\" \/>\n<meta property=\"og:locale\" content=\"da_DK\" \/>\n<meta property=\"og:type\" content=\"article\" \/>\n<meta property=\"og:title\" content=\"#WeAreModaxo - Voyagerr Demand Response\" \/>\n<meta property=\"og:url\" content=\"https:\/\/voyagerr.com\/da\/om-os\/wearemodaxo\/\" \/>\n<meta property=\"og:site_name\" content=\"Voyagerr Demand Response\" \/>\n<meta property=\"article:modified_time\" content=\"2023-09-12T12:56:11+00:00\" \/>\n<meta property=\"og:image\" content=\"https:\/\/voyagerr.com\/wp-content\/uploads\/2023\/08\/breathing.jpg\" \/>\n\t<meta property=\"og:image:width\" content=\"1800\" \/>\n\t<meta property=\"og:image:height\" content=\"1200\" \/>\n\t<meta property=\"og:image:type\" content=\"image\/jpeg\" \/>\n<meta name=\"twitter:card\" content=\"summary_large_image\" \/>\n<meta name=\"twitter:label1\" content=\"Estimeret l\u00e6setid\" \/>\n\t<meta name=\"twitter:data1\" content=\"8 minutter\" \/>\n<script type=\"application\/ld+json\" class=\"yoast-schema-graph\">{\"@context\":\"https:\/\/schema.org\",\"@graph\":[{\"@type\":\"WebPage\",\"@id\":\"https:\/\/voyagerr.com\/da\/om-os\/wearemodaxo\/\",\"url\":\"https:\/\/voyagerr.com\/da\/om-os\/wearemodaxo\/\",\"name\":\"#WeAreModaxo - Voyagerr Demand Response\",\"isPartOf\":{\"@id\":\"https:\/\/voyagerr.com\/da\/#website\"},\"primaryImageOfPage\":{\"@id\":\"https:\/\/voyagerr.com\/da\/om-os\/wearemodaxo\/#primaryimage\"},\"image\":{\"@id\":\"https:\/\/voyagerr.com\/da\/om-os\/wearemodaxo\/#primaryimage\"},\"thumbnailUrl\":\"https:\/\/voyagerr.com\/wp-content\/uploads\/2025\/11\/Modaxo_image.jpg\",\"datePublished\":\"2023-05-07T06:38:19+00:00\",\"dateModified\":\"2023-09-12T12:56:11+00:00\",\"breadcrumb\":{\"@id\":\"https:\/\/voyagerr.com\/da\/om-os\/wearemodaxo\/#breadcrumb\"},\"inLanguage\":\"da-DK\",\"potentialAction\":[{\"@type\":\"ReadAction\",\"target\":[\"https:\/\/voyagerr.com\/da\/om-os\/wearemodaxo\/\"]}]},{\"@type\":\"ImageObject\",\"inLanguage\":\"da-DK\",\"@id\":\"https:\/\/voyagerr.com\/da\/om-os\/wearemodaxo\/#primaryimage\",\"url\":\"https:\/\/voyagerr.com\/wp-content\/uploads\/2025\/11\/Modaxo_image.jpg\",\"contentUrl\":\"https:\/\/voyagerr.com\/wp-content\/uploads\/2025\/11\/Modaxo_image.jpg\",\"width\":1800,\"height\":1200},{\"@type\":\"BreadcrumbList\",\"@id\":\"https:\/\/voyagerr.com\/da\/om-os\/wearemodaxo\/#breadcrumb\",\"itemListElement\":[{\"@type\":\"ListItem\",\"position\":1,\"name\":\"Home\",\"item\":\"https:\/\/voyagerr.com\/da\/\"},{\"@type\":\"ListItem\",\"position\":2,\"name\":\"Om os\",\"item\":\"https:\/\/voyagerr.com\/da\/om-os\/\"},{\"@type\":\"ListItem\",\"position\":3,\"name\":\"#WeAreModaxo\"}]},{\"@type\":\"WebSite\",\"@id\":\"https:\/\/voyagerr.com\/da\/#website\",\"url\":\"https:\/\/voyagerr.com\/da\/\",\"name\":\"Voyagerr Demand Response\",\"description\":\"Making every journey matter\",\"potentialAction\":[{\"@type\":\"SearchAction\",\"target\":{\"@type\":\"EntryPoint\",\"urlTemplate\":\"https:\/\/voyagerr.com\/da\/?s={search_term_string}\"},\"query-input\":{\"@type\":\"PropertyValueSpecification\",\"valueRequired\":true,\"valueName\":\"search_term_string\"}}],\"inLanguage\":\"da-DK\"}]}<\/script>\n<!-- \/ Yoast SEO plugin. -->","yoast_head_json":{"title":"#WeAreModaxo - Voyagerr Demand Response","robots":{"index":"index","follow":"follow","max-snippet":"max-snippet:-1","max-image-preview":"max-image-preview:large","max-video-preview":"max-video-preview:-1"},"canonical":"https:\/\/voyagerr.com\/da\/om-os\/wearemodaxo\/","og_locale":"da_DK","og_type":"article","og_title":"#WeAreModaxo - Voyagerr Demand Response","og_url":"https:\/\/voyagerr.com\/da\/om-os\/wearemodaxo\/","og_site_name":"Voyagerr Demand Response","article_modified_time":"2023-09-12T12:56:11+00:00","og_image":[{"width":1800,"height":1200,"url":"https:\/\/voyagerr.com\/wp-content\/uploads\/2023\/08\/breathing.jpg","type":"image\/jpeg"}],"twitter_card":"summary_large_image","twitter_misc":{"Estimeret l\u00e6setid":"8 minutter"},"schema":{"@context":"https:\/\/schema.org","@graph":[{"@type":"WebPage","@id":"https:\/\/voyagerr.com\/da\/om-os\/wearemodaxo\/","url":"https:\/\/voyagerr.com\/da\/om-os\/wearemodaxo\/","name":"#WeAreModaxo - Voyagerr Demand Response","isPartOf":{"@id":"https:\/\/voyagerr.com\/da\/#website"},"primaryImageOfPage":{"@id":"https:\/\/voyagerr.com\/da\/om-os\/wearemodaxo\/#primaryimage"},"image":{"@id":"https:\/\/voyagerr.com\/da\/om-os\/wearemodaxo\/#primaryimage"},"thumbnailUrl":"https:\/\/voyagerr.com\/wp-content\/uploads\/2025\/11\/Modaxo_image.jpg","datePublished":"2023-05-07T06:38:19+00:00","dateModified":"2023-09-12T12:56:11+00:00","breadcrumb":{"@id":"https:\/\/voyagerr.com\/da\/om-os\/wearemodaxo\/#breadcrumb"},"inLanguage":"da-DK","potentialAction":[{"@type":"ReadAction","target":["https:\/\/voyagerr.com\/da\/om-os\/wearemodaxo\/"]}]},{"@type":"ImageObject","inLanguage":"da-DK","@id":"https:\/\/voyagerr.com\/da\/om-os\/wearemodaxo\/#primaryimage","url":"https:\/\/voyagerr.com\/wp-content\/uploads\/2025\/11\/Modaxo_image.jpg","contentUrl":"https:\/\/voyagerr.com\/wp-content\/uploads\/2025\/11\/Modaxo_image.jpg","width":1800,"height":1200},{"@type":"BreadcrumbList","@id":"https:\/\/voyagerr.com\/da\/om-os\/wearemodaxo\/#breadcrumb","itemListElement":[{"@type":"ListItem","position":1,"name":"Home","item":"https:\/\/voyagerr.com\/da\/"},{"@type":"ListItem","position":2,"name":"Om os","item":"https:\/\/voyagerr.com\/da\/om-os\/"},{"@type":"ListItem","position":3,"name":"#WeAreModaxo"}]},{"@type":"WebSite","@id":"https:\/\/voyagerr.com\/da\/#website","url":"https:\/\/voyagerr.com\/da\/","name":"Voyagerr Demand Response","description":"Making every journey matter","potentialAction":[{"@type":"SearchAction","target":{"@type":"EntryPoint","urlTemplate":"https:\/\/voyagerr.com\/da\/?s={search_term_string}"},"query-input":{"@type":"PropertyValueSpecification","valueRequired":true,"valueName":"search_term_string"}}],"inLanguage":"da-DK"}]}},"_links":{"self":[{"href":"https:\/\/voyagerr.com\/da\/wp-json\/wp\/v2\/pages\/10067","targetHints":{"allow":["GET"]}}],"collection":[{"href":"https:\/\/voyagerr.com\/da\/wp-json\/wp\/v2\/pages"}],"about":[{"href":"https:\/\/voyagerr.com\/da\/wp-json\/wp\/v2\/types\/page"}],"author":[{"embeddable":true,"href":"https:\/\/voyagerr.com\/da\/wp-json\/wp\/v2\/users\/2"}],"replies":[{"embeddable":true,"href":"https:\/\/voyagerr.com\/da\/wp-json\/wp\/v2\/comments?post=10067"}],"version-history":[{"count":13,"href":"https:\/\/voyagerr.com\/da\/wp-json\/wp\/v2\/pages\/10067\/revisions"}],"predecessor-version":[{"id":10102,"href":"https:\/\/voyagerr.com\/da\/wp-json\/wp\/v2\/pages\/10067\/revisions\/10102"}],"up":[{"embeddable":true,"href":"https:\/\/voyagerr.com\/da\/wp-json\/wp\/v2\/pages\/10071"}],"wp:featuredmedia":[{"embeddable":true,"href":"https:\/\/voyagerr.com\/da\/wp-json\/wp\/v2\/media\/17874"}],"wp:attachment":[{"href":"https:\/\/voyagerr.com\/da\/wp-json\/wp\/v2\/media?parent=10067"}],"curies":[{"name":"wp","href":"https:\/\/api.w.org\/{rel}","templated":true}]}}