{"id":10059,"date":"2023-05-29T10:43:19","date_gmt":"2023-05-29T10:43:19","guid":{"rendered":"https:\/\/voyagerr.com\/vores-vision-og-historie\/"},"modified":"2023-11-21T08:40:28","modified_gmt":"2023-11-21T08:40:28","slug":"vores-vision-og-historie","status":"publish","type":"page","link":"https:\/\/voyagerr.com\/da\/om-os\/vores-vision-og-historie\/","title":{"rendered":"Vores vision og historie"},"content":{"rendered":"<p><div class=\"fusion-fullwidth fullwidth-box fusion-builder-row-1 fusion-flex-container has-pattern-background has-mask-background nonhundred-percent-fullwidth non-hundred-percent-height-scrolling\" style=\"--awb-border-radius-top-left:0px;--awb-border-radius-top-right:0px;--awb-border-radius-bottom-right:0px;--awb-border-radius-bottom-left:0px;--awb-padding-top:0px;--awb-flex-wrap:wrap;\" ><div class=\"fusion-builder-row fusion-row fusion-flex-align-items-flex-start fusion-flex-justify-content-center fusion-flex-content-wrap\" style=\"max-width:1248px;margin-left: calc(-4% \/ 2 );margin-right: calc(-4% \/ 2 );\"><div class=\"fusion-layout-column fusion_builder_column fusion-builder-column-0 fusion_builder_column_1_1 1_1 fusion-flex-column\" style=\"--awb-bg-size:cover;--awb-width-large:100%;--awb-margin-top-large:0px;--awb-spacing-right-large:1.92%;--awb-margin-bottom-large:20px;--awb-spacing-left-large:1.92%;--awb-width-medium:100%;--awb-order-medium:0;--awb-spacing-right-medium:1.92%;--awb-spacing-left-medium:1.92%;--awb-width-small:100%;--awb-order-small:0;--awb-spacing-right-small:1.92%;--awb-spacing-left-small:1.92%;\"><div class=\"fusion-column-wrapper fusion-column-has-shadow fusion-flex-justify-content-flex-start fusion-content-layout-column\"><div class=\"fusion-text fusion-text-1\" style=\"--awb-font-size:40px;--awb-text-color:#000000;--awb-margin-top:20px;--awb-text-font-family:&quot;Plus Jakarta Sans&quot;;--awb-text-font-style:normal;--awb-text-font-weight:500;\"><p style=\"font-weight: 400; text-align: center;\"><strong>We are passionate about mobility for all<br \/>\n&#8211; making every journey matter.<\/strong><\/p>\n<\/div><div class=\"fusion-text fusion-text-2\" style=\"--awb-margin-top:30px;\"><p style=\"text-align: center;\"><b>Voyagerr tilbyder teknologil\u00f8sninger, der hj\u00e6lper f\u00e6llesskaber levere b\u00e6redygtig mobilitet til alle.<\/b><\/p>\n<\/div><\/div><\/div><\/div><\/div><div class=\"fusion-fullwidth fullwidth-box fusion-builder-row-2 fusion-flex-container has-pattern-background has-mask-background nonhundred-percent-fullwidth non-hundred-percent-height-scrolling\" style=\"--awb-border-radius-top-left:0px;--awb-border-radius-top-right:0px;--awb-border-radius-bottom-right:0px;--awb-border-radius-bottom-left:0px;--awb-flex-wrap:wrap;\" ><div class=\"fusion-builder-row fusion-row fusion-flex-align-items-flex-start fusion-flex-content-wrap\" style=\"max-width:1248px;margin-left: calc(-4% \/ 2 );margin-right: calc(-4% \/ 2 );\"><div class=\"fusion-layout-column fusion_builder_column fusion-builder-column-1 fusion_builder_column_1_1 1_1 fusion-flex-column\" style=\"--awb-bg-size:cover;--awb-width-large:100%;--awb-margin-top-large:0px;--awb-spacing-right-large:1.92%;--awb-margin-bottom-large:20px;--awb-spacing-left-large:1.92%;--awb-width-medium:100%;--awb-order-medium:0;--awb-spacing-right-medium:1.92%;--awb-spacing-left-medium:1.92%;--awb-width-small:100%;--awb-order-small:0;--awb-spacing-right-small:1.92%;--awb-spacing-left-small:1.92%;\"><div class=\"fusion-column-wrapper fusion-column-has-shadow fusion-flex-justify-content-flex-start fusion-content-layout-column\"><div class=\"fusion-text fusion-text-3\" style=\"--awb-content-alignment:center;\" id=\"about-us-vide-width-mobile\"><div class=\"video-shortcode\"><iframe class=\"wp-embedded-content\" sandbox=\"allow-scripts\" security=\"restricted\" title=\"Voyagerr - intro - Dansk Video\" src=\"https:\/\/fast.wistia.net\/embed\/iframe\/rvgr1hbq66?dnt=1#?secret=Bnen1ObLjN\" data-secret=\"Bnen1ObLjN\" frameborder=\"0\" scrolling=\"no\" width=\"960\" height=\"540\"><\/iframe><\/div>\n<\/div><\/div><\/div><\/div><\/div><div class=\"fusion-fullwidth fullwidth-box fusion-builder-row-3 fusion-flex-container has-pattern-background has-mask-background nonhundred-percent-fullwidth non-hundred-percent-height-scrolling\" style=\"--awb-border-radius-top-left:0px;--awb-border-radius-top-right:0px;--awb-border-radius-bottom-right:0px;--awb-border-radius-bottom-left:0px;--awb-padding-top:96px;--awb-padding-bottom:85px;--awb-background-image:linear-gradient(218deg, var(--awb-custom_color_4) 0%,var(--awb-custom_color_5) 100%);--awb-flex-wrap:wrap;\" ><div class=\"fusion-builder-row fusion-row fusion-flex-align-items-flex-start fusion-flex-justify-content-center fusion-flex-content-wrap\" style=\"max-width:1248px;margin-left: calc(-4% \/ 2 );margin-right: calc(-4% \/ 2 );\"><div class=\"fusion-layout-column fusion_builder_column fusion-builder-column-2 fusion_builder_column_1_1 1_1 fusion-flex-column\" style=\"--awb-padding-right:176px;--awb-padding-left:177px;--awb-bg-size:cover;--awb-width-large:100%;--awb-margin-top-large:0px;--awb-spacing-right-large:1.92%;--awb-margin-bottom-large:61px;--awb-spacing-left-large:1.92%;--awb-width-medium:100%;--awb-order-medium:0;--awb-spacing-right-medium:1.92%;--awb-spacing-left-medium:1.92%;--awb-width-small:100%;--awb-order-small:0;--awb-spacing-right-small:1.92%;--awb-spacing-left-small:1.92%;\"><div class=\"fusion-column-wrapper fusion-column-has-shadow fusion-flex-justify-content-flex-start fusion-content-layout-column\"><div class=\"fusion-text fusion-text-4\"><h4 class=\"fusion-responsive-typography-calculated\" style=\"--fontsize: 28.43; line-height: 1.4;\" data-fontsize=\"28.43\" data-lineheight=\"39.802px\">Voyagerrs historie \u2013 30+ \u00e5r med teknologi til on-demand transport<\/h4>\n<p>Voyagerr blev skabt i 2023 ved en rebranding af den tidligere skandinaviske og nordeurop\u00e6iske Trapeze Europe Demand Response forretning sammenlagt med PLANit Sweden AB og Malmator \u2013 for at kunne have fuldt fokus p\u00e5 at m\u00f8de behov for teknologil\u00f8sninger til ny mobilitet hos europ\u00e6iske offentlige transportmyndigheder og operat\u00f8rer af offentlig transport.<\/p>\n<p>Med Voyagerrs fokus p\u00e5 demand response teknologi kan eksisterende og fremtidige kunder s\u00e5ledes f\u00e5 gl\u00e6de af Trapezes, PLANits og Malmators mere end 30 \u00e5rs specialisterfaring med dette omr\u00e5de. Derudover kan de forvente et endnu skarpere fokus p\u00e5 teknologil\u00f8sninger, der underst\u00f8tter ny mobilitet for alle typer af passagerer. Voyagerr brandet kan dermed vokse og udvikle sig sammen med demand response operat\u00f8rer og myndigheder inden for offentlig transport, passagerne og deres communities.<\/p>\n<p>Voyagerr er en del af Modaxos portfolio, og har som s\u00e5dan vedv\u00e6rende adgang til viden om best practise og andre ressourcer fra et bredt netv\u00e6rk af lignende virksomheder.<\/p>\n<\/div><\/div><\/div><\/div><\/div><div class=\"fusion-fullwidth fullwidth-box fusion-builder-row-4 fusion-flex-container has-pattern-background has-mask-background nonhundred-percent-fullwidth non-hundred-percent-height-scrolling\" style=\"--awb-border-radius-top-left:0px;--awb-border-radius-top-right:0px;--awb-border-radius-bottom-right:0px;--awb-border-radius-bottom-left:0px;--awb-flex-wrap:wrap;\" ><div class=\"fusion-builder-row fusion-row fusion-flex-align-items-stretch fusion-flex-content-wrap\" style=\"max-width:1248px;margin-left: calc(-4% \/ 2 );margin-right: calc(-4% \/ 2 );\"><div class=\"fusion-layout-column fusion_builder_column fusion-builder-column-3 fusion_builder_column_1_2 1_2 fusion-flex-column\" style=\"--awb-bg-size:cover;--awb-width-large:50%;--awb-margin-top-large:30px;--awb-spacing-right-large:3.84%;--awb-margin-bottom-large:20px;--awb-spacing-left-large:3.84%;--awb-width-medium:50%;--awb-order-medium:0;--awb-spacing-right-medium:3.84%;--awb-spacing-left-medium:3.84%;--awb-width-small:100%;--awb-order-small:0;--awb-spacing-right-small:1.92%;--awb-spacing-left-small:1.92%;\"><div class=\"fusion-column-wrapper fusion-column-has-shadow fusion-flex-justify-content-flex-start fusion-content-layout-column\"><div class=\"fusion-image-element \" style=\"--awb-aspect-ratio:4 \/ 3;--awb-caption-title-font-family:var(--h2_typography-font-family);--awb-caption-title-font-weight:var(--h2_typography-font-weight);--awb-caption-title-font-style:var(--h2_typography-font-style);--awb-caption-title-size:var(--h2_typography-font-size);--awb-caption-title-transform:var(--h2_typography-text-transform);--awb-caption-title-line-height:var(--h2_typography-line-height);--awb-caption-title-letter-spacing:var(--h2_typography-letter-spacing);\"><span class=\" fusion-imageframe imageframe-none imageframe-1 hover-type-zoomin has-aspect-ratio\"><img decoding=\"async\" width=\"300\" height=\"200\" title=\"mobility_for_all\" src=\"https:\/\/voyagerr.com\/wp-content\/uploads\/2023\/05\/mobility_for_all.jpg\" data-orig-src=\"https:\/\/voyagerr.com\/wp-content\/uploads\/2023\/05\/mobility_for_all-300x200.jpg\" class=\"lazyload img-responsive wp-image-7243 img-with-aspect-ratio\" data-parent-fit=\"cover\" data-parent-container=\".fusion-image-element\" alt srcset=\"data:image\/svg+xml,%3Csvg%20xmlns%3D%27http%3A%2F%2Fwww.w3.org%2F2000%2Fsvg%27%20width%3D%271800%27%20height%3D%271200%27%20viewBox%3D%270%200%201800%201200%27%3E%3Crect%20width%3D%271800%27%20height%3D%271200%27%20fill-opacity%3D%220%22%2F%3E%3C%2Fsvg%3E\" data-srcset=\"https:\/\/voyagerr.com\/wp-content\/uploads\/2023\/05\/mobility_for_all-200x133.jpg 200w, https:\/\/voyagerr.com\/wp-content\/uploads\/2023\/05\/mobility_for_all-400x267.jpg 400w, https:\/\/voyagerr.com\/wp-content\/uploads\/2023\/05\/mobility_for_all-600x400.jpg 600w, https:\/\/voyagerr.com\/wp-content\/uploads\/2023\/05\/mobility_for_all-800x533.jpg 800w, https:\/\/voyagerr.com\/wp-content\/uploads\/2023\/05\/mobility_for_all-1200x800.jpg 1200w, https:\/\/voyagerr.com\/wp-content\/uploads\/2023\/05\/mobility_for_all.jpg 1800w\" data-sizes=\"auto\" data-orig-sizes=\"(max-width: 700px) 100vw, 600px\" \/><\/span><\/div><div class=\"fusion-text fusion-text-5\"><div>\n<h4>Vi tror p\u00e5\u2026<\/h4>\n<\/div>\n<ul>\n<li>Mobilitet for alle \u2013 p\u00e5lidelige, sikre og sammenh\u00e6ngende rejser.<\/li>\n<li>Udvikling af p\u00e5lidelig og sikker teknologi, der hj\u00e6lper operat\u00f8rer af offentlig tranport med at underst\u00f8tte og udvikle deres forretning og tilbyde best mulige services til deres passagerer<\/li>\n<li>Tilbyde transportmyndigheder i byer og regioner v\u00e6rkt\u00f8jer til effektivt at tilrettel\u00e6gge og administrere services inden for mobilitet \u2013 nu og i fremtiden \u2013 og vedvarende g\u00f8re passageroplevelsen endnu bedre.<\/li>\n<li>On-demand transport spiller en stadig vigtigere rolle i at reducere udledningen af kulstoffer og forbedre trafikken i byer.<\/li>\n<\/ul>\n<\/div><\/div><\/div><div class=\"fusion-layout-column fusion_builder_column fusion-builder-column-4 fusion_builder_column_1_2 1_2 fusion-flex-column\" style=\"--awb-bg-size:cover;--awb-width-large:50%;--awb-margin-top-large:30px;--awb-spacing-right-large:3.84%;--awb-margin-bottom-large:20px;--awb-spacing-left-large:3.84%;--awb-width-medium:50%;--awb-order-medium:0;--awb-spacing-right-medium:3.84%;--awb-spacing-left-medium:3.84%;--awb-width-small:100%;--awb-order-small:0;--awb-spacing-right-small:1.92%;--awb-spacing-left-small:1.92%;\"><div class=\"fusion-column-wrapper fusion-column-has-shadow fusion-flex-justify-content-flex-start fusion-content-layout-column\"><div class=\"fusion-image-element \" style=\"--awb-aspect-ratio:4 \/ 3;--awb-caption-title-font-family:var(--h2_typography-font-family);--awb-caption-title-font-weight:var(--h2_typography-font-weight);--awb-caption-title-font-style:var(--h2_typography-font-style);--awb-caption-title-size:var(--h2_typography-font-size);--awb-caption-title-transform:var(--h2_typography-text-transform);--awb-caption-title-line-height:var(--h2_typography-line-height);--awb-caption-title-letter-spacing:var(--h2_typography-letter-spacing);\"><span class=\" fusion-imageframe imageframe-none imageframe-2 hover-type-zoomin has-aspect-ratio\"><img decoding=\"async\" width=\"300\" height=\"200\" title=\"we_are_modaxo-hashtag\" src=\"https:\/\/voyagerr.com\/wp-content\/uploads\/2023\/05\/we_are_modaxo-hashtag.png\" data-orig-src=\"https:\/\/voyagerr.com\/wp-content\/uploads\/2023\/05\/we_are_modaxo-hashtag-300x200.png\" class=\"lazyload img-responsive wp-image-7236 img-with-aspect-ratio\" data-parent-fit=\"cover\" data-parent-container=\".fusion-image-element\" alt srcset=\"data:image\/svg+xml,%3Csvg%20xmlns%3D%27http%3A%2F%2Fwww.w3.org%2F2000%2Fsvg%27%20width%3D%271800%27%20height%3D%271200%27%20viewBox%3D%270%200%201800%201200%27%3E%3Crect%20width%3D%271800%27%20height%3D%271200%27%20fill-opacity%3D%220%22%2F%3E%3C%2Fsvg%3E\" data-srcset=\"https:\/\/voyagerr.com\/wp-content\/uploads\/2023\/05\/we_are_modaxo-hashtag-200x133.png 200w, https:\/\/voyagerr.com\/wp-content\/uploads\/2023\/05\/we_are_modaxo-hashtag-400x267.png 400w, https:\/\/voyagerr.com\/wp-content\/uploads\/2023\/05\/we_are_modaxo-hashtag-600x400.png 600w, https:\/\/voyagerr.com\/wp-content\/uploads\/2023\/05\/we_are_modaxo-hashtag-800x533.png 800w, https:\/\/voyagerr.com\/wp-content\/uploads\/2023\/05\/we_are_modaxo-hashtag-1200x800.png 1200w, https:\/\/voyagerr.com\/wp-content\/uploads\/2023\/05\/we_are_modaxo-hashtag.png 1800w\" data-sizes=\"auto\" data-orig-sizes=\"(max-width: 700px) 100vw, 600px\" \/><\/span><\/div><div class=\"fusion-text fusion-text-6\"><h4>Vi er en del af Modaxo<\/h4>\n<p>Modaxos filosofi er er invistere i, udvikle og v\u00e6kste virksomheder inden for persontransportomr\u00e5det \u2013 og beholde dem. Det betyder, at et samarbejde med en Modaxo-virksomhed er en sikker vej til et langvarigt samarbejde.<\/p>\n<p>Modaxo-virksomhedernes succeshistorier er baseret p\u00e5 levering af innovative teknologil\u00f8sninger i samspil med dygtige specialister, der har et stort kendskab til deres regioner og markeder.<\/p>\n<\/div><div class=\"fusion-separator fusion-full-width-sep\" style=\"align-self: center;margin-left: auto;margin-right: auto;flex-grow:10;width:100%;\"><\/div><div ><a class=\"fusion-button button-flat fusion-button-default-size button-default fusion-button-default button-1 fusion-button-default-span fusion-button-default-type\" style=\"--button_margin-top:10px;--button_margin-bottom:30px;\" target=\"_blank\" rel=\"noopener noreferrer\" href=\"https:\/\/voyagerr.com\/about-us\/wearemodaxo\/\"><span class=\"fusion-button-text awb-button__text awb-button__text--default\">Mere om Modaxo <\/span><\/a><\/div><\/div><\/div><\/div><\/div><div class=\"fusion-fullwidth fullwidth-box fusion-builder-row-5 fusion-flex-container has-pattern-background has-mask-background nonhundred-percent-fullwidth non-hundred-percent-height-scrolling\" style=\"--awb-border-radius-top-left:0px;--awb-border-radius-top-right:0px;--awb-border-radius-bottom-right:0px;--awb-border-radius-bottom-left:0px;--awb-padding-top:96px;--awb-padding-bottom:85px;--awb-background-image:linear-gradient(218deg, var(--awb-custom_color_4) 0%,var(--awb-custom_color_5) 100%);--awb-flex-wrap:wrap;\" ><div class=\"fusion-builder-row fusion-row fusion-flex-align-items-flex-start fusion-flex-justify-content-center fusion-flex-content-wrap\" style=\"max-width:1248px;margin-left: calc(-4% \/ 2 );margin-right: calc(-4% \/ 2 );\"><div class=\"fusion-layout-column fusion_builder_column fusion-builder-column-5 fusion_builder_column_1_1 1_1 fusion-flex-column\" style=\"--awb-padding-right:176px;--awb-padding-left:177px;--awb-bg-size:cover;--awb-width-large:100%;--awb-margin-top-large:0px;--awb-spacing-right-large:1.92%;--awb-margin-bottom-large:61px;--awb-spacing-left-large:1.92%;--awb-width-medium:100%;--awb-order-medium:0;--awb-spacing-right-medium:1.92%;--awb-spacing-left-medium:1.92%;--awb-width-small:100%;--awb-order-small:0;--awb-spacing-right-small:1.92%;--awb-spacing-left-small:1.92%;\"><div class=\"fusion-column-wrapper fusion-column-has-shadow fusion-flex-justify-content-flex-start fusion-content-layout-column\"><div class=\"fusion-text fusion-text-7\"><h4 class=\"\" style=\"--fontsize: 28.43; line-height: 1.4;\" data-fontsize=\"28.43\" data-lineheight=\"39.802px\"><strong>Navnet Voyagerr \u2026<\/strong><\/h4>\n<p>Voyagerr fokuserer udelukkende p\u00e5 at im\u00f8dekomme behovet for teknologil\u00f8sninger inden for ny mobilitet hos europ\u00e6iske transportmyndigheder og operat\u00f8rer. <span style=\"background-color: var(--awb-bg-color-hover); color: var(--awb-text-color); font-family: var(--awb-text-font-family); font-size: var(--awb-font-size); font-style: var(--awb-text-font-style); font-weight: var(--awb-text-font-weight); letter-spacing: var(--awb-letter-spacing); text-align: var(--awb-content-alignment); text-transform: var(--awb-text-transform);\">Navnet kan associeres med passagerer, rejser og daglig transport. P\u00e5 et mere overordnet plan kan det ogs\u00e5 associeres med innovation og rejsen ind i fremtiden, da Voyagerrs l\u00f8sninger er bygget p\u00e5 avanceret teknologi med en konstant udvikling og tilf\u00f8jelse af ny funktionalitet.<\/span><\/p>\n<p>Det ekstra <b>\u2019r\u2019<\/b> i slutningen af navnet er stumpt. Det kan associeres med udvidelser \u2013 dvs. forl\u00e6ngede rejser og udvidede l\u00f8sninger \u2013 og respons p\u00e5 passagerbehov og \u00f8nsker og behov hos vores kunder.<\/p>\n<\/div><\/div><\/div><\/div><\/div><\/p>\n","protected":false},"excerpt":{"rendered":"","protected":false},"author":2,"featured_media":7218,"parent":10071,"menu_order":0,"comment_status":"closed","ping_status":"closed","template":"100-width.php","meta":{"content-type":"","footnotes":""},"class_list":["post-10059","page","type-page","status-publish","has-post-thumbnail","hentry"],"yoast_head":"<!-- This site is optimized with the Yoast SEO plugin v27.0 - https:\/\/yoast.com\/product\/yoast-seo-wordpress\/ -->\n<title>Vores vision og historie - Voyagerr Demand Response<\/title>\n<meta name=\"robots\" content=\"index, follow, max-snippet:-1, max-image-preview:large, max-video-preview:-1\" \/>\n<link rel=\"canonical\" href=\"https:\/\/voyagerr.com\/da\/om-os\/vores-vision-og-historie\/\" \/>\n<meta property=\"og:locale\" content=\"da_DK\" \/>\n<meta property=\"og:type\" content=\"article\" \/>\n<meta property=\"og:title\" content=\"Vores vision og historie - Voyagerr Demand Response\" \/>\n<meta property=\"og:url\" content=\"https:\/\/voyagerr.com\/da\/om-os\/vores-vision-og-historie\/\" \/>\n<meta property=\"og:site_name\" content=\"Voyagerr Demand Response\" \/>\n<meta property=\"article:modified_time\" content=\"2023-11-21T08:40:28+00:00\" \/>\n<meta property=\"og:image\" content=\"https:\/\/voyagerr.com\/wp-content\/uploads\/2023\/05\/Vision_new_mobility.jpg\" \/>\n\t<meta property=\"og:image:width\" content=\"1800\" \/>\n\t<meta property=\"og:image:height\" content=\"1200\" \/>\n\t<meta property=\"og:image:type\" content=\"image\/jpeg\" \/>\n<meta name=\"twitter:card\" content=\"summary_large_image\" \/>\n<meta name=\"twitter:label1\" content=\"Estimeret l\u00e6setid\" \/>\n\t<meta name=\"twitter:data1\" content=\"6 minutter\" \/>\n<script type=\"application\/ld+json\" class=\"yoast-schema-graph\">{\"@context\":\"https:\/\/schema.org\",\"@graph\":[{\"@type\":\"WebPage\",\"@id\":\"https:\/\/voyagerr.com\/da\/om-os\/vores-vision-og-historie\/\",\"url\":\"https:\/\/voyagerr.com\/da\/om-os\/vores-vision-og-historie\/\",\"name\":\"Vores vision og historie - Voyagerr Demand Response\",\"isPartOf\":{\"@id\":\"https:\/\/voyagerr.com\/da\/#website\"},\"primaryImageOfPage\":{\"@id\":\"https:\/\/voyagerr.com\/da\/om-os\/vores-vision-og-historie\/#primaryimage\"},\"image\":{\"@id\":\"https:\/\/voyagerr.com\/da\/om-os\/vores-vision-og-historie\/#primaryimage\"},\"thumbnailUrl\":\"https:\/\/voyagerr.com\/wp-content\/uploads\/2023\/05\/Vision_new_mobility.jpg\",\"datePublished\":\"2023-05-29T10:43:19+00:00\",\"dateModified\":\"2023-11-21T08:40:28+00:00\",\"breadcrumb\":{\"@id\":\"https:\/\/voyagerr.com\/da\/om-os\/vores-vision-og-historie\/#breadcrumb\"},\"inLanguage\":\"da-DK\",\"potentialAction\":[{\"@type\":\"ReadAction\",\"target\":[\"https:\/\/voyagerr.com\/da\/om-os\/vores-vision-og-historie\/\"]}]},{\"@type\":\"ImageObject\",\"inLanguage\":\"da-DK\",\"@id\":\"https:\/\/voyagerr.com\/da\/om-os\/vores-vision-og-historie\/#primaryimage\",\"url\":\"https:\/\/voyagerr.com\/wp-content\/uploads\/2023\/05\/Vision_new_mobility.jpg\",\"contentUrl\":\"https:\/\/voyagerr.com\/wp-content\/uploads\/2023\/05\/Vision_new_mobility.jpg\",\"width\":1800,\"height\":1200},{\"@type\":\"BreadcrumbList\",\"@id\":\"https:\/\/voyagerr.com\/da\/om-os\/vores-vision-og-historie\/#breadcrumb\",\"itemListElement\":[{\"@type\":\"ListItem\",\"position\":1,\"name\":\"Home\",\"item\":\"https:\/\/voyagerr.com\/da\/\"},{\"@type\":\"ListItem\",\"position\":2,\"name\":\"Om os\",\"item\":\"https:\/\/voyagerr.com\/da\/om-os\/\"},{\"@type\":\"ListItem\",\"position\":3,\"name\":\"Vores vision og historie\"}]},{\"@type\":\"WebSite\",\"@id\":\"https:\/\/voyagerr.com\/da\/#website\",\"url\":\"https:\/\/voyagerr.com\/da\/\",\"name\":\"Voyagerr Demand Response\",\"description\":\"Making every journey matter\",\"potentialAction\":[{\"@type\":\"SearchAction\",\"target\":{\"@type\":\"EntryPoint\",\"urlTemplate\":\"https:\/\/voyagerr.com\/da\/?s={search_term_string}\"},\"query-input\":{\"@type\":\"PropertyValueSpecification\",\"valueRequired\":true,\"valueName\":\"search_term_string\"}}],\"inLanguage\":\"da-DK\"}]}<\/script>\n<!-- \/ Yoast SEO plugin. -->","yoast_head_json":{"title":"Vores vision og historie - Voyagerr Demand Response","robots":{"index":"index","follow":"follow","max-snippet":"max-snippet:-1","max-image-preview":"max-image-preview:large","max-video-preview":"max-video-preview:-1"},"canonical":"https:\/\/voyagerr.com\/da\/om-os\/vores-vision-og-historie\/","og_locale":"da_DK","og_type":"article","og_title":"Vores vision og historie - Voyagerr Demand Response","og_url":"https:\/\/voyagerr.com\/da\/om-os\/vores-vision-og-historie\/","og_site_name":"Voyagerr Demand Response","article_modified_time":"2023-11-21T08:40:28+00:00","og_image":[{"width":1800,"height":1200,"url":"https:\/\/voyagerr.com\/wp-content\/uploads\/2023\/05\/Vision_new_mobility.jpg","type":"image\/jpeg"}],"twitter_card":"summary_large_image","twitter_misc":{"Estimeret l\u00e6setid":"6 minutter"},"schema":{"@context":"https:\/\/schema.org","@graph":[{"@type":"WebPage","@id":"https:\/\/voyagerr.com\/da\/om-os\/vores-vision-og-historie\/","url":"https:\/\/voyagerr.com\/da\/om-os\/vores-vision-og-historie\/","name":"Vores vision og historie - Voyagerr Demand Response","isPartOf":{"@id":"https:\/\/voyagerr.com\/da\/#website"},"primaryImageOfPage":{"@id":"https:\/\/voyagerr.com\/da\/om-os\/vores-vision-og-historie\/#primaryimage"},"image":{"@id":"https:\/\/voyagerr.com\/da\/om-os\/vores-vision-og-historie\/#primaryimage"},"thumbnailUrl":"https:\/\/voyagerr.com\/wp-content\/uploads\/2023\/05\/Vision_new_mobility.jpg","datePublished":"2023-05-29T10:43:19+00:00","dateModified":"2023-11-21T08:40:28+00:00","breadcrumb":{"@id":"https:\/\/voyagerr.com\/da\/om-os\/vores-vision-og-historie\/#breadcrumb"},"inLanguage":"da-DK","potentialAction":[{"@type":"ReadAction","target":["https:\/\/voyagerr.com\/da\/om-os\/vores-vision-og-historie\/"]}]},{"@type":"ImageObject","inLanguage":"da-DK","@id":"https:\/\/voyagerr.com\/da\/om-os\/vores-vision-og-historie\/#primaryimage","url":"https:\/\/voyagerr.com\/wp-content\/uploads\/2023\/05\/Vision_new_mobility.jpg","contentUrl":"https:\/\/voyagerr.com\/wp-content\/uploads\/2023\/05\/Vision_new_mobility.jpg","width":1800,"height":1200},{"@type":"BreadcrumbList","@id":"https:\/\/voyagerr.com\/da\/om-os\/vores-vision-og-historie\/#breadcrumb","itemListElement":[{"@type":"ListItem","position":1,"name":"Home","item":"https:\/\/voyagerr.com\/da\/"},{"@type":"ListItem","position":2,"name":"Om os","item":"https:\/\/voyagerr.com\/da\/om-os\/"},{"@type":"ListItem","position":3,"name":"Vores vision og historie"}]},{"@type":"WebSite","@id":"https:\/\/voyagerr.com\/da\/#website","url":"https:\/\/voyagerr.com\/da\/","name":"Voyagerr Demand Response","description":"Making every journey matter","potentialAction":[{"@type":"SearchAction","target":{"@type":"EntryPoint","urlTemplate":"https:\/\/voyagerr.com\/da\/?s={search_term_string}"},"query-input":{"@type":"PropertyValueSpecification","valueRequired":true,"valueName":"search_term_string"}}],"inLanguage":"da-DK"}]}},"_links":{"self":[{"href":"https:\/\/voyagerr.com\/da\/wp-json\/wp\/v2\/pages\/10059","targetHints":{"allow":["GET"]}}],"collection":[{"href":"https:\/\/voyagerr.com\/da\/wp-json\/wp\/v2\/pages"}],"about":[{"href":"https:\/\/voyagerr.com\/da\/wp-json\/wp\/v2\/types\/page"}],"author":[{"embeddable":true,"href":"https:\/\/voyagerr.com\/da\/wp-json\/wp\/v2\/users\/2"}],"replies":[{"embeddable":true,"href":"https:\/\/voyagerr.com\/da\/wp-json\/wp\/v2\/comments?post=10059"}],"version-history":[{"count":5,"href":"https:\/\/voyagerr.com\/da\/wp-json\/wp\/v2\/pages\/10059\/revisions"}],"predecessor-version":[{"id":13145,"href":"https:\/\/voyagerr.com\/da\/wp-json\/wp\/v2\/pages\/10059\/revisions\/13145"}],"up":[{"embeddable":true,"href":"https:\/\/voyagerr.com\/da\/wp-json\/wp\/v2\/pages\/10071"}],"wp:featuredmedia":[{"embeddable":true,"href":"https:\/\/voyagerr.com\/da\/wp-json\/wp\/v2\/media\/7218"}],"wp:attachment":[{"href":"https:\/\/voyagerr.com\/da\/wp-json\/wp\/v2\/media?parent=10059"}],"curies":[{"name":"wp","href":"https:\/\/api.w.org\/{rel}","templated":true}]}}